{"id":7834,"date":"2019-06-07T03:52:03","date_gmt":"2019-06-07T03:52:03","guid":{"rendered":"https:\/\/ats.com.vn\/vi\/3g-modem-2\/"},"modified":"2021-07-02T15:54:58","modified_gmt":"2021-07-02T08:54:58","slug":"3g-modem","status":"publish","type":"page","link":"https:\/\/ats.com.vn\/vi\/3g-modem\/","title":{"rendered":"3G\/4G Modem"},"content":{"rendered":"<p>[vc_section][vc_row][vc_column css=&#8221;.vc_custom_1563866521363{margin-bottom: -20px !important;}&#8221;][rev_slider_vc alias=&#8221;3g-modem&#8221;][\/vc_column][\/vc_row][\/vc_section][vc_section css=&#8221;.vc_custom_1563494364026{padding-top: 0px !important;padding-bottom: 30px !important;}&#8221; el_id=&#8221;hardware&#8221;][vc_row][vc_column width=&#8221;1\/2&#8243; css=&#8221;.vc_custom_1562151326518{margin-left: 10px !important;}&#8221;][vc_custom_heading text=&#8221;3G\/4G<br \/>\nSmartModem&#8221; font_container=&#8221;tag:h2|font_size:30px|text_align:left|color:%23005aaa&#8221; use_theme_fonts=&#8221;yes&#8221; css=&#8221;.vc_custom_1563866595097{margin-top: 0px !important;margin-bottom: 0px !important;padding-top: 0px !important;padding-bottom: 10px !important;}&#8221;][vc_custom_heading text=&#8221;Thi\u1ebft b\u1ecb thu ph\u00e1t d\u1eef li\u1ec7u tr\u00ean c\u01a1 s\u1edf m\u1ea1ng d\u1eef li\u1ec7u di \u0111\u1ed9ng gi\u00fap truy\u1ec1n ph\u00e1t d\u1eef li\u1ec7u t\u1eeb c\u00e1c thi\u1ebft b\u1ecb \u0111\u1ea7u cu\u1ed1i t\u1edbi m\u00e1y ch\u1ee7 v\u00e0 ng\u01b0\u1ee3c l\u1ea1i.&#8221; font_container=&#8221;tag:h3|font_size:20px|text_align:left|color:%234a4a4a|line_height:28px&#8221; use_theme_fonts=&#8221;yes&#8221; css=&#8221;.vc_custom_1625214199776{margin-top: 0px !important;margin-bottom: 0px !important;padding-top: 0px !important;padding-bottom: 10px !important;}&#8221;][vc_custom_heading text=&#8221;SmartModem ph\u1ee5c v\u1ee5 y\u00eau c\u1ea7u truy\u1ec1n nh\u1eadn d\u1eef li\u1ec7u kh\u00f4ng d\u00e2y v\u1edbi kho\u1ea3ng c\u00e1ch l\u1edbn, \u0111\u1ed9 ch\u00ednh x\u00e1c cao, b\u1ea3o m\u1eadt t\u1ed1t tr\u00ean c\u00f4ng ngh\u1ec7 GSM\/GPRS\/EDGE\/HSPA c\u1ee7a h\u1ec7 th\u1ed1ng vi\u1ec5n th\u00f4ng. Thi\u1ebft b\u1ecb n\u00e0y ho\u1ea1t \u0111\u1ed9ng nh\u01b0 m\u1ed9t m\u00e1y ch\u1ee7 d\u1eef li\u1ec7u v\u00e0 cho ph\u00e9p vi\u1ec7c k\u1ebft n\u1ed1i nhi\u1ec1u thi\u1ebft b\u1ecb ph\u1ee5c v\u1ee5 h\u1ec7 th\u1ed1ng SCADA\/DMS\/AMI.&#8221; font_container=&#8221;tag:p|text_align:left|color:%234a4a4a&#8221; use_theme_fonts=&#8221;yes&#8221; css=&#8221;.vc_custom_1625214217382{margin-top: 0px !important;margin-bottom: 0px !important;padding-top: 0px !important;padding-bottom: 10px !important;}&#8221;][vc_custom_heading text=&#8221;Ch\u1ee9c n\u0103ng v\u00e0 \u0110\u1eb7c t\u00ednh Ti\u00eau bi\u1ec3u&#8221; font_container=&#8221;tag:h3|font_size:20px|text_align:left|color:%234a4a4a&#8221; use_theme_fonts=&#8221;yes&#8221; css=&#8221;.vc_custom_1625214264863{margin-top: 0px !important;margin-bottom: 0px !important;padding-top: 0px !important;padding-bottom: 10px !important;}&#8221;][vc_column_text css=&#8221;.vc_custom_1625214385374{padding-left: 10px !important;}&#8221;]<\/p>\n<div class=\"wpb_text_column wpb_content_element vc_custom_1563867248018\">\n<div class=\"wpb_wrapper\">\n<ul>\n<li>T\u01b0\u01a1ng th\u00edch v\u1edbi nhi\u1ec1u ti\u00eau chu\u1ea9n k\u1ebft n\u1ed1i v\u00e0 c\u00e1c lo\u1ea1i thi\u1ebft b\u1ecb \u0111\u1ea7u cu\u1ed1i kh\u00e1c nhau nh\u01b0: c\u00f4ng t\u01a1 \u0111o \u0111\u1ebfm, m\u00e1y c\u1eaft, thi\u1ebft b\u1ecb gi\u00e1m s\u00e1t, thi\u1ebft b\u1ecb \u0111\u1ecbnh v\u1ecb s\u1ef1 c\u1ed1, vv.<\/li>\n<li>Ph\u1ea7n c\u1ee9ng v\u00e0 ph\u1ea7n m\u1ec1m t\u1ed1i \u01b0u trong thi\u1ebft k\u1ebf v\u00e0 s\u1ea3n xu\u1ea5t<\/li>\n<li>Th\u00e2n thi\u1ec7n v\u1edbi ng\u01b0\u1eddi d\u00f9ng: h\u1ed7 tr\u1ee3 t\u00edch h\u1ee3p, m\u1edf r\u1ed9ng ho\u1eb7c \u0111i\u1ec1u ch\u1ec9nh h\u1ec7 th\u1ed1ng \u0111\u1ec3 \u0111\u00e1p \u1ee9ng nhu c\u1ea7u s\u1eed d\u1ee5ng c\u1ee7a kh\u00e1ch h\u00e0ng<\/li>\n<li>H\u1ed7 tr\u1ee3 nhi\u1ec1u ph\u01b0\u01a1ng \u00e1n k\u1ebft n\u1ed1i: 01 c\u1ed5ng Ethernet, 02 c\u1ed5ng Serial (RS232\/RS485), 02 c\u1ed5ng USB (cho thi\u1ebft b\u1ecb ngo\u00e0i) v\u00e0 th\u1ebb MicroSD (t\u1ed1i \u0111a 32GB) cho l\u01b0u tr\u1eef d\u1eef li\u1ec7u<\/li>\n<li>H\u1ed7 tr\u1ee3 nhi\u1ec1u giao th\u1ee9c ti\u00eau chu\u1ea9n: S\u1eed d\u1ee5ng ph\u1ea7n m\u1ec1m ATS SmartIO\u2122 v\u1edbi t\u00ednh \u1ed5n \u0111\u1ecbnh cao, h\u1ed7 tr\u1ee3 nhi\u1ec1u k\u00eanh th\u00f4ng tin (Modbus, IEC101, IEC104, DNP, etc.) v\u00e0 \u0111\u01b0\u1ee3c ch\u1ee9ng nh\u1eadn b\u1edfi DNV-GL<\/li>\n<li>H\u1ed7 tr\u1ee3 c\u00e1c ch\u1ee9c n\u0103ng qu\u1ea3n l\u00fd modem: ki\u1ec3m tra s\u1eed d\u1ee5ng d\u1eef li\u1ec7u, tr\u1ea1ng th\u00e1i thi\u1ebft b\u1ecb, c\u01b0\u1eddng \u0111\u1ed9 t\u00edn hi\u1ec7u, vv.<\/li>\n<li>\u0110\u00e1p \u1ee9ng ti\u00eau chu\u1ea9n c\u00f4ng nghi\u1ec7p v\u1ec1 m\u00f4i tr\u01b0\u1eddng \u0111i\u1ec7n t\u1eeb, nhi\u1ec7t \u0111\u1ed9, \u0111\u1ed9 \u1ea9m, kh\u00f3i, b\u1ee5i, vv.<\/li>\n<\/ul>\n<\/div>\n<\/div>\n<p>[\/vc_column_text]\r<!-- radiantthemes-button -->\r<div class=\"radiantthemes-button hover-style-one  \" id=\"button\" data-button-direction=\"left\" data-button-fullwidth=\"false\" ><a style=\"\" class=\"radiantthemes-button-main\" href=\"\/wp-content\/uploads\/2019\/07\/ATS-Flyer_Product-SmartModem_181005.pdf\"  title=\"\" target=\"_self\"><div class=\"placeholder\">T\u00e0i li\u1ec7u S\u1ea3n ph\u1ea9m<\/div><\/a><\/div>\r<!-- radiantthemes-button -->\r[\/vc_column][vc_column width=&#8221;1\/2&#8243; css=&#8221;.vc_custom_1563494544761{margin-right: 20px !important;padding-top: 330px !important;padding-bottom: 330px !important;padding-left: 0px !important;background-image: url(https:\/\/ats.com.vn\/wp-content\/uploads\/2019\/06\/4-g-modem-1.png?id=3595) !important;background-position: center !important;background-repeat: no-repeat !important;background-size: contain !important;}&#8221;][\/vc_column][\/vc_row][\/vc_section][vc_section full_width=&#8221;stretch_row_content&#8221;][vc_row][vc_column width=&#8221;1\/2&#8243; css=&#8221;.vc_custom_1563617051641{padding-top: 80px !important;padding-bottom: 130px !important;padding-left: 0px !important;background-image: url(https:\/\/ats.com.vn\/wp-content\/uploads\/2019\/06\/link-our-history@2x.png?id=3492) !important;background-position: center !important;background-repeat: no-repeat !important;background-size: cover !important;}&#8221; el_id=&#8221;btn-left&#8221;][vc_custom_heading text=&#8221;Xem D\u1ef1 \u00e1n c\u1ee7a Ch\u00fang t\u00f4i&#8221; font_container=&#8221;tag:h2|font_size:20px|text_align:center|color:%23ffffff&#8221; use_theme_fonts=&#8221;yes&#8221; css=&#8221;.vc_custom_1625214289679{padding-bottom: 20px !important;}&#8221;]\r<!-- radiantthemes-button -->\r<div class=\"radiantthemes-button hover-style-one  \" id=\"button\" data-button-direction=\"center\" data-button-fullwidth=\"false\" ><a style=\"\" class=\"radiantthemes-button-main\" href=\"\/vi\/du-an\/\"  title=\"Projects\" target=\"_self\"><div class=\"placeholder\">D\u1ef1 \u00c1n<\/div><\/a><\/div>\r<!-- radiantthemes-button -->\r[\/vc_column][vc_column width=&#8221;1\/2&#8243; css=&#8221;.vc_custom_1563617061286{padding-top: 80px !important;padding-bottom: 130px !important;padding-left: 0px !important;background-image: url(https:\/\/ats.com.vn\/wp-content\/uploads\/2019\/06\/pg-09@2x-1-2.png?id=3597) !important;background-position: center !important;background-repeat: no-repeat !important;background-size: cover !important;}&#8221; el_id=&#8221;client-btn&#8221;][vc_custom_heading text=&#8221;Li\u00ean h\u1ec7 v\u1edbi Ch\u00fang t\u00f4i&#8221; font_container=&#8221;tag:h2|font_size:20px|text_align:center|color:%23ffffff&#8221; use_theme_fonts=&#8221;yes&#8221; css=&#8221;.vc_custom_1625214298904{padding-bottom: 20px !important;}&#8221;]\r<!-- radiantthemes-button -->\r<div class=\"radiantthemes-button hover-style-one  \"  data-button-direction=\"center\" data-button-fullwidth=\"false\" ><a style=\"\" class=\"radiantthemes-button-main\" href=\"\/vi\/lien-he\/\"  title=\"\" target=\"_self\"><div class=\"placeholder\">Li\u00ean H\u1ec7<\/div><\/a><\/div>\r<!-- radiantthemes-button -->\r[\/vc_column][\/vc_row][\/vc_section]<\/p>\n","protected":false},"excerpt":{"rendered":"<p>[vc_section][vc_row][vc_column css=&#8221;.vc_custom_1563866521363{margin-bottom: -20px !important;}&#8221;][rev_slider_vc alias=&#8221;3g-modem&#8221;][\/vc_column][\/vc_row][\/vc_section][vc_section css=&#8221;.vc_custom_1563494364026{padding-top: 0px !important;padding-bottom: 30px !important;}&#8221; el_id=&#8221;hardware&#8221;][vc_row][vc_column width=&#8221;1\/2&#8243; css=&#8221;.vc_custom_1562151326518{margin-left: 10px !important;}&#8221;][vc_custom_heading text=&#8221;3G\/4G SmartModem&#8221; font_container=&#8221;tag:h2|font_size:30px|text_align:left|color:%23005aaa&#8221; use_theme_fonts=&#8221;yes&#8221; css=&#8221;.vc_custom_1563866595097{margin-top: 0px !important;margin-bottom: 0px !important;padding-top: 0px !important;padding-bottom: 10px !important;}&#8221;][vc_custom_heading text=&#8221;Thi\u1ebft b\u1ecb thu ph\u00e1t d\u1eef li\u1ec7u tr\u00ean c\u01a1 s\u1edf m\u1ea1ng d\u1eef li\u1ec7u di \u0111\u1ed9ng gi\u00fap truy\u1ec1n ph\u00e1t d\u1eef li\u1ec7u t\u1eeb c\u00e1c thi\u1ebft b\u1ecb \u0111\u1ea7u cu\u1ed1i t\u1edbi m\u00e1y [&hellip;]<\/p>\n","protected":false},"author":2,"featured_media":0,"parent":0,"menu_order":0,"comment_status":"closed","ping_status":"closed","template":"","meta":{"footnotes":"","_links_to":"","_links_to_target":""},"class_list":["post-7834","page","type-page","status-publish","hentry"],"yoast_head":"<!-- This site is optimized with the Yoast SEO plugin v27.4 - https:\/\/yoast.com\/product\/yoast-seo-wordpress\/ -->\n<title>3G\/4G Modem - ATS JSC<\/title>\n<meta name=\"robots\" content=\"index, follow, max-snippet:-1, max-image-preview:large, max-video-preview:-1\" \/>\n<link rel=\"canonical\" href=\"https:\/\/ats.com.vn\/vi\/3g-modem\/\" \/>\n<meta property=\"og:locale\" content=\"vi_VN\" \/>\n<meta property=\"og:type\" content=\"article\" \/>\n<meta property=\"og:title\" content=\"3G\/4G Modem - ATS JSC\" \/>\n<meta property=\"og:description\" content=\"[vc_section][vc_row][vc_column css=&#8221;.vc_custom_1563866521363{margin-bottom: -20px !important;}&#8221;][rev_slider_vc alias=&#8221;3g-modem&#8221;][\/vc_column][\/vc_row][\/vc_section][vc_section css=&#8221;.vc_custom_1563494364026{padding-top: 0px !important;padding-bottom: 30px !important;}&#8221; el_id=&#8221;hardware&#8221;][vc_row][vc_column width=&#8221;1\/2&#8243; css=&#8221;.vc_custom_1562151326518{margin-left: 10px !important;}&#8221;][vc_custom_heading text=&#8221;3G\/4G SmartModem&#8221; font_container=&#8221;tag:h2|font_size:30px|text_align:left|color:%23005aaa&#8221; use_theme_fonts=&#8221;yes&#8221; css=&#8221;.vc_custom_1563866595097{margin-top: 0px !important;margin-bottom: 0px !important;padding-top: 0px !important;padding-bottom: 10px !important;}&#8221;][vc_custom_heading text=&#8221;Thi\u1ebft b\u1ecb thu ph\u00e1t d\u1eef li\u1ec7u tr\u00ean c\u01a1 s\u1edf m\u1ea1ng d\u1eef li\u1ec7u di \u0111\u1ed9ng gi\u00fap truy\u1ec1n ph\u00e1t d\u1eef li\u1ec7u t\u1eeb c\u00e1c thi\u1ebft b\u1ecb \u0111\u1ea7u cu\u1ed1i t\u1edbi m\u00e1y [&hellip;]\" \/>\n<meta property=\"og:url\" content=\"https:\/\/ats.com.vn\/vi\/3g-modem\/\" \/>\n<meta property=\"og:site_name\" content=\"ATS JSC\" \/>\n<meta property=\"article:modified_time\" content=\"2021-07-02T08:54:58+00:00\" \/>\n<meta name=\"twitter:card\" content=\"summary_large_image\" \/>\n<meta name=\"twitter:label1\" content=\"Est. reading time\" \/>\n\t<meta name=\"twitter:data1\" content=\"5 minutes\" \/>\n<script type=\"application\/ld+json\" class=\"yoast-schema-graph\">{\"@context\":\"https:\\\/\\\/schema.org\",\"@graph\":[{\"@type\":\"WebPage\",\"@id\":\"https:\\\/\\\/ats.com.vn\\\/vi\\\/3g-modem\\\/\",\"url\":\"https:\\\/\\\/ats.com.vn\\\/vi\\\/3g-modem\\\/\",\"name\":\"3G\\\/4G Modem - ATS JSC\",\"isPartOf\":{\"@id\":\"https:\\\/\\\/ats.com.vn\\\/#website\"},\"datePublished\":\"2019-06-07T03:52:03+00:00\",\"dateModified\":\"2021-07-02T08:54:58+00:00\",\"breadcrumb\":{\"@id\":\"https:\\\/\\\/ats.com.vn\\\/vi\\\/3g-modem\\\/#breadcrumb\"},\"inLanguage\":\"vi\",\"potentialAction\":[{\"@type\":\"ReadAction\",\"target\":[\"https:\\\/\\\/ats.com.vn\\\/vi\\\/3g-modem\\\/\"]}]},{\"@type\":\"BreadcrumbList\",\"@id\":\"https:\\\/\\\/ats.com.vn\\\/vi\\\/3g-modem\\\/#breadcrumb\",\"itemListElement\":[{\"@type\":\"ListItem\",\"position\":1,\"name\":\"Home\",\"item\":\"https:\\\/\\\/ats.com.vn\\\/vi\\\/\"},{\"@type\":\"ListItem\",\"position\":2,\"name\":\"3G\\\/4G Modem\"}]},{\"@type\":\"WebSite\",\"@id\":\"https:\\\/\\\/ats.com.vn\\\/#website\",\"url\":\"https:\\\/\\\/ats.com.vn\\\/\",\"name\":\"ATS\",\"description\":\"Applied Technical Systems Joint Stock Company\",\"publisher\":{\"@id\":\"https:\\\/\\\/ats.com.vn\\\/#organization\"},\"potentialAction\":[{\"@type\":\"SearchAction\",\"target\":{\"@type\":\"EntryPoint\",\"urlTemplate\":\"https:\\\/\\\/ats.com.vn\\\/?s={search_term_string}\"},\"query-input\":{\"@type\":\"PropertyValueSpecification\",\"valueRequired\":true,\"valueName\":\"search_term_string\"}}],\"inLanguage\":\"vi\"},{\"@type\":\"Organization\",\"@id\":\"https:\\\/\\\/ats.com.vn\\\/#organization\",\"name\":\"Applied Technical Systems Join Stock Company\",\"url\":\"https:\\\/\\\/ats.com.vn\\\/\",\"logo\":{\"@type\":\"ImageObject\",\"inLanguage\":\"vi\",\"@id\":\"https:\\\/\\\/ats.com.vn\\\/#\\\/schema\\\/logo\\\/image\\\/\",\"url\":\"https:\\\/\\\/ats.com.vn\\\/medias\\\/2018\\\/06\\\/lgo1.jpg\",\"contentUrl\":\"https:\\\/\\\/ats.com.vn\\\/medias\\\/2018\\\/06\\\/lgo1.jpg\",\"width\":981,\"height\":488,\"caption\":\"Applied Technical Systems Join Stock Company\"},\"image\":{\"@id\":\"https:\\\/\\\/ats.com.vn\\\/#\\\/schema\\\/logo\\\/image\\\/\"},\"sameAs\":[\"https:\\\/\\\/www.linkedin.com\\\/company\\\/ats-jsc\",\"https:\\\/\\\/www.youtube.com\\\/user\\\/ATSMedia\"]}]}<\/script>\n<!-- \/ Yoast SEO plugin. -->","yoast_head_json":{"title":"3G\/4G Modem - ATS JSC","robots":{"index":"index","follow":"follow","max-snippet":"max-snippet:-1","max-image-preview":"max-image-preview:large","max-video-preview":"max-video-preview:-1"},"canonical":"https:\/\/ats.com.vn\/vi\/3g-modem\/","og_locale":"vi_VN","og_type":"article","og_title":"3G\/4G Modem - ATS JSC","og_description":"[vc_section][vc_row][vc_column css=&#8221;.vc_custom_1563866521363{margin-bottom: -20px !important;}&#8221;][rev_slider_vc alias=&#8221;3g-modem&#8221;][\/vc_column][\/vc_row][\/vc_section][vc_section css=&#8221;.vc_custom_1563494364026{padding-top: 0px !important;padding-bottom: 30px !important;}&#8221; el_id=&#8221;hardware&#8221;][vc_row][vc_column width=&#8221;1\/2&#8243; css=&#8221;.vc_custom_1562151326518{margin-left: 10px !important;}&#8221;][vc_custom_heading text=&#8221;3G\/4G SmartModem&#8221; font_container=&#8221;tag:h2|font_size:30px|text_align:left|color:%23005aaa&#8221; use_theme_fonts=&#8221;yes&#8221; css=&#8221;.vc_custom_1563866595097{margin-top: 0px !important;margin-bottom: 0px !important;padding-top: 0px !important;padding-bottom: 10px !important;}&#8221;][vc_custom_heading text=&#8221;Thi\u1ebft b\u1ecb thu ph\u00e1t d\u1eef li\u1ec7u tr\u00ean c\u01a1 s\u1edf m\u1ea1ng d\u1eef li\u1ec7u di \u0111\u1ed9ng gi\u00fap truy\u1ec1n ph\u00e1t d\u1eef li\u1ec7u t\u1eeb c\u00e1c thi\u1ebft b\u1ecb \u0111\u1ea7u cu\u1ed1i t\u1edbi m\u00e1y [&hellip;]","og_url":"https:\/\/ats.com.vn\/vi\/3g-modem\/","og_site_name":"ATS JSC","article_modified_time":"2021-07-02T08:54:58+00:00","twitter_card":"summary_large_image","twitter_misc":{"Est. reading time":"5 minutes"},"schema":{"@context":"https:\/\/schema.org","@graph":[{"@type":"WebPage","@id":"https:\/\/ats.com.vn\/vi\/3g-modem\/","url":"https:\/\/ats.com.vn\/vi\/3g-modem\/","name":"3G\/4G Modem - ATS JSC","isPartOf":{"@id":"https:\/\/ats.com.vn\/#website"},"datePublished":"2019-06-07T03:52:03+00:00","dateModified":"2021-07-02T08:54:58+00:00","breadcrumb":{"@id":"https:\/\/ats.com.vn\/vi\/3g-modem\/#breadcrumb"},"inLanguage":"vi","potentialAction":[{"@type":"ReadAction","target":["https:\/\/ats.com.vn\/vi\/3g-modem\/"]}]},{"@type":"BreadcrumbList","@id":"https:\/\/ats.com.vn\/vi\/3g-modem\/#breadcrumb","itemListElement":[{"@type":"ListItem","position":1,"name":"Home","item":"https:\/\/ats.com.vn\/vi\/"},{"@type":"ListItem","position":2,"name":"3G\/4G Modem"}]},{"@type":"WebSite","@id":"https:\/\/ats.com.vn\/#website","url":"https:\/\/ats.com.vn\/","name":"ATS","description":"Applied Technical Systems Joint Stock Company","publisher":{"@id":"https:\/\/ats.com.vn\/#organization"},"potentialAction":[{"@type":"SearchAction","target":{"@type":"EntryPoint","urlTemplate":"https:\/\/ats.com.vn\/?s={search_term_string}"},"query-input":{"@type":"PropertyValueSpecification","valueRequired":true,"valueName":"search_term_string"}}],"inLanguage":"vi"},{"@type":"Organization","@id":"https:\/\/ats.com.vn\/#organization","name":"Applied Technical Systems Join Stock Company","url":"https:\/\/ats.com.vn\/","logo":{"@type":"ImageObject","inLanguage":"vi","@id":"https:\/\/ats.com.vn\/#\/schema\/logo\/image\/","url":"https:\/\/ats.com.vn\/medias\/2018\/06\/lgo1.jpg","contentUrl":"https:\/\/ats.com.vn\/medias\/2018\/06\/lgo1.jpg","width":981,"height":488,"caption":"Applied Technical Systems Join Stock Company"},"image":{"@id":"https:\/\/ats.com.vn\/#\/schema\/logo\/image\/"},"sameAs":["https:\/\/www.linkedin.com\/company\/ats-jsc","https:\/\/www.youtube.com\/user\/ATSMedia"]}]}},"_links":{"self":[{"href":"https:\/\/ats.com.vn\/vi\/wp-json\/wp\/v2\/pages\/7834","targetHints":{"allow":["GET"]}}],"collection":[{"href":"https:\/\/ats.com.vn\/vi\/wp-json\/wp\/v2\/pages"}],"about":[{"href":"https:\/\/ats.com.vn\/vi\/wp-json\/wp\/v2\/types\/page"}],"author":[{"embeddable":true,"href":"https:\/\/ats.com.vn\/vi\/wp-json\/wp\/v2\/users\/2"}],"replies":[{"embeddable":true,"href":"https:\/\/ats.com.vn\/vi\/wp-json\/wp\/v2\/comments?post=7834"}],"version-history":[{"count":3,"href":"https:\/\/ats.com.vn\/vi\/wp-json\/wp\/v2\/pages\/7834\/revisions"}],"predecessor-version":[{"id":7836,"href":"https:\/\/ats.com.vn\/vi\/wp-json\/wp\/v2\/pages\/7834\/revisions\/7836"}],"wp:attachment":[{"href":"https:\/\/ats.com.vn\/vi\/wp-json\/wp\/v2\/media?parent=7834"}],"curies":[{"name":"wp","href":"https:\/\/api.w.org\/{rel}","templated":true}]}}