{"id":7184,"date":"2019-11-15T09:47:27","date_gmt":"2019-11-15T02:47:27","guid":{"rendered":"https:\/\/ats.com.vn\/?page_id=7184"},"modified":"2025-07-19T19:24:49","modified_gmt":"2025-07-19T12:24:49","slug":"ho-tro","status":"publish","type":"page","link":"https:\/\/ats.com.vn\/vi\/ho-tro\/","title":{"rendered":"Ho tro"},"content":{"rendered":"<p>[vc_section][vc_row][vc_column css=&#8221;.vc_custom_1563639677467{margin-bottom: -50px !important;}&#8221;][rev_slider_vc alias=&#8221;support-vi&#8221;][\/vc_column][\/vc_row][\/vc_section][vc_row full_width=&#8221;stretch_row&#8221; equal_height=&#8221;yes&#8221; css_animation=&#8221;none&#8221; css=&#8221;.vc_custom_1561370420055{margin-top: 0px !important;margin-bottom: 0px !important;padding-top: 50px !important;padding-bottom: 100px !important;background-color: #ffffff !important;}&#8221; el_class=&#8221;sidebar&#8221;][vc_column width=&#8221;2\/3&#8243; css=&#8221;.vc_custom_1563639808802{margin-top: 0px !important;margin-bottom: 0px !important;padding-top: 60px !important;padding-right: 46px !important;padding-bottom: 70px !important;padding-left: 46px !important;background-color: #ffffff !important;}&#8221; el_class=&#8221;contact-one-box&#8221;][vc_custom_heading text=&#8221;Form H\u1ed7 Tr\u1ee3&#8221; font_container=&#8221;tag:h3|font_size:35px|text_align:center|color:%23005aaa|line_height:40px&#8221; use_theme_fonts=&#8221;yes&#8221; css_animation=&#8221;none&#8221; css=&#8221;.vc_custom_1573787429645{margin-top: 0px !important;margin-bottom: 15px !important;}&#8221; el_class=&#8221;font-weight-bold&#8221;][vc_column_text css_animation=&#8221;none&#8221; css=&#8221;.vc_custom_1573789438405{margin-top: 0px !important;margin-bottom: 30px !important;}&#8221;]<\/p>\n<p style=\"text-align: center; color: #4a4a4a;\">Vui l\u00f2ng g\u1eedi y\u00eau c\u1ea7u h\u1ed7 tr\u1ee3 c\u1ee7a b\u1ea1n theo m\u1eabu d\u01b0\u1edbi \u0111\u00e2y<\/p>\n<p style=\"text-align: center; color: #4a4a4a;\">ho\u1eb7c g\u1eedi th\u01b0 \u0111i\u1ec7n t\u1eed \u0111\u1ebfn \u0111\u1ecba ch\u1ec9 <a href=\"mailto:haikm@ats.com.vn\">support@ats.com.vn<\/a><\/p>\n<p>[\/vc_column_text][vc_column_text]<\/p>\n<p style=\"text-align: center;\">\t\t\t<div id=\"wpsc-container\" style=\"display:none;\">\n\t\t\t\t<div class=\"wpsc-shortcode-container\" style=\"border: none !important;\">\n\t\t\t\t\t\t\t\t\t\t\t<div class=\"wpsc-body\"><\/div>\n\t\t\t\t\t\t\n\t\t\t\t<\/div>\n\t\t\t<\/div>\n\t\t\t\n\t\t\t<div class=\"wpsc-page-snippets\" style=\"display: none;\">\n\t\t\t\t<div class=\"wpsc-editor-attachment upload-waiting\">\n\t\t\t\t\t<div class=\"attachment-label\"><\/div>\n\t\t\t\t\t<div class=\"attachment-remove\" onclick=\"wpsc_remove_attachment(this)\">\n\t\t\t\t\t<svg aria-hidden=\"true\" class=\"svg-inline--fa fa-times fa-w-11\" role=\"img\" xmlns=\"http:\/\/www.w3.org\/2000\/svg\" viewBox=\"0 0 352 512\"><path fill=\"currentColor\" d=\"M242.72 256l100.07-100.07c12.28-12.28 12.28-32.19 0-44.48l-22.24-22.24c-12.28-12.28-32.19-12.28-44.48 0L176 189.28 75.93 89.21c-12.28-12.28-32.19-12.28-44.48 0L9.21 111.45c-12.28 12.28-12.28 32.19 0 44.48L109.28 256 9.21 356.07c-12.28 12.28-12.28 32.19 0 44.48l22.24 22.24c12.28 12.28 32.2 12.28 44.48 0L176 322.72l100.07 100.07c12.28 12.28 32.2 12.28 44.48 0l22.24-22.24c12.28-12.28 12.28-32.19 0-44.48L242.72 256z\"><\/path><\/svg>\t\t\t\t\t<\/div>\n\t\t\t\t\t<div class=\"attachment-waiting\"><\/div>\n\t\t\t\t<\/div>\n\t\t\t<\/div>\n\t\t\t\n\t\t\t<script type=\"text\/javascript\">\n\t\t\t\t\/**\n\t\t\t\t * Get create ticket form\n\t\t\t\t *\/\n\t\t\t\tfunction wpsc_get_ticket_form() {\n\n\t\t\t\t\tif (wpsc_is_description_text()) {\n\t\t\t\t\t\tif ( confirm(supportcandy.translations.warning_message)) {\n\t\t\t\t\t\t\tcurrent_ticket = jQuery('#wpsc-current-ticket').val();\n\t\t\t\t\t\t\twpsc_clear_saved_draft_reply( current_ticket );\n\t\t\t\t\t\t}else{\n\t\t\t\t\t\t\treturn;\n\t\t\t\t\t\t}\n\t\t\t\t\t}\n\n\t\t\t\t\tjQuery('.wpsc-body').html(supportcandy.loader_html);\n\n\t\t\t\t\tif (supportcandy.is_reload != 1) {\n\t\t\t\t\t\twpsc_scroll_top();\n\t\t\t\t\t} else { supportcandy.is_reload = 0 }\n\n\t\t\t\t\tvar url = new URL(window.location.href);\n\t\t\t\t\tvar search_params = url.searchParams;\n\n\t\t\t\t\tvar data = {\n\t\t\t\t\t\taction: 'wpsc_get_ticket_form',\n\t\t\t\t\t\t_ajax_nonce: supportcandy.nonce\n\t\t\t\t\t};\n\t\t\t\t\tsearch_params.forEach(function(value, key) {\n\t\t\t\t\t\tdata[key] = value;\n\t\t\t\t\t});\n\t\t\t\t\tjQuery.post(supportcandy.ajax_url, data, function (response) {\n\t\t\t\t\t\tjQuery('.wpsc-body').html(response);\n\t\t\t\t\t\twpsc_reset_responsive_style();\n\t\t\t\t\t});\n\t\t\t\t}\n\n\t\t\t\t\/**\n\t\t\t\t * Get individual ticket\n\t\t\t\t *\/\n\t\t\t\tfunction wpsc_get_individual_ticket(id) {\n\n\t\t\t\t\tjQuery('.wpsc-tickets-nav, .wpsc-humbargar-menu-item').removeClass('active');\n\t\t\t\t\tjQuery('.wpsc-tickets-nav.ticket-list, .wpsc-humbargar-menu-item.ticket-list').addClass('active');\n\t\t\t\t\tjQuery('.wpsc-humbargar-title').html(supportcandy.humbargar_titles.ticket_list);\n\n\t\t\t\t\t\/\/ set url\n\t\t\t\t\tvar url = new URL(window.location.href);\n\t\t\t\t\tvar search_params = url.searchParams;\n\t\t\t\t\tsearch_params.set('wpsc-section', 'ticket-list');\n\t\t\t\t\tsearch_params.set('ticket-id', id);\n\t\t\t\t\turl.search = search_params.toString();\n\t\t\t\t\twindow.history.replaceState({}, null, url.toString());\n\n\t\t\t\t\tjQuery('.wpsc-body').html(supportcandy.loader_html);\n\n\t\t\t\t\t\/\/ set flag to differenciate between ticket list and individual ticket\n\t\t\t\t\tsupportcandy.ticketListIsIndividual = true;\n\n\t\t\t\t\tvar data = {\n\t\t\t\t\t\taction: 'wpsc_get_individual_ticket',\n\t\t\t\t\t\tticket_id: id,\n\t\t\t\t\t};\n\t\t\t\t\tsearch_params.forEach(function(value, key) {\n\t\t\t\t\t\tdata[key] = value;\n\t\t\t\t\t});\n\t\t\t\t\tjQuery.post(supportcandy.ajax_url, data, function (response) {\n\t\t\t\t\tjQuery('.wpsc-body').html(response);\n\t\t\t\t\twpsc_reset_responsive_style();\n\t\t\t\t\t});\n\t\t\t\t}\n\t\t\t<\/script>\n\t\t\t<\/p>\n<p>[\/vc_column_text][\/vc_column][vc_column width=&#8221;1\/3&#8243; css=&#8221;.vc_custom_1563639888685{padding-top: 40px !important;padding-right: 30px !important;padding-bottom: 40px !important;padding-left: 60px !important;background-color: #f4f4f4 !important;}&#8221;][vc_custom_heading text=&#8221;\u0110\u1ecba ch\u1ec9 V\u0103n ph\u00f2ng&#8221; font_container=&#8221;tag:h3|font_size:20px|text_align:left|color:%234a4a4a|line_height:26px&#8221; use_theme_fonts=&#8221;yes&#8221;][vc_row_inner css=&#8221;.vc_custom_1519730303419{margin-top: 0px !important;margin-bottom: 0px !important;padding-top: 25px !important;padding-bottom: 25px !important;}&#8221; el_class=&#8221;under-line&#8221;][vc_column_inner][vc_custom_heading text=&#8221;Tr\u1ee5 s\u1edf ch\u00ednh&#8221; font_container=&#8221;tag:h2|font_size:15px|text_align:left|color:%234a4a4a|line_height:24px&#8221; use_theme_fonts=&#8221;yes&#8221;][vc_custom_heading text=&#8221;T\u00f2a nh\u00e0 ATS<br \/>\n74 B\u00e0 Tri\u1ec7u, P. C\u1eeda Nam<br \/>\nH\u00e0 N\u1ed9i, Vi\u1ec7t Nam<br \/>\nT. +84-24-3825 1072<br \/>\nF. +84-24-3825 8037&#8243; font_container=&#8221;tag:p|font_size:15px|text_align:left|line_height:24px&#8221; use_theme_fonts=&#8221;yes&#8221; css=&#8221;.vc_custom_1751614756191{margin-top: 15px !important;margin-bottom: 0px !important;padding-top: 0px !important;padding-bottom: 0px !important;}&#8221;][\/vc_column_inner][\/vc_row_inner][vc_row_inner css=&#8221;.vc_custom_1519730747658{margin-top: 0px !important;margin-bottom: 0px !important;padding-top: 25px !important;padding-bottom: 25px !important;}&#8221; el_class=&#8221;under-line&#8221;][vc_column_inner][vc_custom_heading text=&#8221;Nh\u00e0 m\u00e1y C\u00f4ng ngh\u1ec7 cao&#8221; font_container=&#8221;tag:h2|font_size:15px|text_align:left|color:%234a4a4a|line_height:24px&#8221; use_theme_fonts=&#8221;yes&#8221;][vc_custom_heading text=&#8221;L\u00f4 A2CN6<br \/>\nKhu C\u00f4ng Ngh\u1ec7 Cao T\u1eeb Li\u00eam<br \/>\nH\u00e0 N\u1ed9i, Vi\u1ec7t Nam<br \/>\nT. +84-24-3780 5053<br \/>\nF. +84-24-3780 5060&#8243; font_container=&#8221;tag:p|font_size:15px|text_align:left|line_height:24px&#8221; use_theme_fonts=&#8221;yes&#8221; css=&#8221;.vc_custom_1563545114539{margin-top: 15px !important;margin-bottom: 0px !important;padding-top: 0px !important;padding-bottom: 0px !important;}&#8221;][\/vc_column_inner][\/vc_row_inner][vc_row_inner css=&#8221;.vc_custom_1519730867714{margin-top: 0px !important;margin-bottom: 0px !important;padding-top: 25px !important;padding-bottom: 25px !important;}&#8221;][vc_column_inner][vc_custom_heading text=&#8221;V\u0103n ph\u00f2ng \u0110\u1ea1i di\u1ec7n TP. HCM&#8221; font_container=&#8221;tag:h2|font_size:15px|text_align:left|color:%234a4a4a|line_height:24px&#8221; use_theme_fonts=&#8221;yes&#8221;][vc_custom_heading text=&#8221;13-15 Nguy\u1ec5n Th\u1ebf L\u1ed9c<br \/>\nTP. H\u1ed3 Ch\u00ed Minh, Vi\u1ec7t Nam<br \/>\nT. +84-28-3948 3548<br \/>\nF. +84-28-3948 3549&#8243; font_container=&#8221;tag:p|font_size:15px|text_align:left|line_height:24px&#8221; use_theme_fonts=&#8221;yes&#8221; css=&#8221;.vc_custom_1563545178365{margin-top: 15px !important;margin-bottom: 0px !important;padding-top: 0px !important;padding-bottom: 0px !important;}&#8221;][\/vc_column_inner][\/vc_row_inner][\/vc_column][\/vc_row][vc_row full_width=&#8221;stretch_row_content_no_spaces&#8221; equal_height=&#8221;yes&#8221; content_placement=&#8221;middle&#8221; css_animation=&#8221;none&#8221; css=&#8221;.vc_custom_1521608020979{margin-top: 0px !important;margin-bottom: 0px !important;padding-top: 0px !important;padding-bottom: 0px !important;background-color: #ffffff !important;}&#8221;][vc_column css=&#8221;.vc_custom_1521608013146{padding-top: 0px !important;padding-bottom: 0px !important;}&#8221;][vc_gmaps link=&#8221;#E-8_JTNDaWZyYW1lJTIwc3JjJTNEJTIyaHR0cHMlM0ElMkYlMkZ3d3cuZ29vZ2xlLmNvbSUyRm1hcHMlMkZlbWJlZCUzRnBiJTNEJTIxMW0xOCUyMTFtMTIlMjExbTMlMjExZDIwODAuNTYyMTg1NDA0NzM3NiUyMTJkMTA1Ljg0NzkyMzA0OTAzODU3JTIxM2QyMS4wMjAyNjgyNDMwNjY2ODUlMjEybTMlMjExZjAlMjEyZjAlMjEzZjAlMjEzbTIlMjExaTEwMjQlMjEyaTc2OCUyMTRmMTMuMSUyMTNtMyUyMTFtMiUyMTFzMHgzMTM1YWIwMDUzYTAyYjIzJTI1M0EweDFkYzJmMjM5Nzk5MDgxYjAlMjEyc0FUUyUyNTIwQnVpbGRpbmclMjE1ZTAlMjEzbTIlMjExc2VuJTIxMnMlMjE0djE3NTE3MDgyMjUzMjAlMjE1bTIlMjExc2VuJTIxMnMlMjIlMjB3aWR0aCUzRCUyMjYwMCUyMiUyMGhlaWdodCUzRCUyMjQ1MCUyMiUyMHN0eWxlJTNEJTIyYm9yZGVyJTNBMCUzQiUyMiUyMGFsbG93ZnVsbHNjcmVlbiUzRSUzQyUyRmlmcmFtZSUzRQ==&#8221; css=&#8221;.vc_custom_1752902685257{margin-top: 0px !important;margin-bottom: 0px !important;}&#8221;][\/vc_column][\/vc_row]<\/p>\n","protected":false},"excerpt":{"rendered":"<p>[vc_section][vc_row][vc_column css=&#8221;.vc_custom_1563639677467{margin-bottom: -50px !important;}&#8221;][rev_slider_vc alias=&#8221;support-vi&#8221;][\/vc_column][\/vc_row][\/vc_section][vc_row full_width=&#8221;stretch_row&#8221; equal_height=&#8221;yes&#8221; css_animation=&#8221;none&#8221; css=&#8221;.vc_custom_1561370420055{margin-top: 0px !important;margin-bottom: 0px !important;padding-top: 50px !important;padding-bottom: 100px !important;background-color: #ffffff !important;}&#8221; el_class=&#8221;sidebar&#8221;][vc_column width=&#8221;2\/3&#8243; css=&#8221;.vc_custom_1563639808802{margin-top: 0px !important;margin-bottom: 0px !important;padding-top: 60px !important;padding-right: 46px !important;padding-bottom: 70px !important;padding-left: 46px !important;background-color: #ffffff !important;}&#8221; el_class=&#8221;contact-one-box&#8221;][vc_custom_heading text=&#8221;Form H\u1ed7 Tr\u1ee3&#8221; font_container=&#8221;tag:h3|font_size:35px|text_align:center|color:%23005aaa|line_height:40px&#8221; use_theme_fonts=&#8221;yes&#8221; css_animation=&#8221;none&#8221; css=&#8221;.vc_custom_1573787429645{margin-top: 0px !important;margin-bottom: 15px !important;}&#8221; el_class=&#8221;font-weight-bold&#8221;][vc_column_text css_animation=&#8221;none&#8221; css=&#8221;.vc_custom_1573789438405{margin-top: 0px !important;margin-bottom: 30px !important;}&#8221;] [&hellip;]<\/p>\n","protected":false},"author":2,"featured_media":0,"parent":0,"menu_order":0,"comment_status":"closed","ping_status":"closed","template":"","meta":{"footnotes":"","_links_to":"","_links_to_target":""},"class_list":["post-7184","page","type-page","status-publish","hentry"],"yoast_head":"<!-- This site is optimized with the Yoast SEO plugin v27.1.1 - https:\/\/yoast.com\/product\/yoast-seo-wordpress\/ -->\n<title>Ho tro - ATS JSC<\/title>\n<meta name=\"robots\" content=\"index, follow, max-snippet:-1, max-image-preview:large, max-video-preview:-1\" \/>\n<link rel=\"canonical\" href=\"https:\/\/ats.com.vn\/vi\/ho-tro\/\" \/>\n<meta property=\"og:locale\" content=\"vi_VN\" \/>\n<meta property=\"og:type\" content=\"article\" \/>\n<meta property=\"og:title\" content=\"Ho tro - ATS JSC\" \/>\n<meta property=\"og:description\" content=\"[vc_section][vc_row][vc_column css=&#8221;.vc_custom_1563639677467{margin-bottom: -50px !important;}&#8221;][rev_slider_vc alias=&#8221;support-vi&#8221;][\/vc_column][\/vc_row][\/vc_section][vc_row full_width=&#8221;stretch_row&#8221; equal_height=&#8221;yes&#8221; css_animation=&#8221;none&#8221; css=&#8221;.vc_custom_1561370420055{margin-top: 0px !important;margin-bottom: 0px !important;padding-top: 50px !important;padding-bottom: 100px !important;background-color: #ffffff !important;}&#8221; el_class=&#8221;sidebar&#8221;][vc_column width=&#8221;2\/3&#8243; css=&#8221;.vc_custom_1563639808802{margin-top: 0px !important;margin-bottom: 0px !important;padding-top: 60px !important;padding-right: 46px !important;padding-bottom: 70px !important;padding-left: 46px !important;background-color: #ffffff !important;}&#8221; el_class=&#8221;contact-one-box&#8221;][vc_custom_heading text=&#8221;Form H\u1ed7 Tr\u1ee3&#8221; font_container=&#8221;tag:h3|font_size:35px|text_align:center|color:%23005aaa|line_height:40px&#8221; use_theme_fonts=&#8221;yes&#8221; css_animation=&#8221;none&#8221; css=&#8221;.vc_custom_1573787429645{margin-top: 0px !important;margin-bottom: 15px !important;}&#8221; el_class=&#8221;font-weight-bold&#8221;][vc_column_text css_animation=&#8221;none&#8221; css=&#8221;.vc_custom_1573789438405{margin-top: 0px !important;margin-bottom: 30px !important;}&#8221;] [&hellip;]\" \/>\n<meta property=\"og:url\" content=\"https:\/\/ats.com.vn\/vi\/ho-tro\/\" \/>\n<meta property=\"og:site_name\" content=\"ATS JSC\" \/>\n<meta property=\"article:modified_time\" content=\"2025-07-19T12:24:49+00:00\" \/>\n<meta name=\"twitter:card\" content=\"summary_large_image\" \/>\n<meta name=\"twitter:label1\" content=\"Est. reading time\" \/>\n\t<meta name=\"twitter:data1\" content=\"2 minutes\" \/>\n<script type=\"application\/ld+json\" class=\"yoast-schema-graph\">{\"@context\":\"https:\/\/schema.org\",\"@graph\":[{\"@type\":\"WebPage\",\"@id\":\"https:\/\/ats.com.vn\/vi\/ho-tro\/\",\"url\":\"https:\/\/ats.com.vn\/vi\/ho-tro\/\",\"name\":\"Ho tro - ATS JSC\",\"isPartOf\":{\"@id\":\"https:\/\/ats.com.vn\/#website\"},\"datePublished\":\"2019-11-15T02:47:27+00:00\",\"dateModified\":\"2025-07-19T12:24:49+00:00\",\"breadcrumb\":{\"@id\":\"https:\/\/ats.com.vn\/vi\/ho-tro\/#breadcrumb\"},\"inLanguage\":\"vi\",\"potentialAction\":[{\"@type\":\"ReadAction\",\"target\":[\"https:\/\/ats.com.vn\/vi\/ho-tro\/\"]}]},{\"@type\":\"BreadcrumbList\",\"@id\":\"https:\/\/ats.com.vn\/vi\/ho-tro\/#breadcrumb\",\"itemListElement\":[{\"@type\":\"ListItem\",\"position\":1,\"name\":\"Home\",\"item\":\"https:\/\/ats.com.vn\/vi\/\"},{\"@type\":\"ListItem\",\"position\":2,\"name\":\"Ho tro\"}]},{\"@type\":\"WebSite\",\"@id\":\"https:\/\/ats.com.vn\/#website\",\"url\":\"https:\/\/ats.com.vn\/\",\"name\":\"ATS\",\"description\":\"Applied Technical Systems Joint Stock Company\",\"publisher\":{\"@id\":\"https:\/\/ats.com.vn\/#organization\"},\"potentialAction\":[{\"@type\":\"SearchAction\",\"target\":{\"@type\":\"EntryPoint\",\"urlTemplate\":\"https:\/\/ats.com.vn\/?s={search_term_string}\"},\"query-input\":{\"@type\":\"PropertyValueSpecification\",\"valueRequired\":true,\"valueName\":\"search_term_string\"}}],\"inLanguage\":\"vi\"},{\"@type\":\"Organization\",\"@id\":\"https:\/\/ats.com.vn\/#organization\",\"name\":\"Applied Technical Systems Join Stock Company\",\"url\":\"https:\/\/ats.com.vn\/\",\"logo\":{\"@type\":\"ImageObject\",\"inLanguage\":\"vi\",\"@id\":\"https:\/\/ats.com.vn\/#\/schema\/logo\/image\/\",\"url\":\"https:\/\/ats.com.vn\/medias\/2018\/06\/lgo1.jpg\",\"contentUrl\":\"https:\/\/ats.com.vn\/medias\/2018\/06\/lgo1.jpg\",\"width\":981,\"height\":488,\"caption\":\"Applied Technical Systems Join Stock Company\"},\"image\":{\"@id\":\"https:\/\/ats.com.vn\/#\/schema\/logo\/image\/\"},\"sameAs\":[\"https:\/\/www.linkedin.com\/company\/ats-jsc\",\"https:\/\/www.youtube.com\/user\/ATSMedia\"]}]}<\/script>\n<!-- \/ Yoast SEO plugin. -->","yoast_head_json":{"title":"Ho tro - ATS JSC","robots":{"index":"index","follow":"follow","max-snippet":"max-snippet:-1","max-image-preview":"max-image-preview:large","max-video-preview":"max-video-preview:-1"},"canonical":"https:\/\/ats.com.vn\/vi\/ho-tro\/","og_locale":"vi_VN","og_type":"article","og_title":"Ho tro - ATS JSC","og_description":"[vc_section][vc_row][vc_column css=&#8221;.vc_custom_1563639677467{margin-bottom: -50px !important;}&#8221;][rev_slider_vc alias=&#8221;support-vi&#8221;][\/vc_column][\/vc_row][\/vc_section][vc_row full_width=&#8221;stretch_row&#8221; equal_height=&#8221;yes&#8221; css_animation=&#8221;none&#8221; css=&#8221;.vc_custom_1561370420055{margin-top: 0px !important;margin-bottom: 0px !important;padding-top: 50px !important;padding-bottom: 100px !important;background-color: #ffffff !important;}&#8221; el_class=&#8221;sidebar&#8221;][vc_column width=&#8221;2\/3&#8243; css=&#8221;.vc_custom_1563639808802{margin-top: 0px !important;margin-bottom: 0px !important;padding-top: 60px !important;padding-right: 46px !important;padding-bottom: 70px !important;padding-left: 46px !important;background-color: #ffffff !important;}&#8221; el_class=&#8221;contact-one-box&#8221;][vc_custom_heading text=&#8221;Form H\u1ed7 Tr\u1ee3&#8221; font_container=&#8221;tag:h3|font_size:35px|text_align:center|color:%23005aaa|line_height:40px&#8221; use_theme_fonts=&#8221;yes&#8221; css_animation=&#8221;none&#8221; css=&#8221;.vc_custom_1573787429645{margin-top: 0px !important;margin-bottom: 15px !important;}&#8221; el_class=&#8221;font-weight-bold&#8221;][vc_column_text css_animation=&#8221;none&#8221; css=&#8221;.vc_custom_1573789438405{margin-top: 0px !important;margin-bottom: 30px !important;}&#8221;] [&hellip;]","og_url":"https:\/\/ats.com.vn\/vi\/ho-tro\/","og_site_name":"ATS JSC","article_modified_time":"2025-07-19T12:24:49+00:00","twitter_card":"summary_large_image","twitter_misc":{"Est. reading time":"2 minutes"},"schema":{"@context":"https:\/\/schema.org","@graph":[{"@type":"WebPage","@id":"https:\/\/ats.com.vn\/vi\/ho-tro\/","url":"https:\/\/ats.com.vn\/vi\/ho-tro\/","name":"Ho tro - ATS JSC","isPartOf":{"@id":"https:\/\/ats.com.vn\/#website"},"datePublished":"2019-11-15T02:47:27+00:00","dateModified":"2025-07-19T12:24:49+00:00","breadcrumb":{"@id":"https:\/\/ats.com.vn\/vi\/ho-tro\/#breadcrumb"},"inLanguage":"vi","potentialAction":[{"@type":"ReadAction","target":["https:\/\/ats.com.vn\/vi\/ho-tro\/"]}]},{"@type":"BreadcrumbList","@id":"https:\/\/ats.com.vn\/vi\/ho-tro\/#breadcrumb","itemListElement":[{"@type":"ListItem","position":1,"name":"Home","item":"https:\/\/ats.com.vn\/vi\/"},{"@type":"ListItem","position":2,"name":"Ho tro"}]},{"@type":"WebSite","@id":"https:\/\/ats.com.vn\/#website","url":"https:\/\/ats.com.vn\/","name":"ATS","description":"Applied Technical Systems Joint Stock Company","publisher":{"@id":"https:\/\/ats.com.vn\/#organization"},"potentialAction":[{"@type":"SearchAction","target":{"@type":"EntryPoint","urlTemplate":"https:\/\/ats.com.vn\/?s={search_term_string}"},"query-input":{"@type":"PropertyValueSpecification","valueRequired":true,"valueName":"search_term_string"}}],"inLanguage":"vi"},{"@type":"Organization","@id":"https:\/\/ats.com.vn\/#organization","name":"Applied Technical Systems Join Stock Company","url":"https:\/\/ats.com.vn\/","logo":{"@type":"ImageObject","inLanguage":"vi","@id":"https:\/\/ats.com.vn\/#\/schema\/logo\/image\/","url":"https:\/\/ats.com.vn\/medias\/2018\/06\/lgo1.jpg","contentUrl":"https:\/\/ats.com.vn\/medias\/2018\/06\/lgo1.jpg","width":981,"height":488,"caption":"Applied Technical Systems Join Stock Company"},"image":{"@id":"https:\/\/ats.com.vn\/#\/schema\/logo\/image\/"},"sameAs":["https:\/\/www.linkedin.com\/company\/ats-jsc","https:\/\/www.youtube.com\/user\/ATSMedia"]}]}},"_links":{"self":[{"href":"https:\/\/ats.com.vn\/vi\/wp-json\/wp\/v2\/pages\/7184","targetHints":{"allow":["GET"]}}],"collection":[{"href":"https:\/\/ats.com.vn\/vi\/wp-json\/wp\/v2\/pages"}],"about":[{"href":"https:\/\/ats.com.vn\/vi\/wp-json\/wp\/v2\/types\/page"}],"author":[{"embeddable":true,"href":"https:\/\/ats.com.vn\/vi\/wp-json\/wp\/v2\/users\/2"}],"replies":[{"embeddable":true,"href":"https:\/\/ats.com.vn\/vi\/wp-json\/wp\/v2\/comments?post=7184"}],"version-history":[{"count":10,"href":"https:\/\/ats.com.vn\/vi\/wp-json\/wp\/v2\/pages\/7184\/revisions"}],"predecessor-version":[{"id":10429,"href":"https:\/\/ats.com.vn\/vi\/wp-json\/wp\/v2\/pages\/7184\/revisions\/10429"}],"wp:attachment":[{"href":"https:\/\/ats.com.vn\/vi\/wp-json\/wp\/v2\/media?parent=7184"}],"curies":[{"name":"wp","href":"https:\/\/api.w.org\/{rel}","templated":true}]}}