{"id":4122,"date":"2019-06-07T07:53:52","date_gmt":"2019-06-07T07:53:52","guid":{"rendered":"https:\/\/ats.com.vn\/security-gateway\/?lang=vi"},"modified":"2021-03-05T11:03:39","modified_gmt":"2021-03-05T04:03:39","slug":"security-gateway","status":"publish","type":"page","link":"https:\/\/ats.com.vn\/vi\/security-gateway\/","title":{"rendered":"Security Gateway"},"content":{"rendered":"<p>[vc_section][vc_row][vc_column css=&#8221;.vc_custom_1563867135107{margin-bottom: -20px !important;}&#8221;][rev_slider_vc alias=&#8221;security-gateway&#8221;][\/vc_column][\/vc_row][\/vc_section][vc_section css=&#8221;.vc_custom_1563556499224{padding-top: 0px !important;padding-bottom: 0px !important;}&#8221;][vc_row el_id=&#8221;security&#8221;][vc_column width=&#8221;1\/4&#8243;][vc_custom_heading text=&#8221;SmartGateway&#8221; font_container=&#8221;tag:h2|font_size:30px|text_align:right|color:%23005aaa&#8221; use_theme_fonts=&#8221;yes&#8221; css=&#8221;.vc_custom_1563867145218{padding-top: 5px !important;padding-right: 10px !important;padding-bottom: 10px !important;}&#8221; el_class=&#8221;line&#8221;][\/vc_column][vc_column width=&#8221;3\/4&#8243; css=&#8221;.vc_custom_1564047011850{margin-left: 10px !important;padding-bottom: 30px !important;}&#8221;][vc_custom_heading text=&#8221;Thi\u1ebft b\u1ecb b\u1ea3o m\u1eadt d\u1ef1a tr\u00ean c\u00f4ng ngh\u1ec7 b\u1ea3o m\u1eadt m\u1ed9t chi\u1ec1u.&#8221; font_container=&#8221;tag:h3|font_size:20px|text_align:left|color:%234a4a4a|line_height:28px&#8221; use_theme_fonts=&#8221;yes&#8221; css=&#8221;.vc_custom_1563556533721{padding-bottom: 10px !important;}&#8221;][vc_custom_heading text=&#8221;SmartGateway cung c\u1ea5p kh\u1ea3 n\u0103ng b\u1ea3o v\u1ec7 tuy\u1ec7t \u0111\u1ed1i cho c\u00e1c h\u1ec7 th\u1ed1ng \u0111i\u1ec1u khi\u1ec3n quan tr\u1ecdng v\u00e0 c\u00e1c m\u1ea1ng \u0111i\u1ec1u khi\u1ec3n (nh\u01b0 m\u1ea1ng SCADA C\u00f4ng nghi\u1ec7p) kh\u1ecfi c\u00e1c nguy c\u01a1 t\u1ea5n c\u00f4ng xu\u1ea5t ph\u00e1t t\u1eeb c\u00e1c m\u1ea1ng b\u00ean ngo\u00e0i.&#8221; font_container=&#8221;tag:p|text_align:left|color:%234a4a4a&#8221; use_theme_fonts=&#8221;yes&#8221; css=&#8221;.vc_custom_1563556512889{padding-bottom: 10px !important;}&#8221;][vc_custom_heading text=&#8221;\u0110\u1eb7c T\u00ednh Ti\u00eau Bi\u1ec3u&#8221; font_container=&#8221;tag:h3|font_size:20px|text_align:left|color:%234a4a4a&#8221; use_theme_fonts=&#8221;yes&#8221; css=&#8221;.vc_custom_1562842106284{padding-bottom: 10px !important;}&#8221;][vc_column_text]<\/p>\n<ul style=\"padding-left: 20px; list-style-type: disc;\">\n<li>Ph\u00e2n t\u00e1ch m\u1ea1ng OT\/IT, cho ph\u00e9p d\u1eef li\u1ec7u ch\u1ec9 truy\u1ec1n theo m\u1ed9t chi\u1ec1u<\/li>\n<li>\u0110\u1ea3m b\u1ea3o ho\u00e0n to\u00e0n kh\u00f4ng c\u00f3 r\u1ee7i ro cho m\u1ea1ng OT<\/li>\n<li>H\u1ed7 tr\u1ee3 c\u00e1c chu\u1ea9n giao th\u1ee9c SCADA c\u00f4ng nghi\u1ec7p<\/li>\n<li>H\u1ed7 tr\u1ee3 giao th\u1ee9c IEC60870-5-101<\/li>\n<li>H\u1ed7 tr\u1ee3 giao th\u1ee9c IEC60870-5-104<\/li>\n<li>H\u1ed7 tr\u1ee3 giao th\u1ee9c ICCP\/TASE2<\/li>\n<li>Truy\u1ec1n d\u1eef li\u1ec7u theo giao th\u1ee9c None-IP<\/li>\n<li>M\u00e3 h\u00f3a d\u1eef li\u1ec7u m\u1ea1nh<\/li>\n<\/ul>\n<p>[\/vc_column_text]\r<!-- radiantthemes-button -->\r<div class=\"radiantthemes-button hover-style-one  \"  data-button-direction=\"left\" data-button-fullwidth=\"false\" ><a style=\"\" class=\"radiantthemes-button-main\" href=\"http:\/\/ats.com.vn\/medias\/medias\/2023\/04\/ATS-Profile_ver240404_VIE.pdf\"  title=\"\" target=\"_self\"><div class=\"placeholder\">T\u00e0i li\u1ec7u S\u1ea3n ph\u1ea9m<\/div><\/a><\/div>\r<!-- radiantthemes-button -->\r[\/vc_column][\/vc_row][\/vc_section][vc_section][vc_row full_width=&#8221;stretch_row_content&#8221; css=&#8221;.vc_custom_1561006027342{padding-top: 50px !important;padding-bottom: 50px !important;background-image: url(https:\/\/ats.com.vn\/wp-content\/uploads\/2019\/06\/pg-09@2x-1-3.png?id=3621) !important;}&#8221; el_id=&#8221;btn-right&#8221;][vc_column][vc_custom_heading text=&#8221;Li\u00ean H\u1ec7 Ch\u00fang T\u00f4i&#8221; font_container=&#8221;tag:h3|font_size:25px|text_align:center|color:%23ffffff&#8221; use_theme_fonts=&#8221;yes&#8221; css=&#8221;.vc_custom_1561368222696{padding-bottom: 20px !important;}&#8221;]\r<!-- radiantthemes-button -->\r<div class=\"radiantthemes-button hover-style-one  \"  data-button-direction=\"center\" data-button-fullwidth=\"false\" ><a style=\"\" class=\"radiantthemes-button-main\" href=\"\/vi\/contact\/\"  title=\"\" target=\"_self\"><div class=\"placeholder\">Li\u00ean H\u1ec7<\/div><\/a><\/div>\r<!-- radiantthemes-button -->\r[\/vc_column][\/vc_row][\/vc_section][vc_row el_id=&#8221;popup&#8221;][vc_column][vc_raw_html]JTNDZGl2JTIwaWQlM0QlMjJpZDAxJTIyJTIwY2xhc3MlM0QlMjJtb2RhbCUyMiUzRSUwQSUyMCUyMCUwQSUyMCUyMCUzQ2Zvcm0lMjBjbGFzcyUzRCUyMm1vZGFsLWNvbnRlbnQlMjBhbmltYXRlJTIyJTIwYWN0aW9uJTNEJTIyJTJGYWN0aW9uX3BhZ2UucGhwJTIyJTNFJTBBJTIwJTIwJTIwJTIwJTNDZGl2JTIwY2xhc3MlM0QlMjJpbWdjb250YWluZXIlMjIlM0UlMEElMjAlMjAlMjAlMjAlMjAlMjAlM0NzcGFuJTIwb25jbGljayUzRCUyMmRvY3VtZW50LmdldEVsZW1lbnRCeUlkJTI4JTI3aWQwMSUyNyUyOS5zdHlsZS5kaXNwbGF5JTNEJTI3bm9uZSUyNyUyMiUyMGNsYXNzJTNEJTIyY2xvc2UlMjIlMjB0aXRsZSUzRCUyMkNsb3NlJTIwTW9kYWwlMjIlM0UlMjZ0aW1lcyUzQiUzQyUyRnNwYW4lM0UlMEElM0NvYmplY3QlMjBkYXRhJTNEJTIyJTJGd3AtY29udGVudCUyRnVwbG9hZHMlMkYyMDE5JTJGMDYlMkZBVFMtU29sdXRpb24tJTQwTWljcm8tR3JpZC12ZXIxOTAyMTgucGRmJTIzdmlldyUzREZpdCUyMiUyMHR5cGUlM0QlMjJhcHBsaWNhdGlvbiUyRnBkZiUyMiUyMHdpZHRoJTNEJTIyMTAwJTI1JTIyJTIwaGVpZ2h0JTNEJTIyMTAwMHB4JTIyJTNFJTBBJTIwJTIwJTIwJTBBJTNDJTJGb2JqZWN0JTNFJTBBJTIwJTIwJTIwJTIwJTNDJTJGZGl2JTNFJTBBJTIwJTIwJTIwJTIwJTBBJTIwJTIwJTNDJTJGZm9ybSUzRSUwQSUzQyUyRmRpdiUzRQ==[\/vc_raw_html][vc_raw_js]JTNDc2NyaXB0JTNFJTBBJTJGJTJGJTIwR2V0JTIwdGhlJTIwbW9kYWwlMEF2YXIlMjBtb2RhbCUyMCUzRCUyMGRvY3VtZW50LmdldEVsZW1lbnRCeUlkJTI4JTI3aWQwMSUyNyUyOSUzQiUwQSUwQSUyRiUyRiUyMFdoZW4lMjB0aGUlMjB1c2VyJTIwY2xpY2tzJTIwYW55d2hlcmUlMjBvdXRzaWRlJTIwb2YlMjB0aGUlMjBtb2RhbCUyQyUyMGNsb3NlJTIwaXQlMEF3aW5kb3cub25jbGljayUyMCUzRCUyMGZ1bmN0aW9uJTI4ZXZlbnQlMjklMjAlN0IlMEElMjAlMjAlMjAlMjBpZiUyMCUyOGV2ZW50LnRhcmdldCUyMCUzRCUzRCUyMG1vZGFsJTI5JTIwJTdCJTBBJTIwJTIwJTIwJTIwJTIwJTIwJTIwJTIwbW9kYWwuc3R5bGUuZGlzcGxheSUyMCUzRCUyMCUyMm5vbmUlMjIlM0IlMEElMjAlMjAlMjAlMjAlN0QlMEElN0QlMEElM0MlMkZzY3JpcHQlM0U=[\/vc_raw_js][\/vc_column][\/vc_row]<\/p>\n","protected":false},"excerpt":{"rendered":"<p>[vc_section][vc_row][vc_column css=&#8221;.vc_custom_1563867135107{margin-bottom: -20px !important;}&#8221;][rev_slider_vc alias=&#8221;security-gateway&#8221;][\/vc_column][\/vc_row][\/vc_section][vc_section css=&#8221;.vc_custom_1563556499224{padding-top: 0px !important;padding-bottom: 0px !important;}&#8221;][vc_row el_id=&#8221;security&#8221;][vc_column width=&#8221;1\/4&#8243;][vc_custom_heading text=&#8221;SmartGateway&#8221; font_container=&#8221;tag:h2|font_size:30px|text_align:right|color:%23005aaa&#8221; use_theme_fonts=&#8221;yes&#8221; css=&#8221;.vc_custom_1563867145218{padding-top: 5px !important;padding-right: 10px !important;padding-bottom: 10px !important;}&#8221; el_class=&#8221;line&#8221;][\/vc_column][vc_column width=&#8221;3\/4&#8243; css=&#8221;.vc_custom_1564047011850{margin-left: 10px !important;padding-bottom: 30px !important;}&#8221;][vc_custom_heading text=&#8221;Thi\u1ebft b\u1ecb b\u1ea3o m\u1eadt d\u1ef1a tr\u00ean c\u00f4ng ngh\u1ec7 b\u1ea3o m\u1eadt m\u1ed9t chi\u1ec1u.&#8221; font_container=&#8221;tag:h3|font_size:20px|text_align:left|color:%234a4a4a|line_height:28px&#8221; use_theme_fonts=&#8221;yes&#8221; css=&#8221;.vc_custom_1563556533721{padding-bottom: 10px !important;}&#8221;][vc_custom_heading text=&#8221;SmartGateway cung c\u1ea5p kh\u1ea3 n\u0103ng b\u1ea3o v\u1ec7 tuy\u1ec7t \u0111\u1ed1i [&hellip;]<\/p>\n","protected":false},"author":2,"featured_media":0,"parent":0,"menu_order":0,"comment_status":"closed","ping_status":"closed","template":"","meta":{"footnotes":"","_links_to":"","_links_to_target":""},"class_list":["post-4122","page","type-page","status-publish","hentry"],"yoast_head":"<!-- This site is optimized with the Yoast SEO plugin v27.4 - https:\/\/yoast.com\/product\/yoast-seo-wordpress\/ -->\n<title>Security Gateway - ATS JSC<\/title>\n<meta name=\"robots\" content=\"index, follow, max-snippet:-1, max-image-preview:large, max-video-preview:-1\" \/>\n<link rel=\"canonical\" href=\"https:\/\/ats.com.vn\/vi\/security-gateway\/\" \/>\n<meta property=\"og:locale\" content=\"vi_VN\" \/>\n<meta property=\"og:type\" content=\"article\" \/>\n<meta property=\"og:title\" content=\"Security Gateway - ATS JSC\" \/>\n<meta property=\"og:description\" content=\"[vc_section][vc_row][vc_column css=&#8221;.vc_custom_1563867135107{margin-bottom: -20px !important;}&#8221;][rev_slider_vc alias=&#8221;security-gateway&#8221;][\/vc_column][\/vc_row][\/vc_section][vc_section css=&#8221;.vc_custom_1563556499224{padding-top: 0px !important;padding-bottom: 0px !important;}&#8221;][vc_row el_id=&#8221;security&#8221;][vc_column width=&#8221;1\/4&#8243;][vc_custom_heading text=&#8221;SmartGateway&#8221; font_container=&#8221;tag:h2|font_size:30px|text_align:right|color:%23005aaa&#8221; use_theme_fonts=&#8221;yes&#8221; css=&#8221;.vc_custom_1563867145218{padding-top: 5px !important;padding-right: 10px !important;padding-bottom: 10px !important;}&#8221; el_class=&#8221;line&#8221;][\/vc_column][vc_column width=&#8221;3\/4&#8243; css=&#8221;.vc_custom_1564047011850{margin-left: 10px !important;padding-bottom: 30px !important;}&#8221;][vc_custom_heading text=&#8221;Thi\u1ebft b\u1ecb b\u1ea3o m\u1eadt d\u1ef1a tr\u00ean c\u00f4ng ngh\u1ec7 b\u1ea3o m\u1eadt m\u1ed9t chi\u1ec1u.&#8221; font_container=&#8221;tag:h3|font_size:20px|text_align:left|color:%234a4a4a|line_height:28px&#8221; use_theme_fonts=&#8221;yes&#8221; css=&#8221;.vc_custom_1563556533721{padding-bottom: 10px !important;}&#8221;][vc_custom_heading text=&#8221;SmartGateway cung c\u1ea5p kh\u1ea3 n\u0103ng b\u1ea3o v\u1ec7 tuy\u1ec7t \u0111\u1ed1i [&hellip;]\" \/>\n<meta property=\"og:url\" content=\"https:\/\/ats.com.vn\/vi\/security-gateway\/\" \/>\n<meta property=\"og:site_name\" content=\"ATS JSC\" \/>\n<meta property=\"article:modified_time\" content=\"2021-03-05T04:03:39+00:00\" \/>\n<meta name=\"twitter:card\" content=\"summary_large_image\" \/>\n<meta name=\"twitter:label1\" content=\"Est. reading time\" \/>\n\t<meta name=\"twitter:data1\" content=\"3 minutes\" \/>\n<script type=\"application\/ld+json\" class=\"yoast-schema-graph\">{\"@context\":\"https:\\\/\\\/schema.org\",\"@graph\":[{\"@type\":\"WebPage\",\"@id\":\"https:\\\/\\\/ats.com.vn\\\/vi\\\/security-gateway\\\/\",\"url\":\"https:\\\/\\\/ats.com.vn\\\/vi\\\/security-gateway\\\/\",\"name\":\"Security Gateway - ATS JSC\",\"isPartOf\":{\"@id\":\"https:\\\/\\\/ats.com.vn\\\/#website\"},\"datePublished\":\"2019-06-07T07:53:52+00:00\",\"dateModified\":\"2021-03-05T04:03:39+00:00\",\"breadcrumb\":{\"@id\":\"https:\\\/\\\/ats.com.vn\\\/vi\\\/security-gateway\\\/#breadcrumb\"},\"inLanguage\":\"vi\",\"potentialAction\":[{\"@type\":\"ReadAction\",\"target\":[\"https:\\\/\\\/ats.com.vn\\\/vi\\\/security-gateway\\\/\"]}]},{\"@type\":\"BreadcrumbList\",\"@id\":\"https:\\\/\\\/ats.com.vn\\\/vi\\\/security-gateway\\\/#breadcrumb\",\"itemListElement\":[{\"@type\":\"ListItem\",\"position\":1,\"name\":\"Home\",\"item\":\"https:\\\/\\\/ats.com.vn\\\/vi\\\/\"},{\"@type\":\"ListItem\",\"position\":2,\"name\":\"Security Gateway\"}]},{\"@type\":\"WebSite\",\"@id\":\"https:\\\/\\\/ats.com.vn\\\/#website\",\"url\":\"https:\\\/\\\/ats.com.vn\\\/\",\"name\":\"ATS\",\"description\":\"Applied Technical Systems Joint Stock Company\",\"publisher\":{\"@id\":\"https:\\\/\\\/ats.com.vn\\\/#organization\"},\"potentialAction\":[{\"@type\":\"SearchAction\",\"target\":{\"@type\":\"EntryPoint\",\"urlTemplate\":\"https:\\\/\\\/ats.com.vn\\\/?s={search_term_string}\"},\"query-input\":{\"@type\":\"PropertyValueSpecification\",\"valueRequired\":true,\"valueName\":\"search_term_string\"}}],\"inLanguage\":\"vi\"},{\"@type\":\"Organization\",\"@id\":\"https:\\\/\\\/ats.com.vn\\\/#organization\",\"name\":\"Applied Technical Systems Join Stock Company\",\"url\":\"https:\\\/\\\/ats.com.vn\\\/\",\"logo\":{\"@type\":\"ImageObject\",\"inLanguage\":\"vi\",\"@id\":\"https:\\\/\\\/ats.com.vn\\\/#\\\/schema\\\/logo\\\/image\\\/\",\"url\":\"https:\\\/\\\/ats.com.vn\\\/medias\\\/2018\\\/06\\\/lgo1.jpg\",\"contentUrl\":\"https:\\\/\\\/ats.com.vn\\\/medias\\\/2018\\\/06\\\/lgo1.jpg\",\"width\":981,\"height\":488,\"caption\":\"Applied Technical Systems Join Stock Company\"},\"image\":{\"@id\":\"https:\\\/\\\/ats.com.vn\\\/#\\\/schema\\\/logo\\\/image\\\/\"},\"sameAs\":[\"https:\\\/\\\/www.linkedin.com\\\/company\\\/ats-jsc\",\"https:\\\/\\\/www.youtube.com\\\/user\\\/ATSMedia\"]}]}<\/script>\n<!-- \/ Yoast SEO plugin. -->","yoast_head_json":{"title":"Security Gateway - ATS JSC","robots":{"index":"index","follow":"follow","max-snippet":"max-snippet:-1","max-image-preview":"max-image-preview:large","max-video-preview":"max-video-preview:-1"},"canonical":"https:\/\/ats.com.vn\/vi\/security-gateway\/","og_locale":"vi_VN","og_type":"article","og_title":"Security Gateway - ATS JSC","og_description":"[vc_section][vc_row][vc_column css=&#8221;.vc_custom_1563867135107{margin-bottom: -20px !important;}&#8221;][rev_slider_vc alias=&#8221;security-gateway&#8221;][\/vc_column][\/vc_row][\/vc_section][vc_section css=&#8221;.vc_custom_1563556499224{padding-top: 0px !important;padding-bottom: 0px !important;}&#8221;][vc_row el_id=&#8221;security&#8221;][vc_column width=&#8221;1\/4&#8243;][vc_custom_heading text=&#8221;SmartGateway&#8221; font_container=&#8221;tag:h2|font_size:30px|text_align:right|color:%23005aaa&#8221; use_theme_fonts=&#8221;yes&#8221; css=&#8221;.vc_custom_1563867145218{padding-top: 5px !important;padding-right: 10px !important;padding-bottom: 10px !important;}&#8221; el_class=&#8221;line&#8221;][\/vc_column][vc_column width=&#8221;3\/4&#8243; css=&#8221;.vc_custom_1564047011850{margin-left: 10px !important;padding-bottom: 30px !important;}&#8221;][vc_custom_heading text=&#8221;Thi\u1ebft b\u1ecb b\u1ea3o m\u1eadt d\u1ef1a tr\u00ean c\u00f4ng ngh\u1ec7 b\u1ea3o m\u1eadt m\u1ed9t chi\u1ec1u.&#8221; font_container=&#8221;tag:h3|font_size:20px|text_align:left|color:%234a4a4a|line_height:28px&#8221; use_theme_fonts=&#8221;yes&#8221; css=&#8221;.vc_custom_1563556533721{padding-bottom: 10px !important;}&#8221;][vc_custom_heading text=&#8221;SmartGateway cung c\u1ea5p kh\u1ea3 n\u0103ng b\u1ea3o v\u1ec7 tuy\u1ec7t \u0111\u1ed1i [&hellip;]","og_url":"https:\/\/ats.com.vn\/vi\/security-gateway\/","og_site_name":"ATS JSC","article_modified_time":"2021-03-05T04:03:39+00:00","twitter_card":"summary_large_image","twitter_misc":{"Est. reading time":"3 minutes"},"schema":{"@context":"https:\/\/schema.org","@graph":[{"@type":"WebPage","@id":"https:\/\/ats.com.vn\/vi\/security-gateway\/","url":"https:\/\/ats.com.vn\/vi\/security-gateway\/","name":"Security Gateway - ATS JSC","isPartOf":{"@id":"https:\/\/ats.com.vn\/#website"},"datePublished":"2019-06-07T07:53:52+00:00","dateModified":"2021-03-05T04:03:39+00:00","breadcrumb":{"@id":"https:\/\/ats.com.vn\/vi\/security-gateway\/#breadcrumb"},"inLanguage":"vi","potentialAction":[{"@type":"ReadAction","target":["https:\/\/ats.com.vn\/vi\/security-gateway\/"]}]},{"@type":"BreadcrumbList","@id":"https:\/\/ats.com.vn\/vi\/security-gateway\/#breadcrumb","itemListElement":[{"@type":"ListItem","position":1,"name":"Home","item":"https:\/\/ats.com.vn\/vi\/"},{"@type":"ListItem","position":2,"name":"Security Gateway"}]},{"@type":"WebSite","@id":"https:\/\/ats.com.vn\/#website","url":"https:\/\/ats.com.vn\/","name":"ATS","description":"Applied Technical Systems Joint Stock Company","publisher":{"@id":"https:\/\/ats.com.vn\/#organization"},"potentialAction":[{"@type":"SearchAction","target":{"@type":"EntryPoint","urlTemplate":"https:\/\/ats.com.vn\/?s={search_term_string}"},"query-input":{"@type":"PropertyValueSpecification","valueRequired":true,"valueName":"search_term_string"}}],"inLanguage":"vi"},{"@type":"Organization","@id":"https:\/\/ats.com.vn\/#organization","name":"Applied Technical Systems Join Stock Company","url":"https:\/\/ats.com.vn\/","logo":{"@type":"ImageObject","inLanguage":"vi","@id":"https:\/\/ats.com.vn\/#\/schema\/logo\/image\/","url":"https:\/\/ats.com.vn\/medias\/2018\/06\/lgo1.jpg","contentUrl":"https:\/\/ats.com.vn\/medias\/2018\/06\/lgo1.jpg","width":981,"height":488,"caption":"Applied Technical Systems Join Stock Company"},"image":{"@id":"https:\/\/ats.com.vn\/#\/schema\/logo\/image\/"},"sameAs":["https:\/\/www.linkedin.com\/company\/ats-jsc","https:\/\/www.youtube.com\/user\/ATSMedia"]}]}},"_links":{"self":[{"href":"https:\/\/ats.com.vn\/vi\/wp-json\/wp\/v2\/pages\/4122","targetHints":{"allow":["GET"]}}],"collection":[{"href":"https:\/\/ats.com.vn\/vi\/wp-json\/wp\/v2\/pages"}],"about":[{"href":"https:\/\/ats.com.vn\/vi\/wp-json\/wp\/v2\/types\/page"}],"author":[{"embeddable":true,"href":"https:\/\/ats.com.vn\/vi\/wp-json\/wp\/v2\/users\/2"}],"replies":[{"embeddable":true,"href":"https:\/\/ats.com.vn\/vi\/wp-json\/wp\/v2\/comments?post=4122"}],"version-history":[{"count":14,"href":"https:\/\/ats.com.vn\/vi\/wp-json\/wp\/v2\/pages\/4122\/revisions"}],"predecessor-version":[{"id":7533,"href":"https:\/\/ats.com.vn\/vi\/wp-json\/wp\/v2\/pages\/4122\/revisions\/7533"}],"wp:attachment":[{"href":"https:\/\/ats.com.vn\/vi\/wp-json\/wp\/v2\/media?parent=4122"}],"curies":[{"name":"wp","href":"https:\/\/api.w.org\/{rel}","templated":true}]}}