{"id":4121,"date":"2019-06-12T11:07:24","date_gmt":"2019-06-12T11:07:24","guid":{"rendered":"https:\/\/ats.com.vn\/wide-area-monitoring\/?lang=vi"},"modified":"2019-07-25T16:52:26","modified_gmt":"2019-07-25T09:52:26","slug":"giam-sat-dien-rong","status":"publish","type":"page","link":"https:\/\/ats.com.vn\/vi\/giam-sat-dien-rong\/","title":{"rendered":"Giam Sat Dien Rong"},"content":{"rendered":"<p>[vc_section][vc_row][vc_column css=&#8221;.vc_custom_1563867591073{margin-bottom: -30px !important;}&#8221;][rev_slider_vc alias=&#8221;wide-area-vi&#8221;][\/vc_column][\/vc_row][\/vc_section][vc_section full_width=&#8221;stretch_row&#8221; css=&#8221;.vc_custom_1563550266490{padding-top: 0px !important;}&#8221;][vc_row full_width=&#8221;stretch_row&#8221; el_id=&#8221;txt-content&#8221;][vc_column width=&#8221;1\/4&#8243; css=&#8221;.vc_custom_1562916516102{padding-top: 13px !important;}&#8221;][vc_custom_heading text=&#8221;SmartWAMS&#8221; font_container=&#8221;tag:h2|font_size:30px|text_align:right|color:%23005aaa&#8221; use_theme_fonts=&#8221;yes&#8221; css=&#8221;.vc_custom_1563649097906{padding-right: 10px !important;padding-bottom: 10px !important;}&#8221; el_class=&#8221;line&#8221;][\/vc_column][vc_column width=&#8221;3\/4&#8243; el_class=&#8221;btn-right&#8221; css=&#8221;.vc_custom_1564048313787{margin-left: 10px !important;padding-top: 5px !important;padding-bottom: 30px !important;}&#8221;][vc_custom_heading text=&#8221;H\u1ec7 th\u1ed1ng Gi\u00e1m s\u00e1t Di\u1ec7n R\u1ed9ng v\u1edbi C\u00f4ng ngh\u1ec7 \u0110\u1ed3ng b\u1ed9 Pha gi\u00fap thu th\u1eadp, x\u1eed l\u00fd v\u00e0 hi\u1ec3n th\u1ecb d\u1eef li\u1ec7u \u0111\u1ed3ng b\u1ed9 pha.&#8221; font_container=&#8221;tag:h3|font_size:20px|text_align:left|color:%234a4a4a|line_height:28px&#8221; use_theme_fonts=&#8221;yes&#8221; css=&#8221;.vc_custom_1562839180539{margin-top: 0px !important;margin-bottom: 0px !important;padding-top: 0px !important;padding-bottom: 10px !important;}&#8221;][vc_column_text]SmartWAMS<sup>TM<\/sup> th\u1ef1c hi\u1ec7n thu th\u1eadp, x\u1eed l\u00fd v\u00e0 hi\u1ec3n th\u1ecb d\u1eef li\u1ec7u \u0111\u1ed3ng b\u1ed9 pha d\u1ef1a tr\u00ean c\u00f4ng ngh\u1ec7 \u0111o l\u01b0\u1eddng \u0111\u1ed3ng b\u1ed9 g\u00f3c pha (PMU \u2013 Phasor Measurement Unit), cho ph\u00e9p gi\u00e1m s\u00e1t h\u1ec7 th\u1ed1ng \u0111i\u1ec7n di\u1ec7n r\u1ed9ng v\u1edbi \u0111\u1ed9 tin c\u1eady cao v\u00e0 th\u1eddi gian c\u1eadp nh\u1eadt nhanh.<\/p>\n<p>&nbsp;<\/p>\n<p>H\u1ec7 th\u1ed1ng SmartWAMS\u2122 \u0111\u01b0\u1ee3c thi\u1ebft k\u1ebf tu\u00e2n th\u1ee7 c\u00e1c ti\u00eau chu\u1ea9n th\u1ebf gi\u1edbi (IEEE, IEC, etc.) v\u00e0 \u0111\u1ed3ng th\u1eddi t\u01b0\u01a1ng th\u00edch v\u1edbi c\u00e1c y\u00eau c\u1ea7u v\u1eadn h\u00e0nh h\u1ec7 th\u1ed1ng \u0111i\u1ec7n t\u1ea1i Vi\u1ec7t Nam. H\u1ec7 th\u1ed1ng n\u00e0y c\u00f3 th\u1ec3 \u0111\u01b0\u1ee3c s\u1eed d\u1ee5ng \u0111\u1ed9c l\u1eadp v\u1edbi h\u1ec7 th\u1ed1ng SCADA\/EMS\u00a0 v\u00e0 \u0111\u1ed3ng th\u1eddi h\u1ed7 tr\u1ee3 h\u1ec7 th\u1ed1ng SCADA\/EMS trong vi\u1ec7c gi\u00e1m s\u00e1t v\u00e0 v\u1eadn h\u00e0nh th\u1eddi gian th\u1ef1c\/ tr\u1ef1c tuy\u1ebfn c\u0169ng nh\u01b0 t\u00ednh to\u00e1n ph\u00e2n t\u00edch h\u1ec7 th\u1ed1ng sau v\u1eadn h\u00e0nh.[\/vc_column_text]\r<!-- radiantthemes-button -->\r<div class=\"radiantthemes-button hover-style-one  \"  data-button-direction=\"left\" data-button-fullwidth=\"false\" ><a style=\"\" class=\"radiantthemes-button-main\" href=\"\/wp-content\/uploads\/2019\/07\/ATS-Flyer_System-SmartWAMS_181005.pdf\"  title=\"\" target=\"_self\"><div class=\"placeholder\">T\u00e0i li\u1ec7u S\u1ea3n ph\u1ea9m<\/div><\/a><\/div>\r<!-- radiantthemes-button -->\r[\/vc_column][\/vc_row][\/vc_section][vc_section full_width=&#8221;stretch_row&#8221; css=&#8221;.vc_custom_1562659684604{padding-top: 50px !important;padding-bottom: 50px !important;background-color: #f5f5f5 !important;}&#8221;][vc_row][vc_column][vc_custom_heading text=&#8221;GI\u1ea2I PH\u00c1P \u0110\u00c1NG TIN C\u1eacY CHO H\u1ec6 TH\u1ed0NG D\u1eee LI\u1ec6U L\u1edaN&#8221; font_container=&#8221;tag:h2|font_size:30px|text_align:center|color:%23005aaa&#8221; use_theme_fonts=&#8221;yes&#8221; css=&#8221;.vc_custom_1563550331048{padding-bottom: 20px !important;}&#8221;][vc_single_image image=&#8221;4600&#8243; alignment=&#8221;center&#8221;][\/vc_column][\/vc_row][vc_row][vc_column width=&#8221;1\/3&#8243; css=&#8221;.vc_custom_1562659656103{border-right-width: 1px !important;border-right-color: #d2d2d2 !important;border-right-style: solid !important;}&#8221;]\r<!-- fancy-text-box -->\r<div class=\"rt-fancy-text-box element-three  \" ><div class=\"holder matchHeight \"><div class=\"icon\"><img loading=\"lazy\" decoding=\"async\" width=\"60\" height=\"62\" src=\"https:\/\/ats.com.vn\/medias\/2019\/06\/settings-gear.png\" class=\"attachment-full size-full\" alt=\"\" \/><\/div><div class=\"heading\"><p class=\"title\">T\u1ed1c \u0111\u1ed9 Thu th\u1eadp M\u1eabu<\/p><\/div><div class=\"content\"><p>Cao<\/p><\/div><\/div><\/div>\r<!-- fancy-text-box -->\r[\/vc_column][vc_column width=&#8221;1\/3&#8243; el_id=&#8221;border&#8221; css=&#8221;.vc_custom_1562659665742{border-right-width: 1px !important;border-right-color: #d2d2d2 !important;border-right-style: solid !important;}&#8221;]\r<!-- fancy-text-box -->\r<div class=\"rt-fancy-text-box element-three  \" ><div class=\"holder matchHeight \"><div class=\"icon\"><img loading=\"lazy\" decoding=\"async\" width=\"43\" height=\"63\" src=\"https:\/\/ats.com.vn\/medias\/2019\/06\/double-tap.png\" class=\"attachment-full size-full\" alt=\"\" \/><\/div><div class=\"heading\"><p class=\"title\">Kh\u1ea3 n\u0103ng L\u01b0u tr\u1eef<\/p><\/div><div class=\"content\"><p>D\u1eef li\u1ec7u Kh\u1ed1i l\u01b0\u1ee3ng L\u1edbn<\/p><\/div><\/div><\/div>\r<!-- fancy-text-box -->\r[\/vc_column][vc_column width=&#8221;1\/3&#8243; el_class=&#8221;vc_col-has-fill&#8221;]\r<!-- fancy-text-box -->\r<div class=\"rt-fancy-text-box element-three  \" ><div class=\"holder matchHeight \"><div class=\"icon\"><img loading=\"lazy\" decoding=\"async\" width=\"69\" height=\"66\" src=\"https:\/\/ats.com.vn\/medias\/2019\/06\/ic-machine.png\" class=\"attachment-full size-full\" alt=\"\" \/><\/div><div class=\"heading\"><p class=\"title\">H\u1ed7 tr\u1ee3 nhi\u1ec1u Giao th\u1ee9c<\/p><\/div><div class=\"content\"><p>K\u1ebft n\u1ed1i &amp; Truy\u1ec1n tin<\/p><\/div><\/div><\/div>\r<!-- fancy-text-box -->\r[\/vc_column][\/vc_row][\/vc_section][vc_section css=&#8221;.vc_custom_1562906432833{padding-top: 50px !important;padding-bottom: 50px !important;}&#8221;][vc_row full_width=&#8221;stretch_row&#8221; css=&#8221;.vc_custom_1562839215432{padding-top: 300px !important;padding-bottom: 300px !important;background-image: url(https:\/\/ats.com.vn\/wp-content\/uploads\/2019\/06\/relaible-1.png?id=3814) !important;background-position: center !important;background-repeat: no-repeat !important;background-size: contain !important;}&#8221;][vc_column][\/vc_column][\/vc_row][\/vc_section][vc_section full_width=&#8221;stretch_row&#8221; el_id=&#8221;txt-content&#8221; css=&#8221;.vc_custom_1562906454068{padding-top: 0px !important;background-color: #f5f5f5 !important;}&#8221;][vc_row][vc_column width=&#8221;1\/2&#8243; css=&#8221;.vc_custom_1563649127607{padding-top: 25px !important;padding-left: 30px !important;}&#8221;][vc_custom_heading text=&#8221;\u0110\u1eb7c t\u00ednh Ti\u00eau bi\u1ec3u&#8221; font_container=&#8221;tag:h3|font_size:25px|text_align:left|color:%23005aaa&#8221; use_theme_fonts=&#8221;yes&#8221; css=&#8221;.vc_custom_1562660003601{padding-top: 35px !important;padding-bottom: 10px !important;}&#8221;][vc_single_image image=&#8221;4600&#8243;][vc_column_text css=&#8221;.vc_custom_1562660041893{margin-top: -40px !important;}&#8221;]<\/p>\n<ul>\n<li>Thu th\u1eadp d\u1eef li\u1ec7u \u0111\u1ed3ng b\u1ed9 pha th\u1eddi gian th\u1ef1c v\u1edbi t\u1ed1c \u0111\u1ed9 t\u1edbi 30 m\u1eabu m\u1ed7i gi\u00e2y<\/li>\n<li>X\u1eed l\u00fd v\u00e0 hi\u1ec3n th\u1ecb d\u1eef li\u1ec7u real-time tr\u00ean di\u1ec7n r\u1ed9ng nh\u01b0: f, U, \u03b4, P, Q, vv.<\/li>\n<li>L\u01b0u tr\u1eef kh\u1ed1i l\u01b0\u1ee3ng d\u1eef li\u1ec7u l\u1edbn \u1edf nhi\u1ec1u d\u1ea1ng c\u01a1 s\u1edf d\u1eef li\u1ec7u nh\u01b0: PI, SQL, Oracle, vv.<\/li>\n<li>T\u01b0\u01a1ng t\u00e1c v\u1edbi c\u00e1c \u1ee9ng d\u1ee5ng Off-line hi\u1ec7n c\u00f3 nh\u01b0: SCADA\/EMS, ph\u1ea7n m\u1ec1m PSS E, DigSILENT, vv.<\/li>\n<li>H\u1ed7 tr\u1ee3 c\u00e1c giao th\u1ee9c k\u1ebft n\u1ed1i nh\u01b0: IEEE C37.118, IEEE 1344-1995, Gateway Stream, SEL Fast Messaging, vv.<\/li>\n<\/ul>\n<p>[\/vc_column_text][\/vc_column][vc_column width=&#8221;1\/2&#8243; css=&#8221;.vc_custom_1563649135720{border-left-width: 1px !important;padding-top: 50px !important;padding-left: 30px !important;border-left-color: #d2d2d2 !important;border-left-style: solid !important;}&#8221;][vc_custom_heading text=&#8221;Ch\u1ee9c n\u0103ng Ti\u00eau bi\u1ec3u&#8221; font_container=&#8221;tag:h3|font_size:25px|text_align:left|color:%23005aaa&#8221; use_theme_fonts=&#8221;yes&#8221; css=&#8221;.vc_custom_1563550376583{padding-bottom: 10px !important;}&#8221;][vc_single_image image=&#8221;4600&#8243;][vc_column_text css=&#8221;.vc_custom_1562660050902{margin-top: -40px !important;}&#8221;]<\/p>\n<ul>\n<li>N\u00e2ng cao kh\u1ea3 n\u0103ng quan s\u00e1t t\u00ecnh tr\u1ea1ng h\u1ec7 th\u1ed1ng qua vi\u1ec7c x\u1eed l\u00fd v\u00e0 hi\u1ec3n th\u1ecb d\u1eef li\u1ec7u th\u1eddi gian th\u1ef1c di\u1ec7n r\u1ed9ng:\n<ul>\n<li>T\u1ea7n s\u1ed1 (f) v\u00e0 t\u1ed1c \u0111\u1ed9 thay \u0111\u1ed5i t\u1ea7n s\u1ed1 (df \/dt)<\/li>\n<li>Bi\u00ean \u0111\u1ed9 v\u00e0 g\u00f3c pha \u0111i\u1ec7n \u00e1p v\u00e0 d\u00f2ng \u0111i\u1ec7n<\/li>\n<li>G\u00f3c l\u1ec7ch pha (dd)<\/li>\n<li>Tr\u00e0o l\u01b0u c\u00f4ng su\u1ea5t (MW, MVAr)<\/li>\n<li>\u0110\u1ed9 nh\u1ea1y \u0111i\u1ec7n \u00e1p &amp; g\u00f3c pha (dV\/dP, dV\/dQ, dd\/dP)<\/li>\n<\/ul>\n<\/li>\n<li>T\u0103ng c\u01b0\u1eddng kh\u1ea3 n\u0103ng, t\u1ed1c \u0111\u1ed9, v\u00e0 t\u00ednh ch\u00ednh x\u00e1c c\u1ee7a t\u00ednh to\u00e1n tr\u1ea1ng th\u00e1i h\u1ec7 th\u1ed1ng (PMU ho\u1eb7c k\u1ebft h\u1ee3p gi\u1eefa PMU v\u00e0 SCADA)<\/li>\n<li>\u0110\u00e1nh gi\u00e1 m\u1ee9c \u0111\u1ed9 \u1ed5n \u0111\u1ecbnh c\u1ee7a h\u1ec7 th\u1ed1ng v\u00e0 \u0111\u01b0a ra c\u00e1c c\u1ea3nh b\u00e1o:\n<ul>\n<li>M\u1ee9c \u0111\u1ed9 mang t\u1ea3i c\u1ee7a l\u01b0\u1edbi d\u1ef1a tr\u00ean \u0111\u1ed9 l\u1ec7ch g\u00f3c pha<\/li>\n<li>M\u1ee9c \u0111\u1ed9 \u1ed5n \u0111\u1ecbnh t\u1ea7n s\u1ed1 d\u1ef1a tr\u00ean quan s\u00e1t t\u1ea7n s\u1ed1 t\u1ea1i c\u00e1c khu v\u1ef1c kh\u00e1c nhau<\/li>\n<li>M\u1ee9c \u0111\u1ed9 \u1ed5n \u0111\u1ecbnh h\u1ec7 th\u1ed1ng d\u1ef1a tr\u00ean t\u1ed1c \u0111\u1ed9 bi\u1ebfn thi\u00ean c\u00e1c th\u00f4ng s\u1ed1 (\u0111i\u1ec7n \u00e1p, t\u1ea7n s\u1ed1)<\/li>\n<li>M\u1ee9c \u0111\u1ed9 \u1ed5n \u0111\u1ecbnh \u0111i\u1ec7n \u00e1p d\u1ef1a tr\u00ean bi\u00ean \u0111\u1ed9 \u0111i\u1ec7n \u00e1p v\u00e0 \u0111\u1ed9 d\u1ef1 tr\u1eef c\u00f4ng su\u1ea5t ph\u1ea3n kh\u00e1ng<\/li>\n<li>M\u1ee9c \u0111\u1ed9 \u1ed5n \u0111\u1ecbnh c\u1ee7a h\u1ec7 th\u1ed1ng d\u1ef1a tr\u00ean c\u00e1c \u0111\u00e1nh gi\u00e1 v\u1ec1 \u0111\u1ed9 nh\u1ea1y (dV\/dQ)<\/li>\n<\/ul>\n<\/li>\n<li>Cung c\u1ea5p d\u1eef li\u1ec7u cho t\u00ednh to\u00e1n t\u1ed1i \u01b0u n\u0103ng l\u01b0\u1ee3ng (OPI), qu\u1ea3n l\u00fd \u0111i\u1ec7p \u00e1p<\/li>\n<li>T\u00ednh to\u00e1n gi\u1edbi h\u1ea1n truy\u1ec1n t\u1ea3i c\u00f4ng su\u1ea5t, kh\u1ea3 n\u0103ng t\u1ea3i c\u1ee7a \u0111\u01b0\u1eddng d\u00e2y v\u1edbi c\u00e1c ph\u1ea7n m\u1ec1m b\u00ean th\u1ee9 ba nh\u01b0 PSS\/E, DigSILENT, Quick Stab, vv.<\/li>\n<li>Ph\u00e1t hi\u1ec7n v\u00e0 \u0111\u1ecbnh v\u1ecb s\u1edbm c\u00e1c s\u1ef1 c\u1ed1 tr\u00ean l\u01b0\u1edbi<\/li>\n<li>Ph\u00e1t hi\u1ec7n c\u00e1c dao \u0111\u1ed9ng c\u00f4ng su\u1ea5t tr\u00ean h\u1ec7 th\u1ed1ng<\/li>\n<li>V\u00e0 c\u00e1c \u1ee9ng d\u1ee5ng off-line d\u1ef1a tr\u00ean c\u01a1 s\u1edf d\u1eef li\u1ec7u ATS SmartHIS<sup>TM<\/sup>.<\/li>\n<\/ul>\n<p>[\/vc_column_text][\/vc_column][\/vc_row][\/vc_section][vc_section full_width=&#8221;stretch_row_content&#8221; css=&#8221;.vc_custom_1562659920345{margin-top: -40px !important;}&#8221;][vc_row][vc_column width=&#8221;1\/2&#8243; css=&#8221;.vc_custom_1563649153411{padding-top: 80px !important;padding-bottom: 130px !important;padding-left: 0px !important;background-image: url(https:\/\/ats.com.vn\/wp-content\/uploads\/2019\/06\/link-our-history@2x.png?id=3492) !important;background-position: center !important;background-repeat: no-repeat !important;background-size: cover !important;}&#8221; el_class=&#8221;btn-left&#8221; el_id=&#8221;btn-left&#8221;][vc_custom_heading text=&#8221;Xem D\u1ef1 \u00e1n c\u1ee7a Ch\u00fang t\u00f4i&#8221; font_container=&#8221;tag:h2|font_size:20px|text_align:center|color:%23ffffff&#8221; use_theme_fonts=&#8221;yes&#8221; css=&#8221;.vc_custom_1563649181635{padding-bottom: 20px !important;}&#8221;]\r<!-- radiantthemes-button -->\r<div class=\"radiantthemes-button hover-style-one  \" id=\"button\" data-button-direction=\"center\" data-button-fullwidth=\"false\" ><a style=\"\" class=\"radiantthemes-button-main\" href=\"\/vi\/projects\/\"  title=\"\" target=\"_self\"><div class=\"placeholder\">D\u1ef1 \u00c1n<\/div><\/a><\/div>\r<!-- radiantthemes-button -->\r[\/vc_column][vc_column width=&#8221;1\/2&#8243; css=&#8221;.vc_custom_1563649162961{padding-top: 80px !important;padding-bottom: 130px !important;padding-left: 0px !important;background-image: url(https:\/\/ats.com.vn\/wp-content\/uploads\/2019\/06\/pg-09@2x.png?id=3493) !important;background-position: center !important;background-repeat: no-repeat !important;background-size: cover !important;}&#8221; el_id=&#8221;client-btn&#8221; el_class=&#8221;btn-right&#8221;][vc_custom_heading text=&#8221;Li\u00ean H\u1ec7 Ch\u00fang t\u00f4i&#8221; font_container=&#8221;tag:h2|font_size:20px|text_align:center|color:%23ffffff&#8221; use_theme_fonts=&#8221;yes&#8221; css=&#8221;.vc_custom_1563649198160{padding-bottom: 20px !important;}&#8221;]\r<!-- radiantthemes-button -->\r<div class=\"radiantthemes-button hover-style-one  \"  data-button-direction=\"center\" data-button-fullwidth=\"false\" ><a style=\"\" class=\"radiantthemes-button-main\" href=\"\/vi\/contact\/\"  title=\"\" target=\"_self\"><div class=\"placeholder\">Li\u00ean H\u1ec7<\/div><\/a><\/div>\r<!-- radiantthemes-button -->\r[\/vc_column][\/vc_row][\/vc_section][vc_row el_id=&#8221;popup&#8221;][vc_column][vc_raw_html]JTNDZGl2JTIwaWQlM0QlMjJpZDAxJTIyJTIwY2xhc3MlM0QlMjJtb2RhbCUyMiUzRSUwQSUyMCUyMCUwQSUyMCUyMCUzQ2Zvcm0lMjBjbGFzcyUzRCUyMm1vZGFsLWNvbnRlbnQlMjBhbmltYXRlJTIyJTIwYWN0aW9uJTNEJTIyJTJGYWN0aW9uX3BhZ2UucGhwJTIyJTNFJTBBJTIwJTIwJTIwJTIwJTNDZGl2JTIwY2xhc3MlM0QlMjJpbWdjb250YWluZXIlMjIlM0UlMEElMjAlMjAlMjAlMjAlMjAlMjAlM0NzcGFuJTIwb25jbGljayUzRCUyMmRvY3VtZW50LmdldEVsZW1lbnRCeUlkJTI4JTI3aWQwMSUyNyUyOS5zdHlsZS5kaXNwbGF5JTNEJTI3bm9uZSUyNyUyMiUyMGNsYXNzJTNEJTIyY2xvc2UlMjIlMjB0aXRsZSUzRCUyMkNsb3NlJTIwTW9kYWwlMjIlM0UlMjZ0aW1lcyUzQiUzQyUyRnNwYW4lM0UlMEElM0NvYmplY3QlMjBkYXRhJTNEJTIyJTJGd3AtY29udGVudCUyRnVwbG9hZHMlMkYyMDE5JTJGMDYlMkZBVFMtU29sdXRpb24tJTQwTWljcm8tR3JpZC12ZXIxOTAyMTgucGRmJTIzdmlldyUzREZpdCUyMiUyMHR5cGUlM0QlMjJhcHBsaWNhdGlvbiUyRnBkZiUyMiUyMHdpZHRoJTNEJTIyMTAwJTI1JTIyJTIwaGVpZ2h0JTNEJTIyMTAwMHB4JTIyJTNFJTBBJTIwJTIwJTIwJTBBJTNDJTJGb2JqZWN0JTNFJTBBJTIwJTIwJTIwJTIwJTNDJTJGZGl2JTNFJTBBJTIwJTIwJTIwJTIwJTBBJTIwJTIwJTNDJTJGZm9ybSUzRSUwQSUzQyUyRmRpdiUzRQ==[\/vc_raw_html][vc_raw_js]JTNDc2NyaXB0JTNFJTBBJTJGJTJGJTIwR2V0JTIwdGhlJTIwbW9kYWwlMEF2YXIlMjBtb2RhbCUyMCUzRCUyMGRvY3VtZW50LmdldEVsZW1lbnRCeUlkJTI4JTI3aWQwMSUyNyUyOSUzQiUwQSUwQSUyRiUyRiUyMFdoZW4lMjB0aGUlMjB1c2VyJTIwY2xpY2tzJTIwYW55d2hlcmUlMjBvdXRzaWRlJTIwb2YlMjB0aGUlMjBtb2RhbCUyQyUyMGNsb3NlJTIwaXQlMEF3aW5kb3cub25jbGljayUyMCUzRCUyMGZ1bmN0aW9uJTI4ZXZlbnQlMjklMjAlN0IlMEElMjAlMjAlMjAlMjBpZiUyMCUyOGV2ZW50LnRhcmdldCUyMCUzRCUzRCUyMG1vZGFsJTI5JTIwJTdCJTBBJTIwJTIwJTIwJTIwJTIwJTIwJTIwJTIwbW9kYWwuc3R5bGUuZGlzcGxheSUyMCUzRCUyMCUyMm5vbmUlMjIlM0IlMEElMjAlMjAlMjAlMjAlN0QlMEElN0QlMEElM0MlMkZzY3JpcHQlM0U=[\/vc_raw_js][\/vc_column][\/vc_row]<\/p>\n","protected":false},"excerpt":{"rendered":"<p>[vc_section][vc_row][vc_column css=&#8221;.vc_custom_1563867591073{margin-bottom: -30px !important;}&#8221;][rev_slider_vc alias=&#8221;wide-area-vi&#8221;][\/vc_column][\/vc_row][\/vc_section][vc_section full_width=&#8221;stretch_row&#8221; css=&#8221;.vc_custom_1563550266490{padding-top: 0px !important;}&#8221;][vc_row full_width=&#8221;stretch_row&#8221; el_id=&#8221;txt-content&#8221;][vc_column width=&#8221;1\/4&#8243; css=&#8221;.vc_custom_1562916516102{padding-top: 13px !important;}&#8221;][vc_custom_heading text=&#8221;SmartWAMS&#8221; font_container=&#8221;tag:h2|font_size:30px|text_align:right|color:%23005aaa&#8221; use_theme_fonts=&#8221;yes&#8221; css=&#8221;.vc_custom_1563649097906{padding-right: 10px !important;padding-bottom: 10px !important;}&#8221; el_class=&#8221;line&#8221;][\/vc_column][vc_column width=&#8221;3\/4&#8243; el_class=&#8221;btn-right&#8221; css=&#8221;.vc_custom_1564048313787{margin-left: 10px !important;padding-top: 5px !important;padding-bottom: 30px !important;}&#8221;][vc_custom_heading text=&#8221;H\u1ec7 th\u1ed1ng Gi\u00e1m s\u00e1t Di\u1ec7n R\u1ed9ng v\u1edbi C\u00f4ng ngh\u1ec7 \u0110\u1ed3ng b\u1ed9 Pha gi\u00fap thu th\u1eadp, x\u1eed l\u00fd v\u00e0 hi\u1ec3n th\u1ecb d\u1eef li\u1ec7u [&hellip;]<\/p>\n","protected":false},"author":2,"featured_media":0,"parent":0,"menu_order":0,"comment_status":"closed","ping_status":"closed","template":"","meta":{"footnotes":"","_links_to":"","_links_to_target":""},"class_list":["post-4121","page","type-page","status-publish","hentry"],"yoast_head":"<!-- This site is optimized with the Yoast SEO plugin v27.1.1 - https:\/\/yoast.com\/product\/yoast-seo-wordpress\/ -->\n<title>Giam Sat Dien Rong - ATS JSC<\/title>\n<meta name=\"robots\" content=\"index, follow, max-snippet:-1, max-image-preview:large, max-video-preview:-1\" \/>\n<link rel=\"canonical\" href=\"https:\/\/ats.com.vn\/vi\/giam-sat-dien-rong\/\" \/>\n<meta property=\"og:locale\" content=\"vi_VN\" \/>\n<meta property=\"og:type\" content=\"article\" \/>\n<meta property=\"og:title\" content=\"Giam Sat Dien Rong - ATS JSC\" \/>\n<meta property=\"og:description\" content=\"[vc_section][vc_row][vc_column css=&#8221;.vc_custom_1563867591073{margin-bottom: -30px !important;}&#8221;][rev_slider_vc alias=&#8221;wide-area-vi&#8221;][\/vc_column][\/vc_row][\/vc_section][vc_section full_width=&#8221;stretch_row&#8221; css=&#8221;.vc_custom_1563550266490{padding-top: 0px !important;}&#8221;][vc_row full_width=&#8221;stretch_row&#8221; el_id=&#8221;txt-content&#8221;][vc_column width=&#8221;1\/4&#8243; css=&#8221;.vc_custom_1562916516102{padding-top: 13px !important;}&#8221;][vc_custom_heading text=&#8221;SmartWAMS&#8221; font_container=&#8221;tag:h2|font_size:30px|text_align:right|color:%23005aaa&#8221; use_theme_fonts=&#8221;yes&#8221; css=&#8221;.vc_custom_1563649097906{padding-right: 10px !important;padding-bottom: 10px !important;}&#8221; el_class=&#8221;line&#8221;][\/vc_column][vc_column width=&#8221;3\/4&#8243; el_class=&#8221;btn-right&#8221; css=&#8221;.vc_custom_1564048313787{margin-left: 10px !important;padding-top: 5px !important;padding-bottom: 30px !important;}&#8221;][vc_custom_heading text=&#8221;H\u1ec7 th\u1ed1ng Gi\u00e1m s\u00e1t Di\u1ec7n R\u1ed9ng v\u1edbi C\u00f4ng ngh\u1ec7 \u0110\u1ed3ng b\u1ed9 Pha gi\u00fap thu th\u1eadp, x\u1eed l\u00fd v\u00e0 hi\u1ec3n th\u1ecb d\u1eef li\u1ec7u [&hellip;]\" \/>\n<meta property=\"og:url\" content=\"https:\/\/ats.com.vn\/vi\/giam-sat-dien-rong\/\" \/>\n<meta property=\"og:site_name\" content=\"ATS JSC\" \/>\n<meta property=\"article:modified_time\" content=\"2019-07-25T09:52:26+00:00\" \/>\n<meta name=\"twitter:card\" content=\"summary_large_image\" \/>\n<meta name=\"twitter:label1\" content=\"Est. reading time\" \/>\n\t<meta name=\"twitter:data1\" content=\"9 minutes\" \/>\n<script type=\"application\/ld+json\" class=\"yoast-schema-graph\">{\"@context\":\"https:\/\/schema.org\",\"@graph\":[{\"@type\":\"WebPage\",\"@id\":\"https:\/\/ats.com.vn\/vi\/giam-sat-dien-rong\/\",\"url\":\"https:\/\/ats.com.vn\/vi\/giam-sat-dien-rong\/\",\"name\":\"Giam Sat Dien Rong - ATS JSC\",\"isPartOf\":{\"@id\":\"https:\/\/ats.com.vn\/#website\"},\"datePublished\":\"2019-06-12T11:07:24+00:00\",\"dateModified\":\"2019-07-25T09:52:26+00:00\",\"breadcrumb\":{\"@id\":\"https:\/\/ats.com.vn\/vi\/giam-sat-dien-rong\/#breadcrumb\"},\"inLanguage\":\"vi\",\"potentialAction\":[{\"@type\":\"ReadAction\",\"target\":[\"https:\/\/ats.com.vn\/vi\/giam-sat-dien-rong\/\"]}]},{\"@type\":\"BreadcrumbList\",\"@id\":\"https:\/\/ats.com.vn\/vi\/giam-sat-dien-rong\/#breadcrumb\",\"itemListElement\":[{\"@type\":\"ListItem\",\"position\":1,\"name\":\"Home\",\"item\":\"https:\/\/ats.com.vn\/vi\/\"},{\"@type\":\"ListItem\",\"position\":2,\"name\":\"Giam Sat Dien Rong\"}]},{\"@type\":\"WebSite\",\"@id\":\"https:\/\/ats.com.vn\/#website\",\"url\":\"https:\/\/ats.com.vn\/\",\"name\":\"ATS\",\"description\":\"Applied Technical Systems Joint Stock Company\",\"publisher\":{\"@id\":\"https:\/\/ats.com.vn\/#organization\"},\"potentialAction\":[{\"@type\":\"SearchAction\",\"target\":{\"@type\":\"EntryPoint\",\"urlTemplate\":\"https:\/\/ats.com.vn\/?s={search_term_string}\"},\"query-input\":{\"@type\":\"PropertyValueSpecification\",\"valueRequired\":true,\"valueName\":\"search_term_string\"}}],\"inLanguage\":\"vi\"},{\"@type\":\"Organization\",\"@id\":\"https:\/\/ats.com.vn\/#organization\",\"name\":\"Applied Technical Systems Join Stock Company\",\"url\":\"https:\/\/ats.com.vn\/\",\"logo\":{\"@type\":\"ImageObject\",\"inLanguage\":\"vi\",\"@id\":\"https:\/\/ats.com.vn\/#\/schema\/logo\/image\/\",\"url\":\"https:\/\/ats.com.vn\/medias\/2018\/06\/lgo1.jpg\",\"contentUrl\":\"https:\/\/ats.com.vn\/medias\/2018\/06\/lgo1.jpg\",\"width\":981,\"height\":488,\"caption\":\"Applied Technical Systems Join Stock Company\"},\"image\":{\"@id\":\"https:\/\/ats.com.vn\/#\/schema\/logo\/image\/\"},\"sameAs\":[\"https:\/\/www.linkedin.com\/company\/ats-jsc\",\"https:\/\/www.youtube.com\/user\/ATSMedia\"]}]}<\/script>\n<!-- \/ Yoast SEO plugin. -->","yoast_head_json":{"title":"Giam Sat Dien Rong - ATS JSC","robots":{"index":"index","follow":"follow","max-snippet":"max-snippet:-1","max-image-preview":"max-image-preview:large","max-video-preview":"max-video-preview:-1"},"canonical":"https:\/\/ats.com.vn\/vi\/giam-sat-dien-rong\/","og_locale":"vi_VN","og_type":"article","og_title":"Giam Sat Dien Rong - ATS JSC","og_description":"[vc_section][vc_row][vc_column css=&#8221;.vc_custom_1563867591073{margin-bottom: -30px !important;}&#8221;][rev_slider_vc alias=&#8221;wide-area-vi&#8221;][\/vc_column][\/vc_row][\/vc_section][vc_section full_width=&#8221;stretch_row&#8221; css=&#8221;.vc_custom_1563550266490{padding-top: 0px !important;}&#8221;][vc_row full_width=&#8221;stretch_row&#8221; el_id=&#8221;txt-content&#8221;][vc_column width=&#8221;1\/4&#8243; css=&#8221;.vc_custom_1562916516102{padding-top: 13px !important;}&#8221;][vc_custom_heading text=&#8221;SmartWAMS&#8221; font_container=&#8221;tag:h2|font_size:30px|text_align:right|color:%23005aaa&#8221; use_theme_fonts=&#8221;yes&#8221; css=&#8221;.vc_custom_1563649097906{padding-right: 10px !important;padding-bottom: 10px !important;}&#8221; el_class=&#8221;line&#8221;][\/vc_column][vc_column width=&#8221;3\/4&#8243; el_class=&#8221;btn-right&#8221; css=&#8221;.vc_custom_1564048313787{margin-left: 10px !important;padding-top: 5px !important;padding-bottom: 30px !important;}&#8221;][vc_custom_heading text=&#8221;H\u1ec7 th\u1ed1ng Gi\u00e1m s\u00e1t Di\u1ec7n R\u1ed9ng v\u1edbi C\u00f4ng ngh\u1ec7 \u0110\u1ed3ng b\u1ed9 Pha gi\u00fap thu th\u1eadp, x\u1eed l\u00fd v\u00e0 hi\u1ec3n th\u1ecb d\u1eef li\u1ec7u [&hellip;]","og_url":"https:\/\/ats.com.vn\/vi\/giam-sat-dien-rong\/","og_site_name":"ATS JSC","article_modified_time":"2019-07-25T09:52:26+00:00","twitter_card":"summary_large_image","twitter_misc":{"Est. reading time":"9 minutes"},"schema":{"@context":"https:\/\/schema.org","@graph":[{"@type":"WebPage","@id":"https:\/\/ats.com.vn\/vi\/giam-sat-dien-rong\/","url":"https:\/\/ats.com.vn\/vi\/giam-sat-dien-rong\/","name":"Giam Sat Dien Rong - ATS JSC","isPartOf":{"@id":"https:\/\/ats.com.vn\/#website"},"datePublished":"2019-06-12T11:07:24+00:00","dateModified":"2019-07-25T09:52:26+00:00","breadcrumb":{"@id":"https:\/\/ats.com.vn\/vi\/giam-sat-dien-rong\/#breadcrumb"},"inLanguage":"vi","potentialAction":[{"@type":"ReadAction","target":["https:\/\/ats.com.vn\/vi\/giam-sat-dien-rong\/"]}]},{"@type":"BreadcrumbList","@id":"https:\/\/ats.com.vn\/vi\/giam-sat-dien-rong\/#breadcrumb","itemListElement":[{"@type":"ListItem","position":1,"name":"Home","item":"https:\/\/ats.com.vn\/vi\/"},{"@type":"ListItem","position":2,"name":"Giam Sat Dien Rong"}]},{"@type":"WebSite","@id":"https:\/\/ats.com.vn\/#website","url":"https:\/\/ats.com.vn\/","name":"ATS","description":"Applied Technical Systems Joint Stock Company","publisher":{"@id":"https:\/\/ats.com.vn\/#organization"},"potentialAction":[{"@type":"SearchAction","target":{"@type":"EntryPoint","urlTemplate":"https:\/\/ats.com.vn\/?s={search_term_string}"},"query-input":{"@type":"PropertyValueSpecification","valueRequired":true,"valueName":"search_term_string"}}],"inLanguage":"vi"},{"@type":"Organization","@id":"https:\/\/ats.com.vn\/#organization","name":"Applied Technical Systems Join Stock Company","url":"https:\/\/ats.com.vn\/","logo":{"@type":"ImageObject","inLanguage":"vi","@id":"https:\/\/ats.com.vn\/#\/schema\/logo\/image\/","url":"https:\/\/ats.com.vn\/medias\/2018\/06\/lgo1.jpg","contentUrl":"https:\/\/ats.com.vn\/medias\/2018\/06\/lgo1.jpg","width":981,"height":488,"caption":"Applied Technical Systems Join Stock Company"},"image":{"@id":"https:\/\/ats.com.vn\/#\/schema\/logo\/image\/"},"sameAs":["https:\/\/www.linkedin.com\/company\/ats-jsc","https:\/\/www.youtube.com\/user\/ATSMedia"]}]}},"_links":{"self":[{"href":"https:\/\/ats.com.vn\/vi\/wp-json\/wp\/v2\/pages\/4121","targetHints":{"allow":["GET"]}}],"collection":[{"href":"https:\/\/ats.com.vn\/vi\/wp-json\/wp\/v2\/pages"}],"about":[{"href":"https:\/\/ats.com.vn\/vi\/wp-json\/wp\/v2\/types\/page"}],"author":[{"embeddable":true,"href":"https:\/\/ats.com.vn\/vi\/wp-json\/wp\/v2\/users\/2"}],"replies":[{"embeddable":true,"href":"https:\/\/ats.com.vn\/vi\/wp-json\/wp\/v2\/comments?post=4121"}],"version-history":[{"count":18,"href":"https:\/\/ats.com.vn\/vi\/wp-json\/wp\/v2\/pages\/4121\/revisions"}],"predecessor-version":[{"id":6765,"href":"https:\/\/ats.com.vn\/vi\/wp-json\/wp\/v2\/pages\/4121\/revisions\/6765"}],"wp:attachment":[{"href":"https:\/\/ats.com.vn\/vi\/wp-json\/wp\/v2\/media?parent=4121"}],"curies":[{"name":"wp","href":"https:\/\/api.w.org\/{rel}","templated":true}]}}