{"id":4120,"date":"2019-06-10T07:23:52","date_gmt":"2019-06-10T07:23:52","guid":{"rendered":"https:\/\/ats.com.vn\/substation-automation\/?lang=vi"},"modified":"2019-07-25T16:35:39","modified_gmt":"2019-07-25T09:35:39","slug":"sas","status":"publish","type":"page","link":"https:\/\/ats.com.vn\/vi\/sas\/","title":{"rendered":"SAS"},"content":{"rendered":"<p>[vc_section][vc_row][vc_column css=&#8221;.vc_custom_1563867874805{margin-bottom: -30px !important;}&#8221;][rev_slider_vc alias=&#8221;substation-vi&#8221;][\/vc_column][\/vc_row][\/vc_section][vc_section full_width=&#8221;stretch_row&#8221; css=&#8221;.vc_custom_1563547864255{padding-top: 0px !important;}&#8221;][vc_row full_width=&#8221;stretch_row&#8221; el_id=&#8221;station&#8221;][vc_column width=&#8221;1\/4&#8243; css=&#8221;.vc_custom_1563645697804{padding-bottom: 10px !important;}&#8221;][vc_custom_heading text=&#8221;@Station\u00ae&#8221; font_container=&#8221;tag:h2|font_size:30px|text_align:right|color:%23005aaa&#8221; use_theme_fonts=&#8221;yes&#8221; css=&#8221;.vc_custom_1563595072804{padding-top: 10px !important;padding-right: 10px !important;}&#8221; el_class=&#8221;station&#8221;][\/vc_column][vc_column width=&#8221;3\/4&#8243; el_class=&#8221;btn-right&#8221; css=&#8221;.vc_custom_1564047311980{margin-left: 10px !important;padding-bottom: 30px !important;}&#8221;][vc_custom_heading text=&#8221;H\u1ec7 th\u1ed1ng T\u00edch h\u1ee3p \u0110i\u1ec1u khi\u1ec3n B\u1ea3o v\u1ec7 v\u00e0 T\u1ef1 \u0111\u1ed9ng h\u00f3a Tr\u1ea1m bi\u1ebfn \u00e1p ph\u1ee5c v\u1ee5 v\u1eadn h\u00e0nh tr\u1ea1m bi\u1ebfn \u00e1p truy\u1ec1n t\u1ea3i v\u00e0 ph\u00e2n ph\u1ed1i.&#8221; font_container=&#8221;tag:h3|font_size:20px|text_align:left|color:%234a4a4a|line_height:28px&#8221; use_theme_fonts=&#8221;yes&#8221; css=&#8221;.vc_custom_1563874196831{margin-top: 0px !important;margin-bottom: 0px !important;padding-top: 5px !important;padding-bottom: 10px !important;}&#8221;][vc_column_text]@Station\u00ae l\u00e0 m\u1ed9t gi\u1ea3i ph\u00e1p t\u00edch h\u1ee3p t\u1ea5t c\u1ea3 c\u00e1c ch\u1ee9c n\u0103ng gi\u00e1m s\u00e1t, \u0111i\u1ec1u khi\u1ec3n v\u00e0 t\u1ef1 \u0111\u1ed9ng h\u00f3a, c\u00f3 ki\u1ebfn tr\u00fac h\u1ec7 th\u1ed1ng linh ho\u1ea1t v\u1edbi m\u00f4i tr\u01b0\u1eddng v\u1eadn h\u00e0nh linh ho\u1ea1t, thi\u1ebft k\u1ebf m\u00f4-\u0111un ri\u00eang, d\u1ec5 d\u00e0ng \u0111\u00e1p \u1ee9ng y\u00eau c\u1ea7u c\u1ee5 th\u1ec3 c\u1ee7a t\u1eebng d\u1ef1 \u00e1n.<\/p>\n<p>&nbsp;<\/p>\n<p>H\u1ec7 th\u1ed1ng \u0111\u01b0\u1ee3c thi\u1ebft k\u1ebf theo xu h\u01b0\u1edbng m\u1edbi nh\u1ea5t trong l\u0129nh v\u1ef1c t\u1ef1 \u0111\u1ed9ng h\u00f3a tr\u1ea1m, cung c\u1ea5p t\u1edbi kh\u00e1ch h\u00e0ng nh\u1eefng gi\u1ea3i ph\u00e1p ti\u00ean ti\u1ebfn \u0111\u00e1p \u1ee9ng nhu c\u1ea7u c\u1ee5 th\u1ec3 c\u1ee7a h\u1ecd.<\/p>\n<p>&nbsp;<\/p>\n<p>@Station\u00ae tu\u00e2n th\u1ee7 c\u00e1c ti\u00eau chu\u1ea9n c\u00f4ng nghi\u1ec7p de jure v\u00e0 de facto \u0111\u1ed1i v\u1edbi h\u1ec7 th\u1ed1ng m\u1edf. S\u1ef1 tu\u00e2n th\u1ee7 theo c\u00e1c ti\u00eau chu\u1ea9n c\u1ee7a h\u1ec7 th\u1ed1ng m\u1edf t\u1ea1o \u0111i\u1ec1u ki\u1ec7n cho @Station\u00ae c\u00f3 kh\u1ea3 n\u0103ng trao \u0111\u1ed5i th\u00f4ng tin v\u1edbi c\u00e1c thi\u1ebft b\u1ecb v\u00e0 h\u1ec7 th\u1ed1ng t\u1eeb nhi\u1ec1u nh\u00e0 s\u1ea3n xu\u1ea5t kh\u00e1c nhau. H\u1ec7 th\u1ed1ng \u0111\u00e3 \u0111\u01b0\u1ee3c c\u1ea5p ch\u1ee9ng nh\u1eadn \u0111\u1ea1t chu\u1ea9n qu\u1ed1c t\u1ebf bao g\u1ed3m:<\/p>\n<ul style=\"list-style-type: disc; padding-left: 20px;\">\n<li>Ch\u1ee9ng nh\u1eadn IEC 61850 Lo\u1ea1i A<\/li>\n<li>Ch\u1ee9ng nh\u1eadn IEC 60870-5-101 Master\/Slave Lo\u1ea1i A<\/li>\n<li>Ch\u1ee9ng nh\u1eadn IEC 60870-5-104 Master\/Slave Lo\u1ea1i A<\/li>\n<\/ul>\n<p>[\/vc_column_text]\r<!-- radiantthemes-button -->\r<div class=\"radiantthemes-button hover-style-one  \"  data-button-direction=\"left\" data-button-fullwidth=\"false\" ><a style=\"\" class=\"radiantthemes-button-main\" href=\"\/wp-content\/uploads\/2019\/07\/ATS-Flyer_System-@Station_181005.pdf\"  title=\"\" target=\"_self\"><div class=\"placeholder\">T\u00e0i li\u1ec7u S\u1ea3n ph\u1ea9m<\/div><\/a><\/div>\r<!-- radiantthemes-button -->\r[\/vc_column][\/vc_row][\/vc_section][vc_section full_width=&#8221;stretch_row&#8221; css=&#8221;.vc_custom_1562659058278{padding-top: 50px !important;padding-bottom: 50px !important;background-color: #f5f5f5 !important;}&#8221;][vc_row][vc_column][vc_custom_heading text=&#8221;GI\u1ea2I PH\u00c1P LINH HO\u1ea0T &amp; \u0110\u00c1NG TIN C\u1eacY&#8221; font_container=&#8221;tag:h2|font_size:30px|text_align:center|color:%23005aaa&#8221; use_theme_fonts=&#8221;yes&#8221; css=&#8221;.vc_custom_1563548018862{padding-bottom: 20px !important;}&#8221;][vc_single_image image=&#8221;4600&#8243; img_size=&#8221;&#8221; alignment=&#8221;center&#8221;][\/vc_column][\/vc_row][vc_row][vc_column width=&#8221;1\/4&#8243; css=&#8221;.vc_custom_1561694170723{border-right-width: 1px !important;border-right-color: #d2d2d2 !important;border-right-style: solid !important;}&#8221;]\r<!-- fancy-text-box -->\r<div class=\"rt-fancy-text-box element-three  \" ><div class=\"holder matchHeight \"><div class=\"icon\"><img loading=\"lazy\" decoding=\"async\" width=\"60\" height=\"62\" src=\"https:\/\/ats.com.vn\/medias\/2019\/06\/settings-gear.png\" class=\"attachment-full size-full\" alt=\"\" \/><\/div><div class=\"heading\"><p class=\"title\">Ki\u1ebfn tr\u00fac M\u00f4-\u0111un<\/p><\/div><div class=\"content\"><p>v\u00e0 M\u1edf<\/p><\/div><\/div><\/div>\r<!-- fancy-text-box -->\r[\/vc_column][vc_column width=&#8221;1\/4&#8243; el_id=&#8221;border&#8221; css=&#8221;.vc_custom_1561694177433{border-right-width: 1px !important;border-right-color: #d2d2d2 !important;border-right-style: solid !important;}&#8221;]\r<!-- fancy-text-box -->\r<div class=\"rt-fancy-text-box element-three  \" ><div class=\"holder matchHeight \"><div class=\"icon\"><img loading=\"lazy\" decoding=\"async\" width=\"43\" height=\"63\" src=\"https:\/\/ats.com.vn\/medias\/2019\/06\/double-tap.png\" class=\"attachment-full size-full\" alt=\"\" \/><\/div><div class=\"heading\"><p class=\"title\">Giao di\u1ec7n<\/p><\/div><div class=\"content\"><p>Th\u00e2n thi\u1ec7n<\/p><\/div><\/div><\/div>\r<!-- fancy-text-box -->\r[\/vc_column][vc_column width=&#8221;1\/4&#8243; css=&#8221;.vc_custom_1561694184377{border-right-width: 1px !important;border-right-color: #d2d2d2 !important;border-right-style: solid !important;}&#8221;]\r<!-- fancy-text-box -->\r<div class=\"rt-fancy-text-box element-three  \" ><div class=\"holder matchHeight \"><div class=\"icon\"><img loading=\"lazy\" decoding=\"async\" width=\"52\" height=\"62\" src=\"https:\/\/ats.com.vn\/medias\/2019\/06\/privacy.png\" class=\"attachment-full size-full\" alt=\"\" \/><\/div><div class=\"heading\"><p class=\"title\">Ch\u1ebf \u0111\u1ed9 B\u1ea3o m\u1eadt IT cho C\u01a1 s\u1edf H\u1ea1 t\u1ea7ng Quan tr\u1ecdng<\/p><\/div><\/div><\/div>\r<!-- fancy-text-box -->\r[\/vc_column][vc_column width=&#8221;1\/4&#8243; el_class=&#8221;vc_col-has-fill&#8221;]\r<!-- fancy-text-box -->\r<div class=\"rt-fancy-text-box element-three  vc_col-has-fill\" ><div class=\"holder matchHeight \"><div class=\"icon\"><img loading=\"lazy\" decoding=\"async\" width=\"59\" height=\"62\" src=\"https:\/\/ats.com.vn\/medias\/2019\/06\/artificial-brain.png\" class=\"attachment-full size-full\" alt=\"\" \/><\/div><div class=\"heading\"><p class=\"title\">Thi\u1ebft k\u1ebf Linh ho\u1ea1t<\/p><\/div><div class=\"content\"><p>cho T\u1ef1 \u0111\u1ed9ng h\u00f3a<\/p><\/div><\/div><\/div>\r<!-- fancy-text-box -->\r[\/vc_column][\/vc_row][\/vc_section][vc_section css=&#8221;.vc_custom_1562932047472{padding-top: 50px !important;padding-bottom: 50px !important;}&#8221;][vc_row css=&#8221;.vc_custom_1563548814451{padding-top: 300px !important;padding-bottom: 300px !important;background-image: url(https:\/\/ats.com.vn\/wp-content\/uploads\/2019\/06\/3b1.png?id=3678) !important;background-position: center !important;background-repeat: no-repeat !important;background-size: contain !important;}&#8221;][vc_column][\/vc_column][\/vc_row][\/vc_section][vc_section full_width=&#8221;stretch_row&#8221; el_id=&#8221;txt-content&#8221; css=&#8221;.vc_custom_1562932065565{padding-top: 0px !important;padding-bottom: 0px !important;background-color: #f5f5f5 !important;}&#8221;][vc_row][vc_column width=&#8221;1\/2&#8243; css=&#8221;.vc_custom_1563645779867{padding-top: 50px !important;padding-bottom: 50px !important;padding-left: 30px !important;}&#8221;][vc_custom_heading text=&#8221;\u0110\u1eb7c t\u00ednh Ti\u00eau bi\u1ec3u&#8221; font_container=&#8221;tag:h3|font_size:25px|text_align:left|color:%23005aaa&#8221; use_theme_fonts=&#8221;yes&#8221; css=&#8221;.vc_custom_1562932090610{padding-bottom: 10px !important;}&#8221;][vc_single_image image=&#8221;4600&#8243; img_size=&#8221;&#8221;][vc_column_text css=&#8221;.vc_custom_1562932098206{margin-top: -40px !important;}&#8221;]<\/p>\n<ul>\n<li style=\"list-style-type: none;\">\n<ul>\n<li>Gi\u1ea3i ph\u00e1p t\u00edch h\u1ee3p cho t\u1ef1 \u0111\u1ed9ng h\u00f3a tr\u1ea1m bi\u1ebfn \u00e1p<\/li>\n<li>Ki\u1ebfn tr\u00fac m\u00f4-\u0111un, linh ho\u1ea1t v\u00e0 m\u1edf<\/li>\n<li>C\u00f3 kh\u1ea3 n\u0103ng t\u00edch h\u1ee3p v\u1edbi c\u00e1c h\u1ec7 th\u1ed1ng b\u1ea3o v\u1ec7<\/li>\n<li>T\u01b0\u01a1ng th\u00edch v\u1edbi c\u00e1c ti\u00eau chu\u1ea9n qu\u1ed1c t\u1ebf hi\u1ec7n h\u00e0nh nh\u01b0: IEC61850, IEC60870-5-101\/102\/103\/104, UCA2, DNP LAN\/WAN, Modbus, RP570\/571, vv.<\/li>\n<li>\u0110\u1ed9 tin c\u1eady cao v\u00e0 t\u00ednh b\u1ea3o m\u1eadt t\u1ed1t<\/li>\n<li>Giao di\u1ec7n \u0111\u1ed3 h\u1ecda ng\u01b0\u1eddi d\u00f9ng th\u00e2n thi\u1ec7n<\/li>\n<li>Kh\u1ea3 n\u0103ng m\u1edf r\u1ed9ng v\u00e0 n\u00e2ng c\u1ea5p d\u1ec5 d\u00e0ng; Kh\u00f4ng gi\u1edbi h\u1ea1n s\u1ed1 l\u01b0\u1ee3ng \u0111i\u1ec3m d\u1eef li\u1ec7u<\/li>\n<li>Cho ph\u00e9p l\u1eadp tr\u00ecnh theo chu\u1ea9n IEC 61131-3<\/li>\n<li>Ng\u00f4n ng\u1eef script h\u1ed7 tr\u1ee3 C#, Lua<\/li>\n<li>D\u1ecbch v\u1ee5 b\u1ea3o h\u00e0nh, b\u1ea3o tr\u00ec 24\/7<\/li>\n<\/ul>\n<\/li>\n<\/ul>\n<p>[\/vc_column_text][\/vc_column][vc_column width=&#8221;1\/2&#8243; css=&#8221;.vc_custom_1563645803415{border-left-width: 1px !important;padding-top: 50px !important;padding-bottom: 50px !important;padding-left: 30px !important;border-left-color: #d2d2d2 !important;border-left-style: solid !important;}&#8221;][vc_custom_heading text=&#8221;Ch\u1ee9c n\u0103ng Ti\u00eau bi\u1ec3u&#8221; font_container=&#8221;tag:h3|font_size:25px|text_align:left|color:%23005aaa&#8221; use_theme_fonts=&#8221;yes&#8221; css=&#8221;.vc_custom_1561694272220{padding-bottom: 10px !important;}&#8221;][vc_single_image image=&#8221;4600&#8243; img_size=&#8221;&#8221;][vc_column_text css=&#8221;.vc_custom_1562932110730{margin-top: -40px !important;}&#8221;]<\/p>\n<ul style=\"padding-left: 15px;\">\n<li>C\u1ea5u h\u00ecnh linh ho\u1ea1t, th\u00f4ng su\u1ed1t v\u00e0 t\u00f9y ch\u1ec9nh<\/li>\n<li>Gi\u00e1m s\u00e1t to\u00e0n b\u1ed9 c\u00e1c c\u1ea3nh b\u00e1o, tr\u1ea1ng th\u00e1i thi\u1ebft b\u1ecb \u0111\u00f3ng c\u1eaft v\u00e0 th\u00f4ng s\u1ed1 \u0111o l\u01b0\u1eddng c\u1ee7a c\u00e1c c\u1ea5p \u0111i\u1ec7n \u00e1p<\/li>\n<li>\u0110i\u1ec1u khi\u1ec3n thi\u1ebft b\u1ecb \u0111\u00f3ng c\u1eaft v\u1edbi t\u00ednh n\u0103ng b\u1ea3o m\u1eadt cao t\u1ea1i m\u1ee9c ng\u0103n ho\u1eb7c m\u1ee9c tr\u1ea1m c\u0169ng nh\u01b0 t\u1eeb trung t\u00e2m \u0111i\u1ec1u \u0111\u1ed9<\/li>\n<li>Ki\u1ec3m tra logic \u0111i\u1ec1u khi\u1ec3n thi\u1ebft b\u1ecb t\u1ea1i m\u1ee9c ng\u0103n v\u00e0 to\u00e0n tr\u1ea1m<\/li>\n<li>Ki\u1ec3m tra c\u00e1c \u0111i\u1ec1u ki\u1ec7n h\u00f2a \u0111\u1ed3ng b\u1ed9 tr\u01b0\u1edbc khi \u0111\u00f3ng m\u00e1y c\u1eaft<\/li>\n<li>Giao di\u1ec7n \u0111\u1ed3 h\u1ecda th\u00e2n thi\u1ec7n ph\u1ee5c v\u1ee5 gi\u00e1m s\u00e1t v\u00e0 \u0111i\u1ec1u khi\u1ec3n tr\u1ea1m<\/li>\n<li>L\u01b0u tr\u1eef d\u1eef li\u1ec7u qu\u00e1 kh\u1ee9 \u0111\u1ea7y \u0111\u1ee7 v\u00e0 l\u00e2u d\u00e0i t\u1ea5t c\u1ea3 c\u00e1c s\u1ef1 ki\u1ec7n c\u1ee7a h\u1ec7 th\u1ed1ng<\/li>\n<li>Cung c\u1ea5p Th\u00f4ng tin Chu\u1ed7i s\u1ef1 ki\u1ec7n t\u1ea1i Tr\u1ea1m<\/li>\n<li>Thu th\u1eadp th\u00f4ng tin t\u1eeb nhi\u1ec1u thi\u1ebft b\u1ecb IED kh\u00e1c nhau nh\u01b0: r\u01a1-le b\u1ea3o v\u1ec7, BCU, c\u00f4ng t\u01a1 \u0111o \u0111\u1ec3m, vv.<\/li>\n<li>Ph\u00e2n t\u00edch L\u1ed7i Tr\u1ea1m bi\u1ebfn \u00e1p<\/li>\n<li>Thi\u1ebft k\u1ebf cho ph\u00e9p Web<\/li>\n<li>Gi\u00e1m s\u00e1t v\u1ecb tr\u00ed Tap<\/li>\n<li>C\u1ea5u h\u00ecnh tr\u1ef1c ti\u1ebfp<\/li>\n<li>D\u1ec5 d\u00e0ng b\u1ed5 sung t\u00ednh n\u0103ng m\u1edbi v\u00e0o h\u1ec7 th\u1ed1ng<\/li>\n<\/ul>\n<p>[\/vc_column_text][\/vc_column][\/vc_row][\/vc_section][vc_section full_width=&#8221;stretch_row_content&#8221; css=&#8221;.vc_custom_1562658583080{margin-top: -40px !important;}&#8221;][vc_row][vc_column width=&#8221;1\/2&#8243; css=&#8221;.vc_custom_1563645946882{padding-top: 80px !important;padding-bottom: 130px !important;padding-left: 0px !important;background-image: url(https:\/\/ats.com.vn\/wp-content\/uploads\/2019\/06\/link-our-history@2x.png?id=3492) !important;background-position: center !important;background-repeat: no-repeat !important;background-size: cover !important;}&#8221; el_class=&#8221;btn-left&#8221; el_id=&#8221;btn-left&#8221;][vc_custom_heading text=&#8221;Xem D\u1ef1 \u00e1n c\u1ee7a Ch\u00fang t\u00f4i&#8221; font_container=&#8221;tag:h2|font_size:20px|text_align:center|color:%23ffffff&#8221; use_theme_fonts=&#8221;yes&#8221; css=&#8221;.vc_custom_1563646120399{padding-bottom: 20px !important;}&#8221;]\r<!-- radiantthemes-button -->\r<div class=\"radiantthemes-button hover-style-one  \" id=\"button\" data-button-direction=\"center\" data-button-fullwidth=\"false\" ><a style=\"\" class=\"radiantthemes-button-main\" href=\"\/vi\/projects\/\"  title=\"\" target=\"_self\"><div class=\"placeholder\">D\u1ef1 \u00c1n<\/div><\/a><\/div>\r<!-- radiantthemes-button -->\r[\/vc_column][vc_column width=&#8221;1\/2&#8243; css=&#8221;.vc_custom_1563645958334{padding-top: 80px !important;padding-bottom: 130px !important;padding-left: 0px !important;background-image: url(https:\/\/ats.com.vn\/wp-content\/uploads\/2019\/06\/pg-09@2x.png?id=3493) !important;background-position: center !important;background-repeat: no-repeat !important;background-size: cover !important;}&#8221; el_id=&#8221;client-btn&#8221; el_class=&#8221;btn-right&#8221;][vc_custom_heading text=&#8221;Li\u00ean h\u1ec7 Ch\u00fang t\u00f4i&#8221; font_container=&#8221;tag:h2|font_size:20px|text_align:center|color:%23ffffff&#8221; use_theme_fonts=&#8221;yes&#8221; css=&#8221;.vc_custom_1563645988635{padding-bottom: 20px !important;}&#8221;]\r<!-- radiantthemes-button -->\r<div class=\"radiantthemes-button hover-style-one  \"  data-button-direction=\"center\" data-button-fullwidth=\"false\" ><a style=\"\" class=\"radiantthemes-button-main\" href=\"\/vi\/contact\/\"  title=\"\" target=\"_self\"><div class=\"placeholder\">Li\u00ean H\u1ec7<\/div><\/a><\/div>\r<!-- radiantthemes-button -->\r[\/vc_column][\/vc_row][\/vc_section][vc_row el_id=&#8221;popup&#8221;][vc_column][vc_raw_html]JTNDZGl2JTIwaWQlM0QlMjJpZDAxJTIyJTIwY2xhc3MlM0QlMjJtb2RhbCUyMiUzRSUwQSUyMCUyMCUwQSUyMCUyMCUzQ2Zvcm0lMjBjbGFzcyUzRCUyMm1vZGFsLWNvbnRlbnQlMjBhbmltYXRlJTIyJTIwYWN0aW9uJTNEJTIyJTJGYWN0aW9uX3BhZ2UucGhwJTIyJTNFJTBBJTIwJTIwJTIwJTIwJTNDZGl2JTIwY2xhc3MlM0QlMjJpbWdjb250YWluZXIlMjIlM0UlMEElMjAlMjAlMjAlMjAlMjAlMjAlM0NzcGFuJTIwb25jbGljayUzRCUyMmRvY3VtZW50LmdldEVsZW1lbnRCeUlkJTI4JTI3aWQwMSUyNyUyOS5zdHlsZS5kaXNwbGF5JTNEJTI3bm9uZSUyNyUyMiUyMGNsYXNzJTNEJTIyY2xvc2UlMjIlMjB0aXRsZSUzRCUyMkNsb3NlJTIwTW9kYWwlMjIlM0UlMjZ0aW1lcyUzQiUzQyUyRnNwYW4lM0UlMEElM0NvYmplY3QlMjBkYXRhJTNEJTIyJTJGd3AtY29udGVudCUyRnVwbG9hZHMlMkYyMDE5JTJGMDYlMkZBVFMtU29sdXRpb24tJTQwTWljcm8tR3JpZC12ZXIxOTAyMTgucGRmJTIzdmlldyUzREZpdCUyMiUyMHR5cGUlM0QlMjJhcHBsaWNhdGlvbiUyRnBkZiUyMiUyMHdpZHRoJTNEJTIyMTAwJTI1JTIyJTIwaGVpZ2h0JTNEJTIyMTAwMHB4JTIyJTNFJTBBJTIwJTIwJTIwJTBBJTNDJTJGb2JqZWN0JTNFJTBBJTIwJTIwJTIwJTIwJTNDJTJGZGl2JTNFJTBBJTIwJTIwJTIwJTIwJTBBJTIwJTIwJTNDJTJGZm9ybSUzRSUwQSUzQyUyRmRpdiUzRQ==[\/vc_raw_html][vc_raw_js]JTNDc2NyaXB0JTNFJTBBJTJGJTJGJTIwR2V0JTIwdGhlJTIwbW9kYWwlMEF2YXIlMjBtb2RhbCUyMCUzRCUyMGRvY3VtZW50LmdldEVsZW1lbnRCeUlkJTI4JTI3aWQwMSUyNyUyOSUzQiUwQSUwQSUyRiUyRiUyMFdoZW4lMjB0aGUlMjB1c2VyJTIwY2xpY2tzJTIwYW55d2hlcmUlMjBvdXRzaWRlJTIwb2YlMjB0aGUlMjBtb2RhbCUyQyUyMGNsb3NlJTIwaXQlMEF3aW5kb3cub25jbGljayUyMCUzRCUyMGZ1bmN0aW9uJTI4ZXZlbnQlMjklMjAlN0IlMEElMjAlMjAlMjAlMjBpZiUyMCUyOGV2ZW50LnRhcmdldCUyMCUzRCUzRCUyMG1vZGFsJTI5JTIwJTdCJTBBJTIwJTIwJTIwJTIwJTIwJTIwJTIwJTIwbW9kYWwuc3R5bGUuZGlzcGxheSUyMCUzRCUyMCUyMm5vbmUlMjIlM0IlMEElMjAlMjAlMjAlMjAlN0QlMEElN0QlMEElM0MlMkZzY3JpcHQlM0U=[\/vc_raw_js][\/vc_column][\/vc_row]<\/p>\n","protected":false},"excerpt":{"rendered":"<p>[vc_section][vc_row][vc_column css=&#8221;.vc_custom_1563867874805{margin-bottom: -30px !important;}&#8221;][rev_slider_vc alias=&#8221;substation-vi&#8221;][\/vc_column][\/vc_row][\/vc_section][vc_section full_width=&#8221;stretch_row&#8221; css=&#8221;.vc_custom_1563547864255{padding-top: 0px !important;}&#8221;][vc_row full_width=&#8221;stretch_row&#8221; el_id=&#8221;station&#8221;][vc_column width=&#8221;1\/4&#8243; css=&#8221;.vc_custom_1563645697804{padding-bottom: 10px !important;}&#8221;][vc_custom_heading text=&#8221;@Station\u00ae&#8221; font_container=&#8221;tag:h2|font_size:30px|text_align:right|color:%23005aaa&#8221; use_theme_fonts=&#8221;yes&#8221; css=&#8221;.vc_custom_1563595072804{padding-top: 10px !important;padding-right: 10px !important;}&#8221; el_class=&#8221;station&#8221;][\/vc_column][vc_column width=&#8221;3\/4&#8243; el_class=&#8221;btn-right&#8221; css=&#8221;.vc_custom_1564047311980{margin-left: 10px !important;padding-bottom: 30px !important;}&#8221;][vc_custom_heading text=&#8221;H\u1ec7 th\u1ed1ng T\u00edch h\u1ee3p \u0110i\u1ec1u khi\u1ec3n B\u1ea3o v\u1ec7 v\u00e0 T\u1ef1 \u0111\u1ed9ng h\u00f3a Tr\u1ea1m bi\u1ebfn \u00e1p ph\u1ee5c v\u1ee5 v\u1eadn h\u00e0nh tr\u1ea1m bi\u1ebfn \u00e1p truy\u1ec1n t\u1ea3i [&hellip;]<\/p>\n","protected":false},"author":2,"featured_media":0,"parent":0,"menu_order":0,"comment_status":"closed","ping_status":"closed","template":"","meta":{"footnotes":"","_links_to":"","_links_to_target":""},"class_list":["post-4120","page","type-page","status-publish","hentry"],"yoast_head":"<!-- This site is optimized with the Yoast SEO plugin v27.1.1 - https:\/\/yoast.com\/product\/yoast-seo-wordpress\/ -->\n<title>SAS - ATS JSC<\/title>\n<meta name=\"robots\" content=\"index, follow, max-snippet:-1, max-image-preview:large, max-video-preview:-1\" \/>\n<link rel=\"canonical\" href=\"https:\/\/ats.com.vn\/vi\/sas\/\" \/>\n<meta property=\"og:locale\" content=\"vi_VN\" \/>\n<meta property=\"og:type\" content=\"article\" \/>\n<meta property=\"og:title\" content=\"SAS - ATS JSC\" \/>\n<meta property=\"og:description\" content=\"[vc_section][vc_row][vc_column css=&#8221;.vc_custom_1563867874805{margin-bottom: -30px !important;}&#8221;][rev_slider_vc alias=&#8221;substation-vi&#8221;][\/vc_column][\/vc_row][\/vc_section][vc_section full_width=&#8221;stretch_row&#8221; css=&#8221;.vc_custom_1563547864255{padding-top: 0px !important;}&#8221;][vc_row full_width=&#8221;stretch_row&#8221; el_id=&#8221;station&#8221;][vc_column width=&#8221;1\/4&#8243; css=&#8221;.vc_custom_1563645697804{padding-bottom: 10px !important;}&#8221;][vc_custom_heading text=&#8221;@Station\u00ae&#8221; font_container=&#8221;tag:h2|font_size:30px|text_align:right|color:%23005aaa&#8221; use_theme_fonts=&#8221;yes&#8221; css=&#8221;.vc_custom_1563595072804{padding-top: 10px !important;padding-right: 10px !important;}&#8221; el_class=&#8221;station&#8221;][\/vc_column][vc_column width=&#8221;3\/4&#8243; el_class=&#8221;btn-right&#8221; css=&#8221;.vc_custom_1564047311980{margin-left: 10px !important;padding-bottom: 30px !important;}&#8221;][vc_custom_heading text=&#8221;H\u1ec7 th\u1ed1ng T\u00edch h\u1ee3p \u0110i\u1ec1u khi\u1ec3n B\u1ea3o v\u1ec7 v\u00e0 T\u1ef1 \u0111\u1ed9ng h\u00f3a Tr\u1ea1m bi\u1ebfn \u00e1p ph\u1ee5c v\u1ee5 v\u1eadn h\u00e0nh tr\u1ea1m bi\u1ebfn \u00e1p truy\u1ec1n t\u1ea3i [&hellip;]\" \/>\n<meta property=\"og:url\" content=\"https:\/\/ats.com.vn\/vi\/sas\/\" \/>\n<meta property=\"og:site_name\" content=\"ATS JSC\" \/>\n<meta property=\"article:modified_time\" content=\"2019-07-25T09:35:39+00:00\" \/>\n<meta name=\"twitter:card\" content=\"summary_large_image\" \/>\n<meta name=\"twitter:label1\" content=\"Est. reading time\" \/>\n\t<meta name=\"twitter:data1\" content=\"9 minutes\" \/>\n<script type=\"application\/ld+json\" class=\"yoast-schema-graph\">{\"@context\":\"https:\/\/schema.org\",\"@graph\":[{\"@type\":\"WebPage\",\"@id\":\"https:\/\/ats.com.vn\/vi\/sas\/\",\"url\":\"https:\/\/ats.com.vn\/vi\/sas\/\",\"name\":\"SAS - ATS JSC\",\"isPartOf\":{\"@id\":\"https:\/\/ats.com.vn\/#website\"},\"datePublished\":\"2019-06-10T07:23:52+00:00\",\"dateModified\":\"2019-07-25T09:35:39+00:00\",\"breadcrumb\":{\"@id\":\"https:\/\/ats.com.vn\/vi\/sas\/#breadcrumb\"},\"inLanguage\":\"vi\",\"potentialAction\":[{\"@type\":\"ReadAction\",\"target\":[\"https:\/\/ats.com.vn\/vi\/sas\/\"]}]},{\"@type\":\"BreadcrumbList\",\"@id\":\"https:\/\/ats.com.vn\/vi\/sas\/#breadcrumb\",\"itemListElement\":[{\"@type\":\"ListItem\",\"position\":1,\"name\":\"Home\",\"item\":\"https:\/\/ats.com.vn\/vi\/\"},{\"@type\":\"ListItem\",\"position\":2,\"name\":\"SAS\"}]},{\"@type\":\"WebSite\",\"@id\":\"https:\/\/ats.com.vn\/#website\",\"url\":\"https:\/\/ats.com.vn\/\",\"name\":\"ATS\",\"description\":\"Applied Technical Systems Joint Stock Company\",\"publisher\":{\"@id\":\"https:\/\/ats.com.vn\/#organization\"},\"potentialAction\":[{\"@type\":\"SearchAction\",\"target\":{\"@type\":\"EntryPoint\",\"urlTemplate\":\"https:\/\/ats.com.vn\/?s={search_term_string}\"},\"query-input\":{\"@type\":\"PropertyValueSpecification\",\"valueRequired\":true,\"valueName\":\"search_term_string\"}}],\"inLanguage\":\"vi\"},{\"@type\":\"Organization\",\"@id\":\"https:\/\/ats.com.vn\/#organization\",\"name\":\"Applied Technical Systems Join Stock Company\",\"url\":\"https:\/\/ats.com.vn\/\",\"logo\":{\"@type\":\"ImageObject\",\"inLanguage\":\"vi\",\"@id\":\"https:\/\/ats.com.vn\/#\/schema\/logo\/image\/\",\"url\":\"https:\/\/ats.com.vn\/medias\/2018\/06\/lgo1.jpg\",\"contentUrl\":\"https:\/\/ats.com.vn\/medias\/2018\/06\/lgo1.jpg\",\"width\":981,\"height\":488,\"caption\":\"Applied Technical Systems Join Stock Company\"},\"image\":{\"@id\":\"https:\/\/ats.com.vn\/#\/schema\/logo\/image\/\"},\"sameAs\":[\"https:\/\/www.linkedin.com\/company\/ats-jsc\",\"https:\/\/www.youtube.com\/user\/ATSMedia\"]}]}<\/script>\n<!-- \/ Yoast SEO plugin. -->","yoast_head_json":{"title":"SAS - ATS JSC","robots":{"index":"index","follow":"follow","max-snippet":"max-snippet:-1","max-image-preview":"max-image-preview:large","max-video-preview":"max-video-preview:-1"},"canonical":"https:\/\/ats.com.vn\/vi\/sas\/","og_locale":"vi_VN","og_type":"article","og_title":"SAS - ATS JSC","og_description":"[vc_section][vc_row][vc_column css=&#8221;.vc_custom_1563867874805{margin-bottom: -30px !important;}&#8221;][rev_slider_vc alias=&#8221;substation-vi&#8221;][\/vc_column][\/vc_row][\/vc_section][vc_section full_width=&#8221;stretch_row&#8221; css=&#8221;.vc_custom_1563547864255{padding-top: 0px !important;}&#8221;][vc_row full_width=&#8221;stretch_row&#8221; el_id=&#8221;station&#8221;][vc_column width=&#8221;1\/4&#8243; css=&#8221;.vc_custom_1563645697804{padding-bottom: 10px !important;}&#8221;][vc_custom_heading text=&#8221;@Station\u00ae&#8221; font_container=&#8221;tag:h2|font_size:30px|text_align:right|color:%23005aaa&#8221; use_theme_fonts=&#8221;yes&#8221; css=&#8221;.vc_custom_1563595072804{padding-top: 10px !important;padding-right: 10px !important;}&#8221; el_class=&#8221;station&#8221;][\/vc_column][vc_column width=&#8221;3\/4&#8243; el_class=&#8221;btn-right&#8221; css=&#8221;.vc_custom_1564047311980{margin-left: 10px !important;padding-bottom: 30px !important;}&#8221;][vc_custom_heading text=&#8221;H\u1ec7 th\u1ed1ng T\u00edch h\u1ee3p \u0110i\u1ec1u khi\u1ec3n B\u1ea3o v\u1ec7 v\u00e0 T\u1ef1 \u0111\u1ed9ng h\u00f3a Tr\u1ea1m bi\u1ebfn \u00e1p ph\u1ee5c v\u1ee5 v\u1eadn h\u00e0nh tr\u1ea1m bi\u1ebfn \u00e1p truy\u1ec1n t\u1ea3i [&hellip;]","og_url":"https:\/\/ats.com.vn\/vi\/sas\/","og_site_name":"ATS JSC","article_modified_time":"2019-07-25T09:35:39+00:00","twitter_card":"summary_large_image","twitter_misc":{"Est. reading time":"9 minutes"},"schema":{"@context":"https:\/\/schema.org","@graph":[{"@type":"WebPage","@id":"https:\/\/ats.com.vn\/vi\/sas\/","url":"https:\/\/ats.com.vn\/vi\/sas\/","name":"SAS - ATS JSC","isPartOf":{"@id":"https:\/\/ats.com.vn\/#website"},"datePublished":"2019-06-10T07:23:52+00:00","dateModified":"2019-07-25T09:35:39+00:00","breadcrumb":{"@id":"https:\/\/ats.com.vn\/vi\/sas\/#breadcrumb"},"inLanguage":"vi","potentialAction":[{"@type":"ReadAction","target":["https:\/\/ats.com.vn\/vi\/sas\/"]}]},{"@type":"BreadcrumbList","@id":"https:\/\/ats.com.vn\/vi\/sas\/#breadcrumb","itemListElement":[{"@type":"ListItem","position":1,"name":"Home","item":"https:\/\/ats.com.vn\/vi\/"},{"@type":"ListItem","position":2,"name":"SAS"}]},{"@type":"WebSite","@id":"https:\/\/ats.com.vn\/#website","url":"https:\/\/ats.com.vn\/","name":"ATS","description":"Applied Technical Systems Joint Stock Company","publisher":{"@id":"https:\/\/ats.com.vn\/#organization"},"potentialAction":[{"@type":"SearchAction","target":{"@type":"EntryPoint","urlTemplate":"https:\/\/ats.com.vn\/?s={search_term_string}"},"query-input":{"@type":"PropertyValueSpecification","valueRequired":true,"valueName":"search_term_string"}}],"inLanguage":"vi"},{"@type":"Organization","@id":"https:\/\/ats.com.vn\/#organization","name":"Applied Technical Systems Join Stock Company","url":"https:\/\/ats.com.vn\/","logo":{"@type":"ImageObject","inLanguage":"vi","@id":"https:\/\/ats.com.vn\/#\/schema\/logo\/image\/","url":"https:\/\/ats.com.vn\/medias\/2018\/06\/lgo1.jpg","contentUrl":"https:\/\/ats.com.vn\/medias\/2018\/06\/lgo1.jpg","width":981,"height":488,"caption":"Applied Technical Systems Join Stock Company"},"image":{"@id":"https:\/\/ats.com.vn\/#\/schema\/logo\/image\/"},"sameAs":["https:\/\/www.linkedin.com\/company\/ats-jsc","https:\/\/www.youtube.com\/user\/ATSMedia"]}]}},"_links":{"self":[{"href":"https:\/\/ats.com.vn\/vi\/wp-json\/wp\/v2\/pages\/4120","targetHints":{"allow":["GET"]}}],"collection":[{"href":"https:\/\/ats.com.vn\/vi\/wp-json\/wp\/v2\/pages"}],"about":[{"href":"https:\/\/ats.com.vn\/vi\/wp-json\/wp\/v2\/types\/page"}],"author":[{"embeddable":true,"href":"https:\/\/ats.com.vn\/vi\/wp-json\/wp\/v2\/users\/2"}],"replies":[{"embeddable":true,"href":"https:\/\/ats.com.vn\/vi\/wp-json\/wp\/v2\/comments?post=4120"}],"version-history":[{"count":28,"href":"https:\/\/ats.com.vn\/vi\/wp-json\/wp\/v2\/pages\/4120\/revisions"}],"predecessor-version":[{"id":5902,"href":"https:\/\/ats.com.vn\/vi\/wp-json\/wp\/v2\/pages\/4120\/revisions\/5902"}],"wp:attachment":[{"href":"https:\/\/ats.com.vn\/vi\/wp-json\/wp\/v2\/media?parent=4120"}],"curies":[{"name":"wp","href":"https:\/\/api.w.org\/{rel}","templated":true}]}}