{"id":4117,"date":"2019-06-12T07:25:52","date_gmt":"2019-06-12T07:25:52","guid":{"rendered":"https:\/\/ats.com.vn\/scada-monitoring\/?lang=vi"},"modified":"2021-06-22T14:33:20","modified_gmt":"2021-06-22T07:33:20","slug":"scada","status":"publish","type":"page","link":"https:\/\/ats.com.vn\/vi\/scada\/","title":{"rendered":"SCADA"},"content":{"rendered":"<p>[vc_section][vc_row][vc_column css=&#8221;.vc_custom_1563867009359{margin-bottom: -30px !important;}&#8221;][rev_slider_vc alias=&#8221;scada-vi&#8221;][\/vc_column][\/vc_row][\/vc_section][vc_section full_width=&#8221;stretch_row&#8221; css=&#8221;.vc_custom_1563548940664{padding-top: 0px !important;}&#8221;][vc_row full_width=&#8221;stretch_row&#8221;][vc_column width=&#8221;1\/4&#8243;][vc_custom_heading text=&#8221;@SCADA+\u00ae&#8221; font_container=&#8221;tag:h3|font_size:30px|text_align:right|color:%23005aaa&#8221; use_theme_fonts=&#8221;yes&#8221; css=&#8221;.vc_custom_1563646612136{padding-top: 10px !important;padding-right: 10px !important;padding-bottom: 10px !important;}&#8221; el_class=&#8221;line&#8221;][\/vc_column][vc_column width=&#8221;3\/4&#8243; el_class=&#8221;btn-right&#8221; css=&#8221;.vc_custom_1564047453512{margin-left: 10px !important;padding-bottom: 30px !important;}&#8221;][vc_custom_heading text=&#8221;H\u1ec7 th\u1ed1ng Thu th\u1eadp v\u00e0 X\u1eed l\u00fd D\u1eef li\u1ec7u SCADA cho c\u00e1c Trung t\u00e2m \u0110i\u1ec1u \u0111\u1ed9 H\u1ec7 th\u1ed1ng \u0110i\u1ec7n, qu\u1ea3n l\u00fd theo Th\u1eddi gian Th\u1ef1c.&#8221; font_container=&#8221;tag:h3|font_size:20px|text_align:left|color:%234a4a4a|line_height:28px&#8221; use_theme_fonts=&#8221;yes&#8221; css=&#8221;.vc_custom_1563874236175{margin-top: 0px !important;margin-bottom: 0px !important;padding-top: 5px !important;padding-bottom: 10px !important;}&#8221;][vc_column_text]<\/p>\n<p style=\"color: #4a4a4a; font-size: 15px;\">@SCADA+\u00ae l\u00e0 m\u1ed9t gi\u1ea3i ph\u00e1p tr\u1ecdn v\u1eb9n v\u1edbi n\u1ec1n t\u1ea3ng linh ho\u1ea1t. H\u1ec7 th\u1ed1ng c\u00f3 th\u1ec3 \u0111\u01b0\u1ee3c c\u1ea5u h\u00ecnh linh ho\u1ea1t \u0111\u1ec3 ph\u00f9 h\u1ee3p v\u1edbi kh\u1ed1i l\u01b0\u1ee3ng v\u00e0 y\u00eau c\u1ea7u c\u1ee7a t\u1eebng d\u1ef1 \u00e1n. S\u1ef1 linh ho\u1ea1t c\u1ee7a h\u1ec7 th\u1ed1ng n\u00e0y c\u00f9ng v\u1edbi kh\u1ea3 n\u0103ng t\u01b0\u01a1ng th\u00edch v\u1edbi c\u00e1c s\u1ea3n ph\u1ea9m kh\u00e1c trong c\u00f9ng l\u0129nh v\u1ef1c \u0111\u1ea3m b\u1ea3o cung c\u1ea5p t\u1edbi kh\u00e1ch h\u00e0ng m\u1ed9t gi\u1ea3i ph\u00e1p tu\u00e2n th\u1ee7 ho\u00e0n to\u00e0n c\u00e1c ti\u00eau chu\u1ea9n m\u1edbi nh\u1ea5t v\u00e0 \u0111\u00e1p \u1ee9ng nhu c\u1ea7u m\u1edf r\u1ed9ng trong t\u01b0\u01a1ng lai.<\/p>\n<p>[\/vc_column_text]\r<!-- radiantthemes-button -->\r<div class=\"radiantthemes-button hover-style-one  \"  data-button-direction=\"left\" data-button-fullwidth=\"false\" ><a style=\"\" class=\"radiantthemes-button-main\" href=\"\/wp-content\/uploads\/2019\/07\/ATS-Flyer_System-@SCADA_181005.pdf\"  title=\"\" target=\"_self\"><div class=\"placeholder\">T\u00e0i li\u1ec7u S\u1ea3n ph\u1ea9m<\/div><\/a><\/div>\r<!-- radiantthemes-button -->\r[\/vc_column][\/vc_row][\/vc_section][vc_section full_width=&#8221;stretch_row&#8221; css=&#8221;.vc_custom_1562835456398{padding-top: 50px !important;padding-bottom: 50px !important;background-color: #f5f5f5 !important;}&#8221;][vc_row][vc_column][vc_custom_heading text=&#8221;GI\u1ea2I PH\u00c1P LINH HO\u1ea0T V\u00c0 TO\u00c0N DI\u1ec6N&#8221; font_container=&#8221;tag:h2|font_size:30px|text_align:center|color:%23005aaa&#8221; use_theme_fonts=&#8221;yes&#8221; css=&#8221;.vc_custom_1563548955001{padding-bottom: 20px !important;}&#8221;][vc_single_image image=&#8221;4600&#8243; alignment=&#8221;center&#8221;][\/vc_column][\/vc_row][vc_row][vc_column width=&#8221;1\/3&#8243; css=&#8221;.vc_custom_1561720134132{border-right-width: 1px !important;border-right-color: #d2d2d2 !important;border-right-style: solid !important;}&#8221;]\r<!-- fancy-text-box -->\r<div class=\"rt-fancy-text-box element-three  \" ><div class=\"holder matchHeight \"><div class=\"icon\"><img loading=\"lazy\" decoding=\"async\" width=\"60\" height=\"62\" src=\"https:\/\/ats.com.vn\/medias\/2019\/06\/settings-gear.png\" class=\"attachment-full size-full\" alt=\"\" \/><\/div><div class=\"heading\"><p class=\"title\">N\u1ec1n t\u1ea3ng Linh ho\u1ea1t<\/p><\/div><div class=\"content\"><p>&amp; C\u1ea5u h\u00ecnh T\u00f9y ch\u1ec9nh<\/p><\/div><\/div><\/div>\r<!-- fancy-text-box -->\r[\/vc_column][vc_column width=&#8221;1\/3&#8243; el_id=&#8221;border&#8221; css=&#8221;.vc_custom_1561720141011{border-right-width: 1px !important;border-right-color: #d2d2d2 !important;border-right-style: solid !important;}&#8221;]\r<!-- fancy-text-box -->\r<div class=\"rt-fancy-text-box element-three  \" ><div class=\"holder matchHeight \"><div class=\"icon\"><img loading=\"lazy\" decoding=\"async\" width=\"43\" height=\"63\" src=\"https:\/\/ats.com.vn\/medias\/2019\/06\/double-tap.png\" class=\"attachment-full size-full\" alt=\"\" \/><\/div><div class=\"heading\"><p class=\"title\">T\u01b0\u01a1ng th\u00edch v\u1edbi c\u00e1c<\/p><\/div><div class=\"content\"><p>H\u00e3ng Thi\u1ebft b\u1ecb Kh\u00e1c nhau<\/p><\/div><\/div><\/div>\r<!-- fancy-text-box -->\r[\/vc_column][vc_column width=&#8221;1\/3&#8243; el_class=&#8221;vc_col-has-fill&#8221;]\r<!-- fancy-text-box -->\r<div class=\"rt-fancy-text-box element-three  \" ><div class=\"holder matchHeight \"><div class=\"icon\"><img loading=\"lazy\" decoding=\"async\" width=\"52\" height=\"62\" src=\"https:\/\/ats.com.vn\/medias\/2019\/06\/privacy.png\" class=\"attachment-full size-full\" alt=\"\" \/><\/div><div class=\"heading\"><p class=\"title\">Gi\u1ea3i ph\u00e1p Kinh t\u1ebf cho<\/p><\/div><div class=\"content\"><p>\u00c1p d\u1ee5ng Quy m\u00f4 L\u1edbn<\/p><\/div><\/div><\/div>\r<!-- fancy-text-box -->\r[\/vc_column][\/vc_row][\/vc_section][vc_section css=&#8221;.vc_custom_1562929883511{padding-top: 50px !important;padding-bottom: 50px !important;}&#8221;][vc_row css=&#8221;.vc_custom_1563548840301{padding-top: 300px !important;padding-bottom: 300px !important;background-image: url(https:\/\/ats.com.vn\/wp-content\/uploads\/2019\/06\/scada.jpg?id=3769) !important;background-position: center !important;background-repeat: no-repeat !important;background-size: contain !important;}&#8221;][vc_column][\/vc_column][\/vc_row][\/vc_section][vc_section full_width=&#8221;stretch_row&#8221; el_id=&#8221;txt-content&#8221; css=&#8221;.vc_custom_1562929860118{padding-top: 0px !important;padding-bottom: 0px !important;background-color: #f5f5f5 !important;}&#8221;][vc_row][vc_column css=&#8221;.vc_custom_1563646623800{border-right-width: 1px !important;padding-top: 50px !important;padding-bottom: 50px !important;padding-left: 30px !important;border-right-color: #d2d2d2 !important;border-right-style: solid !important;}&#8221;][vc_custom_heading text=&#8221;\u0110\u1eb7c t\u00ednh v\u00e0 Ch\u1ee9c n\u0103ng Ti\u00eau bi\u1ec3u&#8221; font_container=&#8221;tag:h3|font_size:25px|text_align:left|color:%23005aaa&#8221; use_theme_fonts=&#8221;yes&#8221; css=&#8221;.vc_custom_1563647514105{padding-bottom: 10px !important;}&#8221;][vc_single_image image=&#8221;4600&#8243;][vc_column_text css=&#8221;.vc_custom_1563647483296{margin-top: -40px !important;}&#8221;]<\/p>\n<ul>\n<li>C\u00f3 \u0111\u1ea7y \u0111\u1ee7 \u0111\u1eb7c t\u00ednh c\u1ee7a h\u1ec7 th\u1ed1ng SCADA cho h\u1ec7 th\u1ed1ng ph\u00e2n ph\u1ed1i v\u00e0 truy\u1ec1n t\u1ea3i<\/li>\n<li>Ki\u1ebfn tr\u00fac h\u1ec7 th\u1ed1ng m\u1edf, th\u1ec3 hi\u1ec7n qua vi\u1ec7c s\u1eed d\u1ee5ng c\u00e1c thi\u1ebft b\u1ecb ph\u1ea7n c\u1ee9ng v\u00e0 ph\u1ea7n m\u1ec1m theo ti\u00eau chu\u1ea9n s\u1eed d\u1ee5ng r\u1ed9ng r\u00e3i tr\u00ean th\u1ecb tr\u01b0\u1eddng:\n<ul>\n<li>Ph\u1ea7n c\u1ee9ng Intel<\/li>\n<li>C\u00e1c version t\u01b0\u01a1ng \u0111\u01b0\u01a1ng v\u00e0 c\u00f3 th\u1ec3 ho\u00e1n \u0111\u1ed5i ch\u1ea1y tr\u00ean Windows Server<\/li>\n<li>C\u01a1 s\u1edf D\u1eef li\u1ec7u Relational Database s\u1eed d\u1ee5ng c\u00e1c quy tr\u00ecnh ti\u00eau chu\u1ea9n nh\u01b0 OCBCv\u00e0 SQL \u0111\u1ec3 truy c\u1eadp t\u1eeb xa<\/li>\n<li>H\u1ec7 th\u1ed1ng d\u1eef li\u1ec7u qu\u00e1 kh\u1ee9 (HIS) chu\u1ea9n, ph\u1ed5 bi\u1ebfn tr\u00ean th\u1ebf gi\u1edbi<\/li>\n<li>M\u1ea1ng n\u1ed9i b\u1ed9 ti\u00eau chu\u1ea9n, nh\u01b0 FDDI (Fibre Distributed DataInterface) v\u00e0 Ethernet, h\u1ed7 tr\u1ee3 giao th\u01b0c TCP\/IP<\/li>\n<li>Giao di\u1ec7n ng\u01b0\u1eddi-m\u00e1y th\u00e2n thi\u1ec7n tr\u00ean n\u1ec1n Microsoft Windows v\u00e0 SmartHMI Studio<\/li>\n<li>H\u1ed7 tr\u1ee3 \u0111a k\u1ebft n\u1ed1i th\u00f4ng tin: Leased line, Satellite, GSM\/GPRS,Corporate WAN, Public Internet\/ADSL<\/li>\n<li>H\u1ed7 tr\u1ee3 nhi\u1ec1u giao th\u1ee9c: IEC-60870-5-101\/104, IEC-61850,ICCP\/Tase2\/IEC60870-6, DNP 3.0, Modbus, RP570\/571 (c\u00f3 th\u1ec3 t\u0103ng c\u01b0\u1eddng theo y\u00eau c\u1ea7u kh\u00e1ch h\u00e0ng)<\/li>\n<\/ul>\n<\/li>\n<li>S\u1eb5n s\u00e0ng cho c\u00e1c \u1ee9ng d\u1ee5ng cao c\u1ea5p theo IEC-61970\/IEC-61968 (CIM)<\/li>\n<li>Kh\u00f4ng gi\u1edbi h\u1ea1n s\u1ed1 \u0111i\u1ec3m d\u1eef li\u1ec7u<\/li>\n<li>Ki\u1ebfn tr\u00fac m\u00f4-\u0111un, d\u1ec5 d\u00e0ng m\u1edf r\u1ed9ng v\u1edbi c\u00e1c thi\u1ebft b\u1ecb c\u00f3 b\u00e1n th\u01b0\u01a1ng m\u1ea1i tr\u00ean th\u1ecb tr\u01b0\u1eddng<\/li>\n<li>Giao di\u1ec7n D\u1ecbch v\u1ee5 Web ph\u1ee5c v\u1ee5 x\u00e2y d\u1ef1ng d\u1eef li\u1ec7u v\u00e0 c\u1ea5u h\u00ecnh h\u1ec7 th\u1ed1ng<\/li>\n<li>T\u00ednh n\u0103ng b\u1ea3o m\u1eadt t\u01b0\u01a1ng th\u00edch v\u1edbi CIP ph\u00e1t h\u00e0nh b\u1edfi NERC<\/li>\n<li>Ph\u00e2n ph\u1ed1i c\u00f4ng vi\u1ec7c gi\u1eefa c\u00e1c m\u00e1y ch\u1ee7 v\u00e0 m\u00e1y tr\u1ea1m s\u1eed d\u1ee5ng ki\u1ebfn tr\u00fac client-server d\u1ea1ng m\u00f4-\u0111un. (Nguy\u00ean t\u1eafc n\u00e0y gi\u00fap ph\u00e2n vi\u1ec7c c\u1ee5 th\u1ec3 t\u1edbi c\u00e1c b\u1ed9 x\u1eed l\u00fd t\u00f9y theo k\u00edch c\u1ee1 v\u00e0 \u0111\u1ed9 ph\u1ee9c t\u1ea1p c\u1ee7a t\u1eebng l\u1ea7n tri\u1ec3n khai, t\u1eeb \u0111\u00f3 gi\u1ea3m dung l\u01b0\u1ee3ng t\u1ea3i th\u00f4ng tin tr\u00ean m\u1ea1ng l\u01b0\u1edbi v\u00e0 c\u1ea3i thi\u1ec7n hi\u1ec7u su\u1ea5t h\u1ec7 th\u1ed1ng.)<\/li>\n<li>Giao di\u1ec7n th\u00e2n thi\u1ec7n cho ph\u00e9p nh\u00e2n vi\u00ean v\u1eadn h\u00e0nh th\u1ef1c hi\u1ec7n c\u00f4ng vi\u1ec7c m\u00e0 kh\u00f4ng c\u1ea7n nhi\u1ec1u ki\u1ebfn th\u1ee9c m\u00e1y t\u00ednh, gi\u00fap gi\u1ea3m thi\u1ec3u th\u1eddi gian kh\u1edfi \u0111\u1ed9ng<\/li>\n<li>S\u1eb5n s\u00e0ng t\u00edch h\u1ee3p v\u1edbi c\u00e1c giao di\u1ec7n m\u1edf r\u1ed9ng t\u01b0\u01a1ng lai<\/li>\n<li>D\u1ecbch v\u1ee5 b\u1ea3o h\u00e0nh, b\u1ea3o tr\u00ec 24\/7<\/li>\n<\/ul>\n<p>[\/vc_column_text][\/vc_column][\/vc_row][\/vc_section][vc_section full_width=&#8221;stretch_row_content&#8221; css=&#8221;.vc_custom_1562646163062{margin-top: -40px !important;}&#8221;][vc_row][vc_column width=&#8221;1\/2&#8243; css=&#8221;.vc_custom_1563646657432{padding-top: 80px !important;padding-bottom: 130px !important;padding-left: 0px !important;background-image: url(https:\/\/ats.com.vn\/wp-content\/uploads\/2019\/06\/link-our-history@2x.png?id=3492) !important;background-position: center !important;background-repeat: no-repeat !important;background-size: cover !important;}&#8221; el_class=&#8221;btn-left&#8221; el_id=&#8221;btn-left&#8221;][vc_custom_heading text=&#8221;Xem D\u1ef1 \u00e1n c\u1ee7a Ch\u00fang t\u00f4i&#8221; font_container=&#8221;tag:h2|font_size:20px|text_align:center|color:%23ffffff&#8221; use_theme_fonts=&#8221;yes&#8221; css=&#8221;.vc_custom_1563646681367{padding-bottom: 20px !important;}&#8221;]\r<!-- radiantthemes-button -->\r<div class=\"radiantthemes-button hover-style-one  \" id=\"button\" data-button-direction=\"center\" data-button-fullwidth=\"false\" ><a style=\"\" class=\"radiantthemes-button-main\" href=\"\/vi\/projects\/\"  title=\"\" target=\"_self\"><div class=\"placeholder\">D\u1ef1 \u00c1n<\/div><\/a><\/div>\r<!-- radiantthemes-button -->\r[\/vc_column][vc_column width=&#8221;1\/2&#8243; css=&#8221;.vc_custom_1563646664300{padding-top: 80px !important;padding-bottom: 130px !important;padding-left: 0px !important;background-image: url(https:\/\/ats.com.vn\/wp-content\/uploads\/2019\/06\/pg-09@2x.png?id=3493) !important;background-position: center !important;background-repeat: no-repeat !important;background-size: cover !important;}&#8221; el_id=&#8221;client-btn&#8221; el_class=&#8221;btn-right&#8221;][vc_custom_heading text=&#8221;Li\u00ean h\u1ec7 Ch\u00fang t\u00f4i&#8221; font_container=&#8221;tag:h2|font_size:20px|text_align:center|color:%23ffffff&#8221; use_theme_fonts=&#8221;yes&#8221; css=&#8221;.vc_custom_1563646706296{padding-bottom: 20px !important;}&#8221;]\r<!-- radiantthemes-button -->\r<div class=\"radiantthemes-button hover-style-one  \"  data-button-direction=\"center\" data-button-fullwidth=\"false\" ><a style=\"\" class=\"radiantthemes-button-main\" href=\"\/vi\/contact\/\"  title=\"\" target=\"_self\"><div class=\"placeholder\">Li\u00ean H\u1ec7<\/div><\/a><\/div>\r<!-- radiantthemes-button -->\r[\/vc_column][\/vc_row][\/vc_section][vc_row el_id=&#8221;popup&#8221;][vc_column][vc_raw_html]JTNDZGl2JTIwaWQlM0QlMjJpZDAxJTIyJTIwY2xhc3MlM0QlMjJtb2RhbCUyMiUzRSUwQSUyMCUyMCUwQSUyMCUyMCUzQ2Zvcm0lMjBjbGFzcyUzRCUyMm1vZGFsLWNvbnRlbnQlMjBhbmltYXRlJTIyJTIwYWN0aW9uJTNEJTIyJTJGYWN0aW9uX3BhZ2UucGhwJTIyJTNFJTBBJTIwJTIwJTIwJTIwJTNDZGl2JTIwY2xhc3MlM0QlMjJpbWdjb250YWluZXIlMjIlM0UlMEElMjAlMjAlMjAlMjAlMjAlMjAlM0NzcGFuJTIwb25jbGljayUzRCUyMmRvY3VtZW50LmdldEVsZW1lbnRCeUlkJTI4JTI3aWQwMSUyNyUyOS5zdHlsZS5kaXNwbGF5JTNEJTI3bm9uZSUyNyUyMiUyMGNsYXNzJTNEJTIyY2xvc2UlMjIlMjB0aXRsZSUzRCUyMkNsb3NlJTIwTW9kYWwlMjIlM0UlMjZ0aW1lcyUzQiUzQyUyRnNwYW4lM0UlMEElM0NvYmplY3QlMjBkYXRhJTNEJTIyJTJGd3AtY29udGVudCUyRnVwbG9hZHMlMkYyMDE5JTJGMDYlMkZBVFMtU29sdXRpb24tJTQwTWljcm8tR3JpZC12ZXIxOTAyMTgucGRmJTIzdmlldyUzREZpdCUyMiUyMHR5cGUlM0QlMjJhcHBsaWNhdGlvbiUyRnBkZiUyMiUyMHdpZHRoJTNEJTIyMTAwJTI1JTIyJTIwaGVpZ2h0JTNEJTIyMTAwMHB4JTIyJTNFJTBBJTIwJTIwJTIwJTBBJTNDJTJGb2JqZWN0JTNFJTBBJTIwJTIwJTIwJTIwJTNDJTJGZGl2JTNFJTBBJTIwJTIwJTIwJTIwJTBBJTIwJTIwJTNDJTJGZm9ybSUzRSUwQSUzQyUyRmRpdiUzRQ==[\/vc_raw_html][vc_raw_js]JTNDc2NyaXB0JTNFJTBBJTJGJTJGJTIwR2V0JTIwdGhlJTIwbW9kYWwlMEF2YXIlMjBtb2RhbCUyMCUzRCUyMGRvY3VtZW50LmdldEVsZW1lbnRCeUlkJTI4JTI3aWQwMSUyNyUyOSUzQiUwQSUwQSUyRiUyRiUyMFdoZW4lMjB0aGUlMjB1c2VyJTIwY2xpY2tzJTIwYW55d2hlcmUlMjBvdXRzaWRlJTIwb2YlMjB0aGUlMjBtb2RhbCUyQyUyMGNsb3NlJTIwaXQlMEF3aW5kb3cub25jbGljayUyMCUzRCUyMGZ1bmN0aW9uJTI4ZXZlbnQlMjklMjAlN0IlMEElMjAlMjAlMjAlMjBpZiUyMCUyOGV2ZW50LnRhcmdldCUyMCUzRCUzRCUyMG1vZGFsJTI5JTIwJTdCJTBBJTIwJTIwJTIwJTIwJTIwJTIwJTIwJTIwbW9kYWwuc3R5bGUuZGlzcGxheSUyMCUzRCUyMCUyMm5vbmUlMjIlM0IlMEElMjAlMjAlMjAlMjAlN0QlMEElN0QlMEElM0MlMkZzY3JpcHQlM0U=[\/vc_raw_js][\/vc_column][\/vc_row]<\/p>\n","protected":false},"excerpt":{"rendered":"<p>[vc_section][vc_row][vc_column css=&#8221;.vc_custom_1563867009359{margin-bottom: -30px !important;}&#8221;][rev_slider_vc alias=&#8221;scada-vi&#8221;][\/vc_column][\/vc_row][\/vc_section][vc_section full_width=&#8221;stretch_row&#8221; css=&#8221;.vc_custom_1563548940664{padding-top: 0px !important;}&#8221;][vc_row full_width=&#8221;stretch_row&#8221;][vc_column width=&#8221;1\/4&#8243;][vc_custom_heading text=&#8221;@SCADA+\u00ae&#8221; font_container=&#8221;tag:h3|font_size:30px|text_align:right|color:%23005aaa&#8221; use_theme_fonts=&#8221;yes&#8221; css=&#8221;.vc_custom_1563646612136{padding-top: 10px !important;padding-right: 10px !important;padding-bottom: 10px !important;}&#8221; el_class=&#8221;line&#8221;][\/vc_column][vc_column width=&#8221;3\/4&#8243; el_class=&#8221;btn-right&#8221; css=&#8221;.vc_custom_1564047453512{margin-left: 10px !important;padding-bottom: 30px !important;}&#8221;][vc_custom_heading text=&#8221;H\u1ec7 th\u1ed1ng Thu th\u1eadp v\u00e0 X\u1eed l\u00fd D\u1eef li\u1ec7u SCADA cho c\u00e1c Trung t\u00e2m \u0110i\u1ec1u \u0111\u1ed9 H\u1ec7 th\u1ed1ng \u0110i\u1ec7n, qu\u1ea3n l\u00fd theo Th\u1eddi gian Th\u1ef1c.&#8221; font_container=&#8221;tag:h3|font_size:20px|text_align:left|color:%234a4a4a|line_height:28px&#8221; [&hellip;]<\/p>\n","protected":false},"author":2,"featured_media":0,"parent":0,"menu_order":0,"comment_status":"closed","ping_status":"closed","template":"","meta":{"footnotes":"","_links_to":"","_links_to_target":""},"class_list":["post-4117","page","type-page","status-publish","hentry"],"yoast_head":"<!-- This site is optimized with the Yoast SEO plugin v27.1.1 - https:\/\/yoast.com\/product\/yoast-seo-wordpress\/ -->\n<title>SCADA - ATS JSC<\/title>\n<meta name=\"robots\" content=\"index, follow, max-snippet:-1, max-image-preview:large, max-video-preview:-1\" \/>\n<link rel=\"canonical\" href=\"https:\/\/ats.com.vn\/vi\/scada\/\" \/>\n<meta property=\"og:locale\" content=\"vi_VN\" \/>\n<meta property=\"og:type\" content=\"article\" \/>\n<meta property=\"og:title\" content=\"SCADA - ATS JSC\" \/>\n<meta property=\"og:description\" content=\"[vc_section][vc_row][vc_column css=&#8221;.vc_custom_1563867009359{margin-bottom: -30px !important;}&#8221;][rev_slider_vc alias=&#8221;scada-vi&#8221;][\/vc_column][\/vc_row][\/vc_section][vc_section full_width=&#8221;stretch_row&#8221; css=&#8221;.vc_custom_1563548940664{padding-top: 0px !important;}&#8221;][vc_row full_width=&#8221;stretch_row&#8221;][vc_column width=&#8221;1\/4&#8243;][vc_custom_heading text=&#8221;@SCADA+\u00ae&#8221; font_container=&#8221;tag:h3|font_size:30px|text_align:right|color:%23005aaa&#8221; use_theme_fonts=&#8221;yes&#8221; css=&#8221;.vc_custom_1563646612136{padding-top: 10px !important;padding-right: 10px !important;padding-bottom: 10px !important;}&#8221; el_class=&#8221;line&#8221;][\/vc_column][vc_column width=&#8221;3\/4&#8243; el_class=&#8221;btn-right&#8221; css=&#8221;.vc_custom_1564047453512{margin-left: 10px !important;padding-bottom: 30px !important;}&#8221;][vc_custom_heading text=&#8221;H\u1ec7 th\u1ed1ng Thu th\u1eadp v\u00e0 X\u1eed l\u00fd D\u1eef li\u1ec7u SCADA cho c\u00e1c Trung t\u00e2m \u0110i\u1ec1u \u0111\u1ed9 H\u1ec7 th\u1ed1ng \u0110i\u1ec7n, qu\u1ea3n l\u00fd theo Th\u1eddi gian Th\u1ef1c.&#8221; font_container=&#8221;tag:h3|font_size:20px|text_align:left|color:%234a4a4a|line_height:28px&#8221; [&hellip;]\" \/>\n<meta property=\"og:url\" content=\"https:\/\/ats.com.vn\/vi\/scada\/\" \/>\n<meta property=\"og:site_name\" content=\"ATS JSC\" \/>\n<meta property=\"article:modified_time\" content=\"2021-06-22T07:33:20+00:00\" \/>\n<meta name=\"twitter:card\" content=\"summary_large_image\" \/>\n<meta name=\"twitter:label1\" content=\"Est. reading time\" \/>\n\t<meta name=\"twitter:data1\" content=\"8 minutes\" \/>\n<script type=\"application\/ld+json\" class=\"yoast-schema-graph\">{\"@context\":\"https:\/\/schema.org\",\"@graph\":[{\"@type\":\"WebPage\",\"@id\":\"https:\/\/ats.com.vn\/vi\/scada\/\",\"url\":\"https:\/\/ats.com.vn\/vi\/scada\/\",\"name\":\"SCADA - ATS JSC\",\"isPartOf\":{\"@id\":\"https:\/\/ats.com.vn\/#website\"},\"datePublished\":\"2019-06-12T07:25:52+00:00\",\"dateModified\":\"2021-06-22T07:33:20+00:00\",\"breadcrumb\":{\"@id\":\"https:\/\/ats.com.vn\/vi\/scada\/#breadcrumb\"},\"inLanguage\":\"vi\",\"potentialAction\":[{\"@type\":\"ReadAction\",\"target\":[\"https:\/\/ats.com.vn\/vi\/scada\/\"]}]},{\"@type\":\"BreadcrumbList\",\"@id\":\"https:\/\/ats.com.vn\/vi\/scada\/#breadcrumb\",\"itemListElement\":[{\"@type\":\"ListItem\",\"position\":1,\"name\":\"Home\",\"item\":\"https:\/\/ats.com.vn\/vi\/\"},{\"@type\":\"ListItem\",\"position\":2,\"name\":\"SCADA\"}]},{\"@type\":\"WebSite\",\"@id\":\"https:\/\/ats.com.vn\/#website\",\"url\":\"https:\/\/ats.com.vn\/\",\"name\":\"ATS\",\"description\":\"Applied Technical Systems Joint Stock Company\",\"publisher\":{\"@id\":\"https:\/\/ats.com.vn\/#organization\"},\"potentialAction\":[{\"@type\":\"SearchAction\",\"target\":{\"@type\":\"EntryPoint\",\"urlTemplate\":\"https:\/\/ats.com.vn\/?s={search_term_string}\"},\"query-input\":{\"@type\":\"PropertyValueSpecification\",\"valueRequired\":true,\"valueName\":\"search_term_string\"}}],\"inLanguage\":\"vi\"},{\"@type\":\"Organization\",\"@id\":\"https:\/\/ats.com.vn\/#organization\",\"name\":\"Applied Technical Systems Join Stock Company\",\"url\":\"https:\/\/ats.com.vn\/\",\"logo\":{\"@type\":\"ImageObject\",\"inLanguage\":\"vi\",\"@id\":\"https:\/\/ats.com.vn\/#\/schema\/logo\/image\/\",\"url\":\"https:\/\/ats.com.vn\/medias\/2018\/06\/lgo1.jpg\",\"contentUrl\":\"https:\/\/ats.com.vn\/medias\/2018\/06\/lgo1.jpg\",\"width\":981,\"height\":488,\"caption\":\"Applied Technical Systems Join Stock Company\"},\"image\":{\"@id\":\"https:\/\/ats.com.vn\/#\/schema\/logo\/image\/\"},\"sameAs\":[\"https:\/\/www.linkedin.com\/company\/ats-jsc\",\"https:\/\/www.youtube.com\/user\/ATSMedia\"]}]}<\/script>\n<!-- \/ Yoast SEO plugin. -->","yoast_head_json":{"title":"SCADA - ATS JSC","robots":{"index":"index","follow":"follow","max-snippet":"max-snippet:-1","max-image-preview":"max-image-preview:large","max-video-preview":"max-video-preview:-1"},"canonical":"https:\/\/ats.com.vn\/vi\/scada\/","og_locale":"vi_VN","og_type":"article","og_title":"SCADA - ATS JSC","og_description":"[vc_section][vc_row][vc_column css=&#8221;.vc_custom_1563867009359{margin-bottom: -30px !important;}&#8221;][rev_slider_vc alias=&#8221;scada-vi&#8221;][\/vc_column][\/vc_row][\/vc_section][vc_section full_width=&#8221;stretch_row&#8221; css=&#8221;.vc_custom_1563548940664{padding-top: 0px !important;}&#8221;][vc_row full_width=&#8221;stretch_row&#8221;][vc_column width=&#8221;1\/4&#8243;][vc_custom_heading text=&#8221;@SCADA+\u00ae&#8221; font_container=&#8221;tag:h3|font_size:30px|text_align:right|color:%23005aaa&#8221; use_theme_fonts=&#8221;yes&#8221; css=&#8221;.vc_custom_1563646612136{padding-top: 10px !important;padding-right: 10px !important;padding-bottom: 10px !important;}&#8221; el_class=&#8221;line&#8221;][\/vc_column][vc_column width=&#8221;3\/4&#8243; el_class=&#8221;btn-right&#8221; css=&#8221;.vc_custom_1564047453512{margin-left: 10px !important;padding-bottom: 30px !important;}&#8221;][vc_custom_heading text=&#8221;H\u1ec7 th\u1ed1ng Thu th\u1eadp v\u00e0 X\u1eed l\u00fd D\u1eef li\u1ec7u SCADA cho c\u00e1c Trung t\u00e2m \u0110i\u1ec1u \u0111\u1ed9 H\u1ec7 th\u1ed1ng \u0110i\u1ec7n, qu\u1ea3n l\u00fd theo Th\u1eddi gian Th\u1ef1c.&#8221; font_container=&#8221;tag:h3|font_size:20px|text_align:left|color:%234a4a4a|line_height:28px&#8221; [&hellip;]","og_url":"https:\/\/ats.com.vn\/vi\/scada\/","og_site_name":"ATS JSC","article_modified_time":"2021-06-22T07:33:20+00:00","twitter_card":"summary_large_image","twitter_misc":{"Est. reading time":"8 minutes"},"schema":{"@context":"https:\/\/schema.org","@graph":[{"@type":"WebPage","@id":"https:\/\/ats.com.vn\/vi\/scada\/","url":"https:\/\/ats.com.vn\/vi\/scada\/","name":"SCADA - ATS JSC","isPartOf":{"@id":"https:\/\/ats.com.vn\/#website"},"datePublished":"2019-06-12T07:25:52+00:00","dateModified":"2021-06-22T07:33:20+00:00","breadcrumb":{"@id":"https:\/\/ats.com.vn\/vi\/scada\/#breadcrumb"},"inLanguage":"vi","potentialAction":[{"@type":"ReadAction","target":["https:\/\/ats.com.vn\/vi\/scada\/"]}]},{"@type":"BreadcrumbList","@id":"https:\/\/ats.com.vn\/vi\/scada\/#breadcrumb","itemListElement":[{"@type":"ListItem","position":1,"name":"Home","item":"https:\/\/ats.com.vn\/vi\/"},{"@type":"ListItem","position":2,"name":"SCADA"}]},{"@type":"WebSite","@id":"https:\/\/ats.com.vn\/#website","url":"https:\/\/ats.com.vn\/","name":"ATS","description":"Applied Technical Systems Joint Stock Company","publisher":{"@id":"https:\/\/ats.com.vn\/#organization"},"potentialAction":[{"@type":"SearchAction","target":{"@type":"EntryPoint","urlTemplate":"https:\/\/ats.com.vn\/?s={search_term_string}"},"query-input":{"@type":"PropertyValueSpecification","valueRequired":true,"valueName":"search_term_string"}}],"inLanguage":"vi"},{"@type":"Organization","@id":"https:\/\/ats.com.vn\/#organization","name":"Applied Technical Systems Join Stock Company","url":"https:\/\/ats.com.vn\/","logo":{"@type":"ImageObject","inLanguage":"vi","@id":"https:\/\/ats.com.vn\/#\/schema\/logo\/image\/","url":"https:\/\/ats.com.vn\/medias\/2018\/06\/lgo1.jpg","contentUrl":"https:\/\/ats.com.vn\/medias\/2018\/06\/lgo1.jpg","width":981,"height":488,"caption":"Applied Technical Systems Join Stock Company"},"image":{"@id":"https:\/\/ats.com.vn\/#\/schema\/logo\/image\/"},"sameAs":["https:\/\/www.linkedin.com\/company\/ats-jsc","https:\/\/www.youtube.com\/user\/ATSMedia"]}]}},"_links":{"self":[{"href":"https:\/\/ats.com.vn\/vi\/wp-json\/wp\/v2\/pages\/4117","targetHints":{"allow":["GET"]}}],"collection":[{"href":"https:\/\/ats.com.vn\/vi\/wp-json\/wp\/v2\/pages"}],"about":[{"href":"https:\/\/ats.com.vn\/vi\/wp-json\/wp\/v2\/types\/page"}],"author":[{"embeddable":true,"href":"https:\/\/ats.com.vn\/vi\/wp-json\/wp\/v2\/users\/2"}],"replies":[{"embeddable":true,"href":"https:\/\/ats.com.vn\/vi\/wp-json\/wp\/v2\/comments?post=4117"}],"version-history":[{"count":27,"href":"https:\/\/ats.com.vn\/vi\/wp-json\/wp\/v2\/pages\/4117\/revisions"}],"predecessor-version":[{"id":8723,"href":"https:\/\/ats.com.vn\/vi\/wp-json\/wp\/v2\/pages\/4117\/revisions\/8723"}],"wp:attachment":[{"href":"https:\/\/ats.com.vn\/vi\/wp-json\/wp\/v2\/media?parent=4117"}],"curies":[{"name":"wp","href":"https:\/\/api.w.org\/{rel}","templated":true}]}}