{"id":4113,"date":"2019-06-12T10:29:59","date_gmt":"2019-06-12T10:29:59","guid":{"rendered":"https:\/\/ats.com.vn\/operation-control-centre\/?lang=vi"},"modified":"2019-07-25T16:50:05","modified_gmt":"2019-07-25T09:50:05","slug":"occ","status":"publish","type":"page","link":"https:\/\/ats.com.vn\/vi\/occ\/","title":{"rendered":"OCC"},"content":{"rendered":"<p>[vc_section][vc_row][vc_column css=&#8221;.vc_custom_1563867641890{margin-bottom: -30px !important;}&#8221;][rev_slider_vc alias=&#8221;operation-vi&#8221;][\/vc_column][\/vc_row][\/vc_section][vc_section full_width=&#8221;stretch_row&#8221; css=&#8221;.vc_custom_1563550072726{padding-top: 0px !important;}&#8221;][vc_row full_width=&#8221;stretch_row&#8221; el_id=&#8221;txt-content&#8221; css=&#8221;.vc_custom_1564029119274{padding-bottom: 10px !important;}&#8221;][vc_column width=&#8221;1\/4&#8243;][vc_custom_heading text=&#8221;@OCC&#8221; font_container=&#8221;tag:h2|font_size:30px|text_align:right|color:%23005aaa&#8221; use_theme_fonts=&#8221;yes&#8221; css=&#8221;.vc_custom_1563648835224{padding-top: 10px !important;padding-right: 10px !important;padding-bottom: 10px !important;}&#8221; el_class=&#8221;occ&#8221;][\/vc_column][vc_column width=&#8221;3\/4&#8243; el_class=&#8221;btn-right&#8221; css=&#8221;.vc_custom_1564048198301{margin-left: 10px !important;padding-bottom: 30px !important;}&#8221;][vc_custom_heading text=&#8221;Gi\u1ea3i ph\u00e1p Thu th\u1eadp v\u00e0 X\u1eed l\u00fd D\u1eef li\u1ec7u OCC cho Qu\u1ea3n l\u00fd V\u1eadn h\u00e0nh L\u01b0\u1edbi \u0111i\u1ec7n v\u00e0 Nh\u00e0 m\u00e1y \u0110i\u1ec7n.&#8221; font_container=&#8221;tag:h3|font_size:20px|text_align:left|color:%234a4a4a|line_height:28px&#8221; use_theme_fonts=&#8221;yes&#8221; css=&#8221;.vc_custom_1563874555183{margin-top: 0px !important;margin-bottom: 0px !important;padding-top: 5px !important;padding-bottom: 10px !important;}&#8221;][vc_column_text]\u0110\u00e2y l\u00e0 g\u00f3i gi\u1ea3i ph\u00e1p chuy\u00ean d\u00f9ng cho gi\u00e1m s\u00e1t, \u0111i\u1ec1u khi\u1ec3n v\u00e0 qu\u1ea3n l\u00fd h\u1ec7 th\u1ed1ng \u0111i\u1ec7n c\u1ee7a m\u1ed9t ho\u1eb7c nhi\u1ec1u v\u00f9ng, c\u1ee5m c\u00e1c nh\u00e0 m\u00e1y \u0111i\u1ec7n hay c\u00e1c c\u01a1 s\u1edf s\u1ea3n xu\u1ea5t c\u00f3 l\u01b0\u1ee3ng d\u1eef li\u1ec7u th\u1eddi gian th\u1ef1c l\u1edbn y\u00eau c\u1ea7u qu\u1ea3n l\u00fd t\u1eadp trung[\/vc_column_text]\r<!-- radiantthemes-button -->\r<div class=\"radiantthemes-button hover-style-one  \"  data-button-direction=\"left\" data-button-fullwidth=\"false\" ><a style=\"\" class=\"radiantthemes-button-main\" href=\"\/wp-content\/uploads\/2019\/07\/ATS-Flyer_System-@SCADA_181005.pdf\"  title=\"\" target=\"_self\"><div class=\"placeholder\">T\u00e0i li\u1ec7u s\u1ea3n ph\u1ea9m<\/div><\/a><\/div>\r<!-- radiantthemes-button -->\r[\/vc_column][\/vc_row][\/vc_section][vc_section full_width=&#8221;stretch_row&#8221; css=&#8221;.vc_custom_1562838899174{padding-top: 50px !important;padding-bottom: 50px !important;background-color: #f5f5f5 !important;}&#8221;][vc_row][vc_column][vc_custom_heading text=&#8221;GI\u1ea2I PH\u00c1P LINH HO\u1ea0T V\u00c0 TO\u00c0N DI\u1ec6N&#8221; font_container=&#8221;tag:h2|font_size:30px|text_align:center|color:%23005aaa&#8221; use_theme_fonts=&#8221;yes&#8221; css=&#8221;.vc_custom_1563550114654{padding-bottom: 20px !important;}&#8221;][vc_single_image image=&#8221;4600&#8243; img_size=&#8221;&#8221; alignment=&#8221;center&#8221;][\/vc_column][\/vc_row][vc_row][vc_column width=&#8221;1\/3&#8243; css=&#8221;.vc_custom_1561705454592{border-right-width: 1px !important;border-right-color: #d2d2d2 !important;border-right-style: solid !important;}&#8221;]\r<!-- fancy-text-box -->\r<div class=\"rt-fancy-text-box element-three  \" ><div class=\"holder matchHeight \"><div class=\"icon\"><img loading=\"lazy\" decoding=\"async\" width=\"60\" height=\"62\" src=\"https:\/\/ats.com.vn\/medias\/2019\/06\/settings-gear.png\" class=\"attachment-full size-full\" alt=\"\" \/><\/div><div class=\"heading\"><p class=\"title\">Ki\u1ebfn tr\u00fac M\u1edf v\u1edbi<\/p><\/div><div class=\"content\"><p>N\u1ec1n t\u1ea3ng Linh ho\u1ea1t<\/p><\/div><\/div><\/div>\r<!-- fancy-text-box -->\r[\/vc_column][vc_column width=&#8221;1\/3&#8243; el_id=&#8221;border&#8221; css=&#8221;.vc_custom_1561705461755{border-right-width: 1px !important;border-right-color: #d2d2d2 !important;border-right-style: solid !important;}&#8221;]\r<!-- fancy-text-box -->\r<div class=\"rt-fancy-text-box element-three  \" ><div class=\"holder matchHeight \"><div class=\"icon\"><img loading=\"lazy\" decoding=\"async\" width=\"43\" height=\"63\" src=\"https:\/\/ats.com.vn\/medias\/2019\/06\/double-tap.png\" class=\"attachment-full size-full\" alt=\"\" \/><\/div><div class=\"heading\"><p class=\"title\">T\u01b0\u01a1ng th\u00edch v\u1edbi<\/p><\/div><div class=\"content\"><p>nhi\u1ec1u H\u00e3ng S\u1ea3n xu\u1ea5t<\/p><\/div><\/div><\/div>\r<!-- fancy-text-box -->\r[\/vc_column][vc_column width=&#8221;1\/3&#8243; el_class=&#8221;vc_col-has-fill&#8221;]\r<!-- fancy-text-box -->\r<div class=\"rt-fancy-text-box element-three  \" ><div class=\"holder matchHeight \"><div class=\"icon\"><img loading=\"lazy\" decoding=\"async\" width=\"69\" height=\"66\" src=\"https:\/\/ats.com.vn\/medias\/2019\/06\/ic-machine.png\" class=\"attachment-full size-full\" alt=\"\" \/><\/div><div class=\"heading\"><p class=\"title\">Giao di\u1ec7n Th\u00e2n thi\u1ec7n<\/p><\/div><div class=\"content\"><p>Ng\u01b0\u1eddi d\u00f9ng<\/p><\/div><\/div><\/div>\r<!-- fancy-text-box -->\r[\/vc_column][\/vc_row][\/vc_section][vc_section css=&#8221;.vc_custom_1562928126084{padding-top: 50px !important;padding-bottom: 50px !important;}&#8221;][vc_row css=&#8221;.vc_custom_1563548767036{padding-top: 300px !important;padding-bottom: 300px !important;background-image: url(https:\/\/ats.com.vn\/wp-content\/uploads\/2019\/06\/Pg192.jpg?id=5636) !important;background-position: center !important;background-repeat: no-repeat !important;background-size: contain !important;}&#8221;][vc_column][\/vc_column][\/vc_row][\/vc_section][vc_section full_width=&#8221;stretch_row&#8221; el_id=&#8221;txt-content&#8221; css=&#8221;.vc_custom_1562928144777{padding-top: 0px !important;padding-bottom: 0px !important;background-color: #f5f5f5 !important;}&#8221;][vc_row][vc_column width=&#8221;1\/2&#8243; css=&#8221;.vc_custom_1563648844011{padding-top: 50px !important;padding-bottom: 50px !important;padding-left: 30px !important;}&#8221;][vc_custom_heading text=&#8221;\u0110\u1eb7c t\u00ednh &amp; Ch\u1ee9c n\u0103ng Ti\u00eau bi\u1ec3u&#8221; font_container=&#8221;tag:h3|font_size:25px|text_align:left|color:%23005aaa&#8221; use_theme_fonts=&#8221;yes&#8221; css=&#8221;.vc_custom_1562928169992{padding-bottom: 10px !important;}&#8221;][vc_single_image image=&#8221;4600&#8243; img_size=&#8221;&#8221;][vc_column_text css=&#8221;.vc_custom_1562928087020{margin-top: -40px !important;}&#8221;]<\/p>\n<ul>\n<li>Ph\u1ea7n m\u1ec1m c\u00f3 c\u1ea5u tr\u00fac m\u1edf, k\u1ebft c\u1ea5u m\u00f4-\u0111un, giao di\u1ec7n \u0111\u1ed3 h\u1ecda th\u00e2n thi\u1ec7n v\u00e0 \u0111\u01b0\u1ee3c ph\u00e1t tri\u1ec3n ph\u00f9 h\u1ee3p v\u1edbi nhu c\u1ea7u th\u1ef1c t\u1ebf trong v\u1eadn h\u00e0nh t\u1eebng h\u1ec7 th\u1ed1ng ri\u00eang bi\u1ec7t<\/li>\n<li>C\u1ea5u tr\u00fac t\u01b0\u01a1ng t\u1ef1 gi\u1ea3i ph\u00e1p @SCADA+\u00ae, bao g\u1ed3m:\n<ul>\n<li>H\u1ec7 th\u1ed1ng c\u00e1c thi\u1ebft b\u1ecb ph\u1ea7n c\u1ee9ng: thi\u1ebft b\u1ecb m\u1ea1ng truy\u1ec1n tin, m\u00e1y t\u00ednh front-end, server d\u1eef li\u1ec7u trung t\u00e2m, m\u00e1y t\u00ednh \u1ee9ng d\u1ee5ng, thi\u1ebft b\u1ecb ngu\u1ed3n d\u1ef1 ph\u00f2ng, vv.<\/li>\n<li>C\u00e1c m\u00f4-\u0111un ph\u1ea7n m\u1ec1m: thu th\u1eadp x\u1eed l\u00fd d\u1eef li\u1ec7u, server d\u1eef li\u1ec7u th\u1eddi gian th\u1ef1c, d\u1eef li\u1ec7u qu\u00e1 kh\u1ee9, giao di\u1ec7n gi\u00e1m s\u00e1t v\u1eadn h\u00e0nh v\u00e0 nhi\u1ec1u m\u00f4-\u0111un \u1ee9ng d\u1ee5ng kh\u00e1c<\/li>\n<\/ul>\n<\/li>\n<\/ul>\n<p>[\/vc_column_text][\/vc_column][vc_column width=&#8221;1\/2&#8243; css=&#8221;.vc_custom_1563648858964{border-left-width: 1px !important;padding-top: 50px !important;padding-bottom: 50px !important;padding-left: 30px !important;border-left-color: #d2d2d2 !important;border-left-style: solid !important;}&#8221;][vc_custom_heading text=&#8221;B\u1ea3ng So S\u00e1nh&#8221; font_container=&#8221;tag:h3|font_size:25px|text_align:left|color:%23005aaa&#8221; use_theme_fonts=&#8221;yes&#8221; css=&#8221;.vc_custom_1562928176965{padding-bottom: 10px !important;}&#8221;][vc_single_image image=&#8221;4600&#8243; img_size=&#8221;&#8221;][vc_column_text css=&#8221;.vc_custom_1563550187020{margin-top: -40px !important;}&#8221;]<strong>OCC<\/strong><\/p>\n<ul>\n<li>V\u1eadn h\u00e0nh thi\u1ebft b\u1ecb<\/li>\n<li>V\u1eadn h\u00e0nh tr\u1ea1m kh\u00f4ng ng\u01b0\u1eddi tr\u1ef1c<\/li>\n<li>Qu\u1ea3n l\u00fd s\u1ef1 c\u1ed1 thi\u1ebft b\u1ecb<\/li>\n<li>K\u1ebf ho\u1ea1ch s\u1eeda ch\u1eefa<\/li>\n<li>K\u1ebf ho\u1ea1ch \u0111\u1ea7u t\u01b0<\/li>\n<li>L\u01b0\u1ee3ng d\u1eef li\u1ec7u nhi\u1ec1u h\u01a1n<\/li>\n<\/ul>\n<p>&nbsp;<\/p>\n<p><strong>SCADA<\/strong><\/p>\n<ul>\n<li>V\u1eadn h\u00e0nh h\u1ec7 th\u1ed1ng<\/li>\n<li>\u0110i\u1ec1u ch\u1ec9nh U\/P \u0111\u1ec3 t\u1ed1i \u01b0u t\u1ed5n th\u1ea5t<\/li>\n<li>Th\u00f4ng b\u00e1o s\u1ef1 c\u1ed1<\/li>\n<li>T\u00ednh to\u00e1n \u0111\u1ed9 tin c\u1eady<\/li>\n<li>K\u1ebf ho\u1ea1ch c\u1eaft \u0111i\u1ec7n<\/li>\n<li>L\u01b0\u1ee3ng d\u1eef li\u1ec7u \u00edt h\u01a1n<\/li>\n<\/ul>\n<p>[\/vc_column_text][\/vc_column][\/vc_row][\/vc_section][vc_section full_width=&#8221;stretch_row_content&#8221; css=&#8221;.vc_custom_1562643841254{margin-top: -40px !important;}&#8221;][vc_row][vc_column width=&#8221;1\/2&#8243; css=&#8221;.vc_custom_1563648870956{padding-top: 80px !important;padding-bottom: 130px !important;padding-left: 0px !important;background-image: url(https:\/\/ats.com.vn\/wp-content\/uploads\/2019\/06\/link-our-history@2x.png?id=3492) !important;background-position: center !important;background-repeat: no-repeat !important;background-size: cover !important;}&#8221; el_class=&#8221;btn-left&#8221; el_id=&#8221;btn-left&#8221;][vc_custom_heading text=&#8221;Xem D\u1ef1 \u00e1n c\u1ee7a Ch\u00fang t\u00f4i&#8221; font_container=&#8221;tag:h2|font_size:20px|text_align:center|color:%23ffffff&#8221; use_theme_fonts=&#8221;yes&#8221; css=&#8221;.vc_custom_1563648888832{padding-bottom: 20px !important;}&#8221;]\r<!-- radiantthemes-button -->\r<div class=\"radiantthemes-button hover-style-one  \" id=\"button\" data-button-direction=\"center\" data-button-fullwidth=\"false\" ><a style=\"\" class=\"radiantthemes-button-main\" href=\"\/vi\/projects\/\"  title=\"\" target=\"_self\"><div class=\"placeholder\">D\u1ef1 \u00c1n<\/div><\/a><\/div>\r<!-- radiantthemes-button -->\r[\/vc_column][vc_column width=&#8221;1\/2&#8243; css=&#8221;.vc_custom_1563648878437{padding-top: 80px !important;padding-bottom: 130px !important;padding-left: 0px !important;background-image: url(https:\/\/ats.com.vn\/wp-content\/uploads\/2019\/06\/pg-09@2x.png?id=3493) !important;background-position: center !important;background-repeat: no-repeat !important;background-size: cover !important;}&#8221; el_id=&#8221;client-btn&#8221; el_class=&#8221;btn-right&#8221;][vc_custom_heading text=&#8221;Li\u00ean h\u1ec7 Ch\u00fang t\u00f4i&#8221; font_container=&#8221;tag:h2|font_size:20px|text_align:center|color:%23ffffff&#8221; use_theme_fonts=&#8221;yes&#8221; css=&#8221;.vc_custom_1563648905438{padding-bottom: 20px !important;}&#8221;]\r<!-- radiantthemes-button -->\r<div class=\"radiantthemes-button hover-style-one  \"  data-button-direction=\"center\" data-button-fullwidth=\"false\" ><a style=\"\" class=\"radiantthemes-button-main\" href=\"\/vi\/contact\/\"  title=\"\" target=\"_self\"><div class=\"placeholder\">Li\u00ean H\u1ec7<\/div><\/a><\/div>\r<!-- radiantthemes-button -->\r[\/vc_column][\/vc_row][\/vc_section][vc_row el_id=&#8221;popup&#8221;][vc_column][vc_raw_html]JTNDZGl2JTIwaWQlM0QlMjJpZDAxJTIyJTIwY2xhc3MlM0QlMjJtb2RhbCUyMiUzRSUwQSUyMCUyMCUwQSUyMCUyMCUzQ2Zvcm0lMjBjbGFzcyUzRCUyMm1vZGFsLWNvbnRlbnQlMjBhbmltYXRlJTIyJTIwYWN0aW9uJTNEJTIyJTJGYWN0aW9uX3BhZ2UucGhwJTIyJTNFJTBBJTIwJTIwJTIwJTIwJTNDZGl2JTIwY2xhc3MlM0QlMjJpbWdjb250YWluZXIlMjIlM0UlMEElMjAlMjAlMjAlMjAlMjAlMjAlM0NzcGFuJTIwb25jbGljayUzRCUyMmRvY3VtZW50LmdldEVsZW1lbnRCeUlkJTI4JTI3aWQwMSUyNyUyOS5zdHlsZS5kaXNwbGF5JTNEJTI3bm9uZSUyNyUyMiUyMGNsYXNzJTNEJTIyY2xvc2UlMjIlMjB0aXRsZSUzRCUyMkNsb3NlJTIwTW9kYWwlMjIlM0UlMjZ0aW1lcyUzQiUzQyUyRnNwYW4lM0UlMEElM0NvYmplY3QlMjBkYXRhJTNEJTIyJTJGd3AtY29udGVudCUyRnVwbG9hZHMlMkYyMDE5JTJGMDYlMkZBVFMtU29sdXRpb24tJTQwTWljcm8tR3JpZC12ZXIxOTAyMTgucGRmJTIzdmlldyUzREZpdCUyMiUyMHR5cGUlM0QlMjJhcHBsaWNhdGlvbiUyRnBkZiUyMiUyMHdpZHRoJTNEJTIyMTAwJTI1JTIyJTIwaGVpZ2h0JTNEJTIyMTAwMHB4JTIyJTNFJTBBJTIwJTIwJTIwJTBBJTNDJTJGb2JqZWN0JTNFJTBBJTIwJTIwJTIwJTIwJTNDJTJGZGl2JTNFJTBBJTIwJTIwJTIwJTIwJTBBJTIwJTIwJTNDJTJGZm9ybSUzRSUwQSUzQyUyRmRpdiUzRQ==[\/vc_raw_html][vc_raw_js]JTNDc2NyaXB0JTNFJTBBJTJGJTJGJTIwR2V0JTIwdGhlJTIwbW9kYWwlMEF2YXIlMjBtb2RhbCUyMCUzRCUyMGRvY3VtZW50LmdldEVsZW1lbnRCeUlkJTI4JTI3aWQwMSUyNyUyOSUzQiUwQSUwQSUyRiUyRiUyMFdoZW4lMjB0aGUlMjB1c2VyJTIwY2xpY2tzJTIwYW55d2hlcmUlMjBvdXRzaWRlJTIwb2YlMjB0aGUlMjBtb2RhbCUyQyUyMGNsb3NlJTIwaXQlMEF3aW5kb3cub25jbGljayUyMCUzRCUyMGZ1bmN0aW9uJTI4ZXZlbnQlMjklMjAlN0IlMEElMjAlMjAlMjAlMjBpZiUyMCUyOGV2ZW50LnRhcmdldCUyMCUzRCUzRCUyMG1vZGFsJTI5JTIwJTdCJTBBJTIwJTIwJTIwJTIwJTIwJTIwJTIwJTIwbW9kYWwuc3R5bGUuZGlzcGxheSUyMCUzRCUyMCUyMm5vbmUlMjIlM0IlMEElMjAlMjAlMjAlMjAlN0QlMEElN0QlMEElM0MlMkZzY3JpcHQlM0U=[\/vc_raw_js][\/vc_column][\/vc_row]<\/p>\n","protected":false},"excerpt":{"rendered":"<p>[vc_section][vc_row][vc_column css=&#8221;.vc_custom_1563867641890{margin-bottom: -30px !important;}&#8221;][rev_slider_vc alias=&#8221;operation-vi&#8221;][\/vc_column][\/vc_row][\/vc_section][vc_section full_width=&#8221;stretch_row&#8221; css=&#8221;.vc_custom_1563550072726{padding-top: 0px !important;}&#8221;][vc_row full_width=&#8221;stretch_row&#8221; el_id=&#8221;txt-content&#8221; css=&#8221;.vc_custom_1564029119274{padding-bottom: 10px !important;}&#8221;][vc_column width=&#8221;1\/4&#8243;][vc_custom_heading text=&#8221;@OCC&#8221; font_container=&#8221;tag:h2|font_size:30px|text_align:right|color:%23005aaa&#8221; use_theme_fonts=&#8221;yes&#8221; css=&#8221;.vc_custom_1563648835224{padding-top: 10px !important;padding-right: 10px !important;padding-bottom: 10px !important;}&#8221; el_class=&#8221;occ&#8221;][\/vc_column][vc_column width=&#8221;3\/4&#8243; el_class=&#8221;btn-right&#8221; css=&#8221;.vc_custom_1564048198301{margin-left: 10px !important;padding-bottom: 30px !important;}&#8221;][vc_custom_heading text=&#8221;Gi\u1ea3i ph\u00e1p Thu th\u1eadp v\u00e0 X\u1eed l\u00fd D\u1eef li\u1ec7u OCC cho Qu\u1ea3n l\u00fd V\u1eadn h\u00e0nh L\u01b0\u1edbi \u0111i\u1ec7n v\u00e0 Nh\u00e0 m\u00e1y \u0110i\u1ec7n.&#8221; font_container=&#8221;tag:h3|font_size:20px|text_align:left|color:%234a4a4a|line_height:28px&#8221; [&hellip;]<\/p>\n","protected":false},"author":2,"featured_media":0,"parent":0,"menu_order":0,"comment_status":"closed","ping_status":"closed","template":"","meta":{"footnotes":"","_links_to":"","_links_to_target":""},"class_list":["post-4113","page","type-page","status-publish","hentry"],"yoast_head":"<!-- This site is optimized with the Yoast SEO plugin v27.1.1 - https:\/\/yoast.com\/product\/yoast-seo-wordpress\/ -->\n<title>OCC - ATS JSC<\/title>\n<meta name=\"robots\" content=\"index, follow, max-snippet:-1, max-image-preview:large, max-video-preview:-1\" \/>\n<link rel=\"canonical\" href=\"https:\/\/ats.com.vn\/vi\/occ\/\" \/>\n<meta property=\"og:locale\" content=\"vi_VN\" \/>\n<meta property=\"og:type\" content=\"article\" \/>\n<meta property=\"og:title\" content=\"OCC - ATS JSC\" \/>\n<meta property=\"og:description\" content=\"[vc_section][vc_row][vc_column css=&#8221;.vc_custom_1563867641890{margin-bottom: -30px !important;}&#8221;][rev_slider_vc alias=&#8221;operation-vi&#8221;][\/vc_column][\/vc_row][\/vc_section][vc_section full_width=&#8221;stretch_row&#8221; css=&#8221;.vc_custom_1563550072726{padding-top: 0px !important;}&#8221;][vc_row full_width=&#8221;stretch_row&#8221; el_id=&#8221;txt-content&#8221; css=&#8221;.vc_custom_1564029119274{padding-bottom: 10px !important;}&#8221;][vc_column width=&#8221;1\/4&#8243;][vc_custom_heading text=&#8221;@OCC&#8221; font_container=&#8221;tag:h2|font_size:30px|text_align:right|color:%23005aaa&#8221; use_theme_fonts=&#8221;yes&#8221; css=&#8221;.vc_custom_1563648835224{padding-top: 10px !important;padding-right: 10px !important;padding-bottom: 10px !important;}&#8221; el_class=&#8221;occ&#8221;][\/vc_column][vc_column width=&#8221;3\/4&#8243; el_class=&#8221;btn-right&#8221; css=&#8221;.vc_custom_1564048198301{margin-left: 10px !important;padding-bottom: 30px !important;}&#8221;][vc_custom_heading text=&#8221;Gi\u1ea3i ph\u00e1p Thu th\u1eadp v\u00e0 X\u1eed l\u00fd D\u1eef li\u1ec7u OCC cho Qu\u1ea3n l\u00fd V\u1eadn h\u00e0nh L\u01b0\u1edbi \u0111i\u1ec7n v\u00e0 Nh\u00e0 m\u00e1y \u0110i\u1ec7n.&#8221; font_container=&#8221;tag:h3|font_size:20px|text_align:left|color:%234a4a4a|line_height:28px&#8221; [&hellip;]\" \/>\n<meta property=\"og:url\" content=\"https:\/\/ats.com.vn\/vi\/occ\/\" \/>\n<meta property=\"og:site_name\" content=\"ATS JSC\" \/>\n<meta property=\"article:modified_time\" content=\"2019-07-25T09:50:05+00:00\" \/>\n<meta name=\"twitter:card\" content=\"summary_large_image\" \/>\n<meta name=\"twitter:label1\" content=\"Est. reading time\" \/>\n\t<meta name=\"twitter:data1\" content=\"7 minutes\" \/>\n<script type=\"application\/ld+json\" class=\"yoast-schema-graph\">{\"@context\":\"https:\/\/schema.org\",\"@graph\":[{\"@type\":\"WebPage\",\"@id\":\"https:\/\/ats.com.vn\/vi\/occ\/\",\"url\":\"https:\/\/ats.com.vn\/vi\/occ\/\",\"name\":\"OCC - ATS JSC\",\"isPartOf\":{\"@id\":\"https:\/\/ats.com.vn\/#website\"},\"datePublished\":\"2019-06-12T10:29:59+00:00\",\"dateModified\":\"2019-07-25T09:50:05+00:00\",\"breadcrumb\":{\"@id\":\"https:\/\/ats.com.vn\/vi\/occ\/#breadcrumb\"},\"inLanguage\":\"vi\",\"potentialAction\":[{\"@type\":\"ReadAction\",\"target\":[\"https:\/\/ats.com.vn\/vi\/occ\/\"]}]},{\"@type\":\"BreadcrumbList\",\"@id\":\"https:\/\/ats.com.vn\/vi\/occ\/#breadcrumb\",\"itemListElement\":[{\"@type\":\"ListItem\",\"position\":1,\"name\":\"Home\",\"item\":\"https:\/\/ats.com.vn\/vi\/\"},{\"@type\":\"ListItem\",\"position\":2,\"name\":\"OCC\"}]},{\"@type\":\"WebSite\",\"@id\":\"https:\/\/ats.com.vn\/#website\",\"url\":\"https:\/\/ats.com.vn\/\",\"name\":\"ATS\",\"description\":\"Applied Technical Systems Joint Stock Company\",\"publisher\":{\"@id\":\"https:\/\/ats.com.vn\/#organization\"},\"potentialAction\":[{\"@type\":\"SearchAction\",\"target\":{\"@type\":\"EntryPoint\",\"urlTemplate\":\"https:\/\/ats.com.vn\/?s={search_term_string}\"},\"query-input\":{\"@type\":\"PropertyValueSpecification\",\"valueRequired\":true,\"valueName\":\"search_term_string\"}}],\"inLanguage\":\"vi\"},{\"@type\":\"Organization\",\"@id\":\"https:\/\/ats.com.vn\/#organization\",\"name\":\"Applied Technical Systems Join Stock Company\",\"url\":\"https:\/\/ats.com.vn\/\",\"logo\":{\"@type\":\"ImageObject\",\"inLanguage\":\"vi\",\"@id\":\"https:\/\/ats.com.vn\/#\/schema\/logo\/image\/\",\"url\":\"https:\/\/ats.com.vn\/medias\/2018\/06\/lgo1.jpg\",\"contentUrl\":\"https:\/\/ats.com.vn\/medias\/2018\/06\/lgo1.jpg\",\"width\":981,\"height\":488,\"caption\":\"Applied Technical Systems Join Stock Company\"},\"image\":{\"@id\":\"https:\/\/ats.com.vn\/#\/schema\/logo\/image\/\"},\"sameAs\":[\"https:\/\/www.linkedin.com\/company\/ats-jsc\",\"https:\/\/www.youtube.com\/user\/ATSMedia\"]}]}<\/script>\n<!-- \/ Yoast SEO plugin. -->","yoast_head_json":{"title":"OCC - ATS JSC","robots":{"index":"index","follow":"follow","max-snippet":"max-snippet:-1","max-image-preview":"max-image-preview:large","max-video-preview":"max-video-preview:-1"},"canonical":"https:\/\/ats.com.vn\/vi\/occ\/","og_locale":"vi_VN","og_type":"article","og_title":"OCC - ATS JSC","og_description":"[vc_section][vc_row][vc_column css=&#8221;.vc_custom_1563867641890{margin-bottom: -30px !important;}&#8221;][rev_slider_vc alias=&#8221;operation-vi&#8221;][\/vc_column][\/vc_row][\/vc_section][vc_section full_width=&#8221;stretch_row&#8221; css=&#8221;.vc_custom_1563550072726{padding-top: 0px !important;}&#8221;][vc_row full_width=&#8221;stretch_row&#8221; el_id=&#8221;txt-content&#8221; css=&#8221;.vc_custom_1564029119274{padding-bottom: 10px !important;}&#8221;][vc_column width=&#8221;1\/4&#8243;][vc_custom_heading text=&#8221;@OCC&#8221; font_container=&#8221;tag:h2|font_size:30px|text_align:right|color:%23005aaa&#8221; use_theme_fonts=&#8221;yes&#8221; css=&#8221;.vc_custom_1563648835224{padding-top: 10px !important;padding-right: 10px !important;padding-bottom: 10px !important;}&#8221; el_class=&#8221;occ&#8221;][\/vc_column][vc_column width=&#8221;3\/4&#8243; el_class=&#8221;btn-right&#8221; css=&#8221;.vc_custom_1564048198301{margin-left: 10px !important;padding-bottom: 30px !important;}&#8221;][vc_custom_heading text=&#8221;Gi\u1ea3i ph\u00e1p Thu th\u1eadp v\u00e0 X\u1eed l\u00fd D\u1eef li\u1ec7u OCC cho Qu\u1ea3n l\u00fd V\u1eadn h\u00e0nh L\u01b0\u1edbi \u0111i\u1ec7n v\u00e0 Nh\u00e0 m\u00e1y \u0110i\u1ec7n.&#8221; font_container=&#8221;tag:h3|font_size:20px|text_align:left|color:%234a4a4a|line_height:28px&#8221; [&hellip;]","og_url":"https:\/\/ats.com.vn\/vi\/occ\/","og_site_name":"ATS JSC","article_modified_time":"2019-07-25T09:50:05+00:00","twitter_card":"summary_large_image","twitter_misc":{"Est. reading time":"7 minutes"},"schema":{"@context":"https:\/\/schema.org","@graph":[{"@type":"WebPage","@id":"https:\/\/ats.com.vn\/vi\/occ\/","url":"https:\/\/ats.com.vn\/vi\/occ\/","name":"OCC - ATS JSC","isPartOf":{"@id":"https:\/\/ats.com.vn\/#website"},"datePublished":"2019-06-12T10:29:59+00:00","dateModified":"2019-07-25T09:50:05+00:00","breadcrumb":{"@id":"https:\/\/ats.com.vn\/vi\/occ\/#breadcrumb"},"inLanguage":"vi","potentialAction":[{"@type":"ReadAction","target":["https:\/\/ats.com.vn\/vi\/occ\/"]}]},{"@type":"BreadcrumbList","@id":"https:\/\/ats.com.vn\/vi\/occ\/#breadcrumb","itemListElement":[{"@type":"ListItem","position":1,"name":"Home","item":"https:\/\/ats.com.vn\/vi\/"},{"@type":"ListItem","position":2,"name":"OCC"}]},{"@type":"WebSite","@id":"https:\/\/ats.com.vn\/#website","url":"https:\/\/ats.com.vn\/","name":"ATS","description":"Applied Technical Systems Joint Stock Company","publisher":{"@id":"https:\/\/ats.com.vn\/#organization"},"potentialAction":[{"@type":"SearchAction","target":{"@type":"EntryPoint","urlTemplate":"https:\/\/ats.com.vn\/?s={search_term_string}"},"query-input":{"@type":"PropertyValueSpecification","valueRequired":true,"valueName":"search_term_string"}}],"inLanguage":"vi"},{"@type":"Organization","@id":"https:\/\/ats.com.vn\/#organization","name":"Applied Technical Systems Join Stock Company","url":"https:\/\/ats.com.vn\/","logo":{"@type":"ImageObject","inLanguage":"vi","@id":"https:\/\/ats.com.vn\/#\/schema\/logo\/image\/","url":"https:\/\/ats.com.vn\/medias\/2018\/06\/lgo1.jpg","contentUrl":"https:\/\/ats.com.vn\/medias\/2018\/06\/lgo1.jpg","width":981,"height":488,"caption":"Applied Technical Systems Join Stock Company"},"image":{"@id":"https:\/\/ats.com.vn\/#\/schema\/logo\/image\/"},"sameAs":["https:\/\/www.linkedin.com\/company\/ats-jsc","https:\/\/www.youtube.com\/user\/ATSMedia"]}]}},"_links":{"self":[{"href":"https:\/\/ats.com.vn\/vi\/wp-json\/wp\/v2\/pages\/4113","targetHints":{"allow":["GET"]}}],"collection":[{"href":"https:\/\/ats.com.vn\/vi\/wp-json\/wp\/v2\/pages"}],"about":[{"href":"https:\/\/ats.com.vn\/vi\/wp-json\/wp\/v2\/types\/page"}],"author":[{"embeddable":true,"href":"https:\/\/ats.com.vn\/vi\/wp-json\/wp\/v2\/users\/2"}],"replies":[{"embeddable":true,"href":"https:\/\/ats.com.vn\/vi\/wp-json\/wp\/v2\/comments?post=4113"}],"version-history":[{"count":22,"href":"https:\/\/ats.com.vn\/vi\/wp-json\/wp\/v2\/pages\/4113\/revisions"}],"predecessor-version":[{"id":6762,"href":"https:\/\/ats.com.vn\/vi\/wp-json\/wp\/v2\/pages\/4113\/revisions\/6762"}],"wp:attachment":[{"href":"https:\/\/ats.com.vn\/vi\/wp-json\/wp\/v2\/media?parent=4113"}],"curies":[{"name":"wp","href":"https:\/\/api.w.org\/{rel}","templated":true}]}}