{"id":4110,"date":"2019-06-12T09:43:52","date_gmt":"2019-06-12T09:43:52","guid":{"rendered":"https:\/\/ats.com.vn\/metering-information-system\/?lang=vi"},"modified":"2021-03-05T11:04:24","modified_gmt":"2021-03-05T04:04:24","slug":"do-dem","status":"publish","type":"page","link":"https:\/\/ats.com.vn\/vi\/do-dem\/","title":{"rendered":"Do Dem"},"content":{"rendered":"<p>[vc_section][vc_row][vc_column css=&#8221;.vc_custom_1563867827038{margin-bottom: -30px !important;}&#8221;][rev_slider_vc alias=&#8221;metering-vi&#8221;][\/vc_column][\/vc_row][\/vc_section][vc_section full_width=&#8221;stretch_row&#8221; css=&#8221;.vc_custom_1563549552585{padding-top: 0px !important;}&#8221;][vc_row full_width=&#8221;stretch_row&#8221; el_id=&#8221;txt-content&#8221;][vc_column width=&#8221;1\/4&#8243;][vc_custom_heading text=&#8221;@IMIS&#8221; font_container=&#8221;tag:h2|font_size:30px|text_align:right|color:%23005aaa&#8221; use_theme_fonts=&#8221;yes&#8221; css=&#8221;.vc_custom_1563648512098{padding-top: 10px !important;padding-right: 10px !important;padding-bottom: 10px !important;}&#8221; el_class=&#8221;line&#8221;][\/vc_column][vc_column width=&#8221;3\/4&#8243; el_class=&#8221;btn-right&#8221; css=&#8221;.vc_custom_1564048530677{margin-left: 10px !important;padding-top: 5px !important;padding-bottom: 30px !important;}&#8221;][vc_custom_heading text=&#8221;H\u1ec7 th\u1ed1ng T\u00edch h\u1ee3p Th\u00f4ng tin Qu\u1ea3n l\u00fd \u0110o \u0111\u1ebfm cho V\u1eadn h\u00e0nh v\u00e0 Kinh doanh \u0110i\u1ec7n n\u0103ng&#8221; font_container=&#8221;tag:h3|font_size:20px|text_align:left|color:%234a4a4a|line_height:28px&#8221; use_theme_fonts=&#8221;yes&#8221; css=&#8221;.vc_custom_1563549596294{margin-top: 0px !important;margin-bottom: 0px !important;padding-top: 0px !important;padding-bottom: 20px !important;}&#8221;][vc_column_text]@IMIS<sup>TM<\/sup> l\u00e0 m\u1ed9t H\u1ec7 th\u1ed1ng qu\u1ea3n l\u00fd d\u1eef li\u1ec7u \u0111o \u0111\u1ebfm th\u1ef1c hi\u1ec7n nhi\u1ec7m v\u1ee5 k\u1ebft n\u1ed1i c\u00e1c c\u00f4ng t\u01a1 \u0111i\u1ec7n t\u1eed t\u1ea1i c\u00e1c \u0111i\u1ec3m \u0111o, truy\u1ec1n d\u1eef li\u1ec7u \u0111o \u0111\u1ebfm v\u1ec1 t\u1eadp trung t\u1ea1i trung t\u00e2m d\u1eef li\u1ec7u, x\u1eed l\u00fd v\u00e0 l\u01b0u tr\u1eef c\u00e1c th\u00f4ng tin \u0111o \u0111\u1ebfm n\u00e0y. \u0110\u1ed3ng th\u1eddi, s\u1ea3n ph\u1ea9m n\u00e0y c\u00f2n cung c\u1ea5p c\u00e1c d\u1ecbch v\u1ee5 khai th\u00e1c d\u1eef li\u1ec7u ph\u00f9 h\u1ee3p cho t\u1eebng \u0111\u1ed1i t\u01b0\u1ee3ng s\u1eed d\u1ee5ng.[\/vc_column_text]\r<!-- radiantthemes-button -->\r<div class=\"radiantthemes-button hover-style-one  \"  data-button-direction=\"left\" data-button-fullwidth=\"false\" ><a style=\"\" class=\"radiantthemes-button-main\" href=\"http:\/\/ats.com.vn\/medias\/medias\/2023\/04\/ATS-Profile_ver240404_VIE.pdf\"  title=\"\" target=\"_self\"><div class=\"placeholder\">T\u00e0i li\u1ec7u S\u1ea3n ph\u1ea9m<\/div><\/a><\/div>\r<!-- radiantthemes-button -->\r[\/vc_column][\/vc_row][\/vc_section][vc_section full_width=&#8221;stretch_row&#8221; css=&#8221;.vc_custom_1562398363103{padding-top: 50px !important;padding-bottom: 50px !important;background-color: #f5f5f5 !important;}&#8221;][vc_row][vc_column][vc_custom_heading text=&#8221;GI\u1ea2I PH\u00c1P T\u00cdCH H\u1ee2P CHO QU\u1ea2N L\u00dd D\u1eee LI\u1ec6U&#8221; font_container=&#8221;tag:h2|font_size:30px|text_align:center|color:%23005aaa&#8221; use_theme_fonts=&#8221;yes&#8221; css=&#8221;.vc_custom_1563549730736{padding-bottom: 20px !important;}&#8221;][vc_single_image image=&#8221;4600&#8243; alignment=&#8221;center&#8221;][\/vc_column][\/vc_row][vc_row][vc_column width=&#8221;1\/3&#8243; css=&#8221;.vc_custom_1561718494774{border-right-width: 1px !important;border-right-color: #d2d2d2 !important;border-right-style: solid !important;}&#8221;]\r<!-- fancy-text-box -->\r<div class=\"rt-fancy-text-box element-three  \" ><div class=\"holder matchHeight \"><div class=\"icon\"><img loading=\"lazy\" decoding=\"async\" width=\"60\" height=\"62\" src=\"https:\/\/ats.com.vn\/medias\/2019\/06\/settings-gear.png\" class=\"attachment-full size-full\" alt=\"\" \/><\/div><div class=\"heading\"><p class=\"title\">Thu th\u1eadp D\u1eef li\u1ec7u t\u1eeb<\/p><\/div><div class=\"content\"><p>Nhi\u1ec1u \u0110i\u1ec3m Thi\u1ebft b\u1ecb<\/p><\/div><\/div><\/div>\r<!-- fancy-text-box -->\r[\/vc_column][vc_column width=&#8221;1\/3&#8243; el_id=&#8221;border&#8221; css=&#8221;.vc_custom_1561718501426{border-right-width: 1px !important;border-right-color: #d2d2d2 !important;border-right-style: solid !important;}&#8221;]\r<!-- fancy-text-box -->\r<div class=\"rt-fancy-text-box element-three  \" ><div class=\"holder matchHeight \"><div class=\"icon\"><img loading=\"lazy\" decoding=\"async\" width=\"43\" height=\"63\" src=\"https:\/\/ats.com.vn\/medias\/2019\/06\/double-tap.png\" class=\"attachment-full size-full\" alt=\"\" \/><\/div><div class=\"heading\"><p class=\"title\">Nhi\u1ec1u \u0110i\u1ec3m Truy c\u1eadp<\/p><\/div><div class=\"content\"><p>D\u1eef li\u1ec7u<\/p><\/div><\/div><\/div>\r<!-- fancy-text-box -->\r[\/vc_column][vc_column width=&#8221;1\/3&#8243;]\r<!-- fancy-text-box -->\r<div class=\"rt-fancy-text-box element-three  \" ><div class=\"holder matchHeight  vc_custom_1563549807738\"><div class=\"icon\"><img loading=\"lazy\" decoding=\"async\" width=\"69\" height=\"66\" src=\"https:\/\/ats.com.vn\/medias\/2019\/06\/ic-machine.png\" class=\"attachment-full size-full\" alt=\"\" \/><\/div><div class=\"heading\"><p class=\"title\">Nhi\u1ec1u \u1ee8ng d\u1ee5ng Khai th\u00e1c<\/p><\/div><div class=\"content\"><p>D\u1eef li\u1ec7u<\/p><\/div><\/div><\/div>\r<!-- fancy-text-box -->\r[\/vc_column][\/vc_row][\/vc_section][vc_section css=&#8221;.vc_custom_1562925082180{padding-top: 50px !important;padding-bottom: 50px !important;}&#8221;][vc_row css=&#8221;.vc_custom_1562837696493{margin-bottom: 30px !important;padding-top: 300px !important;padding-bottom: 300px !important;background-image: url(https:\/\/ats.com.vn\/wp-content\/uploads\/2019\/06\/integated.jpg?id=3797) !important;background-position: center !important;background-repeat: no-repeat !important;background-size: contain !important;}&#8221;][vc_column css=&#8221;.vc_custom_1560329599431{padding-bottom: 30px !important;}&#8221;][\/vc_column][\/vc_row][\/vc_section][vc_section full_width=&#8221;stretch_row&#8221; el_id=&#8221;txt-content&#8221; css=&#8221;.vc_custom_1562925117878{padding-top: 30px !important;padding-bottom: 30px !important;background-color: #f5f5f5 !important;}&#8221;][vc_row][vc_column][vc_custom_heading text=&#8221;\u0110\u1eb7c t\u00ednh &amp; Ch\u1ee9c n\u0103ng Ti\u00eau bi\u1ec3u&#8221; font_container=&#8221;tag:h3|font_size:25px|text_align:left|color:%23005aaa&#8221; use_theme_fonts=&#8221;yes&#8221; css=&#8221;.vc_custom_1563648621064{padding-bottom: 10px !important;}&#8221;][vc_single_image image=&#8221;4600&#8243;][\/vc_column][\/vc_row][vc_row][vc_column][vc_column_text css=&#8221;.vc_custom_1562925197287{margin-top: -40px !important;}&#8221;]<\/p>\n<ul>\n<li>H\u1ec7 th\u1ed1ng c\u00f3 kh\u1ea3 n\u0103ng thu th\u1eadp d\u1eef li\u1ec7u t\u1ea1i c\u00e1c \u0111i\u1ec3m \u0111o t\u1eadp trung ho\u1eb7c ph\u00e2n t\u00e1n<\/li>\n<li>H\u1ec7 th\u1ed1ng h\u1ed7 tr\u1ee3 k\u1ebft n\u1ed1i nhi\u1ec1u lo\u1ea1i \u0111\u01b0\u1eddng truy\u1ec1n kh\u00e1c nhau<\/li>\n<li>H\u1ec7 th\u1ed1ng c\u00f3 kh\u1ea3 n\u0103ng k\u1ebft n\u1ed1i nhi\u1ec1u lo\u1ea1i c\u00f4ng t\u01a1, kh\u00f4ng ph\u1ee5 thu\u1ed9c h\u00e3ng s\u1ea3n xu\u1ea5t<\/li>\n<li>C\u00e1c \u1ee9ng d\u1ee5ng khai th\u00e1c d\u1eef li\u1ec7u phong ph\u00fa, \u0111a d\u1ea1ng, \u0111\u00e1p \u1ee9ng m\u1ecdi nhu c\u1ea7u c\u1ee7a kh\u00e1ch h\u00e0ng<\/li>\n<li>H\u1ed7 tr\u1ee3 truy c\u1eadp, khai th\u00e1c \u0111i\u1ec3m \u0111o m\u1ecdi l\u00fac m\u1ecdi n\u01a1i v\u1edbi c\u00e1c thi\u1ebft b\u1ecb s\u1ed1: m\u00e1y t\u00ednh b\u1ea3ng, \u0111i\u1ec7n tho\u1ea1i th\u00f4ng minh, vv.<\/li>\n<\/ul>\n<p>[\/vc_column_text][\/vc_column][\/vc_row][\/vc_section][vc_section full_width=&#8221;stretch_row_content&#8221; css=&#8221;.vc_custom_1562837677571{margin-top: -40px !important;}&#8221;][vc_row][vc_column width=&#8221;1\/2&#8243; css=&#8221;.vc_custom_1563648550424{padding-top: 80px !important;padding-bottom: 130px !important;padding-left: 0px !important;background-image: url(https:\/\/ats.com.vn\/wp-content\/uploads\/2019\/06\/link-our-history@2x.png?id=3492) !important;background-position: center !important;background-repeat: no-repeat !important;background-size: cover !important;}&#8221; el_class=&#8221;btn-left&#8221; el_id=&#8221;btn-left&#8221;][vc_custom_heading text=&#8221;Xem D\u1ef1 \u00e1n c\u1ee7a Ch\u00fang t\u00f4i&#8221; font_container=&#8221;tag:h2|font_size:20px|text_align:center|color:%23ffffff&#8221; use_theme_fonts=&#8221;yes&#8221; css=&#8221;.vc_custom_1563648571455{padding-bottom: 20px !important;}&#8221;]\r<!-- radiantthemes-button -->\r<div class=\"radiantthemes-button hover-style-one  \" id=\"button\" data-button-direction=\"center\" data-button-fullwidth=\"false\" ><a style=\"\" class=\"radiantthemes-button-main\" href=\"\/vi\/projects\/\"  title=\"\" target=\"_self\"><div class=\"placeholder\">D\u1ef1 \u00c1n<\/div><\/a><\/div>\r<!-- radiantthemes-button -->\r[\/vc_column][vc_column width=&#8221;1\/2&#8243; css=&#8221;.vc_custom_1563648558258{padding-top: 80px !important;padding-bottom: 130px !important;padding-left: 0px !important;background-image: url(https:\/\/ats.com.vn\/wp-content\/uploads\/2019\/06\/pg-09@2x.png?id=3493) !important;background-position: center !important;background-repeat: no-repeat !important;background-size: cover !important;}&#8221; el_id=&#8221;client-btn&#8221; el_class=&#8221;btn-right&#8221;][vc_custom_heading text=&#8221;Li\u00ean h\u1ec7 Ch\u00fang t\u00f4i&#8221; font_container=&#8221;tag:h2|font_size:20px|text_align:center|color:%23ffffff&#8221; use_theme_fonts=&#8221;yes&#8221; css=&#8221;.vc_custom_1563648588408{padding-bottom: 20px !important;}&#8221;]\r<!-- radiantthemes-button -->\r<div class=\"radiantthemes-button hover-style-one  \"  data-button-direction=\"center\" data-button-fullwidth=\"false\" ><a style=\"\" class=\"radiantthemes-button-main\" href=\"\/vi\/contact\/\"  title=\"\" target=\"_self\"><div class=\"placeholder\">Li\u00ean H\u1ec7<\/div><\/a><\/div>\r<!-- radiantthemes-button -->\r[\/vc_column][\/vc_row][\/vc_section][vc_row el_id=&#8221;popup&#8221;][vc_column][vc_raw_html]JTNDZGl2JTIwaWQlM0QlMjJpZDAxJTIyJTIwY2xhc3MlM0QlMjJtb2RhbCUyMiUzRSUwQSUyMCUyMCUwQSUyMCUyMCUzQ2Zvcm0lMjBjbGFzcyUzRCUyMm1vZGFsLWNvbnRlbnQlMjBhbmltYXRlJTIyJTIwYWN0aW9uJTNEJTIyJTJGYWN0aW9uX3BhZ2UucGhwJTIyJTNFJTBBJTIwJTIwJTIwJTIwJTNDZGl2JTIwY2xhc3MlM0QlMjJpbWdjb250YWluZXIlMjIlM0UlMEElMjAlMjAlMjAlMjAlMjAlMjAlM0NzcGFuJTIwb25jbGljayUzRCUyMmRvY3VtZW50LmdldEVsZW1lbnRCeUlkJTI4JTI3aWQwMSUyNyUyOS5zdHlsZS5kaXNwbGF5JTNEJTI3bm9uZSUyNyUyMiUyMGNsYXNzJTNEJTIyY2xvc2UlMjIlMjB0aXRsZSUzRCUyMkNsb3NlJTIwTW9kYWwlMjIlM0UlMjZ0aW1lcyUzQiUzQyUyRnNwYW4lM0UlMEElM0NvYmplY3QlMjBkYXRhJTNEJTIyJTJGd3AtY29udGVudCUyRnVwbG9hZHMlMkYyMDE5JTJGMDYlMkZBVFMtU29sdXRpb24tJTQwTWljcm8tR3JpZC12ZXIxOTAyMTgucGRmJTIzdmlldyUzREZpdCUyMiUyMHR5cGUlM0QlMjJhcHBsaWNhdGlvbiUyRnBkZiUyMiUyMHdpZHRoJTNEJTIyMTAwJTI1JTIyJTIwaGVpZ2h0JTNEJTIyMTAwMHB4JTIyJTNFJTBBJTIwJTIwJTIwJTBBJTNDJTJGb2JqZWN0JTNFJTBBJTIwJTIwJTIwJTIwJTNDJTJGZGl2JTNFJTBBJTIwJTIwJTIwJTIwJTBBJTIwJTIwJTNDJTJGZm9ybSUzRSUwQSUzQyUyRmRpdiUzRQ==[\/vc_raw_html][vc_raw_js]JTNDc2NyaXB0JTNFJTBBJTJGJTJGJTIwR2V0JTIwdGhlJTIwbW9kYWwlMEF2YXIlMjBtb2RhbCUyMCUzRCUyMGRvY3VtZW50LmdldEVsZW1lbnRCeUlkJTI4JTI3aWQwMSUyNyUyOSUzQiUwQSUwQSUyRiUyRiUyMFdoZW4lMjB0aGUlMjB1c2VyJTIwY2xpY2tzJTIwYW55d2hlcmUlMjBvdXRzaWRlJTIwb2YlMjB0aGUlMjBtb2RhbCUyQyUyMGNsb3NlJTIwaXQlMEF3aW5kb3cub25jbGljayUyMCUzRCUyMGZ1bmN0aW9uJTI4ZXZlbnQlMjklMjAlN0IlMEElMjAlMjAlMjAlMjBpZiUyMCUyOGV2ZW50LnRhcmdldCUyMCUzRCUzRCUyMG1vZGFsJTI5JTIwJTdCJTBBJTIwJTIwJTIwJTIwJTIwJTIwJTIwJTIwbW9kYWwuc3R5bGUuZGlzcGxheSUyMCUzRCUyMCUyMm5vbmUlMjIlM0IlMEElMjAlMjAlMjAlMjAlN0QlMEElN0QlMEElM0MlMkZzY3JpcHQlM0U=[\/vc_raw_js][\/vc_column][\/vc_row]<\/p>\n","protected":false},"excerpt":{"rendered":"<p>[vc_section][vc_row][vc_column css=&#8221;.vc_custom_1563867827038{margin-bottom: -30px !important;}&#8221;][rev_slider_vc alias=&#8221;metering-vi&#8221;][\/vc_column][\/vc_row][\/vc_section][vc_section full_width=&#8221;stretch_row&#8221; css=&#8221;.vc_custom_1563549552585{padding-top: 0px !important;}&#8221;][vc_row full_width=&#8221;stretch_row&#8221; el_id=&#8221;txt-content&#8221;][vc_column width=&#8221;1\/4&#8243;][vc_custom_heading text=&#8221;@IMIS&#8221; font_container=&#8221;tag:h2|font_size:30px|text_align:right|color:%23005aaa&#8221; use_theme_fonts=&#8221;yes&#8221; css=&#8221;.vc_custom_1563648512098{padding-top: 10px !important;padding-right: 10px !important;padding-bottom: 10px !important;}&#8221; el_class=&#8221;line&#8221;][\/vc_column][vc_column width=&#8221;3\/4&#8243; el_class=&#8221;btn-right&#8221; css=&#8221;.vc_custom_1564048530677{margin-left: 10px !important;padding-top: 5px !important;padding-bottom: 30px !important;}&#8221;][vc_custom_heading text=&#8221;H\u1ec7 th\u1ed1ng T\u00edch h\u1ee3p Th\u00f4ng tin Qu\u1ea3n l\u00fd \u0110o \u0111\u1ebfm cho V\u1eadn h\u00e0nh v\u00e0 Kinh doanh \u0110i\u1ec7n n\u0103ng&#8221; font_container=&#8221;tag:h3|font_size:20px|text_align:left|color:%234a4a4a|line_height:28px&#8221; use_theme_fonts=&#8221;yes&#8221; css=&#8221;.vc_custom_1563549596294{margin-top: 0px !important;margin-bottom: [&hellip;]<\/p>\n","protected":false},"author":2,"featured_media":0,"parent":0,"menu_order":0,"comment_status":"closed","ping_status":"closed","template":"","meta":{"footnotes":"","_links_to":"","_links_to_target":""},"class_list":["post-4110","page","type-page","status-publish","hentry"],"yoast_head":"<!-- This site is optimized with the Yoast SEO plugin v27.1.1 - https:\/\/yoast.com\/product\/yoast-seo-wordpress\/ -->\n<title>Do Dem - ATS JSC<\/title>\n<meta name=\"robots\" content=\"index, follow, max-snippet:-1, max-image-preview:large, max-video-preview:-1\" \/>\n<link rel=\"canonical\" href=\"https:\/\/ats.com.vn\/vi\/do-dem\/\" \/>\n<meta property=\"og:locale\" content=\"vi_VN\" \/>\n<meta property=\"og:type\" content=\"article\" \/>\n<meta property=\"og:title\" content=\"Do Dem - ATS JSC\" \/>\n<meta property=\"og:description\" content=\"[vc_section][vc_row][vc_column css=&#8221;.vc_custom_1563867827038{margin-bottom: -30px !important;}&#8221;][rev_slider_vc alias=&#8221;metering-vi&#8221;][\/vc_column][\/vc_row][\/vc_section][vc_section full_width=&#8221;stretch_row&#8221; css=&#8221;.vc_custom_1563549552585{padding-top: 0px !important;}&#8221;][vc_row full_width=&#8221;stretch_row&#8221; el_id=&#8221;txt-content&#8221;][vc_column width=&#8221;1\/4&#8243;][vc_custom_heading text=&#8221;@IMIS&#8221; font_container=&#8221;tag:h2|font_size:30px|text_align:right|color:%23005aaa&#8221; use_theme_fonts=&#8221;yes&#8221; css=&#8221;.vc_custom_1563648512098{padding-top: 10px !important;padding-right: 10px !important;padding-bottom: 10px !important;}&#8221; el_class=&#8221;line&#8221;][\/vc_column][vc_column width=&#8221;3\/4&#8243; el_class=&#8221;btn-right&#8221; css=&#8221;.vc_custom_1564048530677{margin-left: 10px !important;padding-top: 5px !important;padding-bottom: 30px !important;}&#8221;][vc_custom_heading text=&#8221;H\u1ec7 th\u1ed1ng T\u00edch h\u1ee3p Th\u00f4ng tin Qu\u1ea3n l\u00fd \u0110o \u0111\u1ebfm cho V\u1eadn h\u00e0nh v\u00e0 Kinh doanh \u0110i\u1ec7n n\u0103ng&#8221; font_container=&#8221;tag:h3|font_size:20px|text_align:left|color:%234a4a4a|line_height:28px&#8221; use_theme_fonts=&#8221;yes&#8221; css=&#8221;.vc_custom_1563549596294{margin-top: 0px !important;margin-bottom: [&hellip;]\" \/>\n<meta property=\"og:url\" content=\"https:\/\/ats.com.vn\/vi\/do-dem\/\" \/>\n<meta property=\"og:site_name\" content=\"ATS JSC\" \/>\n<meta property=\"article:modified_time\" content=\"2021-03-05T04:04:24+00:00\" \/>\n<meta name=\"twitter:card\" content=\"summary_large_image\" \/>\n<meta name=\"twitter:label1\" content=\"Est. reading time\" \/>\n\t<meta name=\"twitter:data1\" content=\"6 minutes\" \/>\n<script type=\"application\/ld+json\" class=\"yoast-schema-graph\">{\"@context\":\"https:\/\/schema.org\",\"@graph\":[{\"@type\":\"WebPage\",\"@id\":\"https:\/\/ats.com.vn\/vi\/do-dem\/\",\"url\":\"https:\/\/ats.com.vn\/vi\/do-dem\/\",\"name\":\"Do Dem - ATS JSC\",\"isPartOf\":{\"@id\":\"https:\/\/ats.com.vn\/#website\"},\"datePublished\":\"2019-06-12T09:43:52+00:00\",\"dateModified\":\"2021-03-05T04:04:24+00:00\",\"breadcrumb\":{\"@id\":\"https:\/\/ats.com.vn\/vi\/do-dem\/#breadcrumb\"},\"inLanguage\":\"vi\",\"potentialAction\":[{\"@type\":\"ReadAction\",\"target\":[\"https:\/\/ats.com.vn\/vi\/do-dem\/\"]}]},{\"@type\":\"BreadcrumbList\",\"@id\":\"https:\/\/ats.com.vn\/vi\/do-dem\/#breadcrumb\",\"itemListElement\":[{\"@type\":\"ListItem\",\"position\":1,\"name\":\"Home\",\"item\":\"https:\/\/ats.com.vn\/vi\/\"},{\"@type\":\"ListItem\",\"position\":2,\"name\":\"Do Dem\"}]},{\"@type\":\"WebSite\",\"@id\":\"https:\/\/ats.com.vn\/#website\",\"url\":\"https:\/\/ats.com.vn\/\",\"name\":\"ATS\",\"description\":\"Applied Technical Systems Joint Stock Company\",\"publisher\":{\"@id\":\"https:\/\/ats.com.vn\/#organization\"},\"potentialAction\":[{\"@type\":\"SearchAction\",\"target\":{\"@type\":\"EntryPoint\",\"urlTemplate\":\"https:\/\/ats.com.vn\/?s={search_term_string}\"},\"query-input\":{\"@type\":\"PropertyValueSpecification\",\"valueRequired\":true,\"valueName\":\"search_term_string\"}}],\"inLanguage\":\"vi\"},{\"@type\":\"Organization\",\"@id\":\"https:\/\/ats.com.vn\/#organization\",\"name\":\"Applied Technical Systems Join Stock Company\",\"url\":\"https:\/\/ats.com.vn\/\",\"logo\":{\"@type\":\"ImageObject\",\"inLanguage\":\"vi\",\"@id\":\"https:\/\/ats.com.vn\/#\/schema\/logo\/image\/\",\"url\":\"https:\/\/ats.com.vn\/medias\/2018\/06\/lgo1.jpg\",\"contentUrl\":\"https:\/\/ats.com.vn\/medias\/2018\/06\/lgo1.jpg\",\"width\":981,\"height\":488,\"caption\":\"Applied Technical Systems Join Stock Company\"},\"image\":{\"@id\":\"https:\/\/ats.com.vn\/#\/schema\/logo\/image\/\"},\"sameAs\":[\"https:\/\/www.linkedin.com\/company\/ats-jsc\",\"https:\/\/www.youtube.com\/user\/ATSMedia\"]}]}<\/script>\n<!-- \/ Yoast SEO plugin. -->","yoast_head_json":{"title":"Do Dem - ATS JSC","robots":{"index":"index","follow":"follow","max-snippet":"max-snippet:-1","max-image-preview":"max-image-preview:large","max-video-preview":"max-video-preview:-1"},"canonical":"https:\/\/ats.com.vn\/vi\/do-dem\/","og_locale":"vi_VN","og_type":"article","og_title":"Do Dem - ATS JSC","og_description":"[vc_section][vc_row][vc_column css=&#8221;.vc_custom_1563867827038{margin-bottom: -30px !important;}&#8221;][rev_slider_vc alias=&#8221;metering-vi&#8221;][\/vc_column][\/vc_row][\/vc_section][vc_section full_width=&#8221;stretch_row&#8221; css=&#8221;.vc_custom_1563549552585{padding-top: 0px !important;}&#8221;][vc_row full_width=&#8221;stretch_row&#8221; el_id=&#8221;txt-content&#8221;][vc_column width=&#8221;1\/4&#8243;][vc_custom_heading text=&#8221;@IMIS&#8221; font_container=&#8221;tag:h2|font_size:30px|text_align:right|color:%23005aaa&#8221; use_theme_fonts=&#8221;yes&#8221; css=&#8221;.vc_custom_1563648512098{padding-top: 10px !important;padding-right: 10px !important;padding-bottom: 10px !important;}&#8221; el_class=&#8221;line&#8221;][\/vc_column][vc_column width=&#8221;3\/4&#8243; el_class=&#8221;btn-right&#8221; css=&#8221;.vc_custom_1564048530677{margin-left: 10px !important;padding-top: 5px !important;padding-bottom: 30px !important;}&#8221;][vc_custom_heading text=&#8221;H\u1ec7 th\u1ed1ng T\u00edch h\u1ee3p Th\u00f4ng tin Qu\u1ea3n l\u00fd \u0110o \u0111\u1ebfm cho V\u1eadn h\u00e0nh v\u00e0 Kinh doanh \u0110i\u1ec7n n\u0103ng&#8221; font_container=&#8221;tag:h3|font_size:20px|text_align:left|color:%234a4a4a|line_height:28px&#8221; use_theme_fonts=&#8221;yes&#8221; css=&#8221;.vc_custom_1563549596294{margin-top: 0px !important;margin-bottom: [&hellip;]","og_url":"https:\/\/ats.com.vn\/vi\/do-dem\/","og_site_name":"ATS JSC","article_modified_time":"2021-03-05T04:04:24+00:00","twitter_card":"summary_large_image","twitter_misc":{"Est. reading time":"6 minutes"},"schema":{"@context":"https:\/\/schema.org","@graph":[{"@type":"WebPage","@id":"https:\/\/ats.com.vn\/vi\/do-dem\/","url":"https:\/\/ats.com.vn\/vi\/do-dem\/","name":"Do Dem - ATS JSC","isPartOf":{"@id":"https:\/\/ats.com.vn\/#website"},"datePublished":"2019-06-12T09:43:52+00:00","dateModified":"2021-03-05T04:04:24+00:00","breadcrumb":{"@id":"https:\/\/ats.com.vn\/vi\/do-dem\/#breadcrumb"},"inLanguage":"vi","potentialAction":[{"@type":"ReadAction","target":["https:\/\/ats.com.vn\/vi\/do-dem\/"]}]},{"@type":"BreadcrumbList","@id":"https:\/\/ats.com.vn\/vi\/do-dem\/#breadcrumb","itemListElement":[{"@type":"ListItem","position":1,"name":"Home","item":"https:\/\/ats.com.vn\/vi\/"},{"@type":"ListItem","position":2,"name":"Do Dem"}]},{"@type":"WebSite","@id":"https:\/\/ats.com.vn\/#website","url":"https:\/\/ats.com.vn\/","name":"ATS","description":"Applied Technical Systems Joint Stock Company","publisher":{"@id":"https:\/\/ats.com.vn\/#organization"},"potentialAction":[{"@type":"SearchAction","target":{"@type":"EntryPoint","urlTemplate":"https:\/\/ats.com.vn\/?s={search_term_string}"},"query-input":{"@type":"PropertyValueSpecification","valueRequired":true,"valueName":"search_term_string"}}],"inLanguage":"vi"},{"@type":"Organization","@id":"https:\/\/ats.com.vn\/#organization","name":"Applied Technical Systems Join Stock Company","url":"https:\/\/ats.com.vn\/","logo":{"@type":"ImageObject","inLanguage":"vi","@id":"https:\/\/ats.com.vn\/#\/schema\/logo\/image\/","url":"https:\/\/ats.com.vn\/medias\/2018\/06\/lgo1.jpg","contentUrl":"https:\/\/ats.com.vn\/medias\/2018\/06\/lgo1.jpg","width":981,"height":488,"caption":"Applied Technical Systems Join Stock Company"},"image":{"@id":"https:\/\/ats.com.vn\/#\/schema\/logo\/image\/"},"sameAs":["https:\/\/www.linkedin.com\/company\/ats-jsc","https:\/\/www.youtube.com\/user\/ATSMedia"]}]}},"_links":{"self":[{"href":"https:\/\/ats.com.vn\/vi\/wp-json\/wp\/v2\/pages\/4110","targetHints":{"allow":["GET"]}}],"collection":[{"href":"https:\/\/ats.com.vn\/vi\/wp-json\/wp\/v2\/pages"}],"about":[{"href":"https:\/\/ats.com.vn\/vi\/wp-json\/wp\/v2\/types\/page"}],"author":[{"embeddable":true,"href":"https:\/\/ats.com.vn\/vi\/wp-json\/wp\/v2\/users\/2"}],"replies":[{"embeddable":true,"href":"https:\/\/ats.com.vn\/vi\/wp-json\/wp\/v2\/comments?post=4110"}],"version-history":[{"count":21,"href":"https:\/\/ats.com.vn\/vi\/wp-json\/wp\/v2\/pages\/4110\/revisions"}],"predecessor-version":[{"id":7534,"href":"https:\/\/ats.com.vn\/vi\/wp-json\/wp\/v2\/pages\/4110\/revisions\/7534"}],"wp:attachment":[{"href":"https:\/\/ats.com.vn\/vi\/wp-json\/wp\/v2\/media?parent=4110"}],"curies":[{"name":"wp","href":"https:\/\/api.w.org\/{rel}","templated":true}]}}