{"id":4106,"date":"2019-06-13T02:58:18","date_gmt":"2019-06-13T02:58:18","guid":{"rendered":"https:\/\/ats.com.vn\/forecasting\/?lang=vi"},"modified":"2021-03-05T11:09:44","modified_gmt":"2021-03-05T04:09:44","slug":"du-bao","status":"publish","type":"page","link":"https:\/\/ats.com.vn\/vi\/du-bao\/","title":{"rendered":"Du Bao"},"content":{"rendered":"<p>[vc_section][vc_row][vc_column css=&#8221;.vc_custom_1563867350316{margin-bottom: -20px !important;}&#8221;][rev_slider_vc alias=&#8221;forecasting-vi&#8221;][\/vc_column][\/vc_row][\/vc_section][vc_section css=&#8221;.vc_custom_1563557828296{padding-top: 0px !important;}&#8221; el_id=&#8221;software&#8221;][vc_row css=&#8221;.vc_custom_1562232408877{padding-bottom: 20px !important;}&#8221;][vc_column width=&#8221;1\/4&#8243; css=&#8221;.vc_custom_1562922924140{padding-top: 13px !important;background-position: center !important;background-repeat: no-repeat !important;background-size: cover !important;}&#8221;][vc_custom_heading text=&#8221;SmartLF&#8221; font_container=&#8221;tag:h2|font_size:30px|text_align:right|color:%23005aaa&#8221; use_theme_fonts=&#8221;yes&#8221; css=&#8221;.vc_custom_1563644865132{padding-right: 10px !important;padding-bottom: 30px !important;}&#8221;][\/vc_column][vc_column width=&#8221;3\/4&#8243; css=&#8221;.vc_custom_1564066772087{margin-left: 10px !important;padding-bottom: 30px !important;}&#8221;][vc_custom_heading text=&#8221;Ph\u1ea7n m\u1ec1m D\u1ef1 b\u00e1o Ph\u1ee5 t\u1ea3i&#8221; font_container=&#8221;tag:h3|font_size:20px|text_align:left|color:%234a4a4a&#8221; use_theme_fonts=&#8221;yes&#8221; css=&#8221;.vc_custom_1562232628199{margin-top: 0px !important;margin-bottom: 0px !important;padding-top: 0px !important;padding-bottom: 10px !important;}&#8221;][vc_column_text css=&#8221;.vc_custom_1562923023120{margin-bottom: 15px !important;}&#8221;]SmartLF<sup>TM<\/sup> l\u00e0 ph\u1ea7n m\u1ec1m d\u1ef1 b\u00e1o ph\u1ee5 t\u1ea3i d\u1ef1a tr\u00ean m\u1ea1ng Neural nh\u00e2n t\u1ea1o.[\/vc_column_text][vc_custom_heading text=&#8221;Ch\u1ee9c N\u0103ng v\u00e0 \u0110\u1eb7c T\u00ednh Ti\u00eau Bi\u1ec3u&#8221; font_container=&#8221;tag:h3|font_size:20px|text_align:left|color:%234a4a4a&#8221; use_theme_fonts=&#8221;yes&#8221; css=&#8221;.vc_custom_1562232637011{margin-top: 0px !important;margin-bottom: 0px !important;padding-top: 0px !important;padding-bottom: 10px !important;}&#8221;][vc_column_text]<\/p>\n<ul>\n<li>D\u1ef1 b\u00e1o ph\u1ee5 t\u1ea3i ng\u1eafn h\u1ea1n v\u00e0 d\u00e0i h\u1ea1n<\/li>\n<li>D\u1ef1 b\u00e1o \u0111\u1ed3ng th\u1eddi nhi\u1ec1u \u0111i\u1ec3m ph\u1ee5 t\u1ea3i (kh\u00f4ng gi\u1edbi h\u1ea1n)<\/li>\n<li>L\u1eadp l\u1ecbch d\u1ef1 b\u00e1o<\/li>\n<\/ul>\n<p>[\/vc_column_text]\r<!-- radiantthemes-button -->\r<div class=\"radiantthemes-button hover-style-one  \"  data-button-direction=\"left\" data-button-fullwidth=\"false\" ><a style=\"\" class=\"radiantthemes-button-main\" href=\"http:\/\/ats.com.vn\/medias\/medias\/2023\/04\/ATS-Profile_ver240404_VIE.pdf\"  title=\"\" target=\"_self\"><div class=\"placeholder\">T\u00e0i li\u1ec7u S\u1ea3n ph\u1ea9m<\/div><\/a><\/div>\r<!-- radiantthemes-button -->\r[\/vc_column][\/vc_row][vc_row full_width=&#8221;stretch_row&#8221; css=&#8221;.vc_custom_1562232419951{padding-top: 20px !important;padding-bottom: 50px !important;background-color: #f5f5f5 !important;}&#8221;][vc_column width=&#8221;1\/4&#8243; css=&#8221;.vc_custom_1562922968842{margin-top: 13px !important;background-position: center !important;background-repeat: no-repeat !important;background-size: cover !important;}&#8221;][vc_custom_heading text=&#8221;SmartRGF&#8221; font_container=&#8221;tag:h2|font_size:30px|text_align:right|color:%23005aaa&#8221; use_theme_fonts=&#8221;yes&#8221; css=&#8221;.vc_custom_1563557870586{padding-right: 10px !important;}&#8221; el_class=&#8221;line&#8221;][\/vc_column][vc_column width=&#8221;3\/4&#8243; css=&#8221;.vc_custom_1564066783896{margin-left: 10px !important;padding-bottom: 30px !important;}&#8221;][vc_custom_heading text=&#8221;Ph\u1ea7n m\u1ec1m D\u1ef1 b\u00e1o C\u00f4ng su\u1ea5t Ph\u00e1t \u0111i\u1ec7n&#8221; font_container=&#8221;tag:h3|font_size:20px|text_align:left|color:%234a4a4a|line_height:28px&#8221; use_theme_fonts=&#8221;yes&#8221; css=&#8221;.vc_custom_1581323657594{margin-top: 0px !important;margin-bottom: 0px !important;padding-top: 0px !important;padding-bottom: 10px !important;}&#8221;][vc_column_text css=&#8221;.vc_custom_1581323664263{margin-bottom: 15px !important;}&#8221;]SmartRGF<sup>TM<\/sup> l\u00e0 gi\u1ea3i ph\u00e1p Ph\u1ea7n m\u1ec1m d\u1ea1ng D\u1ecbch v\u1ee5 (SaaS) d\u1ef1a tr\u00ean c\u00f4ng ngh\u1ec7 Tr\u00ed kh\u00f4n Nh\u00e2n t\u1ea1o (AI), s\u1eed d\u1ee5ng m\u00f4 h\u00ecnh Machine Learning\/AI v\u00e0 Deep Learning \u0111\u1ec3 cung c\u1ea5p c\u00e1c d\u1ef1 b\u00e1o ch\u00ednh x\u00e1c cho h\u1ec7 th\u1ed1ng n\u0103ng l\u01b0\u1ee3ng t\u00e1i t\u1ea1o.<\/p>\n<p>&nbsp;<\/p>\n<p>S\u1ea3n ph\u1ea9m c\u1ee7a ch\u00fang t\u00f4i cung c\u1ea5p kh\u1ea3 n\u0103ng d\u1ef1 b\u00e1o s\u1ea3n l\u01b0\u1ee3ng cho c\u00e1c nh\u00e0 m\u00e1y \u0111i\u1ec7n m\u1eb7t tr\u1eddi PV ri\u00eang l\u1ebb ho\u1eb7c h\u1ec7 th\u1ed1ng n\u0103ng l\u01b0\u1ee3ng m\u1eb7t tr\u1eddi ph\u00e2n t\u00e1n, cho m\u1ed9t khu n\u0103ng l\u01b0\u1ee3ng m\u1eb7t tr\u1eddi, khu v\u1ef1c ho\u1eb7c qu\u1ed1c gia.[\/vc_column_text][vc_custom_heading text=&#8221;Ch\u1ee9c n\u0103ng &amp; \u0110\u1eb7c t\u00ednh Ti\u00eau bi\u1ec3u&#8221; font_container=&#8221;tag:h3|font_size:20px|text_align:left|color:%231e73be&#8221; use_theme_fonts=&#8221;yes&#8221; css=&#8221;.vc_custom_1563557909583{margin-top: 0px !important;margin-bottom: 0px !important;padding-top: 0px !important;padding-bottom: 10px !important;}&#8221;][vc_column_text]<\/p>\n<ul>\n<li>D\u1ef1 b\u00e1o gi\u1edd t\u1edbi<\/li>\n<li>D\u1ef1 b\u00e1o ng\u00e0y t\u1edbi<\/li>\n<li>D\u1ef1 b\u00e1o tu\u1ea7n t\u1edbi<\/li>\n<li>M\u00f4 h\u00ecnh h\u00f3a v\u00e0 ph\u00e1t tri\u1ec3n t\u00f9y ch\u1ec9nh<\/li>\n<li>\u0110\u1ed9 ch\u00ednh x\u00e1c cao nh\u1ea5t<\/li>\n<li>H\u1ed7 tr\u1ee3 nhi\u1ec1u lo\u1ea1i \u0111\u1ecbnh d\u1ea1ng nh\u01b0 xml, csv, sql ho\u1eb7c h\u1ed7 tr\u1ee3 nhi\u1ec1u ngu\u1ed3n d\u1eef li\u1ec7u bao g\u1ed3m nh\u01b0ng kh\u00f4ng gi\u1edbi h\u1ea1n \u1edf mysql, cloud sql, bigquery, vv\u2026<\/li>\n<li>C\u00f3 c\u00e1c giao di\u1ec7n v\u1edbi SCADA<\/li>\n<\/ul>\n<p>[\/vc_column_text]\r<!-- radiantthemes-button -->\r<div class=\"radiantthemes-button hover-style-one  \"  data-button-direction=\"left\" data-button-fullwidth=\"false\" ><a style=\"\" class=\"radiantthemes-button-main\" href=\"http:\/\/ats.com.vn\/medias\/medias\/2023\/04\/ATS-Profile_ver240404_VIE.pdf\"  title=\"\" target=\"_self\"><div class=\"placeholder\">T\u00e0i li\u1ec7u S\u1ea3n ph\u1ea9m<\/div><\/a><\/div>\r<!-- radiantthemes-button -->\r[\/vc_column][\/vc_row][\/vc_section][vc_section full_width=&#8221;stretch_row_content&#8221;][vc_row][vc_column width=&#8221;1\/2&#8243; css=&#8221;.vc_custom_1563644874880{padding-top: 80px !important;padding-bottom: 130px !important;padding-left: 0px !important;background-image: url(https:\/\/ats.com.vn\/wp-content\/uploads\/2019\/06\/link-our-history@2x.png?id=3492) !important;background-position: center !important;background-repeat: no-repeat !important;background-size: cover !important;}&#8221; el_id=&#8221;btn-left&#8221;][vc_custom_heading text=&#8221;Xem D\u1ef1 \u00e1n c\u1ee7a Ch\u00fang t\u00f4i&#8221; font_container=&#8221;tag:h2|font_size:20px|text_align:center|color:%23ffffff&#8221; use_theme_fonts=&#8221;yes&#8221; css=&#8221;.vc_custom_1563646463416{padding-bottom: 20px !important;}&#8221;]\r<!-- radiantthemes-button -->\r<div class=\"radiantthemes-button hover-style-one  \" id=\"button\" data-button-direction=\"center\" data-button-fullwidth=\"false\" ><a style=\"\" class=\"radiantthemes-button-main\" href=\"\/vi\/projects\/\"  title=\"\" target=\"_self\"><div class=\"placeholder\">D\u1ef1 \u00c1n<\/div><\/a><\/div>\r<!-- radiantthemes-button -->\r[\/vc_column][vc_column width=&#8221;1\/2&#8243; css=&#8221;.vc_custom_1563644884759{padding-top: 80px !important;padding-bottom: 130px !important;padding-left: 0px !important;background-image: url(https:\/\/ats.com.vn\/wp-content\/uploads\/2019\/06\/pg-09@2x-1-2.png?id=3597) !important;background-position: center !important;background-repeat: no-repeat !important;background-size: cover !important;}&#8221; el_id=&#8221;client-btn&#8221;][vc_custom_heading text=&#8221;Li\u00ean h\u1ec7 Ch\u00fang t\u00f4i&#8221; font_container=&#8221;tag:h2|font_size:20px|text_align:center|color:%23ffffff&#8221; use_theme_fonts=&#8221;yes&#8221; css=&#8221;.vc_custom_1563644922503{padding-bottom: 20px !important;}&#8221;]\r<!-- radiantthemes-button -->\r<div class=\"radiantthemes-button hover-style-one  \"  data-button-direction=\"center\" data-button-fullwidth=\"false\" ><a style=\"\" class=\"radiantthemes-button-main\" href=\"\/vi\/contact\/\"  title=\"\" target=\"_self\"><div class=\"placeholder\">Li\u00ean H\u1ec7<\/div><\/a><\/div>\r<!-- radiantthemes-button -->\r[\/vc_column][\/vc_row][\/vc_section][vc_row el_id=&#8221;popup&#8221;][vc_column][vc_raw_html]JTNDZGl2JTIwaWQlM0QlMjJpZDAxJTIyJTIwY2xhc3MlM0QlMjJtb2RhbCUyMiUzRSUwQSUyMCUyMCUwQSUyMCUyMCUzQ2Zvcm0lMjBjbGFzcyUzRCUyMm1vZGFsLWNvbnRlbnQlMjBhbmltYXRlJTIyJTIwYWN0aW9uJTNEJTIyJTJGYWN0aW9uX3BhZ2UucGhwJTIyJTNFJTBBJTIwJTIwJTIwJTIwJTNDZGl2JTIwY2xhc3MlM0QlMjJpbWdjb250YWluZXIlMjIlM0UlMEElMjAlMjAlMjAlMjAlMjAlMjAlM0NzcGFuJTIwb25jbGljayUzRCUyMmRvY3VtZW50LmdldEVsZW1lbnRCeUlkJTI4JTI3aWQwMSUyNyUyOS5zdHlsZS5kaXNwbGF5JTNEJTI3bm9uZSUyNyUyMiUyMGNsYXNzJTNEJTIyY2xvc2UlMjIlMjB0aXRsZSUzRCUyMkNsb3NlJTIwTW9kYWwlMjIlM0UlMjZ0aW1lcyUzQiUzQyUyRnNwYW4lM0UlMEElM0NvYmplY3QlMjBkYXRhJTNEJTIyJTJGd3AtY29udGVudCUyRnVwbG9hZHMlMkYyMDE5JTJGMDYlMkZBVFMtU29sdXRpb24tJTQwTWljcm8tR3JpZC12ZXIxOTAyMTgucGRmJTIzdmlldyUzREZpdCUyMiUyMHR5cGUlM0QlMjJhcHBsaWNhdGlvbiUyRnBkZiUyMiUyMHdpZHRoJTNEJTIyMTAwJTI1JTIyJTIwaGVpZ2h0JTNEJTIyMTAwMHB4JTIyJTNFJTBBJTIwJTIwJTIwJTBBJTNDJTJGb2JqZWN0JTNFJTBBJTIwJTIwJTIwJTIwJTNDJTJGZGl2JTNFJTBBJTIwJTIwJTIwJTIwJTBBJTIwJTIwJTNDJTJGZm9ybSUzRSUwQSUzQyUyRmRpdiUzRQ==[\/vc_raw_html][vc_raw_js]JTNDc2NyaXB0JTNFJTBBJTJGJTJGJTIwR2V0JTIwdGhlJTIwbW9kYWwlMEF2YXIlMjBtb2RhbCUyMCUzRCUyMGRvY3VtZW50LmdldEVsZW1lbnRCeUlkJTI4JTI3aWQwMSUyNyUyOSUzQiUwQSUwQSUyRiUyRiUyMFdoZW4lMjB0aGUlMjB1c2VyJTIwY2xpY2tzJTIwYW55d2hlcmUlMjBvdXRzaWRlJTIwb2YlMjB0aGUlMjBtb2RhbCUyQyUyMGNsb3NlJTIwaXQlMEF3aW5kb3cub25jbGljayUyMCUzRCUyMGZ1bmN0aW9uJTI4ZXZlbnQlMjklMjAlN0IlMEElMjAlMjAlMjAlMjBpZiUyMCUyOGV2ZW50LnRhcmdldCUyMCUzRCUzRCUyMG1vZGFsJTI5JTIwJTdCJTBBJTIwJTIwJTIwJTIwJTIwJTIwJTIwJTIwbW9kYWwuc3R5bGUuZGlzcGxheSUyMCUzRCUyMCUyMm5vbmUlMjIlM0IlMEElMjAlMjAlMjAlMjAlN0QlMEElN0QlMEElM0MlMkZzY3JpcHQlM0U=[\/vc_raw_js][\/vc_column][\/vc_row]<\/p>\n","protected":false},"excerpt":{"rendered":"<p>[vc_section][vc_row][vc_column css=&#8221;.vc_custom_1563867350316{margin-bottom: -20px !important;}&#8221;][rev_slider_vc alias=&#8221;forecasting-vi&#8221;][\/vc_column][\/vc_row][\/vc_section][vc_section css=&#8221;.vc_custom_1563557828296{padding-top: 0px !important;}&#8221; el_id=&#8221;software&#8221;][vc_row css=&#8221;.vc_custom_1562232408877{padding-bottom: 20px !important;}&#8221;][vc_column width=&#8221;1\/4&#8243; css=&#8221;.vc_custom_1562922924140{padding-top: 13px !important;background-position: center !important;background-repeat: no-repeat !important;background-size: cover !important;}&#8221;][vc_custom_heading text=&#8221;SmartLF&#8221; font_container=&#8221;tag:h2|font_size:30px|text_align:right|color:%23005aaa&#8221; use_theme_fonts=&#8221;yes&#8221; css=&#8221;.vc_custom_1563644865132{padding-right: 10px !important;padding-bottom: 30px !important;}&#8221;][\/vc_column][vc_column width=&#8221;3\/4&#8243; css=&#8221;.vc_custom_1564066772087{margin-left: 10px !important;padding-bottom: 30px !important;}&#8221;][vc_custom_heading text=&#8221;Ph\u1ea7n m\u1ec1m D\u1ef1 b\u00e1o Ph\u1ee5 t\u1ea3i&#8221; font_container=&#8221;tag:h3|font_size:20px|text_align:left|color:%234a4a4a&#8221; use_theme_fonts=&#8221;yes&#8221; css=&#8221;.vc_custom_1562232628199{margin-top: 0px !important;margin-bottom: 0px !important;padding-top: 0px !important;padding-bottom: 10px !important;}&#8221;][vc_column_text css=&#8221;.vc_custom_1562923023120{margin-bottom: 15px [&hellip;]<\/p>\n","protected":false},"author":2,"featured_media":0,"parent":0,"menu_order":0,"comment_status":"closed","ping_status":"closed","template":"","meta":{"footnotes":"","_links_to":"","_links_to_target":""},"class_list":["post-4106","page","type-page","status-publish","hentry"],"yoast_head":"<!-- This site is optimized with the Yoast SEO plugin v27.4 - https:\/\/yoast.com\/product\/yoast-seo-wordpress\/ -->\n<title>Du Bao - ATS JSC<\/title>\n<meta name=\"robots\" content=\"index, follow, max-snippet:-1, max-image-preview:large, max-video-preview:-1\" \/>\n<link rel=\"canonical\" href=\"https:\/\/ats.com.vn\/vi\/du-bao\/\" \/>\n<meta property=\"og:locale\" content=\"vi_VN\" \/>\n<meta property=\"og:type\" content=\"article\" \/>\n<meta property=\"og:title\" content=\"Du Bao - ATS JSC\" \/>\n<meta property=\"og:description\" content=\"[vc_section][vc_row][vc_column css=&#8221;.vc_custom_1563867350316{margin-bottom: -20px !important;}&#8221;][rev_slider_vc alias=&#8221;forecasting-vi&#8221;][\/vc_column][\/vc_row][\/vc_section][vc_section css=&#8221;.vc_custom_1563557828296{padding-top: 0px !important;}&#8221; el_id=&#8221;software&#8221;][vc_row css=&#8221;.vc_custom_1562232408877{padding-bottom: 20px !important;}&#8221;][vc_column width=&#8221;1\/4&#8243; css=&#8221;.vc_custom_1562922924140{padding-top: 13px !important;background-position: center !important;background-repeat: no-repeat !important;background-size: cover !important;}&#8221;][vc_custom_heading text=&#8221;SmartLF&#8221; font_container=&#8221;tag:h2|font_size:30px|text_align:right|color:%23005aaa&#8221; use_theme_fonts=&#8221;yes&#8221; css=&#8221;.vc_custom_1563644865132{padding-right: 10px !important;padding-bottom: 30px !important;}&#8221;][\/vc_column][vc_column width=&#8221;3\/4&#8243; css=&#8221;.vc_custom_1564066772087{margin-left: 10px !important;padding-bottom: 30px !important;}&#8221;][vc_custom_heading text=&#8221;Ph\u1ea7n m\u1ec1m D\u1ef1 b\u00e1o Ph\u1ee5 t\u1ea3i&#8221; font_container=&#8221;tag:h3|font_size:20px|text_align:left|color:%234a4a4a&#8221; use_theme_fonts=&#8221;yes&#8221; css=&#8221;.vc_custom_1562232628199{margin-top: 0px !important;margin-bottom: 0px !important;padding-top: 0px !important;padding-bottom: 10px !important;}&#8221;][vc_column_text css=&#8221;.vc_custom_1562923023120{margin-bottom: 15px [&hellip;]\" \/>\n<meta property=\"og:url\" content=\"https:\/\/ats.com.vn\/vi\/du-bao\/\" \/>\n<meta property=\"og:site_name\" content=\"ATS JSC\" \/>\n<meta property=\"article:modified_time\" content=\"2021-03-05T04:09:44+00:00\" \/>\n<meta name=\"twitter:card\" content=\"summary_large_image\" \/>\n<meta name=\"twitter:label1\" content=\"Est. reading time\" \/>\n\t<meta name=\"twitter:data1\" content=\"6 minutes\" \/>\n<script type=\"application\/ld+json\" class=\"yoast-schema-graph\">{\"@context\":\"https:\\\/\\\/schema.org\",\"@graph\":[{\"@type\":\"WebPage\",\"@id\":\"https:\\\/\\\/ats.com.vn\\\/vi\\\/du-bao\\\/\",\"url\":\"https:\\\/\\\/ats.com.vn\\\/vi\\\/du-bao\\\/\",\"name\":\"Du Bao - ATS JSC\",\"isPartOf\":{\"@id\":\"https:\\\/\\\/ats.com.vn\\\/#website\"},\"datePublished\":\"2019-06-13T02:58:18+00:00\",\"dateModified\":\"2021-03-05T04:09:44+00:00\",\"breadcrumb\":{\"@id\":\"https:\\\/\\\/ats.com.vn\\\/vi\\\/du-bao\\\/#breadcrumb\"},\"inLanguage\":\"vi\",\"potentialAction\":[{\"@type\":\"ReadAction\",\"target\":[\"https:\\\/\\\/ats.com.vn\\\/vi\\\/du-bao\\\/\"]}]},{\"@type\":\"BreadcrumbList\",\"@id\":\"https:\\\/\\\/ats.com.vn\\\/vi\\\/du-bao\\\/#breadcrumb\",\"itemListElement\":[{\"@type\":\"ListItem\",\"position\":1,\"name\":\"Home\",\"item\":\"https:\\\/\\\/ats.com.vn\\\/vi\\\/\"},{\"@type\":\"ListItem\",\"position\":2,\"name\":\"Du Bao\"}]},{\"@type\":\"WebSite\",\"@id\":\"https:\\\/\\\/ats.com.vn\\\/#website\",\"url\":\"https:\\\/\\\/ats.com.vn\\\/\",\"name\":\"ATS\",\"description\":\"Applied Technical Systems Joint Stock Company\",\"publisher\":{\"@id\":\"https:\\\/\\\/ats.com.vn\\\/#organization\"},\"potentialAction\":[{\"@type\":\"SearchAction\",\"target\":{\"@type\":\"EntryPoint\",\"urlTemplate\":\"https:\\\/\\\/ats.com.vn\\\/?s={search_term_string}\"},\"query-input\":{\"@type\":\"PropertyValueSpecification\",\"valueRequired\":true,\"valueName\":\"search_term_string\"}}],\"inLanguage\":\"vi\"},{\"@type\":\"Organization\",\"@id\":\"https:\\\/\\\/ats.com.vn\\\/#organization\",\"name\":\"Applied Technical Systems Join Stock Company\",\"url\":\"https:\\\/\\\/ats.com.vn\\\/\",\"logo\":{\"@type\":\"ImageObject\",\"inLanguage\":\"vi\",\"@id\":\"https:\\\/\\\/ats.com.vn\\\/#\\\/schema\\\/logo\\\/image\\\/\",\"url\":\"https:\\\/\\\/ats.com.vn\\\/medias\\\/2018\\\/06\\\/lgo1.jpg\",\"contentUrl\":\"https:\\\/\\\/ats.com.vn\\\/medias\\\/2018\\\/06\\\/lgo1.jpg\",\"width\":981,\"height\":488,\"caption\":\"Applied Technical Systems Join Stock Company\"},\"image\":{\"@id\":\"https:\\\/\\\/ats.com.vn\\\/#\\\/schema\\\/logo\\\/image\\\/\"},\"sameAs\":[\"https:\\\/\\\/www.linkedin.com\\\/company\\\/ats-jsc\",\"https:\\\/\\\/www.youtube.com\\\/user\\\/ATSMedia\"]}]}<\/script>\n<!-- \/ Yoast SEO plugin. -->","yoast_head_json":{"title":"Du Bao - ATS JSC","robots":{"index":"index","follow":"follow","max-snippet":"max-snippet:-1","max-image-preview":"max-image-preview:large","max-video-preview":"max-video-preview:-1"},"canonical":"https:\/\/ats.com.vn\/vi\/du-bao\/","og_locale":"vi_VN","og_type":"article","og_title":"Du Bao - ATS JSC","og_description":"[vc_section][vc_row][vc_column css=&#8221;.vc_custom_1563867350316{margin-bottom: -20px !important;}&#8221;][rev_slider_vc alias=&#8221;forecasting-vi&#8221;][\/vc_column][\/vc_row][\/vc_section][vc_section css=&#8221;.vc_custom_1563557828296{padding-top: 0px !important;}&#8221; el_id=&#8221;software&#8221;][vc_row css=&#8221;.vc_custom_1562232408877{padding-bottom: 20px !important;}&#8221;][vc_column width=&#8221;1\/4&#8243; css=&#8221;.vc_custom_1562922924140{padding-top: 13px !important;background-position: center !important;background-repeat: no-repeat !important;background-size: cover !important;}&#8221;][vc_custom_heading text=&#8221;SmartLF&#8221; font_container=&#8221;tag:h2|font_size:30px|text_align:right|color:%23005aaa&#8221; use_theme_fonts=&#8221;yes&#8221; css=&#8221;.vc_custom_1563644865132{padding-right: 10px !important;padding-bottom: 30px !important;}&#8221;][\/vc_column][vc_column width=&#8221;3\/4&#8243; css=&#8221;.vc_custom_1564066772087{margin-left: 10px !important;padding-bottom: 30px !important;}&#8221;][vc_custom_heading text=&#8221;Ph\u1ea7n m\u1ec1m D\u1ef1 b\u00e1o Ph\u1ee5 t\u1ea3i&#8221; font_container=&#8221;tag:h3|font_size:20px|text_align:left|color:%234a4a4a&#8221; use_theme_fonts=&#8221;yes&#8221; css=&#8221;.vc_custom_1562232628199{margin-top: 0px !important;margin-bottom: 0px !important;padding-top: 0px !important;padding-bottom: 10px !important;}&#8221;][vc_column_text css=&#8221;.vc_custom_1562923023120{margin-bottom: 15px [&hellip;]","og_url":"https:\/\/ats.com.vn\/vi\/du-bao\/","og_site_name":"ATS JSC","article_modified_time":"2021-03-05T04:09:44+00:00","twitter_card":"summary_large_image","twitter_misc":{"Est. reading time":"6 minutes"},"schema":{"@context":"https:\/\/schema.org","@graph":[{"@type":"WebPage","@id":"https:\/\/ats.com.vn\/vi\/du-bao\/","url":"https:\/\/ats.com.vn\/vi\/du-bao\/","name":"Du Bao - ATS JSC","isPartOf":{"@id":"https:\/\/ats.com.vn\/#website"},"datePublished":"2019-06-13T02:58:18+00:00","dateModified":"2021-03-05T04:09:44+00:00","breadcrumb":{"@id":"https:\/\/ats.com.vn\/vi\/du-bao\/#breadcrumb"},"inLanguage":"vi","potentialAction":[{"@type":"ReadAction","target":["https:\/\/ats.com.vn\/vi\/du-bao\/"]}]},{"@type":"BreadcrumbList","@id":"https:\/\/ats.com.vn\/vi\/du-bao\/#breadcrumb","itemListElement":[{"@type":"ListItem","position":1,"name":"Home","item":"https:\/\/ats.com.vn\/vi\/"},{"@type":"ListItem","position":2,"name":"Du Bao"}]},{"@type":"WebSite","@id":"https:\/\/ats.com.vn\/#website","url":"https:\/\/ats.com.vn\/","name":"ATS","description":"Applied Technical Systems Joint Stock Company","publisher":{"@id":"https:\/\/ats.com.vn\/#organization"},"potentialAction":[{"@type":"SearchAction","target":{"@type":"EntryPoint","urlTemplate":"https:\/\/ats.com.vn\/?s={search_term_string}"},"query-input":{"@type":"PropertyValueSpecification","valueRequired":true,"valueName":"search_term_string"}}],"inLanguage":"vi"},{"@type":"Organization","@id":"https:\/\/ats.com.vn\/#organization","name":"Applied Technical Systems Join Stock Company","url":"https:\/\/ats.com.vn\/","logo":{"@type":"ImageObject","inLanguage":"vi","@id":"https:\/\/ats.com.vn\/#\/schema\/logo\/image\/","url":"https:\/\/ats.com.vn\/medias\/2018\/06\/lgo1.jpg","contentUrl":"https:\/\/ats.com.vn\/medias\/2018\/06\/lgo1.jpg","width":981,"height":488,"caption":"Applied Technical Systems Join Stock Company"},"image":{"@id":"https:\/\/ats.com.vn\/#\/schema\/logo\/image\/"},"sameAs":["https:\/\/www.linkedin.com\/company\/ats-jsc","https:\/\/www.youtube.com\/user\/ATSMedia"]}]}},"_links":{"self":[{"href":"https:\/\/ats.com.vn\/vi\/wp-json\/wp\/v2\/pages\/4106","targetHints":{"allow":["GET"]}}],"collection":[{"href":"https:\/\/ats.com.vn\/vi\/wp-json\/wp\/v2\/pages"}],"about":[{"href":"https:\/\/ats.com.vn\/vi\/wp-json\/wp\/v2\/types\/page"}],"author":[{"embeddable":true,"href":"https:\/\/ats.com.vn\/vi\/wp-json\/wp\/v2\/users\/2"}],"replies":[{"embeddable":true,"href":"https:\/\/ats.com.vn\/vi\/wp-json\/wp\/v2\/comments?post=4106"}],"version-history":[{"count":2,"href":"https:\/\/ats.com.vn\/vi\/wp-json\/wp\/v2\/pages\/4106\/revisions"}],"predecessor-version":[{"id":7538,"href":"https:\/\/ats.com.vn\/vi\/wp-json\/wp\/v2\/pages\/4106\/revisions\/7538"}],"wp:attachment":[{"href":"https:\/\/ats.com.vn\/vi\/wp-json\/wp\/v2\/media?parent=4106"}],"curies":[{"name":"wp","href":"https:\/\/api.w.org\/{rel}","templated":true}]}}