{"id":4105,"date":"2019-06-12T09:10:07","date_gmt":"2019-06-12T09:10:07","guid":{"rendered":"https:\/\/ats.com.vn\/fault-recorder-power-quality-management\/?lang=vi"},"modified":"2021-03-05T11:10:57","modified_gmt":"2021-03-05T04:10:57","slug":"ghi-su-co","status":"publish","type":"page","link":"https:\/\/ats.com.vn\/vi\/ghi-su-co\/","title":{"rendered":"Ghi Su Co"},"content":{"rendered":"<p>[vc_section][vc_row][vc_column css=&#8221;.vc_custom_1563867963576{margin-bottom: -30px !important;}&#8221;][rev_slider_vc alias=&#8221;fault-recorder-vi&#8221;][\/vc_column][\/vc_row][\/vc_section][vc_section full_width=&#8221;stretch_row&#8221; css=&#8221;.vc_custom_1563552410058{padding-top: 0px !important;padding-bottom: 0px !important;}&#8221;][vc_row full_width=&#8221;stretch_row&#8221; el_id=&#8221;txt-content&#8221;][vc_column width=&#8221;1\/4&#8243;][vc_custom_heading text=&#8221;SmartPQFR&#8221; font_container=&#8221;tag:h3|font_size:30px|text_align:right|color:%23005aaa&#8221; use_theme_fonts=&#8221;yes&#8221; css=&#8221;.vc_custom_1563648366991{padding-top: 10px !important;padding-right: 10px !important;padding-bottom: 10px !important;}&#8221; el_class=&#8221;line&#8221;][\/vc_column][vc_column width=&#8221;3\/4&#8243; el_class=&#8221;btn-right&#8221; css=&#8221;.vc_custom_1564048518567{margin-left: 10px !important;padding-bottom: 30px !important;}&#8221;][vc_custom_heading text=&#8221;H\u1ec7 th\u1ed1ng Ghi s\u1ef1 c\u1ed1 v\u00e0 Gi\u00e1m s\u00e1t Ch\u1ea5t l\u01b0\u1ee3ng \u0110i\u1ec7n n\u0103ng.&#8221; font_container=&#8221;tag:h3|font_size:20px|text_align:left|color:%234a4a4a|line_height:28px&#8221; use_theme_fonts=&#8221;yes&#8221; css=&#8221;.vc_custom_1563868134839{margin-top: 0px !important;margin-bottom: 0px !important;padding-top: 5px !important;padding-bottom: 10px !important;}&#8221;][vc_column_text]SmartPQFR<sup>TM<\/sup> l\u00e0 m\u1ed9t h\u1ec7 th\u1ed1ng t\u1ef1 \u0111\u1ed9ng th\u1ef1c hi\u1ec7n thu th\u1eadp, x\u1eed l\u00fd, l\u01b0u tr\u1eef d\u1eef li\u1ec7u v\u00e0 h\u1ed3 s\u01a1 h\u1ec7 th\u1ed1ng \u0111i\u1ec7n trong \u0111i\u1ec1u ki\u1ec7n v\u1eadn h\u00e0nh b\u00ecnh th\u01b0\u1eddng c\u0169ng nh\u01b0 trong \u0111i\u1ec1u ki\u1ec7n v\u1eadn h\u00e0nh l\u1ed7i v\u00e0 c\u00f3 x\u00e1o tr\u1ed9n. H\u1ec7 th\u1ed1ng c\u0169ng cung c\u1ea5p nguy\u00ean nh\u00e2n s\u1ef1 c\u1ed1, d\u1ea1ng s\u00f3ng dao \u0111\u1ed9ng, tr\u1ea1ng th\u00e1i h\u00e0nh vi c\u1ee7a thi\u1ebft b\u1ecb v\u00e0 c\u00e1c th\u00f4ng tin c\u1ea7n thi\u1ebft kh\u00e1c \u0111\u1ec3 ph\u00e2n t\u00edch h\u1ec7 th\u1ed1ng \u0111i\u1ec7n.<\/p>\n<p>&nbsp;<\/p>\n<p>Th\u00f4ng tin chi ti\u1ebft c\u1ee7a h\u1ec7 th\u1ed1ng \u0111i\u1ec7n \u0111\u01b0\u1ee3c hi\u1ec3n th\u1ecb s\u1ebd cho ph\u00e9p ng\u01b0\u1eddi \u0111i\u1ec1u khi\u1ec3n th\u1ef1c hi\u1ec7n h\u00e0nh \u0111\u1ed9ng kh\u1eafc ph\u1ee5c c\u1ea7n thi\u1ebft cho c\u00e1c s\u1ef1 c\u1ed1 h\u1ec7 th\u1ed1ng nh\u1ea5t \u0111\u1ecbnh v\u00e0 ph\u00e2n t\u00edch ch\u1ea5t l\u01b0\u1ee3ng c\u1ee7a h\u1ec7 th\u1ed1ng \u0111i\u1ec7n \u0111\u1ec3 c\u1ea3i thi\u1ec7n hi\u1ec7u su\u1ea5t v\u00e0 \u0111\u1ed9 tin c\u1eady c\u1ee7a b\u1ea5t k\u1ef3 h\u1ec7 th\u1ed1ng ph\u00e1t, truy\u1ec1n v\u00e0 ph\u00e2n ph\u1ed1i n\u00e0o.<\/p>\n<p>&nbsp;<\/p>\n<p>H\u1ec7 th\u1ed1ng cung c\u1ea5p t\u1ea5t c\u1ea3 th\u00f4ng tin c\u1ea7n thi\u1ebft tr\u00ean h\u1ec7 th\u1ed1ng \u0111i\u1ec7n \u0111\u1ec3 h\u1ed7 tr\u1ee3 ng\u01b0\u1eddi \u0111i\u1ec1u khi\u1ec3n t\u1eeb xa x\u00e1c \u0111\u1ecbnh nguy\u00ean nh\u00e2n l\u1ed7i v\u00e0 x\u1eed l\u00fd ph\u1ee5c h\u1ed3i, t\u1eeb \u0111\u00f3 \u0111\u1ea3m b\u1ea3o s\u1ef1 v\u1eadn h\u00e0nh li\u00ean t\u1ee5c c\u1ee7a h\u1ec7 th\u1ed1ng \u0111i\u1ec7n.<\/p>\n<p>&nbsp;<\/p>\n<p>Gi\u1ea3i ph\u00e1p c\u1ee7a ch\u00fang t\u00f4i tu\u00e2n th\u1ee7 c\u00e1c ti\u00eau chu\u1ea9n qu\u1ed1c t\u1ebf v\u1ec1 IEC, IEEE\/ANSI c\u0169ng nh\u01b0 c\u00e1c ti\u00eau chu\u1ea9n v\u00e0 quy \u0111\u1ecbnh qu\u1ed1c gia c\u1ee7a Ch\u00ednh ph\u1ee7 v\u00e0 \u0110i\u1ec7n l\u1ef1c Vi\u1ec7t Nam (EVN).[\/vc_column_text]\r<!-- radiantthemes-button -->\r<div class=\"radiantthemes-button hover-style-one  \"  data-button-direction=\"left\" data-button-fullwidth=\"false\" ><a style=\"\" class=\"radiantthemes-button-main\" href=\"\/wp-content\/uploads\/2019\/07\/ATS-Flyer_Product-SmartFR_181005.pdf\"  title=\"\" target=\"_self\"><div class=\"placeholder\">T\u00e0i li\u1ec7u S\u1ea3n ph\u1ea9m<\/div><\/a><\/div>\r<!-- radiantthemes-button -->\r[\/vc_column][\/vc_row][\/vc_section][vc_section full_width=&#8221;stretch_row&#8221; css=&#8221;.vc_custom_1562836742024{padding-bottom: 50px !important;background-color: #f5f5f5 !important;}&#8221;][vc_row][vc_column][vc_custom_heading text=&#8221;GI\u1ea2I PH\u00c1P LINH HO\u1ea0T&#8221; font_container=&#8221;tag:h2|font_size:30px|text_align:center|color:%23005aaa&#8221; use_theme_fonts=&#8221;yes&#8221; css=&#8221;.vc_custom_1563553272652{padding-bottom: 50px !important;}&#8221;][vc_single_image image=&#8221;4600&#8243; alignment=&#8221;center&#8221; css=&#8221;.vc_custom_1562231843317{margin-top: -30px !important;}&#8221;][\/vc_column][\/vc_row][vc_row][vc_column width=&#8221;1\/4&#8243; css=&#8221;.vc_custom_1561717611587{border-right-width: 1px !important;border-right-color: #d2d2d2 !important;border-right-style: solid !important;}&#8221;]\r<!-- fancy-text-box -->\r<div class=\"rt-fancy-text-box element-three  \" ><div class=\"holder matchHeight \"><div class=\"icon\"><img loading=\"lazy\" decoding=\"async\" width=\"63\" height=\"56\" src=\"https:\/\/ats.com.vn\/medias\/2019\/06\/ic-design.png\" class=\"attachment-full size-full\" alt=\"\" \/><\/div><div class=\"heading\"><p class=\"title\">Linh ho\u1ea1t &amp;<\/p><\/div><div class=\"content\"><p>T\u00f9y ch\u1ec9nh<\/p><\/div><\/div><\/div>\r<!-- fancy-text-box -->\r[\/vc_column][vc_column width=&#8221;1\/4&#8243; el_id=&#8221;border&#8221; css=&#8221;.vc_custom_1561717618927{border-right-width: 1px !important;border-right-color: #d2d2d2 !important;border-right-style: solid !important;}&#8221;]\r<!-- fancy-text-box -->\r<div class=\"rt-fancy-text-box element-three  \" ><div class=\"holder matchHeight \"><div class=\"icon\"><img loading=\"lazy\" decoding=\"async\" width=\"43\" height=\"63\" src=\"https:\/\/ats.com.vn\/medias\/2019\/06\/double-tap.png\" class=\"attachment-full size-full\" alt=\"\" \/><\/div><div class=\"heading\"><p class=\"title\">T\u01b0\u01a1ng th\u1ee9c v\u1edbi nhi\u1ec1u<\/p><\/div><div class=\"content\"><p>Giao th\u1ee9c &amp; \u0110\u1ecbnh d\u1ea1ng<\/p><\/div><\/div><\/div>\r<!-- fancy-text-box -->\r[\/vc_column][vc_column width=&#8221;1\/4&#8243; css=&#8221;.vc_custom_1561717625862{border-right-width: 1px !important;border-right-color: #d2d2d2 !important;border-right-style: solid !important;}&#8221;]\r<!-- fancy-text-box -->\r<div class=\"rt-fancy-text-box element-three  \" ><div class=\"holder matchHeight \"><div class=\"icon\"><img loading=\"lazy\" decoding=\"async\" width=\"60\" height=\"62\" src=\"https:\/\/ats.com.vn\/medias\/2019\/06\/settings-gear.png\" class=\"attachment-full size-full\" alt=\"\" \/><\/div><div class=\"heading\"><p class=\"title\">Tu\u00e2n th\u1ee7 Ti\u00eau chu\u1ea9n<\/p><\/div><div class=\"content\"><p>C\u00f4ng nghi\u1ec7p<\/p><\/div><\/div><\/div>\r<!-- fancy-text-box -->\r[\/vc_column][vc_column width=&#8221;1\/4&#8243; el_class=&#8221;vc_col-has-fill&#8221;]\r<!-- fancy-text-box -->\r<div class=\"rt-fancy-text-box element-three  \" ><div class=\"holder matchHeight \"><div class=\"icon\"><img loading=\"lazy\" decoding=\"async\" width=\"69\" height=\"66\" src=\"https:\/\/ats.com.vn\/medias\/2019\/06\/ic-machine.png\" class=\"attachment-full size-full\" alt=\"\" \/><\/div><div class=\"heading\"><p class=\"title\">Cho ph\u00e9p Kh\u1ea3 n\u0103ng<\/p><\/div><div class=\"content\"><p>M\u1edf r\u1ed9ng<\/p><\/div><\/div><\/div>\r<!-- fancy-text-box -->\r[\/vc_column][\/vc_row][\/vc_section][vc_section css=&#8221;.vc_custom_1562922398953{padding-top: 50px !important;padding-bottom: 50px !important;}&#8221;][vc_row css=&#8221;.vc_custom_1563553568002{margin-bottom: 30px !important;padding-top: 300px !important;padding-bottom: 300px !important;background-image: url(https:\/\/ats.com.vn\/wp-content\/uploads\/2019\/07\/FR-FL-and-PQ-Hardware_r1.png?id=5508) !important;background-position: center !important;background-repeat: no-repeat !important;background-size: contain !important;}&#8221;][vc_column css=&#8221;.vc_custom_1560329599431{padding-bottom: 30px !important;}&#8221;][\/vc_column][\/vc_row][\/vc_section][vc_section full_width=&#8221;stretch_row&#8221; el_id=&#8221;txt-content&#8221; css=&#8221;.vc_custom_1562922220153{padding-top: 0px !important;padding-bottom: 0px !important;background-color: #f5f5f5 !important;}&#8221;][vc_row][vc_column css=&#8221;.vc_custom_1563648379685{padding-top: 50px !important;padding-bottom: 50px !important;padding-left: 30px !important;}&#8221;][vc_custom_heading text=&#8221;\u0110\u1eb7c t\u00ednh &amp; Ch\u1ee9c n\u0103ng Ti\u00eau bi\u1ec3u&#8221; font_container=&#8221;tag:h3|font_size:25px|text_align:left|color:%23005aaa&#8221; use_theme_fonts=&#8221;yes&#8221; css=&#8221;.vc_custom_1563553585678{padding-bottom: 10px !important;}&#8221;][vc_single_image image=&#8221;4600&#8243;][vc_column_text css=&#8221;.vc_custom_1563868025326{margin-top: -40px !important;}&#8221;]<\/p>\n<ul>\n<li>\u0110\u00e1p \u1ee9ng \u0111\u1ea7y \u0111\u1ee7 t\u1ea5t c\u1ea3 c\u00e1c y\u00eau c\u1ea7u \u0111\u1ec3 t\u1ea1o \u0111i\u1ec1u ki\u1ec7n ph\u00e2n t\u00edch c\u00e1c nhi\u1ec5u lo\u1ea1n trong h\u1ec7 th\u1ed1ng v\u00e0 ch\u1ea5t l\u01b0\u1ee3ng \u0111i\u1ec7n n\u0103ng c\u1ee7a h\u1ec7 th\u1ed1ng \u0111i\u1ec7n c\u0169ng nh\u01b0 c\u00e1c t\u00e0i s\u1ea3n c\u1ee7a h\u1ec7 th\u1ed1ng ph\u00e1t \u0111i\u1ec7n, truy\u1ec1n t\u1ea3i v\u00e0 ph\u00e2n ph\u1ed1i.<\/li>\n<li>Th\u1ef1c hi\u1ec7n t\u1ef1 \u0111\u1ed9ng thu th\u1eadp, l\u01b0u tr\u1eef v\u00e0 x\u1eed l\u00fd Chu\u1ed7i S\u1ef1 Ki\u1ec7n (SOE), ghi ch\u00e9p l\u1ed7i, ghi ch\u00e9p nhi\u1ec5u, ghi ch\u00e9p ch\u1ea5t l\u01b0\u1ee3ng \u0111i\u1ec7n n\u0103ng, d\u1eef li\u1ec7u \u0111o l\u01b0\u1eddng pha. \u0110\u1ed3ng th\u1eddi li\u00ean l\u1ea1c v\u1edbi h\u1ec7 th\u1ed1ng Ghi l\u1ed7i (FR), H\u1ec7 th\u1ed1ng gi\u00e1m s\u00e1t di\u1ec7n r\u1ed9ng (WAM), H\u1ec7 th\u1ed1ng gi\u00e1m s\u00e1t ch\u1ea5t l\u01b0\u1ee3ng \u0111i\u1ec7n n\u0103ng (PQ) t\u1ea1i c\u00e1c Trung t\u00e2m \u0111i\u1ec1u \u0111\u1ed9.<\/li>\n<li>D\u1eef li\u1ec7u SOE, FR v\u00e0 DDR \u0111\u01b0\u1ee3c \u0111\u00f3ng d\u1ea5u th\u1eddi gian ch\u00ednh x\u00e1c, gi\u00fap ng\u01b0\u1eddi d\u00f9ng c\u00f3 th\u1ec3 d\u1ec5 d\u00e0ng \u0111\u1ed3ng b\u1ed9 h\u00f3a th\u1eddi gian.<\/li>\n<li>H\u1ec7 th\u1ed1ng nh\u1ecf g\u1ecdn, ti\u1ebft ki\u1ec7m, bao g\u1ed3m t\u1ea5t c\u1ea3 c\u00e1c thi\u1ebft b\u1ecb c\u1ea7n thi\u1ebft \u0111\u1ec3 \u0111\u00e1p \u1ee9ng \u0111\u1ea7y \u0111\u1ee7 t\u1ea5t c\u1ea3 c\u00e1c y\u00eau c\u1ea7u c\u1ee7a EVN. C\u00e1c h\u1ec7 th\u1ed1ng n\u00e0y \u0111\u01b0\u1ee3c thi\u1ebft k\u1ebf \u0111\u1ec3 ho\u1ea1t \u0111\u1ed9ng trong m\u00f4i tr\u01b0\u1eddng tr\u1ea1m bi\u1ebfn \u00e1p kh\u1eafc nghi\u1ec7t.<\/li>\n<li>Qu\u1ea3n l\u00fd thi\u1ebft b\u1ecb \u0111i\u1ec7n t\u1eed th\u00f4ng minh (IED) v\u00e0 ghi ch\u00e9p d\u1eef li\u1ec7u theo th\u1ee9 b\u1eadc.<\/li>\n<li>Tu\u00e2n th\u1ee7 c\u00e1c ti\u00eau chu\u1ea9n qu\u1ed1c t\u1ebf bao g\u1ed3m: IEC, NERC, IEEE, vv&#8230;<\/li>\n<li>H\u1ed7 tr\u1ee3 b\u1ea3n ghi l\u1ed7i v\u00e0 giao th\u1ee9c thu nh\u1eadn b\u1ea3n ghi nhi\u1ec5u nh\u01b0 IEC61850-8-1 D\u1ecbch v\u1ee5 t\u1ec7p, FTP, Telnet, giao th\u1ee9c \u0111\u1ed9c quy\u1ec1n, vv\u2026<\/li>\n<li>H\u1ed7 tr\u1ee3 phi\u00ean b\u1ea3n m\u1edbi nh\u1ea5t c\u1ee7a C37.111 (COMTRADE), \u0111\u1ecbnh d\u1ea1ng t\u1ec7p IEEE C37.118 v\u00e0 PQDIF.<\/li>\n<li>H\u1ed7 tr\u1ee3 h\u01a1n 1000 thi\u1ebft b\u1ecb \u0111i\u1ec7n t\u1eed th\u00f4ng minh (IED).<\/li>\n<\/ul>\n<p>[\/vc_column_text][\/vc_column][\/vc_row][\/vc_section][vc_section full_width=&#8221;stretch_row_content&#8221; css=&#8221;.vc_custom_1562231694682{margin-top: -40px !important;}&#8221;][vc_row][vc_column width=&#8221;1\/2&#8243; css=&#8221;.vc_custom_1563648409375{padding-top: 80px !important;padding-bottom: 130px !important;padding-left: 0px !important;background-image: url(https:\/\/ats.com.vn\/wp-content\/uploads\/2019\/06\/link-our-history@2x.png?id=3492) !important;background-position: center !important;background-repeat: no-repeat !important;background-size: cover !important;}&#8221; el_class=&#8221;btn-left&#8221; el_id=&#8221;btn-left&#8221;][vc_custom_heading text=&#8221;Xem D\u1ef1 \u00e1n c\u1ee7a Ch\u00fang t\u00f4i&#8221; font_container=&#8221;tag:h2|font_size:20px|text_align:center|color:%23ffffff&#8221; use_theme_fonts=&#8221;yes&#8221; css=&#8221;.vc_custom_1563648446658{padding-bottom: 20px !important;}&#8221;]\r<!-- radiantthemes-button -->\r<div class=\"radiantthemes-button hover-style-one  \" id=\"button\" data-button-direction=\"center\" data-button-fullwidth=\"false\" ><a style=\"\" class=\"radiantthemes-button-main\" href=\"\/vi\/du-an\/\"  title=\"\" target=\"_self\"><div class=\"placeholder\">D\u1ef1 \u00c1n<\/div><\/a><\/div>\r<!-- radiantthemes-button -->\r[\/vc_column][vc_column width=&#8221;1\/2&#8243; css=&#8221;.vc_custom_1563648417225{padding-top: 80px !important;padding-bottom: 130px !important;padding-left: 0px !important;background-image: url(https:\/\/ats.com.vn\/wp-content\/uploads\/2019\/06\/pg-09@2x.png?id=3493) !important;background-position: center !important;background-repeat: no-repeat !important;background-size: cover !important;}&#8221; el_id=&#8221;client-btn&#8221; el_class=&#8221;btn-right&#8221;][vc_custom_heading text=&#8221;Li\u00ean h\u1ec7 Ch\u00fang t\u00f4i&#8221; font_container=&#8221;tag:h2|font_size:20px|text_align:center|color:%23ffffff&#8221; use_theme_fonts=&#8221;yes&#8221; css=&#8221;.vc_custom_1563648425682{padding-bottom: 20px !important;}&#8221;]\r<!-- radiantthemes-button -->\r<div class=\"radiantthemes-button hover-style-one  \"  data-button-direction=\"center\" data-button-fullwidth=\"false\" ><a style=\"\" class=\"radiantthemes-button-main\" href=\"\/vi\/lien-he\/\"  title=\"\" target=\"_self\"><div class=\"placeholder\">Li\u00ean H\u1ec7<\/div><\/a><\/div>\r<!-- radiantthemes-button -->\r[\/vc_column][\/vc_row][\/vc_section][vc_row el_id=&#8221;popup&#8221;][vc_column][vc_raw_html]JTNDZGl2JTIwaWQlM0QlMjJpZDAxJTIyJTIwY2xhc3MlM0QlMjJtb2RhbCUyMiUzRSUwQSUyMCUyMCUwQSUyMCUyMCUzQ2Zvcm0lMjBjbGFzcyUzRCUyMm1vZGFsLWNvbnRlbnQlMjBhbmltYXRlJTIyJTIwYWN0aW9uJTNEJTIyJTJGYWN0aW9uX3BhZ2UucGhwJTIyJTNFJTBBJTIwJTIwJTIwJTIwJTNDZGl2JTIwY2xhc3MlM0QlMjJpbWdjb250YWluZXIlMjIlM0UlMEElMjAlMjAlMjAlMjAlMjAlMjAlM0NzcGFuJTIwb25jbGljayUzRCUyMmRvY3VtZW50LmdldEVsZW1lbnRCeUlkJTI4JTI3aWQwMSUyNyUyOS5zdHlsZS5kaXNwbGF5JTNEJTI3bm9uZSUyNyUyMiUyMGNsYXNzJTNEJTIyY2xvc2UlMjIlMjB0aXRsZSUzRCUyMkNsb3NlJTIwTW9kYWwlMjIlM0UlMjZ0aW1lcyUzQiUzQyUyRnNwYW4lM0UlMEElM0NvYmplY3QlMjBkYXRhJTNEJTIyJTJGd3AtY29udGVudCUyRnVwbG9hZHMlMkYyMDE5JTJGMDYlMkZBVFMtU29sdXRpb24tJTQwTWljcm8tR3JpZC12ZXIxOTAyMTgucGRmJTIzdmlldyUzREZpdCUyMiUyMHR5cGUlM0QlMjJhcHBsaWNhdGlvbiUyRnBkZiUyMiUyMHdpZHRoJTNEJTIyMTAwJTI1JTIyJTIwaGVpZ2h0JTNEJTIyMTAwMHB4JTIyJTNFJTBBJTIwJTIwJTIwJTBBJTNDJTJGb2JqZWN0JTNFJTBBJTIwJTIwJTIwJTIwJTNDJTJGZGl2JTNFJTBBJTIwJTIwJTIwJTIwJTBBJTIwJTIwJTNDJTJGZm9ybSUzRSUwQSUzQyUyRmRpdiUzRQ==[\/vc_raw_html][vc_raw_js]JTNDc2NyaXB0JTNFJTBBJTJGJTJGJTIwR2V0JTIwdGhlJTIwbW9kYWwlMEF2YXIlMjBtb2RhbCUyMCUzRCUyMGRvY3VtZW50LmdldEVsZW1lbnRCeUlkJTI4JTI3aWQwMSUyNyUyOSUzQiUwQSUwQSUyRiUyRiUyMFdoZW4lMjB0aGUlMjB1c2VyJTIwY2xpY2tzJTIwYW55d2hlcmUlMjBvdXRzaWRlJTIwb2YlMjB0aGUlMjBtb2RhbCUyQyUyMGNsb3NlJTIwaXQlMEF3aW5kb3cub25jbGljayUyMCUzRCUyMGZ1bmN0aW9uJTI4ZXZlbnQlMjklMjAlN0IlMEElMjAlMjAlMjAlMjBpZiUyMCUyOGV2ZW50LnRhcmdldCUyMCUzRCUzRCUyMG1vZGFsJTI5JTIwJTdCJTBBJTIwJTIwJTIwJTIwJTIwJTIwJTIwJTIwbW9kYWwuc3R5bGUuZGlzcGxheSUyMCUzRCUyMCUyMm5vbmUlMjIlM0IlMEElMjAlMjAlMjAlMjAlN0QlMEElN0QlMEElM0MlMkZzY3JpcHQlM0U=[\/vc_raw_js][\/vc_column][\/vc_row]<\/p>\n","protected":false},"excerpt":{"rendered":"<p>[vc_section][vc_row][vc_column css=&#8221;.vc_custom_1563867963576{margin-bottom: -30px !important;}&#8221;][rev_slider_vc alias=&#8221;fault-recorder-vi&#8221;][\/vc_column][\/vc_row][\/vc_section][vc_section full_width=&#8221;stretch_row&#8221; css=&#8221;.vc_custom_1563552410058{padding-top: 0px !important;padding-bottom: 0px !important;}&#8221;][vc_row full_width=&#8221;stretch_row&#8221; el_id=&#8221;txt-content&#8221;][vc_column width=&#8221;1\/4&#8243;][vc_custom_heading text=&#8221;SmartPQFR&#8221; font_container=&#8221;tag:h3|font_size:30px|text_align:right|color:%23005aaa&#8221; use_theme_fonts=&#8221;yes&#8221; css=&#8221;.vc_custom_1563648366991{padding-top: 10px !important;padding-right: 10px !important;padding-bottom: 10px !important;}&#8221; el_class=&#8221;line&#8221;][\/vc_column][vc_column width=&#8221;3\/4&#8243; el_class=&#8221;btn-right&#8221; css=&#8221;.vc_custom_1564048518567{margin-left: 10px !important;padding-bottom: 30px !important;}&#8221;][vc_custom_heading text=&#8221;H\u1ec7 th\u1ed1ng Ghi s\u1ef1 c\u1ed1 v\u00e0 Gi\u00e1m s\u00e1t Ch\u1ea5t l\u01b0\u1ee3ng \u0110i\u1ec7n n\u0103ng.&#8221; font_container=&#8221;tag:h3|font_size:20px|text_align:left|color:%234a4a4a|line_height:28px&#8221; use_theme_fonts=&#8221;yes&#8221; css=&#8221;.vc_custom_1563868134839{margin-top: 0px !important;margin-bottom: 0px !important;padding-top: 5px !important;padding-bottom: 10px !important;}&#8221;][vc_column_text]SmartPQFRTM [&hellip;]<\/p>\n","protected":false},"author":2,"featured_media":0,"parent":0,"menu_order":0,"comment_status":"closed","ping_status":"closed","template":"","meta":{"footnotes":"","_links_to":"","_links_to_target":""},"class_list":["post-4105","page","type-page","status-publish","hentry"],"yoast_head":"<!-- This site is optimized with the Yoast SEO plugin v27.1.1 - https:\/\/yoast.com\/product\/yoast-seo-wordpress\/ -->\n<title>Ghi Su Co - ATS JSC<\/title>\n<meta name=\"robots\" content=\"index, follow, max-snippet:-1, max-image-preview:large, max-video-preview:-1\" \/>\n<link rel=\"canonical\" href=\"https:\/\/ats.com.vn\/vi\/ghi-su-co\/\" \/>\n<meta property=\"og:locale\" content=\"vi_VN\" \/>\n<meta property=\"og:type\" content=\"article\" \/>\n<meta property=\"og:title\" content=\"Ghi Su Co - ATS JSC\" \/>\n<meta property=\"og:description\" content=\"[vc_section][vc_row][vc_column css=&#8221;.vc_custom_1563867963576{margin-bottom: -30px !important;}&#8221;][rev_slider_vc alias=&#8221;fault-recorder-vi&#8221;][\/vc_column][\/vc_row][\/vc_section][vc_section full_width=&#8221;stretch_row&#8221; css=&#8221;.vc_custom_1563552410058{padding-top: 0px !important;padding-bottom: 0px !important;}&#8221;][vc_row full_width=&#8221;stretch_row&#8221; el_id=&#8221;txt-content&#8221;][vc_column width=&#8221;1\/4&#8243;][vc_custom_heading text=&#8221;SmartPQFR&#8221; font_container=&#8221;tag:h3|font_size:30px|text_align:right|color:%23005aaa&#8221; use_theme_fonts=&#8221;yes&#8221; css=&#8221;.vc_custom_1563648366991{padding-top: 10px !important;padding-right: 10px !important;padding-bottom: 10px !important;}&#8221; el_class=&#8221;line&#8221;][\/vc_column][vc_column width=&#8221;3\/4&#8243; el_class=&#8221;btn-right&#8221; css=&#8221;.vc_custom_1564048518567{margin-left: 10px !important;padding-bottom: 30px !important;}&#8221;][vc_custom_heading text=&#8221;H\u1ec7 th\u1ed1ng Ghi s\u1ef1 c\u1ed1 v\u00e0 Gi\u00e1m s\u00e1t Ch\u1ea5t l\u01b0\u1ee3ng \u0110i\u1ec7n n\u0103ng.&#8221; font_container=&#8221;tag:h3|font_size:20px|text_align:left|color:%234a4a4a|line_height:28px&#8221; use_theme_fonts=&#8221;yes&#8221; css=&#8221;.vc_custom_1563868134839{margin-top: 0px !important;margin-bottom: 0px !important;padding-top: 5px !important;padding-bottom: 10px !important;}&#8221;][vc_column_text]SmartPQFRTM [&hellip;]\" \/>\n<meta property=\"og:url\" content=\"https:\/\/ats.com.vn\/vi\/ghi-su-co\/\" \/>\n<meta property=\"og:site_name\" content=\"ATS JSC\" \/>\n<meta property=\"article:modified_time\" content=\"2021-03-05T04:10:57+00:00\" \/>\n<meta name=\"twitter:card\" content=\"summary_large_image\" \/>\n<meta name=\"twitter:label1\" content=\"Est. reading time\" \/>\n\t<meta name=\"twitter:data1\" content=\"9 minutes\" \/>\n<script type=\"application\/ld+json\" class=\"yoast-schema-graph\">{\"@context\":\"https:\/\/schema.org\",\"@graph\":[{\"@type\":\"WebPage\",\"@id\":\"https:\/\/ats.com.vn\/vi\/ghi-su-co\/\",\"url\":\"https:\/\/ats.com.vn\/vi\/ghi-su-co\/\",\"name\":\"Ghi Su Co - ATS JSC\",\"isPartOf\":{\"@id\":\"https:\/\/ats.com.vn\/#website\"},\"datePublished\":\"2019-06-12T09:10:07+00:00\",\"dateModified\":\"2021-03-05T04:10:57+00:00\",\"breadcrumb\":{\"@id\":\"https:\/\/ats.com.vn\/vi\/ghi-su-co\/#breadcrumb\"},\"inLanguage\":\"vi\",\"potentialAction\":[{\"@type\":\"ReadAction\",\"target\":[\"https:\/\/ats.com.vn\/vi\/ghi-su-co\/\"]}]},{\"@type\":\"BreadcrumbList\",\"@id\":\"https:\/\/ats.com.vn\/vi\/ghi-su-co\/#breadcrumb\",\"itemListElement\":[{\"@type\":\"ListItem\",\"position\":1,\"name\":\"Home\",\"item\":\"https:\/\/ats.com.vn\/vi\/\"},{\"@type\":\"ListItem\",\"position\":2,\"name\":\"Ghi Su Co\"}]},{\"@type\":\"WebSite\",\"@id\":\"https:\/\/ats.com.vn\/#website\",\"url\":\"https:\/\/ats.com.vn\/\",\"name\":\"ATS\",\"description\":\"Applied Technical Systems Joint Stock Company\",\"publisher\":{\"@id\":\"https:\/\/ats.com.vn\/#organization\"},\"potentialAction\":[{\"@type\":\"SearchAction\",\"target\":{\"@type\":\"EntryPoint\",\"urlTemplate\":\"https:\/\/ats.com.vn\/?s={search_term_string}\"},\"query-input\":{\"@type\":\"PropertyValueSpecification\",\"valueRequired\":true,\"valueName\":\"search_term_string\"}}],\"inLanguage\":\"vi\"},{\"@type\":\"Organization\",\"@id\":\"https:\/\/ats.com.vn\/#organization\",\"name\":\"Applied Technical Systems Join Stock Company\",\"url\":\"https:\/\/ats.com.vn\/\",\"logo\":{\"@type\":\"ImageObject\",\"inLanguage\":\"vi\",\"@id\":\"https:\/\/ats.com.vn\/#\/schema\/logo\/image\/\",\"url\":\"https:\/\/ats.com.vn\/medias\/2018\/06\/lgo1.jpg\",\"contentUrl\":\"https:\/\/ats.com.vn\/medias\/2018\/06\/lgo1.jpg\",\"width\":981,\"height\":488,\"caption\":\"Applied Technical Systems Join Stock Company\"},\"image\":{\"@id\":\"https:\/\/ats.com.vn\/#\/schema\/logo\/image\/\"},\"sameAs\":[\"https:\/\/www.linkedin.com\/company\/ats-jsc\",\"https:\/\/www.youtube.com\/user\/ATSMedia\"]}]}<\/script>\n<!-- \/ Yoast SEO plugin. -->","yoast_head_json":{"title":"Ghi Su Co - ATS JSC","robots":{"index":"index","follow":"follow","max-snippet":"max-snippet:-1","max-image-preview":"max-image-preview:large","max-video-preview":"max-video-preview:-1"},"canonical":"https:\/\/ats.com.vn\/vi\/ghi-su-co\/","og_locale":"vi_VN","og_type":"article","og_title":"Ghi Su Co - ATS JSC","og_description":"[vc_section][vc_row][vc_column css=&#8221;.vc_custom_1563867963576{margin-bottom: -30px !important;}&#8221;][rev_slider_vc alias=&#8221;fault-recorder-vi&#8221;][\/vc_column][\/vc_row][\/vc_section][vc_section full_width=&#8221;stretch_row&#8221; css=&#8221;.vc_custom_1563552410058{padding-top: 0px !important;padding-bottom: 0px !important;}&#8221;][vc_row full_width=&#8221;stretch_row&#8221; el_id=&#8221;txt-content&#8221;][vc_column width=&#8221;1\/4&#8243;][vc_custom_heading text=&#8221;SmartPQFR&#8221; font_container=&#8221;tag:h3|font_size:30px|text_align:right|color:%23005aaa&#8221; use_theme_fonts=&#8221;yes&#8221; css=&#8221;.vc_custom_1563648366991{padding-top: 10px !important;padding-right: 10px !important;padding-bottom: 10px !important;}&#8221; el_class=&#8221;line&#8221;][\/vc_column][vc_column width=&#8221;3\/4&#8243; el_class=&#8221;btn-right&#8221; css=&#8221;.vc_custom_1564048518567{margin-left: 10px !important;padding-bottom: 30px !important;}&#8221;][vc_custom_heading text=&#8221;H\u1ec7 th\u1ed1ng Ghi s\u1ef1 c\u1ed1 v\u00e0 Gi\u00e1m s\u00e1t Ch\u1ea5t l\u01b0\u1ee3ng \u0110i\u1ec7n n\u0103ng.&#8221; font_container=&#8221;tag:h3|font_size:20px|text_align:left|color:%234a4a4a|line_height:28px&#8221; use_theme_fonts=&#8221;yes&#8221; css=&#8221;.vc_custom_1563868134839{margin-top: 0px !important;margin-bottom: 0px !important;padding-top: 5px !important;padding-bottom: 10px !important;}&#8221;][vc_column_text]SmartPQFRTM [&hellip;]","og_url":"https:\/\/ats.com.vn\/vi\/ghi-su-co\/","og_site_name":"ATS JSC","article_modified_time":"2021-03-05T04:10:57+00:00","twitter_card":"summary_large_image","twitter_misc":{"Est. reading time":"9 minutes"},"schema":{"@context":"https:\/\/schema.org","@graph":[{"@type":"WebPage","@id":"https:\/\/ats.com.vn\/vi\/ghi-su-co\/","url":"https:\/\/ats.com.vn\/vi\/ghi-su-co\/","name":"Ghi Su Co - ATS JSC","isPartOf":{"@id":"https:\/\/ats.com.vn\/#website"},"datePublished":"2019-06-12T09:10:07+00:00","dateModified":"2021-03-05T04:10:57+00:00","breadcrumb":{"@id":"https:\/\/ats.com.vn\/vi\/ghi-su-co\/#breadcrumb"},"inLanguage":"vi","potentialAction":[{"@type":"ReadAction","target":["https:\/\/ats.com.vn\/vi\/ghi-su-co\/"]}]},{"@type":"BreadcrumbList","@id":"https:\/\/ats.com.vn\/vi\/ghi-su-co\/#breadcrumb","itemListElement":[{"@type":"ListItem","position":1,"name":"Home","item":"https:\/\/ats.com.vn\/vi\/"},{"@type":"ListItem","position":2,"name":"Ghi Su Co"}]},{"@type":"WebSite","@id":"https:\/\/ats.com.vn\/#website","url":"https:\/\/ats.com.vn\/","name":"ATS","description":"Applied Technical Systems Joint Stock Company","publisher":{"@id":"https:\/\/ats.com.vn\/#organization"},"potentialAction":[{"@type":"SearchAction","target":{"@type":"EntryPoint","urlTemplate":"https:\/\/ats.com.vn\/?s={search_term_string}"},"query-input":{"@type":"PropertyValueSpecification","valueRequired":true,"valueName":"search_term_string"}}],"inLanguage":"vi"},{"@type":"Organization","@id":"https:\/\/ats.com.vn\/#organization","name":"Applied Technical Systems Join Stock Company","url":"https:\/\/ats.com.vn\/","logo":{"@type":"ImageObject","inLanguage":"vi","@id":"https:\/\/ats.com.vn\/#\/schema\/logo\/image\/","url":"https:\/\/ats.com.vn\/medias\/2018\/06\/lgo1.jpg","contentUrl":"https:\/\/ats.com.vn\/medias\/2018\/06\/lgo1.jpg","width":981,"height":488,"caption":"Applied Technical Systems Join Stock Company"},"image":{"@id":"https:\/\/ats.com.vn\/#\/schema\/logo\/image\/"},"sameAs":["https:\/\/www.linkedin.com\/company\/ats-jsc","https:\/\/www.youtube.com\/user\/ATSMedia"]}]}},"_links":{"self":[{"href":"https:\/\/ats.com.vn\/vi\/wp-json\/wp\/v2\/pages\/4105","targetHints":{"allow":["GET"]}}],"collection":[{"href":"https:\/\/ats.com.vn\/vi\/wp-json\/wp\/v2\/pages"}],"about":[{"href":"https:\/\/ats.com.vn\/vi\/wp-json\/wp\/v2\/types\/page"}],"author":[{"embeddable":true,"href":"https:\/\/ats.com.vn\/vi\/wp-json\/wp\/v2\/users\/2"}],"replies":[{"embeddable":true,"href":"https:\/\/ats.com.vn\/vi\/wp-json\/wp\/v2\/comments?post=4105"}],"version-history":[{"count":21,"href":"https:\/\/ats.com.vn\/vi\/wp-json\/wp\/v2\/pages\/4105\/revisions"}],"predecessor-version":[{"id":7541,"href":"https:\/\/ats.com.vn\/vi\/wp-json\/wp\/v2\/pages\/4105\/revisions\/7541"}],"wp:attachment":[{"href":"https:\/\/ats.com.vn\/vi\/wp-json\/wp\/v2\/media?parent=4105"}],"curies":[{"name":"wp","href":"https:\/\/api.w.org\/{rel}","templated":true}]}}