{"id":4103,"date":"2019-06-13T02:42:37","date_gmt":"2019-06-13T02:42:37","guid":{"rendered":"https:\/\/ats.com.vn\/display-interface\/?lang=vi"},"modified":"2021-03-05T11:10:09","modified_gmt":"2021-03-05T04:10:09","slug":"hien-thi","status":"publish","type":"page","link":"https:\/\/ats.com.vn\/vi\/hien-thi\/","title":{"rendered":"Hien Thi"},"content":{"rendered":"<p>[vc_section][vc_row][vc_column css=&#8221;.vc_custom_1563867449497{margin-bottom: -20px !important;}&#8221;][rev_slider_vc alias=&#8221;display-interface-vi&#8221;][\/vc_column][\/vc_row][\/vc_section][vc_section css=&#8221;.vc_custom_1563557191544{padding-top: 0px !important;padding-bottom: 30px !important;}&#8221; el_id=&#8221;software&#8221;][vc_row css=&#8221;.vc_custom_1562227016183{padding-bottom: 20px !important;}&#8221;][vc_column width=&#8221;1\/4&#8243; css=&#8221;.vc_custom_1562920048003{margin-bottom: 0px !important;padding-top: 13px !important;background-position: center !important;background-repeat: no-repeat !important;background-size: cover !important;}&#8221;][vc_custom_heading text=&#8221;SmartHMI<br \/>\nStudio&#8221; font_container=&#8221;tag:h2|font_size:30px|text_align:right|color:%23005aaa&#8221; use_theme_fonts=&#8221;yes&#8221; css=&#8221;.vc_custom_1563884069721{margin-top: -20px !important;padding-top: 20px !important;padding-right: 10px !important;padding-bottom: 30px !important;}&#8221; el_class=&#8221;line&#8221;][\/vc_column][vc_column width=&#8221;3\/4&#8243; css=&#8221;.vc_custom_1564066719646{margin-left: 10px !important;padding-bottom: 30px !important;}&#8221;][vc_custom_heading text=&#8221;Ph\u1ea7n m\u1ec1m X\u00e2y d\u1ef1ng v\u00e0 Hi\u1ec3n th\u1ecb Giao di\u1ec7n \u0110\u1ed3 h\u1ecda HMI&#8221; font_container=&#8221;tag:h3|font_size:20px|text_align:left|color:%234a4a4a|line_height:28px&#8221; use_theme_fonts=&#8221;yes&#8221; css=&#8221;.vc_custom_1563557302180{margin-top: 0px !important;margin-bottom: 0px !important;padding-top: 0px !important;padding-bottom: 10px !important;}&#8221;][vc_column_text css=&#8221;.vc_custom_1563557394331{margin-bottom: 15px !important;}&#8221;]SmartHMI Studio<sup>TM<\/sup> l\u00e0 ph\u1ea7n m\u1ec1m x\u00e2y d\u1ef1ng giao di\u1ec7n ng\u01b0\u1eddi-m\u00e1y (HMI \u2013 Human Machine Interface) cho h\u1ec7 th\u1ed1ng gi\u00e1m s\u00e1t \u0111i\u1ec1u khi\u1ec3n th\u1eddi gian th\u1ef1c trong c\u00e1c l\u0129nh v\u1ef1c c\u00f4ng nghi\u1ec7p, an ninh qu\u1ed1c ph\u00f2ng, giao th\u00f4ng c\u00f4ng c\u1ed9ng, th\u1ecb tr\u01b0\u1eddng t\u00e0i ch\u00ednh, vv\u2026 v\u1edbi y\u00eau c\u1ea7u \u0111\u00e1p \u1ee9ng nhanh, l\u01b0\u1ee3ng d\u1eef li\u1ec7u l\u1edbn, t\u00ednh b\u1ea3o m\u1eadt cao v\u1edbi k\u1ebft n\u1ed1i truy\u1ec1n tin \u0111a d\u1ea1ng.<\/p>\n<p>&nbsp;<\/p>\n<p>SmartHMI Studio<sup>TM<\/sup> \u0111\u1eb7c bi\u1ec7t ph\u00f9 h\u1ee3p cho c\u00e1c \u1ee9ng d\u1ee5ng trong ng\u00e0nh \u0111i\u1ec7n nh\u01b0 c\u00e1c h\u1ec7 th\u1ed1ng SCADA; h\u1ec7 th\u1ed1ng gi\u00e1m s\u00e1t, \u0111i\u1ec1u khi\u1ec3n b\u1ea3o v\u1ec7 t\u00edch h\u1ee3p tr\u1ea1m bi\u1ebfn \u00e1p (SAS); h\u1ec7 th\u1ed1ng trung t\u00e2m gi\u00e1m s\u00e1t v\u1eadn h\u00e0nh (OCC).[\/vc_column_text][vc_custom_heading text=&#8221;Ch\u1ee9c n\u0103ng &amp; \u0110\u1eb7c t\u00ednh Ti\u00eau bi\u1ec3u&#8221; font_container=&#8221;tag:h3|font_size:20px|text_align:left|color:%231e73be&#8221; use_theme_fonts=&#8221;yes&#8221; css=&#8221;.vc_custom_1563557337518{margin-top: 0px !important;margin-bottom: 0px !important;padding-top: 0px !important;padding-bottom: 10px !important;}&#8221;][vc_column_text]<\/p>\n<ul>\n<li>Ki\u1ebfn tr\u00fac ph\u00e2n t\u00e1n v\u00e0 c\u00f3 th\u1ec3 tri\u1ec3n khai tr\u00ean ph\u1ea1m vi r\u1ed9ng<\/li>\n<li>Ch\u1ee9c n\u0103ng t\u00f9y ch\u1ec9nh theo nhu c\u1ea7u kh\u00e1ch h\u00e0ng<\/li>\n<li>M\u00f4-\u0111un SmartHMI Builder cung c\u1ea5p c\u00e1c c\u00f4ng c\u1ee5 \u0111\u1ec3 x\u00e2y d\u1ef1ng giao di\u1ec7n theo nhu c\u1ea7u c\u1ee7a ng\u01b0\u1eddi d\u00f9ng<\/li>\n<li>M\u00f4-\u0111un SmartHMI Viewer cho ph\u00e9p ng\u01b0\u1eddi d\u00f9ng ch\u1ea1y ch\u01b0\u01a1ng tr\u00ecnh ngay khi \u0111ang x\u00e2y d\u1ef1ng \u1ee9ng d\u1ee5ng<\/li>\n<li>Ch\u1ee9c n\u0103ng t\u00ecm ki\u1ebfm h\u1ed7 tr\u1ee3 qu\u1ea3n l\u00fd v\u00e0 c\u1ea5u h\u00ecnh \u1ee9ng d\u1ee5ng theo s\u01a1 \u0111\u1ed3 h\u00ecnh c\u00e2y<\/li>\n<li>Ch\u1ee9c n\u0103ng SmartControl s\u1eed d\u1ee5ng, l\u01b0u tr\u1eef v\u00e0 c\u00f3 th\u1ec3 \u00e1p d\u1ee5ng l\u1ea1i c\u00e1c template thi\u1ebft k\u1ebf<\/li>\n<li>Kh\u1ea3 n\u0103ng ph\u1ee5c h\u1ed3i sau l\u1ed7i \u0111\u1ea3m b\u1ea3o h\u1ec7 th\u1ed1ng lu\u00f4n ho\u1ea1t \u0111\u1ed9ng th\u00f4ng su\u1ed1t<\/li>\n<\/ul>\n<p>[\/vc_column_text]\r<!-- radiantthemes-button -->\r<div class=\"radiantthemes-button hover-style-one  \"  data-button-direction=\"left\" data-button-fullwidth=\"false\" ><a style=\"\" class=\"radiantthemes-button-main\" href=\"http:\/\/ats.com.vn\/medias\/medias\/2023\/04\/ATS-Profile_ver240404_VIE.pdf\"  title=\"\" target=\"_self\"><div class=\"placeholder\">T\u00e0i li\u1ec7u S\u1ea3n ph\u1ea9m<\/div><\/a><\/div>\r<!-- radiantthemes-button -->\r[\/vc_column][\/vc_row][vc_row full_width=&#8221;stretch_row&#8221; css=&#8221;.vc_custom_1562227008216{padding-top: 20px !important;padding-bottom: 20px !important;background-color: #f5f5f5 !important;}&#8221;][vc_column width=&#8221;1\/4&#8243; css=&#8221;.vc_custom_1562920253172{margin-top: 13px !important;background-position: center !important;background-repeat: no-repeat !important;background-size: cover !important;}&#8221;][vc_custom_heading text=&#8221;SmartGIS&#8221; font_container=&#8221;tag:h2|font_size:30px|text_align:right|color:%23005aaa&#8221; use_theme_fonts=&#8221;yes&#8221; css=&#8221;.vc_custom_1563557370096{padding-right: 10px !important;}&#8221; el_class=&#8221;line&#8221;][\/vc_column][vc_column width=&#8221;3\/4&#8243; css=&#8221;.vc_custom_1564066727417{margin-left: 10px !important;padding-bottom: 30px !important;}&#8221;][vc_custom_heading text=&#8221;Ph\u1ea7n m\u1ec1m Hi\u1ec3n th\u1ecb Th\u00f4ng tin L\u01b0\u1edbi \u0111i\u1ec7n tr\u00ean GIS&#8221; font_container=&#8221;tag:h3|font_size:20px|text_align:left|color:%234a4a4a|line_height:28px&#8221; use_theme_fonts=&#8221;yes&#8221; css=&#8221;.vc_custom_1563557382253{margin-top: 0px !important;margin-bottom: 0px !important;padding-top: 0px !important;padding-bottom: 10px !important;}&#8221;][vc_column_text css=&#8221;.vc_custom_1562920319221{margin-bottom: 15px !important;}&#8221;]SmartGIS<sup>TM<\/sup> (H\u1ec7 th\u1ed1ng qu\u1ea3n tr\u1ecb tr\u00ean n\u1ec1n Th\u00f4ng tin \u0110\u1ecba l\u00fd) l\u00e0 m\u1ed9t m\u00f4-\u0111un ph\u1ea7n m\u1ec1m \u0111\u1ed9c l\u1eadp, khi t\u00edch h\u1ee3p c\u00f9ng v\u1edbi h\u1ec7 th\u1ed1ng SCADA\/DMS s\u1ebd mang \u0111\u1ebfn nhi\u1ec1u l\u1ee3i \u00edch th\u1ef1c ti\u1ec5n cho kh\u00e1ch h\u00e0ng.[\/vc_column_text][vc_custom_heading text=&#8221;Ch\u1ee9c n\u0103ng &amp; \u0110\u1eb7c t\u00ednh Ti\u00eau bi\u1ec3u&#8221; font_container=&#8221;tag:h3|font_size:20px|text_align:left|color:%231e73be&#8221; use_theme_fonts=&#8221;yes&#8221; css=&#8221;.vc_custom_1563557420749{margin-top: 0px !important;margin-bottom: 0px !important;padding-top: 0px !important;padding-bottom: 10px !important;}&#8221;][vc_column_text]<\/p>\n<ul>\n<li>Hi\u1ec3n th\u1ecb m\u00f4 h\u00ecnh l\u01b0\u1edbi \u0111i\u1ec7n tr\u1ef1c quan tr\u00ean n\u1ec1n b\u1ea3n \u0111\u1ed3<\/li>\n<li>Hi\u1ec3n th\u1ecb c\u00e1c th\u00f4ng tin d\u1eef li\u1ec7u v\u1eadn h\u00e0nh th\u1ef1c t\u1ebf<\/li>\n<li>Qu\u1ea3n l\u00fd c\u1ea5u tr\u00fac k\u1ebft l\u01b0\u1edbi (topology) v\u00e0 t\u00e0i s\u1ea3n theo m\u00f4 h\u00ecnh CIM (Common Information Model)<\/li>\n<li>T\u00edch h\u1ee3p k\u1ebft qu\u1ea3 t\u00ednh to\u00e1n c\u1ee7a c\u00e1c ch\u01b0\u01a1ng tr\u00ecnh qu\u1ea3n l\u00fd l\u01b0\u1edbi \u0111i\u1ec7n ph\u00e2n ph\u1ed1i (DMS)<\/li>\n<li>H\u1ed7 tr\u1ee3 ng\u01b0\u1eddi v\u1eadn h\u00e0nh \u0111i\u1ec1u khi\u1ec3n v\u00e0 gi\u00e1m s\u00e1t h\u1ec7 th\u1ed1ng an to\u00e0n, ch\u00ednh x\u00e1c c\u0169ng nh\u01b0 h\u1ed7 tr\u1ee3 c\u00f4ng t\u00e1c qu\u1ea3n l\u00fd v\u00e0 kh\u1eafc ph\u1ee5c s\u1ef1 c\u1ed1<\/li>\n<li>Qu\u1ea3n l\u00fd \u0111\u1ed9i c\u00f4ng t\u00e1c v\u00e0 qu\u1ea3n l\u00fd m\u1ea5t \u0111i\u1ec7n<\/li>\n<\/ul>\n<p>[\/vc_column_text]\r<!-- radiantthemes-button -->\r<div class=\"radiantthemes-button hover-style-one  \"  data-button-direction=\"left\" data-button-fullwidth=\"false\" ><a style=\"\" class=\"radiantthemes-button-main\" href=\"http:\/\/ats.com.vn\/medias\/medias\/2023\/04\/ATS-Profile_ver240404_VIE.pdf\"  title=\"\" target=\"_self\"><div class=\"placeholder\">T\u00e0i li\u1ec7u S\u1ea3n ph\u1ea9m<\/div><\/a><\/div>\r<!-- radiantthemes-button -->\r[\/vc_column][\/vc_row][vc_row css=&#8221;.vc_custom_1562227026017{padding-top: 20px !important;}&#8221;][vc_column width=&#8221;1\/4&#8243; css=&#8221;.vc_custom_1562920264195{margin-top: 13px !important;background-position: center !important;background-repeat: no-repeat !important;background-size: cover !important;}&#8221;][vc_custom_heading text=&#8221;SmartPortal&#8221; font_container=&#8221;tag:h2|font_size:30px|text_align:right|color:%23005aaa&#8221; use_theme_fonts=&#8221;yes&#8221; css=&#8221;.vc_custom_1563557447365{padding-right: 10px !important;}&#8221; el_class=&#8221;line&#8221;][\/vc_column][vc_column width=&#8221;3\/4&#8243; css=&#8221;.vc_custom_1564066738499{margin-left: 10px !important;padding-bottom: 30px !important;}&#8221;][vc_custom_heading text=&#8221;Ph\u1ea7n m\u1ec1m C\u1ed5ng D\u1eef li\u1ec7u V\u1eadn h\u00e0nh Th\u1eddi gian Th\u1ef1c&#8221; font_container=&#8221;tag:h3|font_size:20px|text_align:left|color:%234a4a4a|line_height:28px&#8221; use_theme_fonts=&#8221;yes&#8221; css=&#8221;.vc_custom_1563557458572{margin-top: 0px !important;margin-bottom: 0px !important;padding-top: 0px !important;padding-bottom: 10px !important;}&#8221;][vc_column_text css=&#8221;.vc_custom_1563557519931{margin-bottom: 15px !important;}&#8221;]Realtime Portal<sup>TM<\/sup> l\u00e0 b\u1ed9 \u1ee9ng d\u1ee5ng d\u1ef1a tr\u00ean n\u1ec1n t\u1ea3ng v\u00e0 m\u00f4i tr\u01b0\u1eddng web cho ph\u00e9p nhi\u1ec1u ng\u01b0\u1eddi d\u00f9ng \u0111\u1ed3ng th\u1eddi truy c\u1eadp m\u1ed9t kh\u1ed1i l\u01b0\u1ee3ng l\u1edbn th\u00f4ng tin th\u1eddi gian th\u1ef1c v\u00e0 d\u1eef li\u1ec7u qu\u00e1 kh\u1ee9. C\u00e1c th\u00f4ng tin n\u00e0y \u0111\u01b0\u1ee3c li\u00ean t\u1ee5c thu th\u1eadp, l\u01b0u tr\u1eef, duy tr\u00ec v\u00e0 lu\u00f4n s\u1eb5n s\u00e0ng cho c\u00e1c b\u1ed9 ph\u1eadn v\u1eadn h\u00e0nh, k\u1ebf ho\u1ea1ch \u2013 quy ho\u1ea1ch, b\u1ea3o tr\u00ec b\u1ea3o d\u01b0\u1ee1ng hay nh\u1eefng \u1ee9ng d\u1ee5ng di\u1ec7n r\u1ed9ng nh\u01b0 v\u1eadn h\u00e0nh th\u1ecb tr\u01b0\u1eddng \u0111i\u1ec7n, GIS, vv&#8230;<\/p>\n<p>&nbsp;<\/p>\n<p>H\u1ec7 th\u1ed1ng \u0111\u01b0\u1ee3c thi\u1ebft k\u1ebf \u0111\u1ec3 c\u00f3 th\u1ec3 truy c\u1eadp \u0111\u1ebfn d\u1eef li\u1ec7u r\u1ea5t nhanh ch\u00f3ng th\u00f4ng qua c\u00e1c c\u01a1 ch\u1ebf b\u1ea3o m\u1eadt c\u00f3 \u0111\u1ed9 an to\u00e0n cao.[\/vc_column_text][vc_custom_heading text=&#8221;Ch\u1ee9c n\u0103ng &amp; \u0110\u1eb7c t\u00ednh Ti\u00eau bi\u1ec3u&#8221; font_container=&#8221;tag:h3|font_size:20px|text_align:left|color:%231e73be&#8221; use_theme_fonts=&#8221;yes&#8221; css=&#8221;.vc_custom_1563557486335{margin-top: 0px !important;margin-bottom: 0px !important;padding-top: 0px !important;padding-bottom: 10px !important;}&#8221;][vc_column_text]<\/p>\n<ul>\n<li>Hi\u1ec3n th\u1ecb d\u1eef li\u1ec7u v\u1eadn h\u00e0nh d\u01b0\u1edbi d\u1ea1ng h\u00ecnh v\u1ebd, s\u01a1 \u0111\u1ed3, \u0111\u1ed3 th\u1ecb, \u0111\u1ed3ng h\u1ed3<\/li>\n<li>L\u1eadp b\u00e1o c\u00e1o<\/li>\n<li>Hi\u1ec3n th\u1ecb gi\u00e1 tr\u1ecb \u0111i\u1ec3m d\u1eef li\u1ec7u d\u1ea1ng \u0110\u1ed3 th\u1ecb v\u00e0 Truy v\u1ea5n gi\u00e1 tr\u1ecb c\u00e1c \u0111i\u1ec3m d\u1eef li\u1ec7u<\/li>\n<li>Th\u00f4ng b\u00e1o qua email ho\u1eb7c SMS<\/li>\n<\/ul>\n<p>[\/vc_column_text]\r<!-- radiantthemes-button -->\r<div class=\"radiantthemes-button hover-style-one  \"  data-button-direction=\"left\" data-button-fullwidth=\"false\" ><a style=\"\" class=\"radiantthemes-button-main\" href=\"http:\/\/ats.com.vn\/medias\/medias\/2023\/04\/ATS-Profile_ver240404_VIE.pdf\"  title=\"\" target=\"_self\"><div class=\"placeholder\">T\u00e0i li\u1ec7u S\u1ea3n ph\u1ea9m<\/div><\/a><\/div>\r<!-- radiantthemes-button -->\r[\/vc_column][\/vc_row][\/vc_section][vc_section full_width=&#8221;stretch_row_content&#8221;][vc_row][vc_column width=&#8221;1\/2&#8243; css=&#8221;.vc_custom_1563644637637{padding-top: 80px !important;padding-bottom: 130px !important;padding-left: 0px !important;background-image: url(https:\/\/ats.com.vn\/wp-content\/uploads\/2019\/06\/link-our-history@2x.png?id=3492) !important;background-position: center !important;background-repeat: no-repeat !important;background-size: cover !important;}&#8221; el_id=&#8221;btn-left&#8221;][vc_custom_heading text=&#8221;Xem D\u1ef1 \u00e1n c\u1ee7a Ch\u00fang t\u00f4i&#8221; font_container=&#8221;tag:h2|font_size:20px|text_align:center|color:%23ffffff&#8221; use_theme_fonts=&#8221;yes&#8221; css=&#8221;.vc_custom_1563646393881{padding-bottom: 20px !important;}&#8221;]\r<!-- radiantthemes-button -->\r<div class=\"radiantthemes-button hover-style-one  \" id=\"button\" data-button-direction=\"center\" data-button-fullwidth=\"false\" ><a style=\"\" class=\"radiantthemes-button-main\" href=\"\/vi\/projects\/\"  title=\"\" target=\"_self\"><div class=\"placeholder\">D\u1ef1 \u00c1n<\/div><\/a><\/div>\r<!-- radiantthemes-button -->\r[\/vc_column][vc_column width=&#8221;1\/2&#8243; css=&#8221;.vc_custom_1563644649728{padding-top: 80px !important;padding-bottom: 130px !important;padding-left: 0px !important;background-image: url(https:\/\/ats.com.vn\/wp-content\/uploads\/2019\/06\/pg-09@2x-1-2.png?id=3597) !important;background-position: center !important;background-repeat: no-repeat !important;background-size: cover !important;}&#8221; el_id=&#8221;client-btn&#8221;][vc_custom_heading text=&#8221;Li\u00ean h\u1ec7 Ch\u00fang t\u00f4i&#8221; font_container=&#8221;tag:h2|font_size:20px|text_align:center|color:%23ffffff&#8221; use_theme_fonts=&#8221;yes&#8221; css=&#8221;.vc_custom_1563644690661{padding-bottom: 20px !important;}&#8221;]\r<!-- radiantthemes-button -->\r<div class=\"radiantthemes-button hover-style-one  \"  data-button-direction=\"center\" data-button-fullwidth=\"false\" ><a style=\"\" class=\"radiantthemes-button-main\" href=\"\/vi\/contact\/\"  title=\"\" target=\"_self\"><div class=\"placeholder\">Li\u00ean H\u1ec7<\/div><\/a><\/div>\r<!-- radiantthemes-button -->\r[\/vc_column][\/vc_row][\/vc_section][vc_row el_id=&#8221;popup&#8221;][vc_column][vc_raw_html]JTNDZGl2JTIwaWQlM0QlMjJpZDAxJTIyJTIwY2xhc3MlM0QlMjJtb2RhbCUyMiUzRSUwQSUyMCUyMCUwQSUyMCUyMCUzQ2Zvcm0lMjBjbGFzcyUzRCUyMm1vZGFsLWNvbnRlbnQlMjBhbmltYXRlJTIyJTIwYWN0aW9uJTNEJTIyJTJGYWN0aW9uX3BhZ2UucGhwJTIyJTNFJTBBJTIwJTIwJTIwJTIwJTNDZGl2JTIwY2xhc3MlM0QlMjJpbWdjb250YWluZXIlMjIlM0UlMEElMjAlMjAlMjAlMjAlMjAlMjAlM0NzcGFuJTIwb25jbGljayUzRCUyMmRvY3VtZW50LmdldEVsZW1lbnRCeUlkJTI4JTI3aWQwMSUyNyUyOS5zdHlsZS5kaXNwbGF5JTNEJTI3bm9uZSUyNyUyMiUyMGNsYXNzJTNEJTIyY2xvc2UlMjIlMjB0aXRsZSUzRCUyMkNsb3NlJTIwTW9kYWwlMjIlM0UlMjZ0aW1lcyUzQiUzQyUyRnNwYW4lM0UlMEElM0NvYmplY3QlMjBkYXRhJTNEJTIyJTJGd3AtY29udGVudCUyRnVwbG9hZHMlMkYyMDE5JTJGMDYlMkZBVFMtU29sdXRpb24tJTQwTWljcm8tR3JpZC12ZXIxOTAyMTgucGRmJTIzdmlldyUzREZpdCUyMiUyMHR5cGUlM0QlMjJhcHBsaWNhdGlvbiUyRnBkZiUyMiUyMHdpZHRoJTNEJTIyMTAwJTI1JTIyJTIwaGVpZ2h0JTNEJTIyMTAwMHB4JTIyJTNFJTBBJTIwJTIwJTIwJTBBJTNDJTJGb2JqZWN0JTNFJTBBJTIwJTIwJTIwJTIwJTNDJTJGZGl2JTNFJTBBJTIwJTIwJTIwJTIwJTBBJTIwJTIwJTNDJTJGZm9ybSUzRSUwQSUzQyUyRmRpdiUzRQ==[\/vc_raw_html][vc_raw_js]JTNDc2NyaXB0JTNFJTBBJTJGJTJGJTIwR2V0JTIwdGhlJTIwbW9kYWwlMEF2YXIlMjBtb2RhbCUyMCUzRCUyMGRvY3VtZW50LmdldEVsZW1lbnRCeUlkJTI4JTI3aWQwMSUyNyUyOSUzQiUwQSUwQSUyRiUyRiUyMFdoZW4lMjB0aGUlMjB1c2VyJTIwY2xpY2tzJTIwYW55d2hlcmUlMjBvdXRzaWRlJTIwb2YlMjB0aGUlMjBtb2RhbCUyQyUyMGNsb3NlJTIwaXQlMEF3aW5kb3cub25jbGljayUyMCUzRCUyMGZ1bmN0aW9uJTI4ZXZlbnQlMjklMjAlN0IlMEElMjAlMjAlMjAlMjBpZiUyMCUyOGV2ZW50LnRhcmdldCUyMCUzRCUzRCUyMG1vZGFsJTI5JTIwJTdCJTBBJTIwJTIwJTIwJTIwJTIwJTIwJTIwJTIwbW9kYWwuc3R5bGUuZGlzcGxheSUyMCUzRCUyMCUyMm5vbmUlMjIlM0IlMEElMjAlMjAlMjAlMjAlN0QlMEElN0QlMEElM0MlMkZzY3JpcHQlM0U=[\/vc_raw_js][\/vc_column][\/vc_row]<\/p>\n","protected":false},"excerpt":{"rendered":"<p>[vc_section][vc_row][vc_column css=&#8221;.vc_custom_1563867449497{margin-bottom: -20px !important;}&#8221;][rev_slider_vc alias=&#8221;display-interface-vi&#8221;][\/vc_column][\/vc_row][\/vc_section][vc_section css=&#8221;.vc_custom_1563557191544{padding-top: 0px !important;padding-bottom: 30px !important;}&#8221; el_id=&#8221;software&#8221;][vc_row css=&#8221;.vc_custom_1562227016183{padding-bottom: 20px !important;}&#8221;][vc_column width=&#8221;1\/4&#8243; css=&#8221;.vc_custom_1562920048003{margin-bottom: 0px !important;padding-top: 13px !important;background-position: center !important;background-repeat: no-repeat !important;background-size: cover !important;}&#8221;][vc_custom_heading text=&#8221;SmartHMI Studio&#8221; font_container=&#8221;tag:h2|font_size:30px|text_align:right|color:%23005aaa&#8221; use_theme_fonts=&#8221;yes&#8221; css=&#8221;.vc_custom_1563884069721{margin-top: -20px !important;padding-top: 20px !important;padding-right: 10px !important;padding-bottom: 30px !important;}&#8221; el_class=&#8221;line&#8221;][\/vc_column][vc_column width=&#8221;3\/4&#8243; css=&#8221;.vc_custom_1564066719646{margin-left: 10px !important;padding-bottom: 30px !important;}&#8221;][vc_custom_heading text=&#8221;Ph\u1ea7n m\u1ec1m X\u00e2y d\u1ef1ng v\u00e0 Hi\u1ec3n th\u1ecb Giao di\u1ec7n [&hellip;]<\/p>\n","protected":false},"author":2,"featured_media":0,"parent":0,"menu_order":0,"comment_status":"closed","ping_status":"closed","template":"","meta":{"footnotes":"","_links_to":"","_links_to_target":""},"class_list":["post-4103","page","type-page","status-publish","hentry"],"yoast_head":"<!-- This site is optimized with the Yoast SEO plugin v27.1.1 - https:\/\/yoast.com\/product\/yoast-seo-wordpress\/ -->\n<title>Hien Thi - ATS JSC<\/title>\n<meta name=\"robots\" content=\"index, follow, max-snippet:-1, max-image-preview:large, max-video-preview:-1\" \/>\n<link rel=\"canonical\" href=\"https:\/\/ats.com.vn\/vi\/hien-thi\/\" \/>\n<meta property=\"og:locale\" content=\"vi_VN\" \/>\n<meta property=\"og:type\" content=\"article\" \/>\n<meta property=\"og:title\" content=\"Hien Thi - ATS JSC\" \/>\n<meta property=\"og:description\" content=\"[vc_section][vc_row][vc_column css=&#8221;.vc_custom_1563867449497{margin-bottom: -20px !important;}&#8221;][rev_slider_vc alias=&#8221;display-interface-vi&#8221;][\/vc_column][\/vc_row][\/vc_section][vc_section css=&#8221;.vc_custom_1563557191544{padding-top: 0px !important;padding-bottom: 30px !important;}&#8221; el_id=&#8221;software&#8221;][vc_row css=&#8221;.vc_custom_1562227016183{padding-bottom: 20px !important;}&#8221;][vc_column width=&#8221;1\/4&#8243; css=&#8221;.vc_custom_1562920048003{margin-bottom: 0px !important;padding-top: 13px !important;background-position: center !important;background-repeat: no-repeat !important;background-size: cover !important;}&#8221;][vc_custom_heading text=&#8221;SmartHMI Studio&#8221; font_container=&#8221;tag:h2|font_size:30px|text_align:right|color:%23005aaa&#8221; use_theme_fonts=&#8221;yes&#8221; css=&#8221;.vc_custom_1563884069721{margin-top: -20px !important;padding-top: 20px !important;padding-right: 10px !important;padding-bottom: 30px !important;}&#8221; el_class=&#8221;line&#8221;][\/vc_column][vc_column width=&#8221;3\/4&#8243; css=&#8221;.vc_custom_1564066719646{margin-left: 10px !important;padding-bottom: 30px !important;}&#8221;][vc_custom_heading text=&#8221;Ph\u1ea7n m\u1ec1m X\u00e2y d\u1ef1ng v\u00e0 Hi\u1ec3n th\u1ecb Giao di\u1ec7n [&hellip;]\" \/>\n<meta property=\"og:url\" content=\"https:\/\/ats.com.vn\/vi\/hien-thi\/\" \/>\n<meta property=\"og:site_name\" content=\"ATS JSC\" \/>\n<meta property=\"article:modified_time\" content=\"2021-03-05T04:10:09+00:00\" \/>\n<meta name=\"twitter:card\" content=\"summary_large_image\" \/>\n<meta name=\"twitter:label1\" content=\"Est. reading time\" \/>\n\t<meta name=\"twitter:data1\" content=\"9 minutes\" \/>\n<script type=\"application\/ld+json\" class=\"yoast-schema-graph\">{\"@context\":\"https:\/\/schema.org\",\"@graph\":[{\"@type\":\"WebPage\",\"@id\":\"https:\/\/ats.com.vn\/vi\/hien-thi\/\",\"url\":\"https:\/\/ats.com.vn\/vi\/hien-thi\/\",\"name\":\"Hien Thi - ATS JSC\",\"isPartOf\":{\"@id\":\"https:\/\/ats.com.vn\/#website\"},\"datePublished\":\"2019-06-13T02:42:37+00:00\",\"dateModified\":\"2021-03-05T04:10:09+00:00\",\"breadcrumb\":{\"@id\":\"https:\/\/ats.com.vn\/vi\/hien-thi\/#breadcrumb\"},\"inLanguage\":\"vi\",\"potentialAction\":[{\"@type\":\"ReadAction\",\"target\":[\"https:\/\/ats.com.vn\/vi\/hien-thi\/\"]}]},{\"@type\":\"BreadcrumbList\",\"@id\":\"https:\/\/ats.com.vn\/vi\/hien-thi\/#breadcrumb\",\"itemListElement\":[{\"@type\":\"ListItem\",\"position\":1,\"name\":\"Home\",\"item\":\"https:\/\/ats.com.vn\/vi\/\"},{\"@type\":\"ListItem\",\"position\":2,\"name\":\"Hien Thi\"}]},{\"@type\":\"WebSite\",\"@id\":\"https:\/\/ats.com.vn\/#website\",\"url\":\"https:\/\/ats.com.vn\/\",\"name\":\"ATS\",\"description\":\"Applied Technical Systems Joint Stock Company\",\"publisher\":{\"@id\":\"https:\/\/ats.com.vn\/#organization\"},\"potentialAction\":[{\"@type\":\"SearchAction\",\"target\":{\"@type\":\"EntryPoint\",\"urlTemplate\":\"https:\/\/ats.com.vn\/?s={search_term_string}\"},\"query-input\":{\"@type\":\"PropertyValueSpecification\",\"valueRequired\":true,\"valueName\":\"search_term_string\"}}],\"inLanguage\":\"vi\"},{\"@type\":\"Organization\",\"@id\":\"https:\/\/ats.com.vn\/#organization\",\"name\":\"Applied Technical Systems Join Stock Company\",\"url\":\"https:\/\/ats.com.vn\/\",\"logo\":{\"@type\":\"ImageObject\",\"inLanguage\":\"vi\",\"@id\":\"https:\/\/ats.com.vn\/#\/schema\/logo\/image\/\",\"url\":\"https:\/\/ats.com.vn\/medias\/2018\/06\/lgo1.jpg\",\"contentUrl\":\"https:\/\/ats.com.vn\/medias\/2018\/06\/lgo1.jpg\",\"width\":981,\"height\":488,\"caption\":\"Applied Technical Systems Join Stock Company\"},\"image\":{\"@id\":\"https:\/\/ats.com.vn\/#\/schema\/logo\/image\/\"},\"sameAs\":[\"https:\/\/www.linkedin.com\/company\/ats-jsc\",\"https:\/\/www.youtube.com\/user\/ATSMedia\"]}]}<\/script>\n<!-- \/ Yoast SEO plugin. -->","yoast_head_json":{"title":"Hien Thi - ATS JSC","robots":{"index":"index","follow":"follow","max-snippet":"max-snippet:-1","max-image-preview":"max-image-preview:large","max-video-preview":"max-video-preview:-1"},"canonical":"https:\/\/ats.com.vn\/vi\/hien-thi\/","og_locale":"vi_VN","og_type":"article","og_title":"Hien Thi - ATS JSC","og_description":"[vc_section][vc_row][vc_column css=&#8221;.vc_custom_1563867449497{margin-bottom: -20px !important;}&#8221;][rev_slider_vc alias=&#8221;display-interface-vi&#8221;][\/vc_column][\/vc_row][\/vc_section][vc_section css=&#8221;.vc_custom_1563557191544{padding-top: 0px !important;padding-bottom: 30px !important;}&#8221; el_id=&#8221;software&#8221;][vc_row css=&#8221;.vc_custom_1562227016183{padding-bottom: 20px !important;}&#8221;][vc_column width=&#8221;1\/4&#8243; css=&#8221;.vc_custom_1562920048003{margin-bottom: 0px !important;padding-top: 13px !important;background-position: center !important;background-repeat: no-repeat !important;background-size: cover !important;}&#8221;][vc_custom_heading text=&#8221;SmartHMI Studio&#8221; font_container=&#8221;tag:h2|font_size:30px|text_align:right|color:%23005aaa&#8221; use_theme_fonts=&#8221;yes&#8221; css=&#8221;.vc_custom_1563884069721{margin-top: -20px !important;padding-top: 20px !important;padding-right: 10px !important;padding-bottom: 30px !important;}&#8221; el_class=&#8221;line&#8221;][\/vc_column][vc_column width=&#8221;3\/4&#8243; css=&#8221;.vc_custom_1564066719646{margin-left: 10px !important;padding-bottom: 30px !important;}&#8221;][vc_custom_heading text=&#8221;Ph\u1ea7n m\u1ec1m X\u00e2y d\u1ef1ng v\u00e0 Hi\u1ec3n th\u1ecb Giao di\u1ec7n [&hellip;]","og_url":"https:\/\/ats.com.vn\/vi\/hien-thi\/","og_site_name":"ATS JSC","article_modified_time":"2021-03-05T04:10:09+00:00","twitter_card":"summary_large_image","twitter_misc":{"Est. reading time":"9 minutes"},"schema":{"@context":"https:\/\/schema.org","@graph":[{"@type":"WebPage","@id":"https:\/\/ats.com.vn\/vi\/hien-thi\/","url":"https:\/\/ats.com.vn\/vi\/hien-thi\/","name":"Hien Thi - ATS JSC","isPartOf":{"@id":"https:\/\/ats.com.vn\/#website"},"datePublished":"2019-06-13T02:42:37+00:00","dateModified":"2021-03-05T04:10:09+00:00","breadcrumb":{"@id":"https:\/\/ats.com.vn\/vi\/hien-thi\/#breadcrumb"},"inLanguage":"vi","potentialAction":[{"@type":"ReadAction","target":["https:\/\/ats.com.vn\/vi\/hien-thi\/"]}]},{"@type":"BreadcrumbList","@id":"https:\/\/ats.com.vn\/vi\/hien-thi\/#breadcrumb","itemListElement":[{"@type":"ListItem","position":1,"name":"Home","item":"https:\/\/ats.com.vn\/vi\/"},{"@type":"ListItem","position":2,"name":"Hien Thi"}]},{"@type":"WebSite","@id":"https:\/\/ats.com.vn\/#website","url":"https:\/\/ats.com.vn\/","name":"ATS","description":"Applied Technical Systems Joint Stock Company","publisher":{"@id":"https:\/\/ats.com.vn\/#organization"},"potentialAction":[{"@type":"SearchAction","target":{"@type":"EntryPoint","urlTemplate":"https:\/\/ats.com.vn\/?s={search_term_string}"},"query-input":{"@type":"PropertyValueSpecification","valueRequired":true,"valueName":"search_term_string"}}],"inLanguage":"vi"},{"@type":"Organization","@id":"https:\/\/ats.com.vn\/#organization","name":"Applied Technical Systems Join Stock Company","url":"https:\/\/ats.com.vn\/","logo":{"@type":"ImageObject","inLanguage":"vi","@id":"https:\/\/ats.com.vn\/#\/schema\/logo\/image\/","url":"https:\/\/ats.com.vn\/medias\/2018\/06\/lgo1.jpg","contentUrl":"https:\/\/ats.com.vn\/medias\/2018\/06\/lgo1.jpg","width":981,"height":488,"caption":"Applied Technical Systems Join Stock Company"},"image":{"@id":"https:\/\/ats.com.vn\/#\/schema\/logo\/image\/"},"sameAs":["https:\/\/www.linkedin.com\/company\/ats-jsc","https:\/\/www.youtube.com\/user\/ATSMedia"]}]}},"_links":{"self":[{"href":"https:\/\/ats.com.vn\/vi\/wp-json\/wp\/v2\/pages\/4103","targetHints":{"allow":["GET"]}}],"collection":[{"href":"https:\/\/ats.com.vn\/vi\/wp-json\/wp\/v2\/pages"}],"about":[{"href":"https:\/\/ats.com.vn\/vi\/wp-json\/wp\/v2\/types\/page"}],"author":[{"embeddable":true,"href":"https:\/\/ats.com.vn\/vi\/wp-json\/wp\/v2\/users\/2"}],"replies":[{"embeddable":true,"href":"https:\/\/ats.com.vn\/vi\/wp-json\/wp\/v2\/comments?post=4103"}],"version-history":[{"count":24,"href":"https:\/\/ats.com.vn\/vi\/wp-json\/wp\/v2\/pages\/4103\/revisions"}],"predecessor-version":[{"id":7537,"href":"https:\/\/ats.com.vn\/vi\/wp-json\/wp\/v2\/pages\/4103\/revisions\/7537"}],"wp:attachment":[{"href":"https:\/\/ats.com.vn\/vi\/wp-json\/wp\/v2\/media?parent=4103"}],"curies":[{"name":"wp","href":"https:\/\/api.w.org\/{rel}","templated":true}]}}