{"id":4102,"date":"2019-06-13T02:50:50","date_gmt":"2019-06-13T02:50:50","guid":{"rendered":"https:\/\/ats.com.vn\/diagnosis\/?lang=vi"},"modified":"2021-03-05T11:09:53","modified_gmt":"2021-03-05T04:09:53","slug":"chan-doan-loi","status":"publish","type":"page","link":"https:\/\/ats.com.vn\/vi\/chan-doan-loi\/","title":{"rendered":"Chan Doan Loi"},"content":{"rendered":"<p>[vc_section][vc_row][vc_column css=&#8221;.vc_custom_1563867406240{margin-bottom: -20px !important;}&#8221;][rev_slider_vc alias=&#8221;diagnosis-vi&#8221;][\/vc_column][\/vc_row][\/vc_section][vc_section css=&#8221;.vc_custom_1563557603742{padding-top: 0px !important;}&#8221; el_id=&#8221;software&#8221;][vc_row css=&#8221;.vc_custom_1562224995440{padding-bottom: 20px !important;}&#8221;][vc_column width=&#8221;1\/4&#8243; css=&#8221;.vc_custom_1559896433558{background-position: center !important;background-repeat: no-repeat !important;background-size: cover !important;}&#8221;][vc_custom_heading text=&#8221;SmartDGA&#8221; font_container=&#8221;tag:h2|font_size:30px|text_align:right|color:%23005aaa&#8221; use_theme_fonts=&#8221;yes&#8221; css=&#8221;.vc_custom_1563644738873{margin-top: -10px !important;padding-right: 10px !important;padding-bottom: 30px !important;}&#8221;][\/vc_column][vc_column width=&#8221;3\/4&#8243; css=&#8221;.vc_custom_1564066751054{margin-left: 10px !important;padding-bottom: 30px !important;}&#8221;][vc_custom_heading text=&#8221;Ph\u1ea7n m\u1ec1m Ch\u1ea9n \u0111o\u00e1n H\u01b0 h\u1ecfng cho M\u00e1y bi\u1ebfn \u00e1p d\u1ef1a tr\u00ean N\u1ed3ng \u0111\u1ed9 Kh\u00ed H\u00f2a tan&#8221; font_container=&#8221;tag:h3|font_size:20px|text_align:left|color:%234a4a4a|line_height:28px&#8221; use_theme_fonts=&#8221;yes&#8221; css=&#8221;.vc_custom_1563557635686{margin-top: 0px !important;margin-bottom: 0px !important;padding-top: 0px !important;padding-bottom: 10px !important;}&#8221;][vc_column_text css=&#8221;.vc_custom_1562919676654{margin-bottom: 15px !important;}&#8221;]SmartDGA<sup>TM<\/sup> l\u00e0 ph\u1ea7n m\u1ec1m ph\u00e2n t\u00edch n\u1ed3ng \u0111\u1ed9 kh\u00ed-d\u1ea7u h\u00f2a tan \u0111\u1ec3 ch\u1ea9n \u0111o\u00e1n l\u1ed7i m\u00e1y bi\u1ebfn \u00e1p. Ph\u1ea7n m\u1ec1m \u0111\u01b0\u1ee3c thi\u1ebft k\u1ebf s\u1eed d\u1ee5ng c\u00e1c ch\u1ee9c n\u0103ng logic \u0111\u1ec3 gi\u1ea3m s\u1ef1 c\u1ed1 m\u1ea5t \u0111i\u1ec7n ngo\u00e0i d\u1ef1 ki\u1ebfn \u200b\u200bb\u1eb1ng c\u00e1ch ph\u00e1t hi\u1ec7n s\u1edbm c\u00e1c l\u1ed7i v\u00e0 x\u00e1c \u0111\u1ecbnh lo\u1ea1i l\u1ed7i trong m\u00e1y bi\u1ebfn \u00e1p.[\/vc_column_text][vc_custom_heading text=&#8221;Ch\u1ee9c n\u0103ng &amp; \u0110\u1eb7c t\u00ednh Ti\u00eau bi\u1ec3u&#8221; font_container=&#8221;tag:h3|font_size:20px|text_align:left|color:%231e73be&#8221; use_theme_fonts=&#8221;yes&#8221; css=&#8221;.vc_custom_1563557666699{margin-top: 0px !important;margin-bottom: 0px !important;padding-top: 0px !important;padding-bottom: 10px !important;}&#8221;][vc_column_text]<\/p>\n<ul>\n<li>Cung c\u1ea5p ch\u1ec9 b\u00e1o v\u1ec1 c\u00e1c v\u1ea5n \u0111\u1ec1 ti\u1ec1m n\u0103ng v\u00e0 x\u00e1c \u0111\u1ecbnh c\u00e1c \u0111i\u1ec3m c\u00e1ch \u0111i\u1ec7n v\u00e0 d\u1ea7u \u0111ang xu\u1ed1ng c\u1ea5p, c\u00e1c \u0111i\u1ec3m n\u00f3ng qu\u00e1 \u0111\u1ed9 v\u00e0 h\u1ed3 quang.<\/li>\n<li>S\u1eed d\u1ee5ng ph\u01b0\u01a1ng ph\u00e1p tr\u00ed kh\u00f4n nh\u00e2n t\u1ea1o nh\u01b0 Fuzzy Logic v\u00e0 M\u1ea1ng N\u01a1-ron Nh\u00e2n t\u1ea1o (ANN) \u0111\u1ec3 gi\u1ea3i th\u00edch c\u00e1c l\u1ed7i c\u1ee7a m\u00e1y bi\u1ebfn \u00e1p<\/li>\n<\/ul>\n<p>[\/vc_column_text]\r<!-- radiantthemes-button -->\r<div class=\"radiantthemes-button hover-style-one  \"  data-button-direction=\"left\" data-button-fullwidth=\"false\" ><a style=\"\" class=\"radiantthemes-button-main\" href=\"http:\/\/ats.com.vn\/medias\/medias\/2023\/04\/ATS-Profile_ver240404_VIE.pdf\"  title=\"\" target=\"_self\"><div class=\"placeholder\">T\u00e0i li\u1ec7u S\u1ea3n ph\u1ea9m<\/div><\/a><\/div>\r<!-- radiantthemes-button -->\r[\/vc_column][\/vc_row][vc_row full_width=&#8221;stretch_row&#8221; css=&#8221;.vc_custom_1562226746848{padding-top: 20px !important;padding-bottom: 50px !important;background-color: #f5f5f5 !important;}&#8221;][vc_column width=&#8221;1\/4&#8243; css=&#8221;.vc_custom_1559896433558{background-position: center !important;background-repeat: no-repeat !important;background-size: cover !important;}&#8221;][vc_custom_heading text=&#8221;SmartFD&#8221; font_container=&#8221;tag:h2|font_size:30px|text_align:right|color:%23005aaa&#8221; use_theme_fonts=&#8221;yes&#8221; css=&#8221;.vc_custom_1563557683094{padding-top: 20px !important;padding-right: 10px !important;}&#8221; el_class=&#8221;line&#8221;][\/vc_column][vc_column width=&#8221;3\/4&#8243; css=&#8221;.vc_custom_1564066758534{margin-left: 10px !important;padding-bottom: 30px !important;}&#8221;][vc_custom_heading text=&#8221;Ph\u1ea7n m\u1ec1m Ch\u1ea9n \u0111o\u00e1n H\u01b0 h\u1ecfng cho Nh\u00e0 m\u00e1y N\u0103ng l\u01b0\u1ee3ng&#8221; font_container=&#8221;tag:h3|font_size:20px|text_align:left|color:%234a4a4a|line_height:28px&#8221; use_theme_fonts=&#8221;yes&#8221; css=&#8221;.vc_custom_1563557696709{margin-top: 0px !important;margin-bottom: 0px !important;padding-top: 0px !important;padding-bottom: 10px !important;}&#8221;][vc_column_text css=&#8221;.vc_custom_1563557706715{margin-bottom: 15px !important;}&#8221;]SmartFD<sup>TM<\/sup> l\u00e0 ph\u1ea7n m\u1ec1m \u0111\u1ec3 qu\u1ea3n l\u00fd hi\u1ec7u su\u1ea5t ho\u1ea1t \u0111\u1ed9ng c\u1ee7a c\u00e1c nh\u00e0 m\u00e1y n\u0103ng l\u01b0\u1ee3ng t\u00e1i t\u1ea1o. S\u1ea3n ph\u1ea9m n\u00e0y cung c\u1ea5p c\u00e1c ch\u1ee9c n\u0103ng \u0111\u1ec3 x\u00e1c \u0111\u1ecbnh ch\u00ednh x\u00e1c t\u00ecnh h\u00ecnh h\u01b0 h\u1ecfng c\u1ee7a thi\u1ebft b\u1ecb trong qu\u00e1 tr\u00ecnh ho\u1ea1t \u0111\u1ed9ng th\u1eddi gian th\u1ef1c.<\/p>\n<p>&nbsp;<\/p>\n<p>Ph\u1ea7n m\u1ec1m \u0111\u01b0\u1ee3c thi\u1ebft k\u1ebf tu\u00e2n th\u1ee7 ti\u00eau chu\u1ea9n IEC 61724 \u0111\u1ec3 \u0111\u1ea3m b\u1ea3o ho\u1ea1t \u0111\u1ed9ng tr\u01a1n tru c\u1ee7a c\u00e1c t\u1ea5m pin m\u1eb7t tr\u1eddi PV v\u00e0 t\u1ed1i \u01b0u h\u00f3a ho\u1ea1t \u0111\u1ed9ng s\u1ea3n xu\u1ea5t \u0111i\u1ec7n.[\/vc_column_text][vc_custom_heading text=&#8221;Ch\u1ee9c n\u0103ng &amp; \u0110\u1eb7c t\u00ednh Ti\u00eau bi\u1ec3u&#8221; font_container=&#8221;tag:h3|font_size:20px|text_align:left|color:%231e73be&#8221; use_theme_fonts=&#8221;yes&#8221; css=&#8221;.vc_custom_1563557741556{margin-top: 0px !important;margin-bottom: 0px !important;padding-top: 0px !important;padding-bottom: 10px !important;}&#8221;][vc_column_text]<\/p>\n<ul>\n<li>Li\u00ean t\u1ee5c theo d\u00f5i ho\u1ea1t \u0111\u1ed9ng c\u1ee7a c\u00e1c t\u1ea5m pin m\u1eb7t tr\u1eddi PV \u0111\u1ec3 ph\u00e1t hi\u1ec7n c\u00e1c \u0111i\u1ec3m ho\u1ea1t \u0111\u1ed9ng d\u01b0\u1edbi ng\u01b0\u1ee1ng thi\u1ebft k\u1ebf, b\u00e1o \u0111\u1ed9ng v\u00e0 ph\u00e1t hi\u1ec7n v\u1ecb tr\u00ed c\u1ee7a c\u00e1c thi\u1ebft b\u1ecb l\u1ed7i.<\/li>\n<li>Thu th\u1eadp d\u1eef li\u1ec7u trong th\u1eddi gian th\u1ef1c c\u0169ng nh\u01b0 c\u00e1c s\u1ed1 li\u1ec7u th\u1ed1ng k\u00ea c\u1ea7n thi\u1ebft \u0111\u1ec3 b\u00e1o c\u00e1o tr\u1ea1ng th\u00e1i h\u1ec7 th\u1ed1ng t\u1edbi nh\u00e2n vi\u00ean v\u1eadn h\u00e0nh th\u00f4ng qua h\u1ec7 th\u1ed1ng m\u00e1y t\u00ednh, email, tr\u00ecnh duy\u1ec7t ho\u1eb7c tin nh\u1eafn SMS.<\/li>\n<\/ul>\n<p>[\/vc_column_text]\r<!-- radiantthemes-button -->\r<div class=\"radiantthemes-button hover-style-one  \"  data-button-direction=\"left\" data-button-fullwidth=\"false\" ><a style=\"\" class=\"radiantthemes-button-main\" href=\"http:\/\/ats.com.vn\/medias\/medias\/2023\/04\/ATS-Profile_ver240404_VIE.pdf\"  title=\"\" target=\"_self\"><div class=\"placeholder\">T\u00e0i li\u1ec7u S\u1ea3n ph\u1ea9m<\/div><\/a><\/div>\r<!-- radiantthemes-button -->\r[\/vc_column][\/vc_row][\/vc_section][vc_section full_width=&#8221;stretch_row_content&#8221;][vc_row][vc_column width=&#8221;1\/2&#8243; css=&#8221;.vc_custom_1563644748567{padding-top: 80px !important;padding-bottom: 130px !important;padding-left: 0px !important;background-image: url(https:\/\/ats.com.vn\/wp-content\/uploads\/2019\/06\/link-our-history@2x.png?id=3492) !important;background-position: center !important;background-repeat: no-repeat !important;background-size: cover !important;}&#8221; el_id=&#8221;btn-left&#8221;][vc_custom_heading text=&#8221;Xem D\u1ef1 \u00e1n c\u1ee7a Ch\u00fang t\u00f4i&#8221; font_container=&#8221;tag:h2|font_size:20px|text_align:center|color:%23ffffff&#8221; use_theme_fonts=&#8221;yes&#8221; css=&#8221;.vc_custom_1563646445205{padding-bottom: 20px !important;}&#8221;]\r<!-- radiantthemes-button -->\r<div class=\"radiantthemes-button hover-style-one  \" id=\"button\" data-button-direction=\"center\" data-button-fullwidth=\"false\" ><a style=\"\" class=\"radiantthemes-button-main\" href=\"\/vi\/projects\/\"  title=\"\" target=\"_self\"><div class=\"placeholder\">D\u1ef1 \u00c1n<\/div><\/a><\/div>\r<!-- radiantthemes-button -->\r[\/vc_column][vc_column width=&#8221;1\/2&#8243; css=&#8221;.vc_custom_1563644760553{padding-top: 80px !important;padding-bottom: 130px !important;padding-left: 0px !important;background-image: url(https:\/\/ats.com.vn\/wp-content\/uploads\/2019\/06\/pg-09@2x-1-2.png?id=3597) !important;background-position: center !important;background-repeat: no-repeat !important;background-size: cover !important;}&#8221; el_id=&#8221;client-btn&#8221;][vc_custom_heading text=&#8221;Li\u00ean h\u1ec7 Ch\u00fang t\u00f4i&#8221; font_container=&#8221;tag:h2|font_size:20px|text_align:center|color:%23ffffff&#8221; use_theme_fonts=&#8221;yes&#8221; css=&#8221;.vc_custom_1563644808786{padding-bottom: 20px !important;}&#8221;]\r<!-- radiantthemes-button -->\r<div class=\"radiantthemes-button hover-style-one  \"  data-button-direction=\"center\" data-button-fullwidth=\"false\" ><a style=\"\" class=\"radiantthemes-button-main\" href=\"\/vi\/contact\/\"  title=\"\" target=\"_self\"><div class=\"placeholder\">Li\u00ean H\u1ec7<\/div><\/a><\/div>\r<!-- radiantthemes-button -->\r[\/vc_column][\/vc_row][\/vc_section][vc_row el_id=&#8221;popup&#8221;][vc_column][vc_raw_html]JTNDZGl2JTIwaWQlM0QlMjJpZDAxJTIyJTIwY2xhc3MlM0QlMjJtb2RhbCUyMiUzRSUwQSUyMCUyMCUwQSUyMCUyMCUzQ2Zvcm0lMjBjbGFzcyUzRCUyMm1vZGFsLWNvbnRlbnQlMjBhbmltYXRlJTIyJTIwYWN0aW9uJTNEJTIyJTJGYWN0aW9uX3BhZ2UucGhwJTIyJTNFJTBBJTIwJTIwJTIwJTIwJTNDZGl2JTIwY2xhc3MlM0QlMjJpbWdjb250YWluZXIlMjIlM0UlMEElMjAlMjAlMjAlMjAlMjAlMjAlM0NzcGFuJTIwb25jbGljayUzRCUyMmRvY3VtZW50LmdldEVsZW1lbnRCeUlkJTI4JTI3aWQwMSUyNyUyOS5zdHlsZS5kaXNwbGF5JTNEJTI3bm9uZSUyNyUyMiUyMGNsYXNzJTNEJTIyY2xvc2UlMjIlMjB0aXRsZSUzRCUyMkNsb3NlJTIwTW9kYWwlMjIlM0UlMjZ0aW1lcyUzQiUzQyUyRnNwYW4lM0UlMEElM0NvYmplY3QlMjBkYXRhJTNEJTIyJTJGd3AtY29udGVudCUyRnVwbG9hZHMlMkYyMDE5JTJGMDYlMkZBVFMtU29sdXRpb24tJTQwTWljcm8tR3JpZC12ZXIxOTAyMTgucGRmJTIzdmlldyUzREZpdCUyMiUyMHR5cGUlM0QlMjJhcHBsaWNhdGlvbiUyRnBkZiUyMiUyMHdpZHRoJTNEJTIyMTAwJTI1JTIyJTIwaGVpZ2h0JTNEJTIyMTAwMHB4JTIyJTNFJTBBJTIwJTIwJTIwJTBBJTNDJTJGb2JqZWN0JTNFJTBBJTIwJTIwJTIwJTIwJTNDJTJGZGl2JTNFJTBBJTIwJTIwJTIwJTIwJTBBJTIwJTIwJTNDJTJGZm9ybSUzRSUwQSUzQyUyRmRpdiUzRQ==[\/vc_raw_html][vc_raw_js]JTNDc2NyaXB0JTNFJTBBJTJGJTJGJTIwR2V0JTIwdGhlJTIwbW9kYWwlMEF2YXIlMjBtb2RhbCUyMCUzRCUyMGRvY3VtZW50LmdldEVsZW1lbnRCeUlkJTI4JTI3aWQwMSUyNyUyOSUzQiUwQSUwQSUyRiUyRiUyMFdoZW4lMjB0aGUlMjB1c2VyJTIwY2xpY2tzJTIwYW55d2hlcmUlMjBvdXRzaWRlJTIwb2YlMjB0aGUlMjBtb2RhbCUyQyUyMGNsb3NlJTIwaXQlMEF3aW5kb3cub25jbGljayUyMCUzRCUyMGZ1bmN0aW9uJTI4ZXZlbnQlMjklMjAlN0IlMEElMjAlMjAlMjAlMjBpZiUyMCUyOGV2ZW50LnRhcmdldCUyMCUzRCUzRCUyMG1vZGFsJTI5JTIwJTdCJTBBJTIwJTIwJTIwJTIwJTIwJTIwJTIwJTIwbW9kYWwuc3R5bGUuZGlzcGxheSUyMCUzRCUyMCUyMm5vbmUlMjIlM0IlMEElMjAlMjAlMjAlMjAlN0QlMEElN0QlMEElM0MlMkZzY3JpcHQlM0U=[\/vc_raw_js][\/vc_column][\/vc_row]<\/p>\n","protected":false},"excerpt":{"rendered":"<p>[vc_section][vc_row][vc_column css=&#8221;.vc_custom_1563867406240{margin-bottom: -20px !important;}&#8221;][rev_slider_vc alias=&#8221;diagnosis-vi&#8221;][\/vc_column][\/vc_row][\/vc_section][vc_section css=&#8221;.vc_custom_1563557603742{padding-top: 0px !important;}&#8221; el_id=&#8221;software&#8221;][vc_row css=&#8221;.vc_custom_1562224995440{padding-bottom: 20px !important;}&#8221;][vc_column width=&#8221;1\/4&#8243; css=&#8221;.vc_custom_1559896433558{background-position: center !important;background-repeat: no-repeat !important;background-size: cover !important;}&#8221;][vc_custom_heading text=&#8221;SmartDGA&#8221; font_container=&#8221;tag:h2|font_size:30px|text_align:right|color:%23005aaa&#8221; use_theme_fonts=&#8221;yes&#8221; css=&#8221;.vc_custom_1563644738873{margin-top: -10px !important;padding-right: 10px !important;padding-bottom: 30px !important;}&#8221;][\/vc_column][vc_column width=&#8221;3\/4&#8243; css=&#8221;.vc_custom_1564066751054{margin-left: 10px !important;padding-bottom: 30px !important;}&#8221;][vc_custom_heading text=&#8221;Ph\u1ea7n m\u1ec1m Ch\u1ea9n \u0111o\u00e1n H\u01b0 h\u1ecfng cho M\u00e1y bi\u1ebfn \u00e1p d\u1ef1a tr\u00ean N\u1ed3ng \u0111\u1ed9 Kh\u00ed H\u00f2a tan&#8221; font_container=&#8221;tag:h3|font_size:20px|text_align:left|color:%234a4a4a|line_height:28px&#8221; use_theme_fonts=&#8221;yes&#8221; [&hellip;]<\/p>\n","protected":false},"author":2,"featured_media":0,"parent":0,"menu_order":0,"comment_status":"closed","ping_status":"closed","template":"","meta":{"footnotes":"","_links_to":"","_links_to_target":""},"class_list":["post-4102","page","type-page","status-publish","hentry"],"yoast_head":"<!-- This site is optimized with the Yoast SEO plugin v27.4 - https:\/\/yoast.com\/product\/yoast-seo-wordpress\/ -->\n<title>Chan Doan Loi - ATS JSC<\/title>\n<meta name=\"robots\" content=\"index, follow, max-snippet:-1, max-image-preview:large, max-video-preview:-1\" \/>\n<link rel=\"canonical\" href=\"https:\/\/ats.com.vn\/vi\/chan-doan-loi\/\" \/>\n<meta property=\"og:locale\" content=\"vi_VN\" \/>\n<meta property=\"og:type\" content=\"article\" \/>\n<meta property=\"og:title\" content=\"Chan Doan Loi - ATS JSC\" \/>\n<meta property=\"og:description\" content=\"[vc_section][vc_row][vc_column css=&#8221;.vc_custom_1563867406240{margin-bottom: -20px !important;}&#8221;][rev_slider_vc alias=&#8221;diagnosis-vi&#8221;][\/vc_column][\/vc_row][\/vc_section][vc_section css=&#8221;.vc_custom_1563557603742{padding-top: 0px !important;}&#8221; el_id=&#8221;software&#8221;][vc_row css=&#8221;.vc_custom_1562224995440{padding-bottom: 20px !important;}&#8221;][vc_column width=&#8221;1\/4&#8243; css=&#8221;.vc_custom_1559896433558{background-position: center !important;background-repeat: no-repeat !important;background-size: cover !important;}&#8221;][vc_custom_heading text=&#8221;SmartDGA&#8221; font_container=&#8221;tag:h2|font_size:30px|text_align:right|color:%23005aaa&#8221; use_theme_fonts=&#8221;yes&#8221; css=&#8221;.vc_custom_1563644738873{margin-top: -10px !important;padding-right: 10px !important;padding-bottom: 30px !important;}&#8221;][\/vc_column][vc_column width=&#8221;3\/4&#8243; css=&#8221;.vc_custom_1564066751054{margin-left: 10px !important;padding-bottom: 30px !important;}&#8221;][vc_custom_heading text=&#8221;Ph\u1ea7n m\u1ec1m Ch\u1ea9n \u0111o\u00e1n H\u01b0 h\u1ecfng cho M\u00e1y bi\u1ebfn \u00e1p d\u1ef1a tr\u00ean N\u1ed3ng \u0111\u1ed9 Kh\u00ed H\u00f2a tan&#8221; font_container=&#8221;tag:h3|font_size:20px|text_align:left|color:%234a4a4a|line_height:28px&#8221; use_theme_fonts=&#8221;yes&#8221; [&hellip;]\" \/>\n<meta property=\"og:url\" content=\"https:\/\/ats.com.vn\/vi\/chan-doan-loi\/\" \/>\n<meta property=\"og:site_name\" content=\"ATS JSC\" \/>\n<meta property=\"article:modified_time\" content=\"2021-03-05T04:09:53+00:00\" \/>\n<meta name=\"twitter:card\" content=\"summary_large_image\" \/>\n<meta name=\"twitter:label1\" content=\"Est. reading time\" \/>\n\t<meta name=\"twitter:data1\" content=\"6 minutes\" \/>\n<script type=\"application\/ld+json\" class=\"yoast-schema-graph\">{\"@context\":\"https:\\\/\\\/schema.org\",\"@graph\":[{\"@type\":\"WebPage\",\"@id\":\"https:\\\/\\\/ats.com.vn\\\/vi\\\/chan-doan-loi\\\/\",\"url\":\"https:\\\/\\\/ats.com.vn\\\/vi\\\/chan-doan-loi\\\/\",\"name\":\"Chan Doan Loi - ATS JSC\",\"isPartOf\":{\"@id\":\"https:\\\/\\\/ats.com.vn\\\/#website\"},\"datePublished\":\"2019-06-13T02:50:50+00:00\",\"dateModified\":\"2021-03-05T04:09:53+00:00\",\"breadcrumb\":{\"@id\":\"https:\\\/\\\/ats.com.vn\\\/vi\\\/chan-doan-loi\\\/#breadcrumb\"},\"inLanguage\":\"vi\",\"potentialAction\":[{\"@type\":\"ReadAction\",\"target\":[\"https:\\\/\\\/ats.com.vn\\\/vi\\\/chan-doan-loi\\\/\"]}]},{\"@type\":\"BreadcrumbList\",\"@id\":\"https:\\\/\\\/ats.com.vn\\\/vi\\\/chan-doan-loi\\\/#breadcrumb\",\"itemListElement\":[{\"@type\":\"ListItem\",\"position\":1,\"name\":\"Home\",\"item\":\"https:\\\/\\\/ats.com.vn\\\/vi\\\/\"},{\"@type\":\"ListItem\",\"position\":2,\"name\":\"Chan Doan Loi\"}]},{\"@type\":\"WebSite\",\"@id\":\"https:\\\/\\\/ats.com.vn\\\/#website\",\"url\":\"https:\\\/\\\/ats.com.vn\\\/\",\"name\":\"ATS\",\"description\":\"Applied Technical Systems Joint Stock Company\",\"publisher\":{\"@id\":\"https:\\\/\\\/ats.com.vn\\\/#organization\"},\"potentialAction\":[{\"@type\":\"SearchAction\",\"target\":{\"@type\":\"EntryPoint\",\"urlTemplate\":\"https:\\\/\\\/ats.com.vn\\\/?s={search_term_string}\"},\"query-input\":{\"@type\":\"PropertyValueSpecification\",\"valueRequired\":true,\"valueName\":\"search_term_string\"}}],\"inLanguage\":\"vi\"},{\"@type\":\"Organization\",\"@id\":\"https:\\\/\\\/ats.com.vn\\\/#organization\",\"name\":\"Applied Technical Systems Join Stock Company\",\"url\":\"https:\\\/\\\/ats.com.vn\\\/\",\"logo\":{\"@type\":\"ImageObject\",\"inLanguage\":\"vi\",\"@id\":\"https:\\\/\\\/ats.com.vn\\\/#\\\/schema\\\/logo\\\/image\\\/\",\"url\":\"https:\\\/\\\/ats.com.vn\\\/medias\\\/2018\\\/06\\\/lgo1.jpg\",\"contentUrl\":\"https:\\\/\\\/ats.com.vn\\\/medias\\\/2018\\\/06\\\/lgo1.jpg\",\"width\":981,\"height\":488,\"caption\":\"Applied Technical Systems Join Stock Company\"},\"image\":{\"@id\":\"https:\\\/\\\/ats.com.vn\\\/#\\\/schema\\\/logo\\\/image\\\/\"},\"sameAs\":[\"https:\\\/\\\/www.linkedin.com\\\/company\\\/ats-jsc\",\"https:\\\/\\\/www.youtube.com\\\/user\\\/ATSMedia\"]}]}<\/script>\n<!-- \/ Yoast SEO plugin. -->","yoast_head_json":{"title":"Chan Doan Loi - ATS JSC","robots":{"index":"index","follow":"follow","max-snippet":"max-snippet:-1","max-image-preview":"max-image-preview:large","max-video-preview":"max-video-preview:-1"},"canonical":"https:\/\/ats.com.vn\/vi\/chan-doan-loi\/","og_locale":"vi_VN","og_type":"article","og_title":"Chan Doan Loi - ATS JSC","og_description":"[vc_section][vc_row][vc_column css=&#8221;.vc_custom_1563867406240{margin-bottom: -20px !important;}&#8221;][rev_slider_vc alias=&#8221;diagnosis-vi&#8221;][\/vc_column][\/vc_row][\/vc_section][vc_section css=&#8221;.vc_custom_1563557603742{padding-top: 0px !important;}&#8221; el_id=&#8221;software&#8221;][vc_row css=&#8221;.vc_custom_1562224995440{padding-bottom: 20px !important;}&#8221;][vc_column width=&#8221;1\/4&#8243; css=&#8221;.vc_custom_1559896433558{background-position: center !important;background-repeat: no-repeat !important;background-size: cover !important;}&#8221;][vc_custom_heading text=&#8221;SmartDGA&#8221; font_container=&#8221;tag:h2|font_size:30px|text_align:right|color:%23005aaa&#8221; use_theme_fonts=&#8221;yes&#8221; css=&#8221;.vc_custom_1563644738873{margin-top: -10px !important;padding-right: 10px !important;padding-bottom: 30px !important;}&#8221;][\/vc_column][vc_column width=&#8221;3\/4&#8243; css=&#8221;.vc_custom_1564066751054{margin-left: 10px !important;padding-bottom: 30px !important;}&#8221;][vc_custom_heading text=&#8221;Ph\u1ea7n m\u1ec1m Ch\u1ea9n \u0111o\u00e1n H\u01b0 h\u1ecfng cho M\u00e1y bi\u1ebfn \u00e1p d\u1ef1a tr\u00ean N\u1ed3ng \u0111\u1ed9 Kh\u00ed H\u00f2a tan&#8221; font_container=&#8221;tag:h3|font_size:20px|text_align:left|color:%234a4a4a|line_height:28px&#8221; use_theme_fonts=&#8221;yes&#8221; [&hellip;]","og_url":"https:\/\/ats.com.vn\/vi\/chan-doan-loi\/","og_site_name":"ATS JSC","article_modified_time":"2021-03-05T04:09:53+00:00","twitter_card":"summary_large_image","twitter_misc":{"Est. reading time":"6 minutes"},"schema":{"@context":"https:\/\/schema.org","@graph":[{"@type":"WebPage","@id":"https:\/\/ats.com.vn\/vi\/chan-doan-loi\/","url":"https:\/\/ats.com.vn\/vi\/chan-doan-loi\/","name":"Chan Doan Loi - ATS JSC","isPartOf":{"@id":"https:\/\/ats.com.vn\/#website"},"datePublished":"2019-06-13T02:50:50+00:00","dateModified":"2021-03-05T04:09:53+00:00","breadcrumb":{"@id":"https:\/\/ats.com.vn\/vi\/chan-doan-loi\/#breadcrumb"},"inLanguage":"vi","potentialAction":[{"@type":"ReadAction","target":["https:\/\/ats.com.vn\/vi\/chan-doan-loi\/"]}]},{"@type":"BreadcrumbList","@id":"https:\/\/ats.com.vn\/vi\/chan-doan-loi\/#breadcrumb","itemListElement":[{"@type":"ListItem","position":1,"name":"Home","item":"https:\/\/ats.com.vn\/vi\/"},{"@type":"ListItem","position":2,"name":"Chan Doan Loi"}]},{"@type":"WebSite","@id":"https:\/\/ats.com.vn\/#website","url":"https:\/\/ats.com.vn\/","name":"ATS","description":"Applied Technical Systems Joint Stock Company","publisher":{"@id":"https:\/\/ats.com.vn\/#organization"},"potentialAction":[{"@type":"SearchAction","target":{"@type":"EntryPoint","urlTemplate":"https:\/\/ats.com.vn\/?s={search_term_string}"},"query-input":{"@type":"PropertyValueSpecification","valueRequired":true,"valueName":"search_term_string"}}],"inLanguage":"vi"},{"@type":"Organization","@id":"https:\/\/ats.com.vn\/#organization","name":"Applied Technical Systems Join Stock Company","url":"https:\/\/ats.com.vn\/","logo":{"@type":"ImageObject","inLanguage":"vi","@id":"https:\/\/ats.com.vn\/#\/schema\/logo\/image\/","url":"https:\/\/ats.com.vn\/medias\/2018\/06\/lgo1.jpg","contentUrl":"https:\/\/ats.com.vn\/medias\/2018\/06\/lgo1.jpg","width":981,"height":488,"caption":"Applied Technical Systems Join Stock Company"},"image":{"@id":"https:\/\/ats.com.vn\/#\/schema\/logo\/image\/"},"sameAs":["https:\/\/www.linkedin.com\/company\/ats-jsc","https:\/\/www.youtube.com\/user\/ATSMedia"]}]}},"_links":{"self":[{"href":"https:\/\/ats.com.vn\/vi\/wp-json\/wp\/v2\/pages\/4102","targetHints":{"allow":["GET"]}}],"collection":[{"href":"https:\/\/ats.com.vn\/vi\/wp-json\/wp\/v2\/pages"}],"about":[{"href":"https:\/\/ats.com.vn\/vi\/wp-json\/wp\/v2\/types\/page"}],"author":[{"embeddable":true,"href":"https:\/\/ats.com.vn\/vi\/wp-json\/wp\/v2\/users\/2"}],"replies":[{"embeddable":true,"href":"https:\/\/ats.com.vn\/vi\/wp-json\/wp\/v2\/comments?post=4102"}],"version-history":[{"count":18,"href":"https:\/\/ats.com.vn\/vi\/wp-json\/wp\/v2\/pages\/4102\/revisions"}],"predecessor-version":[{"id":7540,"href":"https:\/\/ats.com.vn\/vi\/wp-json\/wp\/v2\/pages\/4102\/revisions\/7540"}],"wp:attachment":[{"href":"https:\/\/ats.com.vn\/vi\/wp-json\/wp\/v2\/media?parent=4102"}],"curies":[{"name":"wp","href":"https:\/\/api.w.org\/{rel}","templated":true}]}}