{"id":4101,"date":"2019-06-13T02:31:52","date_gmt":"2019-06-13T02:31:52","guid":{"rendered":"https:\/\/ats.com.vn\/data-server\/?lang=vi"},"modified":"2021-03-05T11:06:09","modified_gmt":"2021-03-05T04:06:09","slug":"data-server","status":"publish","type":"page","link":"https:\/\/ats.com.vn\/vi\/data-server\/","title":{"rendered":"Data server"},"content":{"rendered":"<p>[vc_section][vc_row][vc_column css=&#8221;.vc_custom_1563867481187{margin-bottom: -20px !important;}&#8221;][rev_slider_vc alias=&#8221;data-server-vi&#8221;][\/vc_column][\/vc_row][\/vc_section][vc_section css=&#8221;.vc_custom_1563559091841{padding-top: 0px !important;padding-bottom: 50px !important;}&#8221; el_id=&#8221;software&#8221;][vc_row css=&#8221;.vc_custom_1562224027751{padding-bottom: 20px !important;}&#8221;][vc_column width=&#8221;1\/4&#8243; css=&#8221;.vc_custom_1562915756372{padding-top: 12px !important;background-position: center !important;background-repeat: no-repeat !important;background-size: cover !important;}&#8221;][vc_custom_heading text=&#8221;SmartCIM&#8221; font_container=&#8221;tag:h2|font_size:30px|text_align:right|color:%23005aaa&#8221; use_theme_fonts=&#8221;yes&#8221; css=&#8221;.vc_custom_1563644486225{padding-top: 13px !important;padding-right: 10px !important;padding-bottom: 30px !important;}&#8221;][\/vc_column][vc_column width=&#8221;3\/4&#8243; css=&#8221;.vc_custom_1564066619328{margin-left: 10px !important;padding-bottom: 30px !important;}&#8221;][vc_custom_heading text=&#8221;Ph\u1ea7n m\u1ec1m M\u00f4 h\u00ecnh H\u1ec7 th\u1ed1ng \u0110i\u1ec7n theo CIM&#8221; font_container=&#8221;tag:h3|font_size:20px|text_align:left|color:%234a4a4a|line_height:28px&#8221; use_theme_fonts=&#8221;yes&#8221; css=&#8221;.vc_custom_1563559196362{margin-top: 0px !important;margin-bottom: 0px !important;padding-top: 0px !important;padding-bottom: 10px !important;}&#8221;][vc_column_text css=&#8221;.vc_custom_1562915953752{margin-bottom: 15px !important;}&#8221;]SmartCIM<sup>TM<\/sup> l\u00e0 b\u1ed9 c\u01a1 s\u1edf d\u1eef li\u1ec7u d\u1ef1a tr\u00ean M\u00f4 h\u00ecnh th\u00f4ng tin chung (CIM \u2013 Common Information Model) ph\u1ee5c v\u1ee5 ho\u1ea1t \u0111\u1ed9ng Qu\u1ea3n l\u00fd v\u00e0 V\u1eadn h\u00e0nh H\u1ec7 th\u1ed1ng \u0110i\u1ec7n. SmartCIM<sup>TM<\/sup> s\u1eed d\u1ee5ng ng\u00f4n ng\u1eef m\u00f4 h\u00ecnh h\u00f3a th\u1ed1ng nh\u1ea5t (UML) v\u00e0 m\u00f4 h\u00ecnh h\u01b0\u1edbng \u0111\u1ed1i t\u01b0\u1ee3ng (Object-oriented) \u0111\u1ec3 \u0111\u1ecbnh ngh\u0129a v\u00e0 m\u00f4 ph\u1ecfng d\u1eef li\u1ec7u h\u1ec7 th\u1ed1ng \u0111i\u1ec7n. SmartCIM<sup>TM<\/sup> cung c\u1ea5p b\u1ed9 c\u00f4ng c\u1ee5 giao di\u1ec7n CIM gi\u00fap ng\u01b0\u1eddi d\u00f9ng c\u00f3 th\u1ec3 truy xu\u1ea5t, hi\u1ec7u ch\u1ec9nh, c\u1eadp nh\u1eadt v\u00e0 khai th\u00e1c d\u1eef li\u1ec7u nhanh ch\u00f3ng v\u00e0 d\u1ec5 d\u00e0ng.[\/vc_column_text][vc_custom_heading text=&#8221;Ch\u1ee9c n\u0103ng &amp; \u0110\u1eb7c t\u00ednh Ti\u00eau bi\u1ec3u&#8221; font_container=&#8221;tag:h3|font_size:20px|text_align:left|color:%231e73be&#8221; use_theme_fonts=&#8221;yes&#8221; css=&#8221;.vc_custom_1563559211865{margin-top: 0px !important;margin-bottom: 0px !important;padding-top: 0px !important;padding-bottom: 10px !important;}&#8221;][vc_column_text]C\u01a1 s\u1edf d\u1eef li\u1ec7u SmartCIM<sup>TM<\/sup> c\u00f3 c\u1ea5u tr\u00fac d\u1ea1ng b\u1ea3ng, v\u1edbi x\u1ea5p x\u1ec9 2,500 b\u1ea3ng d\u1eef li\u1ec7u c\u00f9ng v\u1edbi \u0111\u00f3 l\u00e0 h\u00e0ng ngh\u00ecn li\u00ean k\u1ebft rang bu\u1ed9c ch\u1eb7t ch\u1ebd v\u1edbi nhau. D\u1eef li\u1ec7u trong SmartCIM \u0111\u01b0\u1ee3c ph\u00e2n lo\u1ea1i th\u00e0nh ba g\u00f3i d\u1eef li\u1ec7u ch\u00ednh:<\/p>\n<ul>\n<li>G\u00f3i d\u1eef li\u1ec7u theo ti\u00eau chu\u1ea9n IEC-61970: Qu\u1ea3n l\u00fd d\u1eef li\u1ec7u h\u1ec7 th\u1ed1ng \u0111i\u1ec7n theo c\u1ea5u tr\u00fac v\u1eadt l\u00fd<\/li>\n<li>G\u00f3i d\u1eef li\u1ec7u theo ti\u00eau chu\u1ea9n IEC-61968: Qu\u1ea3n l\u00fd d\u1eef li\u1ec7u li\u00ean quan \u0111\u1ebfn t\u00e0i s\u1ea3n, thanh to\u00e1n, kh\u00e1ch h\u00e0ng<\/li>\n<li>G\u00f3i d\u1eef li\u1ec7u theo ti\u00eau chu\u1ea9n IEC-62325: Qu\u1ea3n l\u00fd d\u1eef li\u1ec7u li\u00ean quan \u0111\u1ebfn th\u1ecb tr\u01b0\u1eddng \u0111i\u1ec7n<\/li>\n<\/ul>\n<p>C\u01a1 s\u1edf d\u1eef li\u1ec7u c\u00f2n c\u00f3 th\u1ec3 \u0111\u01b0\u1ee3c t\u00f9y ch\u1ec9nh th\u00eam c\u00e1c d\u1eef li\u1ec7u c\u1ee5 th\u1ec3 kh\u00e1c ph\u1ee5c v\u1ee5 vi\u1ec7c s\u1eed d\u1ee5ng trong c\u00e1c h\u1ec7 th\u1ed1ng v\u00e0 c\u00e1c \u1ee9ng d\u1ee5ng c\u1ee5 th\u1ec3.[\/vc_column_text]\r<!-- radiantthemes-button -->\r<div class=\"radiantthemes-button hover-style-one  \"  data-button-direction=\"left\" data-button-fullwidth=\"false\" ><a style=\"\" class=\"radiantthemes-button-main\" href=\"http:\/\/ats.com.vn\/medias\/medias\/2023\/04\/ATS-Profile_ver240404_VIE.pdf\"  title=\"\" target=\"_self\"><div class=\"placeholder\">T\u00e0i li\u1ec7u S\u1ea3n ph\u1ea9m<\/div><\/a><\/div>\r<!-- radiantthemes-button -->\r[\/vc_column][\/vc_row][vc_row full_width=&#8221;stretch_row&#8221; css=&#8221;.vc_custom_1562224040915{padding-top: 20px !important;padding-bottom: 20px !important;background-color: #f5f5f5 !important;}&#8221;][vc_column width=&#8221;1\/4&#8243; css=&#8221;.vc_custom_1559896433558{background-position: center !important;background-repeat: no-repeat !important;background-size: cover !important;}&#8221;][vc_custom_heading text=&#8221;SmartHIS&#8221; font_container=&#8221;tag:h2|font_size:30px|text_align:right|color:%23005aaa&#8221; use_theme_fonts=&#8221;yes&#8221; css=&#8221;.vc_custom_1563559123299{padding-top: 13px !important;padding-right: 10px !important;}&#8221; el_class=&#8221;line&#8221;][\/vc_column][vc_column width=&#8221;3\/4&#8243; css=&#8221;.vc_custom_1564065734697{margin-left: 10px !important;padding-bottom: 30px !important;}&#8221;][vc_custom_heading text=&#8221;Ph\u1ea7n m\u1ec1m C\u01a1 s\u1edf D\u1eef li\u1ec7u Qu\u00e1 kh\u1ee9&#8221; font_container=&#8221;tag:h3|font_size:20px|text_align:left|color:%234a4a4a&#8221; use_theme_fonts=&#8221;yes&#8221; css=&#8221;.vc_custom_1563559443669{margin-top: 0px !important;margin-bottom: 0px !important;padding-top: 0px !important;padding-bottom: 10px !important;}&#8221;][vc_column_text css=&#8221;.vc_custom_1562915969015{margin-bottom: 15px !important;}&#8221;]SmartHIS<sup>TM<\/sup> l\u00e0 h\u1ec7 th\u1ed1ng qu\u1ea3n l\u00fd d\u1eef li\u1ec7u qu\u00e1 kh\u1ee9 cho ph\u00e9p ng\u01b0\u1eddi d\u00f9ng thu th\u1eadp, x\u1eed l\u00fd, l\u01b0u tr\u1eef, qu\u1ea3n l\u00fd b\u1ed9 d\u1eef li\u1ec7u l\u1edbn (big data) t\u1eeb m\u00f4i tr\u01b0\u1eddng th\u1eddi gian th\u1ef1c, ph\u00f9 h\u1ee3p v\u1edbi d\u1eef li\u1ec7u chu\u1ed7i th\u1eddi gian (time-series data) y\u00eau c\u1ea7u \u0111\u1ed9 ch\u00ednh x\u00e1c cao t\u1eeb nhi\u1ec1u ngu\u1ed3n kh\u00e1c nhau. H\u1ec7 th\u1ed1ng c\u00f3 \u0111a d\u1ea1ng c\u00e1c lo\u1ea1i giao di\u1ec7n, t\u01b0\u01a1ng th\u00edch v\u1edbi nhi\u1ec1u h\u1ec7 th\u1ed1ng t\u1eeb c\u00e1c nh\u00e0 cung c\u1ea5p kh\u00e1c nhau, c\u00f3 kh\u1ea3 n\u0103ng \u1ee9ng d\u1ee5ng trong nhi\u1ec1u ng\u00e0nh c\u00f4ng nghi\u1ec7p.[\/vc_column_text][vc_custom_heading text=&#8221;Ch\u1ee9c n\u0103ng &amp; \u0110\u1eb7c t\u00ednh Ti\u00eau bi\u1ec3u&#8221; font_container=&#8221;tag:h3|font_size:20px|text_align:left|color:%231e73be&#8221; use_theme_fonts=&#8221;yes&#8221; css=&#8221;.vc_custom_1563559338013{margin-top: 0px !important;margin-bottom: 0px !important;padding-top: 0px !important;padding-bottom: 10px !important;}&#8221;][vc_column_text]<\/p>\n<ul>\n<li>C\u01a1 s\u1edf d\u1eef li\u1ec7u qu\u00e1 kh\u1ee9 s\u1eed d\u1ee5ng c\u1ea5u tr\u00fac d\u1eef li\u1ec7u non-SQL \u0111\u1ec3 \u0111\u1ea3m b\u1ea3o t\u1ed1c \u0111\u1ed9 l\u01b0u tr\u1eef v\u00e0 kh\u1ea3 n\u0103ng truy xu\u1ea5t l\u01b0\u1ee3ng d\u1eef li\u1ec7u l\u1edbn trong th\u1eddi gian ng\u1eafn.<\/li>\n<li>Thu\u1eadt to\u00e1n N\u00e9n D\u1eef li\u1ec7u Kh\u00f4ng m\u1ea5t Th\u00f4ng tin \u0111\u01b0\u1ee3c s\u1eed d\u1ee5ng cho l\u01b0u tr\u1eef v\u00e0 b\u1ea3o v\u1ec7 d\u1eef li\u1ec7u; \u0111\u00e2y l\u00e0 m\u1ed9t trong nh\u1eefng t\u00ednh n\u0103ng \u0111\u1eb7c bi\u1ec7t c\u1ee7a h\u1ec7 th\u1ed1ng<\/li>\n<li>Kh\u00f4ng gi\u1edbi h\u1ea1n dung l\u01b0\u1ee3ng l\u01b0u tr\u1eef d\u1eef li\u1ec7u, ch\u1ec9 ph\u1ee5 thu\u1ed9c v\u00e0o dung l\u01b0\u1ee3ng \u0111\u0129a c\u1ee9ng<\/li>\n<li>C\u00e1c giao di\u1ec7n \u0111\u01b0\u1ee3c chu\u1ea9n h\u00f3a ph\u1ee5c v\u1ee5 truy c\u1eadp d\u1eef li\u1ec7u v\u00e0 c\u00e1c Giao di\u1ec7n L\u1eadp tr\u00ecnh \u1ee8ng d\u1ee5ng (API)<\/li>\n<\/ul>\n<p>[\/vc_column_text]\r<!-- radiantthemes-button -->\r<div class=\"radiantthemes-button hover-style-one  \"  data-button-direction=\"left\" data-button-fullwidth=\"false\" ><a style=\"\" class=\"radiantthemes-button-main\" href=\"\/wp-content\/uploads\/2019\/07\/ATS-Flyer_Product-SmartHIS_181005.pdf\"  title=\"\" target=\"_self\"><div class=\"placeholder\">T\u00e0i li\u1ec7u S\u1ea3n ph\u1ea9m<\/div><\/a><\/div>\r<!-- radiantthemes-button -->\r[\/vc_column][\/vc_row][vc_row css=&#8221;.vc_custom_1562224054562{padding-top: 20px !important;}&#8221;][vc_column width=&#8221;1\/4&#8243; css=&#8221;.vc_custom_1559896433558{background-position: center !important;background-repeat: no-repeat !important;background-size: cover !important;}&#8221;][vc_custom_heading text=&#8221;SmartServer&#8221; font_container=&#8221;tag:h2|font_size:30px|text_align:right|color:%23005aaa&#8221; use_theme_fonts=&#8221;yes&#8221; css=&#8221;.vc_custom_1563559137646{padding-top: 13px !important;padding-right: 10px !important;}&#8221; el_class=&#8221;line&#8221;][\/vc_column][vc_column width=&#8221;3\/4&#8243; css=&#8221;.vc_custom_1564066646609{margin-left: 10px !important;padding-bottom: 30px !important;}&#8221;][vc_custom_heading text=&#8221;Ph\u1ea7n m\u1ec1m X\u1eed l\u00fd D\u1eef li\u1ec7u Th\u1eddi gian Th\u1ef1c&#8221; font_container=&#8221;tag:h3|font_size:20px|text_align:left|color:%234a4a4a|line_height:28px&#8221; use_theme_fonts=&#8221;yes&#8221; css=&#8221;.vc_custom_1563559388668{margin-top: 0px !important;margin-bottom: 0px !important;padding-top: 0px !important;padding-bottom: 10px !important;}&#8221;][vc_column_text css=&#8221;.vc_custom_1562916028360{margin-bottom: 15px !important;}&#8221;]DataServer<sup>TM<\/sup> l\u00e0 ph\u1ea7n m\u1ec1m x\u1eed l\u00fd d\u1eef li\u1ec7u th\u1eddi gian th\u1ef1c v\u1edbi ch\u1ee9c n\u0103ng t\u00ednh to\u00e1n, x\u1eed l\u00fd d\u1eef li\u1ec7u \u0111\u1ea7u v\u00e0o v\u00e0 cung c\u1ea5p k\u1ebft qu\u1ea3 t\u00ednh to\u00e1n t\u1edbi c\u00e1c ph\u1ea7n m\u1ec1m kh\u00e1c.[\/vc_column_text][vc_custom_heading text=&#8221;Ch\u1ee9c n\u0103ng &amp; \u0110\u1eb7c t\u00ednh Ti\u00eau bi\u1ec3u&#8221; font_container=&#8221;tag:h3|font_size:20px|text_align:left|color:%231e73be&#8221; use_theme_fonts=&#8221;yes&#8221; css=&#8221;.vc_custom_1563559361916{margin-top: 0px !important;margin-bottom: 0px !important;padding-top: 0px !important;padding-bottom: 10px !important;}&#8221;][vc_column_text]<\/p>\n<ul>\n<li>H\u1ed7 tr\u1ee3 khai b\u00e1o h\u00e0m v\u00e0 ch\u01b0\u01a1ng tr\u00ecnh, c\u00f3 kh\u1ea3 n\u0103ng x\u1eed l\u00fd c\u00e1c ph\u00e9p to\u00e1n c\u01a1 b\u1ea3n theo ng\u00f4n ng\u1eef l\u1eadp tr\u00ecnh C#<\/li>\n<li>H\u1ed7 tr\u1ee3 k\u1ebft n\u1ed1i OPC Server, OPC Client, v\u00e0 k\u1ebft n\u1ed1i tr\u1ef1c ti\u1ebfp t\u1edbi ATS SmartIO<\/li>\n<\/ul>\n<p>[\/vc_column_text]\r<!-- radiantthemes-button -->\r<div class=\"radiantthemes-button hover-style-one  \"  data-button-direction=\"left\" data-button-fullwidth=\"false\" ><a style=\"\" class=\"radiantthemes-button-main\" href=\"http:\/\/ats.com.vn\/medias\/medias\/2023\/04\/ATS-Profile_ver240404_VIE.pdf\"  title=\"\" target=\"_self\"><div class=\"placeholder\">T\u00e0i li\u1ec7u S\u1ea3n ph\u1ea9m<\/div><\/a><\/div>\r<!-- radiantthemes-button -->\r[\/vc_column][\/vc_row][\/vc_section][vc_section full_width=&#8221;stretch_row_content&#8221;][vc_row][vc_column width=&#8221;1\/2&#8243; css=&#8221;.vc_custom_1563644499733{padding-top: 80px !important;padding-bottom: 130px !important;padding-left: 0px !important;background-image: url(https:\/\/ats.com.vn\/wp-content\/uploads\/2019\/06\/link-our-history@2x.png?id=3492) !important;background-position: center !important;background-repeat: no-repeat !important;background-size: cover !important;}&#8221; el_id=&#8221;btn-left&#8221;][vc_custom_heading text=&#8221;Xem D\u1ef1 \u00e1n c\u1ee7a Ch\u00fang t\u00f4i&#8221; font_container=&#8221;tag:h2|font_size:20px|text_align:center|color:%23ffffff&#8221; use_theme_fonts=&#8221;yes&#8221; css=&#8221;.vc_custom_1563646373169{padding-bottom: 20px !important;}&#8221;]\r<!-- radiantthemes-button -->\r<div class=\"radiantthemes-button hover-style-one  \" id=\"button\" data-button-direction=\"center\" data-button-fullwidth=\"false\" ><a style=\"\" class=\"radiantthemes-button-main\" href=\"\/vi\/projects\/\"  title=\"\" target=\"_self\"><div class=\"placeholder\">D\u1ef1 \u00c1n<\/div><\/a><\/div>\r<!-- radiantthemes-button -->\r[\/vc_column][vc_column width=&#8221;1\/2&#8243; css=&#8221;.vc_custom_1563644509884{padding-top: 80px !important;padding-bottom: 130px !important;padding-left: 0px !important;background-image: url(https:\/\/ats.com.vn\/wp-content\/uploads\/2019\/06\/pg-09@2x-1-2.png?id=3597) !important;background-position: center !important;background-repeat: no-repeat !important;background-size: cover !important;}&#8221; el_id=&#8221;client-btn&#8221;][vc_custom_heading text=&#8221;Li\u00ean h\u1ec7 Ch\u00fang t\u00f4i&#8221; font_container=&#8221;tag:h2|font_size:20px|text_align:center|color:%23ffffff&#8221; use_theme_fonts=&#8221;yes&#8221; css=&#8221;.vc_custom_1563644553987{padding-bottom: 20px !important;}&#8221;]\r<!-- radiantthemes-button -->\r<div class=\"radiantthemes-button hover-style-one  \"  data-button-direction=\"center\" data-button-fullwidth=\"false\" ><a style=\"\" class=\"radiantthemes-button-main\" href=\"\/vi\/contact\/\"  title=\"\" target=\"_self\"><div class=\"placeholder\">Li\u00ean H\u1ec7<\/div><\/a><\/div>\r<!-- radiantthemes-button -->\r[\/vc_column][\/vc_row][\/vc_section][vc_row el_id=&#8221;popup&#8221;][vc_column][vc_raw_html]JTNDZGl2JTIwaWQlM0QlMjJpZDAxJTIyJTIwY2xhc3MlM0QlMjJtb2RhbCUyMiUzRSUwQSUyMCUyMCUwQSUyMCUyMCUzQ2Zvcm0lMjBjbGFzcyUzRCUyMm1vZGFsLWNvbnRlbnQlMjBhbmltYXRlJTIyJTIwYWN0aW9uJTNEJTIyJTJGYWN0aW9uX3BhZ2UucGhwJTIyJTNFJTBBJTIwJTIwJTIwJTIwJTNDZGl2JTIwY2xhc3MlM0QlMjJpbWdjb250YWluZXIlMjIlM0UlMEElMjAlMjAlMjAlMjAlMjAlMjAlM0NzcGFuJTIwb25jbGljayUzRCUyMmRvY3VtZW50LmdldEVsZW1lbnRCeUlkJTI4JTI3aWQwMSUyNyUyOS5zdHlsZS5kaXNwbGF5JTNEJTI3bm9uZSUyNyUyMiUyMGNsYXNzJTNEJTIyY2xvc2UlMjIlMjB0aXRsZSUzRCUyMkNsb3NlJTIwTW9kYWwlMjIlM0UlMjZ0aW1lcyUzQiUzQyUyRnNwYW4lM0UlMEElM0NvYmplY3QlMjBkYXRhJTNEJTIyJTJGd3AtY29udGVudCUyRnVwbG9hZHMlMkYyMDE5JTJGMDYlMkZBVFMtU29sdXRpb24tJTQwTWljcm8tR3JpZC12ZXIxOTAyMTgucGRmJTIzdmlldyUzREZpdCUyMiUyMHR5cGUlM0QlMjJhcHBsaWNhdGlvbiUyRnBkZiUyMiUyMHdpZHRoJTNEJTIyMTAwJTI1JTIyJTIwaGVpZ2h0JTNEJTIyMTAwMHB4JTIyJTNFJTBBJTIwJTIwJTIwJTBBJTNDJTJGb2JqZWN0JTNFJTBBJTIwJTIwJTIwJTIwJTNDJTJGZGl2JTNFJTBBJTIwJTIwJTIwJTIwJTBBJTIwJTIwJTNDJTJGZm9ybSUzRSUwQSUzQyUyRmRpdiUzRQ==[\/vc_raw_html][vc_raw_js]JTNDc2NyaXB0JTNFJTBBJTJGJTJGJTIwR2V0JTIwdGhlJTIwbW9kYWwlMEF2YXIlMjBtb2RhbCUyMCUzRCUyMGRvY3VtZW50LmdldEVsZW1lbnRCeUlkJTI4JTI3aWQwMSUyNyUyOSUzQiUwQSUwQSUyRiUyRiUyMFdoZW4lMjB0aGUlMjB1c2VyJTIwY2xpY2tzJTIwYW55d2hlcmUlMjBvdXRzaWRlJTIwb2YlMjB0aGUlMjBtb2RhbCUyQyUyMGNsb3NlJTIwaXQlMEF3aW5kb3cub25jbGljayUyMCUzRCUyMGZ1bmN0aW9uJTI4ZXZlbnQlMjklMjAlN0IlMEElMjAlMjAlMjAlMjBpZiUyMCUyOGV2ZW50LnRhcmdldCUyMCUzRCUzRCUyMG1vZGFsJTI5JTIwJTdCJTBBJTIwJTIwJTIwJTIwJTIwJTIwJTIwJTIwbW9kYWwuc3R5bGUuZGlzcGxheSUyMCUzRCUyMCUyMm5vbmUlMjIlM0IlMEElMjAlMjAlMjAlMjAlN0QlMEElN0QlMEElM0MlMkZzY3JpcHQlM0U=[\/vc_raw_js][\/vc_column][\/vc_row]<\/p>\n","protected":false},"excerpt":{"rendered":"<p>[vc_section][vc_row][vc_column css=&#8221;.vc_custom_1563867481187{margin-bottom: -20px !important;}&#8221;][rev_slider_vc alias=&#8221;data-server-vi&#8221;][\/vc_column][\/vc_row][\/vc_section][vc_section css=&#8221;.vc_custom_1563559091841{padding-top: 0px !important;padding-bottom: 50px !important;}&#8221; el_id=&#8221;software&#8221;][vc_row css=&#8221;.vc_custom_1562224027751{padding-bottom: 20px !important;}&#8221;][vc_column width=&#8221;1\/4&#8243; css=&#8221;.vc_custom_1562915756372{padding-top: 12px !important;background-position: center !important;background-repeat: no-repeat !important;background-size: cover !important;}&#8221;][vc_custom_heading text=&#8221;SmartCIM&#8221; font_container=&#8221;tag:h2|font_size:30px|text_align:right|color:%23005aaa&#8221; use_theme_fonts=&#8221;yes&#8221; css=&#8221;.vc_custom_1563644486225{padding-top: 13px !important;padding-right: 10px !important;padding-bottom: 30px !important;}&#8221;][\/vc_column][vc_column width=&#8221;3\/4&#8243; css=&#8221;.vc_custom_1564066619328{margin-left: 10px !important;padding-bottom: 30px !important;}&#8221;][vc_custom_heading text=&#8221;Ph\u1ea7n m\u1ec1m M\u00f4 h\u00ecnh H\u1ec7 th\u1ed1ng \u0110i\u1ec7n theo CIM&#8221; font_container=&#8221;tag:h3|font_size:20px|text_align:left|color:%234a4a4a|line_height:28px&#8221; use_theme_fonts=&#8221;yes&#8221; css=&#8221;.vc_custom_1563559196362{margin-top: 0px !important;margin-bottom: 0px [&hellip;]<\/p>\n","protected":false},"author":2,"featured_media":0,"parent":0,"menu_order":0,"comment_status":"closed","ping_status":"closed","template":"","meta":{"footnotes":"","_links_to":"","_links_to_target":""},"class_list":["post-4101","page","type-page","status-publish","hentry"],"yoast_head":"<!-- This site is optimized with the Yoast SEO plugin v27.1.1 - https:\/\/yoast.com\/product\/yoast-seo-wordpress\/ -->\n<title>Data server - ATS JSC<\/title>\n<meta name=\"robots\" content=\"index, follow, max-snippet:-1, max-image-preview:large, max-video-preview:-1\" \/>\n<link rel=\"canonical\" href=\"https:\/\/ats.com.vn\/vi\/data-server\/\" \/>\n<meta property=\"og:locale\" content=\"vi_VN\" \/>\n<meta property=\"og:type\" content=\"article\" \/>\n<meta property=\"og:title\" content=\"Data server - ATS JSC\" \/>\n<meta property=\"og:description\" content=\"[vc_section][vc_row][vc_column css=&#8221;.vc_custom_1563867481187{margin-bottom: -20px !important;}&#8221;][rev_slider_vc alias=&#8221;data-server-vi&#8221;][\/vc_column][\/vc_row][\/vc_section][vc_section css=&#8221;.vc_custom_1563559091841{padding-top: 0px !important;padding-bottom: 50px !important;}&#8221; el_id=&#8221;software&#8221;][vc_row css=&#8221;.vc_custom_1562224027751{padding-bottom: 20px !important;}&#8221;][vc_column width=&#8221;1\/4&#8243; css=&#8221;.vc_custom_1562915756372{padding-top: 12px !important;background-position: center !important;background-repeat: no-repeat !important;background-size: cover !important;}&#8221;][vc_custom_heading text=&#8221;SmartCIM&#8221; font_container=&#8221;tag:h2|font_size:30px|text_align:right|color:%23005aaa&#8221; use_theme_fonts=&#8221;yes&#8221; css=&#8221;.vc_custom_1563644486225{padding-top: 13px !important;padding-right: 10px !important;padding-bottom: 30px !important;}&#8221;][\/vc_column][vc_column width=&#8221;3\/4&#8243; css=&#8221;.vc_custom_1564066619328{margin-left: 10px !important;padding-bottom: 30px !important;}&#8221;][vc_custom_heading text=&#8221;Ph\u1ea7n m\u1ec1m M\u00f4 h\u00ecnh H\u1ec7 th\u1ed1ng \u0110i\u1ec7n theo CIM&#8221; font_container=&#8221;tag:h3|font_size:20px|text_align:left|color:%234a4a4a|line_height:28px&#8221; use_theme_fonts=&#8221;yes&#8221; css=&#8221;.vc_custom_1563559196362{margin-top: 0px !important;margin-bottom: 0px [&hellip;]\" \/>\n<meta property=\"og:url\" content=\"https:\/\/ats.com.vn\/vi\/data-server\/\" \/>\n<meta property=\"og:site_name\" content=\"ATS JSC\" \/>\n<meta property=\"article:modified_time\" content=\"2021-03-05T04:06:09+00:00\" \/>\n<meta name=\"twitter:card\" content=\"summary_large_image\" \/>\n<meta name=\"twitter:label1\" content=\"Est. reading time\" \/>\n\t<meta name=\"twitter:data1\" content=\"9 minutes\" \/>\n<script type=\"application\/ld+json\" class=\"yoast-schema-graph\">{\"@context\":\"https:\/\/schema.org\",\"@graph\":[{\"@type\":\"WebPage\",\"@id\":\"https:\/\/ats.com.vn\/vi\/data-server\/\",\"url\":\"https:\/\/ats.com.vn\/vi\/data-server\/\",\"name\":\"Data server - ATS JSC\",\"isPartOf\":{\"@id\":\"https:\/\/ats.com.vn\/#website\"},\"datePublished\":\"2019-06-13T02:31:52+00:00\",\"dateModified\":\"2021-03-05T04:06:09+00:00\",\"breadcrumb\":{\"@id\":\"https:\/\/ats.com.vn\/vi\/data-server\/#breadcrumb\"},\"inLanguage\":\"vi\",\"potentialAction\":[{\"@type\":\"ReadAction\",\"target\":[\"https:\/\/ats.com.vn\/vi\/data-server\/\"]}]},{\"@type\":\"BreadcrumbList\",\"@id\":\"https:\/\/ats.com.vn\/vi\/data-server\/#breadcrumb\",\"itemListElement\":[{\"@type\":\"ListItem\",\"position\":1,\"name\":\"Home\",\"item\":\"https:\/\/ats.com.vn\/vi\/\"},{\"@type\":\"ListItem\",\"position\":2,\"name\":\"Data server\"}]},{\"@type\":\"WebSite\",\"@id\":\"https:\/\/ats.com.vn\/#website\",\"url\":\"https:\/\/ats.com.vn\/\",\"name\":\"ATS\",\"description\":\"Applied Technical Systems Joint Stock Company\",\"publisher\":{\"@id\":\"https:\/\/ats.com.vn\/#organization\"},\"potentialAction\":[{\"@type\":\"SearchAction\",\"target\":{\"@type\":\"EntryPoint\",\"urlTemplate\":\"https:\/\/ats.com.vn\/?s={search_term_string}\"},\"query-input\":{\"@type\":\"PropertyValueSpecification\",\"valueRequired\":true,\"valueName\":\"search_term_string\"}}],\"inLanguage\":\"vi\"},{\"@type\":\"Organization\",\"@id\":\"https:\/\/ats.com.vn\/#organization\",\"name\":\"Applied Technical Systems Join Stock Company\",\"url\":\"https:\/\/ats.com.vn\/\",\"logo\":{\"@type\":\"ImageObject\",\"inLanguage\":\"vi\",\"@id\":\"https:\/\/ats.com.vn\/#\/schema\/logo\/image\/\",\"url\":\"https:\/\/ats.com.vn\/medias\/2018\/06\/lgo1.jpg\",\"contentUrl\":\"https:\/\/ats.com.vn\/medias\/2018\/06\/lgo1.jpg\",\"width\":981,\"height\":488,\"caption\":\"Applied Technical Systems Join Stock Company\"},\"image\":{\"@id\":\"https:\/\/ats.com.vn\/#\/schema\/logo\/image\/\"},\"sameAs\":[\"https:\/\/www.linkedin.com\/company\/ats-jsc\",\"https:\/\/www.youtube.com\/user\/ATSMedia\"]}]}<\/script>\n<!-- \/ Yoast SEO plugin. -->","yoast_head_json":{"title":"Data server - ATS JSC","robots":{"index":"index","follow":"follow","max-snippet":"max-snippet:-1","max-image-preview":"max-image-preview:large","max-video-preview":"max-video-preview:-1"},"canonical":"https:\/\/ats.com.vn\/vi\/data-server\/","og_locale":"vi_VN","og_type":"article","og_title":"Data server - ATS JSC","og_description":"[vc_section][vc_row][vc_column css=&#8221;.vc_custom_1563867481187{margin-bottom: -20px !important;}&#8221;][rev_slider_vc alias=&#8221;data-server-vi&#8221;][\/vc_column][\/vc_row][\/vc_section][vc_section css=&#8221;.vc_custom_1563559091841{padding-top: 0px !important;padding-bottom: 50px !important;}&#8221; el_id=&#8221;software&#8221;][vc_row css=&#8221;.vc_custom_1562224027751{padding-bottom: 20px !important;}&#8221;][vc_column width=&#8221;1\/4&#8243; css=&#8221;.vc_custom_1562915756372{padding-top: 12px !important;background-position: center !important;background-repeat: no-repeat !important;background-size: cover !important;}&#8221;][vc_custom_heading text=&#8221;SmartCIM&#8221; font_container=&#8221;tag:h2|font_size:30px|text_align:right|color:%23005aaa&#8221; use_theme_fonts=&#8221;yes&#8221; css=&#8221;.vc_custom_1563644486225{padding-top: 13px !important;padding-right: 10px !important;padding-bottom: 30px !important;}&#8221;][\/vc_column][vc_column width=&#8221;3\/4&#8243; css=&#8221;.vc_custom_1564066619328{margin-left: 10px !important;padding-bottom: 30px !important;}&#8221;][vc_custom_heading text=&#8221;Ph\u1ea7n m\u1ec1m M\u00f4 h\u00ecnh H\u1ec7 th\u1ed1ng \u0110i\u1ec7n theo CIM&#8221; font_container=&#8221;tag:h3|font_size:20px|text_align:left|color:%234a4a4a|line_height:28px&#8221; use_theme_fonts=&#8221;yes&#8221; css=&#8221;.vc_custom_1563559196362{margin-top: 0px !important;margin-bottom: 0px [&hellip;]","og_url":"https:\/\/ats.com.vn\/vi\/data-server\/","og_site_name":"ATS JSC","article_modified_time":"2021-03-05T04:06:09+00:00","twitter_card":"summary_large_image","twitter_misc":{"Est. reading time":"9 minutes"},"schema":{"@context":"https:\/\/schema.org","@graph":[{"@type":"WebPage","@id":"https:\/\/ats.com.vn\/vi\/data-server\/","url":"https:\/\/ats.com.vn\/vi\/data-server\/","name":"Data server - ATS JSC","isPartOf":{"@id":"https:\/\/ats.com.vn\/#website"},"datePublished":"2019-06-13T02:31:52+00:00","dateModified":"2021-03-05T04:06:09+00:00","breadcrumb":{"@id":"https:\/\/ats.com.vn\/vi\/data-server\/#breadcrumb"},"inLanguage":"vi","potentialAction":[{"@type":"ReadAction","target":["https:\/\/ats.com.vn\/vi\/data-server\/"]}]},{"@type":"BreadcrumbList","@id":"https:\/\/ats.com.vn\/vi\/data-server\/#breadcrumb","itemListElement":[{"@type":"ListItem","position":1,"name":"Home","item":"https:\/\/ats.com.vn\/vi\/"},{"@type":"ListItem","position":2,"name":"Data server"}]},{"@type":"WebSite","@id":"https:\/\/ats.com.vn\/#website","url":"https:\/\/ats.com.vn\/","name":"ATS","description":"Applied Technical Systems Joint Stock Company","publisher":{"@id":"https:\/\/ats.com.vn\/#organization"},"potentialAction":[{"@type":"SearchAction","target":{"@type":"EntryPoint","urlTemplate":"https:\/\/ats.com.vn\/?s={search_term_string}"},"query-input":{"@type":"PropertyValueSpecification","valueRequired":true,"valueName":"search_term_string"}}],"inLanguage":"vi"},{"@type":"Organization","@id":"https:\/\/ats.com.vn\/#organization","name":"Applied Technical Systems Join Stock Company","url":"https:\/\/ats.com.vn\/","logo":{"@type":"ImageObject","inLanguage":"vi","@id":"https:\/\/ats.com.vn\/#\/schema\/logo\/image\/","url":"https:\/\/ats.com.vn\/medias\/2018\/06\/lgo1.jpg","contentUrl":"https:\/\/ats.com.vn\/medias\/2018\/06\/lgo1.jpg","width":981,"height":488,"caption":"Applied Technical Systems Join Stock Company"},"image":{"@id":"https:\/\/ats.com.vn\/#\/schema\/logo\/image\/"},"sameAs":["https:\/\/www.linkedin.com\/company\/ats-jsc","https:\/\/www.youtube.com\/user\/ATSMedia"]}]}},"_links":{"self":[{"href":"https:\/\/ats.com.vn\/vi\/wp-json\/wp\/v2\/pages\/4101","targetHints":{"allow":["GET"]}}],"collection":[{"href":"https:\/\/ats.com.vn\/vi\/wp-json\/wp\/v2\/pages"}],"about":[{"href":"https:\/\/ats.com.vn\/vi\/wp-json\/wp\/v2\/types\/page"}],"author":[{"embeddable":true,"href":"https:\/\/ats.com.vn\/vi\/wp-json\/wp\/v2\/users\/2"}],"replies":[{"embeddable":true,"href":"https:\/\/ats.com.vn\/vi\/wp-json\/wp\/v2\/comments?post=4101"}],"version-history":[{"count":21,"href":"https:\/\/ats.com.vn\/vi\/wp-json\/wp\/v2\/pages\/4101\/revisions"}],"predecessor-version":[{"id":7536,"href":"https:\/\/ats.com.vn\/vi\/wp-json\/wp\/v2\/pages\/4101\/revisions\/7536"}],"wp:attachment":[{"href":"https:\/\/ats.com.vn\/vi\/wp-json\/wp\/v2\/media?parent=4101"}],"curies":[{"name":"wp","href":"https:\/\/api.w.org\/{rel}","templated":true}]}}