{"id":4100,"date":"2019-06-07T08:28:55","date_gmt":"2019-06-07T08:28:55","guid":{"rendered":"https:\/\/ats.com.vn\/data-acquisition\/?lang=vi"},"modified":"2021-03-05T11:05:26","modified_gmt":"2021-03-05T04:05:26","slug":"thu-thap-du-lieu","status":"publish","type":"page","link":"https:\/\/ats.com.vn\/vi\/thu-thap-du-lieu\/","title":{"rendered":"Thu Thap Du Lieu"},"content":{"rendered":"<p>[vc_section][vc_row][vc_column css=&#8221;.vc_custom_1563867509514{margin-bottom: -20px !important;}&#8221;][rev_slider_vc alias=&#8221;data-acquisition-vi&#8221;][\/vc_column][\/vc_row][\/vc_section][vc_section css=&#8221;.vc_custom_1563556780579{padding-top: 0px !important;padding-bottom: 20px !important;}&#8221; el_id=&#8221;software&#8221;][vc_row css=&#8221;.vc_custom_1562919497768{padding-bottom: 30px !important;}&#8221;][vc_column width=&#8221;1\/4&#8243; css=&#8221;.vc_custom_1562918383860{padding-top: 13px !important;background-position: center !important;background-repeat: no-repeat !important;background-size: cover !important;}&#8221;][vc_custom_heading text=&#8221;SmartFR&#8221; font_container=&#8221;tag:h2|font_size:30px|text_align:right|color:%23005aaa|line_height:28px&#8221; use_theme_fonts=&#8221;yes&#8221; css=&#8221;.vc_custom_1563644294628{padding-right: 10px !important;padding-bottom: 30px !important;}&#8221;][\/vc_column][vc_column width=&#8221;3\/4&#8243; css=&#8221;.vc_custom_1564065492811{margin-left: 10px !important;padding-bottom: 30px !important;}&#8221;][vc_custom_heading text=&#8221;Ph\u1ea7n m\u1ec1m Thu th\u1eadp Th\u00f4ng tin, Ph\u00e2n t\u00edch v\u00e0 Hi\u1ec3n th\u1ecb S\u1ef1 c\u1ed1&#8221; font_container=&#8221;tag:h3|font_size:20px|text_align:left|color:%234a4a4a|line_height:28px&#8221; use_theme_fonts=&#8221;yes&#8221; css=&#8221;.vc_custom_1563556813285{margin-top: 0px !important;margin-bottom: 0px !important;padding-top: 0px !important;padding-bottom: 10px !important;}&#8221;][vc_column_text css=&#8221;.vc_custom_1562918724733{margin-bottom: 15px !important;}&#8221;]SmartFR<sup>TM<\/sup> l\u00e0 ph\u1ea7n m\u1ec1m t\u1ef1 \u0111\u1ed9ng thu th\u1eadp v\u00e0 ph\u00e2n t\u00edch d\u1eef li\u1ec7u s\u1ef1 c\u1ed1 trong c\u00e1c h\u1ec7 th\u1ed1ng \u0111i\u1ec1u khi\u1ec3n b\u1ea3o v\u1ec7 \u0111\u1ec3 cung c\u1ea5p, hi\u1ec3n th\u1ecb k\u1ebft qu\u1ea3 cho ng\u01b0\u1eddi v\u1eadn h\u00e0nh.[\/vc_column_text][vc_custom_heading text=&#8221;Ch\u1ee9c n\u0103ng Ti\u00eau bi\u1ec3u&#8221; font_container=&#8221;tag:h3|font_size:20px|text_align:left|color:%231e73be&#8221; use_theme_fonts=&#8221;yes&#8221; css=&#8221;.vc_custom_1563556838696{margin-top: 0px !important;margin-bottom: 0px !important;padding-top: 0px !important;padding-bottom: 10px !important;}&#8221;][vc_column_text]<\/p>\n<ul>\n<li>T\u1ef1 \u0111\u1ed9ng thu th\u1eadp d\u1eef li\u1ec7u s\u1ef1 c\u1ed1 ghi nh\u1eadn b\u1edfi BCU t\u1eeb c\u00e1c nh\u00e0 s\u1ea3n xu\u1ea5t kh\u00e1c nhau nh\u01b0: SEL, ABB, Siemens, Toshiba, Schneider, vv.<\/li>\n<li>L\u01b0u tr\u1eef v\u00e0 qu\u1ea3n l\u00fd b\u1ea3n ghi s\u1ef1 c\u1ed1 DFR trong c\u01a1 s\u1edf d\u1eef li\u1ec7u t\u1eadp trung<\/li>\n<li>Ph\u00e2n t\u00edch v\u00e0 hi\u1ec3n th\u1ecb d\u1eef li\u1ec7u s\u1ef1 c\u1ed1<\/li>\n<li>T\u1ef1 \u0111\u1ed9ng B\u00e1o c\u00e1o v\u00e0 Th\u00f4ng b\u00e1o s\u1ef1 c\u1ed1<\/li>\n<\/ul>\n<p>[\/vc_column_text]\r<!-- radiantthemes-button -->\r<div class=\"radiantthemes-button hover-style-one  \"  data-button-direction=\"left\" data-button-fullwidth=\"false\" ><a style=\"\" class=\"radiantthemes-button-main\" href=\"\/wp-content\/uploads\/2019\/07\/ATS-Flyer_Product-SmartFR_181005.pdf\"  title=\"\" target=\"_self\"><div class=\"placeholder\">T\u00e0i li\u1ec7u S\u1ea3n ph\u1ea9m<\/div><\/a><\/div>\r<!-- radiantthemes-button -->\r[\/vc_column][\/vc_row][vc_row full_width=&#8221;stretch_row&#8221; css=&#8221;.vc_custom_1562211345694{padding-top: 20px !important;padding-bottom: 20px !important;background-color: #f5f5f5 !important;}&#8221;][vc_column width=&#8221;1\/4&#8243; css=&#8221;.vc_custom_1559896433558{background-position: center !important;background-repeat: no-repeat !important;background-size: cover !important;}&#8221;][vc_custom_heading text=&#8221;SmartICCP&#8221; font_container=&#8221;tag:h2|font_size:30px|text_align:right|color:%23005aaa&#8221; use_theme_fonts=&#8221;yes&#8221; css=&#8221;.vc_custom_1563556938757{padding-top: 13px !important;padding-right: 10px !important;}&#8221; el_class=&#8221;line&#8221;][\/vc_column][vc_column width=&#8221;3\/4&#8243; css=&#8221;.vc_custom_1564066580243{margin-left: 10px !important;padding-bottom: 30px !important;}&#8221;][vc_custom_heading text=&#8221;Ph\u1ea7n m\u1ec1m K\u1ebft n\u00f4i D\u1eef li\u1ec7u li\u00ean Trung t\u00e2m&#8221; font_container=&#8221;tag:h3|font_size:20px|text_align:left|color:%234a4a4a|line_height:28px&#8221; use_theme_fonts=&#8221;yes&#8221; css=&#8221;.vc_custom_1563556875102{margin-top: 0px !important;margin-bottom: 0px !important;padding-top: 0px !important;padding-bottom: 10px !important;}&#8221;][vc_column_text css=&#8221;.vc_custom_1563890437276{margin-bottom: 15px !important;}&#8221;]SmartICCP<sup>TM<\/sup> l\u00e0 giao di\u1ec7n ICCP OPC c\u00f3 kh\u1ea3 n\u0103ng cung c\u1ea5p k\u1ebft n\u1ed1i t\u1edbi c\u00e1c \u1ee9ng d\u1ee5ng Windows b\u1ea5t k\u1ef3 c\u00f3 s\u1eed d\u1ee5ng OPC. SmartICCP<sup>TM<\/sup> cung c\u1ea5p m\u1ed9t giao th\u1ee9c li\u00ean l\u1ea1c ti\u00eau chu\u1ea9n ph\u00f9 h\u1ee3p v\u1edbi IEC60870-6 TASE.2, c\u00f3 th\u1ec3 s\u1eed d\u1ee5ng OPC m\u00e0 kh\u00f4ng c\u1ea7n b\u1ea5t k\u1ef3 m\u1ed9t t\u1eadp l\u1ec7nh ho\u1eb7c giao di\u1ec7n n\u00e0o kh\u00e1c.[\/vc_column_text][vc_custom_heading text=&#8221;Ch\u1ee9c n\u0103ng &amp; \u0110\u1eb7c t\u00ednh Ti\u00eau bi\u1ec3u&#8221; font_container=&#8221;tag:h3|font_size:20px|text_align:left|color:%231e73be&#8221; use_theme_fonts=&#8221;yes&#8221; css=&#8221;.vc_custom_1563556924806{margin-top: 0px !important;margin-bottom: 0px !important;padding-top: 0px !important;padding-bottom: 10px !important;}&#8221;][vc_column_text]SmartICCP l\u00e0 giao di\u1ec7n chu\u1ea9n h\u00f3a c\u00f3 kh\u1ea3 n\u0103ng cung c\u1ea5p c\u00f4ng c\u1ee5 \u0111\u1ec3 t\u00edch h\u1ee3p c\u00e1c \u1ee9ng d\u1ee5ng OPC tr\u00ean Windows v\u1edbi c\u00e1c \u1ee9ng d\u1ee5ng kh\u00e1c:<\/p>\n<ul>\n<li>Trao \u0111\u1ed5i d\u1eef li\u1ec7u gi\u1eefa c\u00e1c Trung t\u00e2m \u0110i\u1ec1u khi\u1ec3n SCADA\/EMS\/DMS<\/li>\n<li>Giao di\u1ec7n v\u1edbi c\u00e1c nh\u00e0 m\u00e1y\/tr\u1ea1m \u0111i\u1ec7n cho vi\u1ec7c \u0111i\u1ec1u \u0111\u1ed9 h\u1ec7 th\u1ed1ng \u0111i\u1ec7n<\/li>\n<li>T\u01b0\u01a1ng th\u00edch v\u1edbi c\u00e1c ph\u1ea7n m\u1ec1m v\u00e0 \u1ee9ng d\u1ee5ng c\u1ee7a b\u00ean th\u1ee9 ba c\u00f3 s\u1eed d\u1ee5ng chu\u1ea9n ICCP.<\/li>\n<\/ul>\n<p>[\/vc_column_text]\r<!-- radiantthemes-button -->\r<div class=\"radiantthemes-button hover-style-one  \"  data-button-direction=\"left\" data-button-fullwidth=\"false\" ><a style=\"\" class=\"radiantthemes-button-main\" href=\"http:\/\/ats.com.vn\/medias\/medias\/2023\/04\/ATS-Profile_ver240404_VIE.pdf\"  title=\"\" target=\"_self\"><div class=\"placeholder\">T\u00e0i li\u1ec7u S\u1ea3n ph\u1ea9m<\/div><\/a><\/div>\r<!-- radiantthemes-button -->\r[\/vc_column][\/vc_row][vc_row css=&#8221;.vc_custom_1562211368502{padding-top: 20px !important;padding-bottom: 20px !important;}&#8221;][vc_column width=&#8221;1\/4&#8243; css=&#8221;.vc_custom_1562918591675{padding-top: 35px !important;background-position: center !important;background-repeat: no-repeat !important;background-size: cover !important;}&#8221;][vc_custom_heading text=&#8221;SmartIO&#8221; font_container=&#8221;tag:h2|font_size:30px|text_align:right|color:%23005aaa&#8221; use_theme_fonts=&#8221;yes&#8221; css=&#8221;.vc_custom_1563557018334{padding-top: 13px !important;padding-right: 10px !important;}&#8221; el_class=&#8221;line&#8221;][\/vc_column][vc_column width=&#8221;3\/4&#8243; css=&#8221;.vc_custom_1564066569014{margin-left: 10px !important;padding-bottom: 30px !important;}&#8221;][vc_custom_heading text=&#8221;Ph\u1ea7n m\u1ec1m K\u1ebft n\u1ed1i D\u1eef li\u1ec7u I\/O&#8221; font_container=&#8221;tag:h3|font_size:20px|text_align:left|color:%234a4a4a|line_height:28px&#8221; use_theme_fonts=&#8221;yes&#8221; css=&#8221;.vc_custom_1563557003498{margin-top: 0px !important;margin-bottom: 0px !important;padding-top: 0px !important;padding-bottom: 10px !important;}&#8221;][vc_column_text css=&#8221;.vc_custom_1562918741558{margin-bottom: 15px !important;}&#8221;]SmartIO<sup>TM<\/sup> l\u00e0 ph\u1ea7n m\u1ec1m k\u1ebft n\u1ed1i d\u1eef li\u1ec7u theo c\u00e1c giao th\u1ee9c chu\u1ea9n. SmartIOTM c\u00f3 kh\u1ea3 n\u0103ng thu th\u1eadp d\u1eef li\u1ec7u t\u1eeb c\u00e1c thi\u1ebft b\u1ecb v\u00e0 c\u0169ng l\u00e0 ngu\u1ed3n d\u1eef li\u1ec7u cho c\u00e1c h\u1ec7 th\u1ed1ng kh\u00e1c.[\/vc_column_text][vc_custom_heading text=&#8221;Ch\u1ee9c n\u0103ng &amp; \u0110\u1eb7c t\u00ednh Ti\u00eau bi\u1ec3u&#8221; font_container=&#8221;tag:h3|font_size:20px|text_align:left|color:%231e73be|line_height:28px&#8221; use_theme_fonts=&#8221;yes&#8221; css=&#8221;.vc_custom_1563556990428{margin-top: 0px !important;margin-bottom: 0px !important;padding-top: 0px !important;padding-bottom: 10px !important;}&#8221;][vc_column_text]<\/p>\n<ul>\n<li>H\u1ed7 tr\u1ee3 nhi\u1ec1u lo\u1ea1i giao th\u1ee9c kh\u00e1c nhau bao g\u1ed3m: IEC-61850 Client, IEC-101 Master\/Slave, IEC-103 Master, IEC-104 Master\/Slave, Modbus Master\/Slave, OPC Server\/Client, Script, vv.<\/li>\n<li>H\u1ed7 tr\u1ee3 kh\u1ea3 n\u0103ng chuy\u1ec3n \u0111\u1ed5i d\u1eef li\u1ec7u gi\u1eefa c\u00e1c giao th\u1ee9c kh\u00e1c nhau<\/li>\n<li>S\u1ed1 l\u01b0\u1ee3ng k\u00eanh d\u1eef li\u1ec7u kh\u00f4ng gi\u1edbi h\u1ea1n<\/li>\n<\/ul>\n<p>[\/vc_column_text]\r<!-- radiantthemes-button -->\r<div class=\"radiantthemes-button hover-style-one  \"  data-button-direction=\"left\" data-button-fullwidth=\"false\" ><a style=\"\" class=\"radiantthemes-button-main\" href=\"http:\/\/ats.com.vn\/medias\/medias\/2023\/04\/ATS-Profile_ver240404_VIE.pdf\"  title=\"\" target=\"_self\"><div class=\"placeholder\">T\u00e0i li\u1ec7u S\u1ea3n ph\u1ea9m<\/div><\/a><\/div>\r<!-- radiantthemes-button -->\r[\/vc_column][\/vc_row][\/vc_section][vc_section full_width=&#8221;stretch_row_content&#8221;][vc_row][vc_column width=&#8221;1\/2&#8243; css=&#8221;.vc_custom_1563644339539{padding-top: 80px !important;padding-bottom: 130px !important;padding-left: 0px !important;background-image: url(https:\/\/ats.com.vn\/wp-content\/uploads\/2019\/06\/link-our-history@2x.png?id=3492) !important;background-position: center !important;background-repeat: no-repeat !important;background-size: cover !important;}&#8221; el_id=&#8221;btn-left&#8221;][vc_custom_heading text=&#8221;Xem D\u1ef1 \u00e1n c\u1ee7a Ch\u00fang t\u00f4i&#8221; font_container=&#8221;tag:h2|font_size:25px|text_align:center|color:%23ffffff&#8221; use_theme_fonts=&#8221;yes&#8221; css=&#8221;.vc_custom_1563646328748{padding-bottom: 20px !important;}&#8221;]\r<!-- radiantthemes-button -->\r<div class=\"radiantthemes-button hover-style-one  \" id=\"button\" data-button-direction=\"center\" data-button-fullwidth=\"false\" ><a style=\"\" class=\"radiantthemes-button-main\" href=\"\/vi\/projects\/\"  title=\"\" target=\"_self\"><div class=\"placeholder\">D\u1ef1 \u00c1n<\/div><\/a><\/div>\r<!-- radiantthemes-button -->\r[\/vc_column][vc_column width=&#8221;1\/2&#8243; css=&#8221;.vc_custom_1563644349294{padding-top: 80px !important;padding-bottom: 130px !important;padding-left: 0px !important;background-image: url(https:\/\/ats.com.vn\/wp-content\/uploads\/2019\/06\/pg-09@2x-1-2.png?id=3597) !important;background-position: center !important;background-repeat: no-repeat !important;background-size: cover !important;}&#8221; el_id=&#8221;client-btn&#8221;][vc_custom_heading text=&#8221;Li\u00ean h\u1ec7 Ch\u00fang t\u00f4i&#8221; font_container=&#8221;tag:h2|font_size:25px|text_align:center|color:%23ffffff&#8221; use_theme_fonts=&#8221;yes&#8221; css=&#8221;.vc_custom_1563644386846{padding-bottom: 20px !important;}&#8221;]\r<!-- radiantthemes-button -->\r<div class=\"radiantthemes-button hover-style-one  \"  data-button-direction=\"center\" data-button-fullwidth=\"false\" ><a style=\"\" class=\"radiantthemes-button-main\" href=\"\/vi\/contact\/\"  title=\"\" target=\"_self\"><div class=\"placeholder\">Li\u00ean H\u1ec7<\/div><\/a><\/div>\r<!-- radiantthemes-button -->\r[\/vc_column][\/vc_row][\/vc_section][vc_row el_id=&#8221;popup&#8221;][vc_column][vc_raw_html]JTNDZGl2JTIwaWQlM0QlMjJpZDAxJTIyJTIwY2xhc3MlM0QlMjJtb2RhbCUyMiUzRSUwQSUyMCUyMCUwQSUyMCUyMCUzQ2Zvcm0lMjBjbGFzcyUzRCUyMm1vZGFsLWNvbnRlbnQlMjBhbmltYXRlJTIyJTIwYWN0aW9uJTNEJTIyJTJGYWN0aW9uX3BhZ2UucGhwJTIyJTNFJTBBJTIwJTIwJTIwJTIwJTNDZGl2JTIwY2xhc3MlM0QlMjJpbWdjb250YWluZXIlMjIlM0UlMEElMjAlMjAlMjAlMjAlMjAlMjAlM0NzcGFuJTIwb25jbGljayUzRCUyMmRvY3VtZW50LmdldEVsZW1lbnRCeUlkJTI4JTI3aWQwMSUyNyUyOS5zdHlsZS5kaXNwbGF5JTNEJTI3bm9uZSUyNyUyMiUyMGNsYXNzJTNEJTIyY2xvc2UlMjIlMjB0aXRsZSUzRCUyMkNsb3NlJTIwTW9kYWwlMjIlM0UlMjZ0aW1lcyUzQiUzQyUyRnNwYW4lM0UlMEElM0NvYmplY3QlMjBkYXRhJTNEJTIyJTJGd3AtY29udGVudCUyRnVwbG9hZHMlMkYyMDE5JTJGMDYlMkZBVFMtU29sdXRpb24tJTQwTWljcm8tR3JpZC12ZXIxOTAyMTgucGRmJTIzdmlldyUzREZpdCUyMiUyMHR5cGUlM0QlMjJhcHBsaWNhdGlvbiUyRnBkZiUyMiUyMHdpZHRoJTNEJTIyMTAwJTI1JTIyJTIwaGVpZ2h0JTNEJTIyMTAwMHB4JTIyJTNFJTBBJTIwJTIwJTIwJTBBJTNDJTJGb2JqZWN0JTNFJTBBJTIwJTIwJTIwJTIwJTNDJTJGZGl2JTNFJTBBJTIwJTIwJTIwJTIwJTBBJTIwJTIwJTNDJTJGZm9ybSUzRSUwQSUzQyUyRmRpdiUzRQ==[\/vc_raw_html][vc_raw_js]JTNDc2NyaXB0JTNFJTBBJTJGJTJGJTIwR2V0JTIwdGhlJTIwbW9kYWwlMEF2YXIlMjBtb2RhbCUyMCUzRCUyMGRvY3VtZW50LmdldEVsZW1lbnRCeUlkJTI4JTI3aWQwMSUyNyUyOSUzQiUwQSUwQSUyRiUyRiUyMFdoZW4lMjB0aGUlMjB1c2VyJTIwY2xpY2tzJTIwYW55d2hlcmUlMjBvdXRzaWRlJTIwb2YlMjB0aGUlMjBtb2RhbCUyQyUyMGNsb3NlJTIwaXQlMEF3aW5kb3cub25jbGljayUyMCUzRCUyMGZ1bmN0aW9uJTI4ZXZlbnQlMjklMjAlN0IlMEElMjAlMjAlMjAlMjBpZiUyMCUyOGV2ZW50LnRhcmdldCUyMCUzRCUzRCUyMG1vZGFsJTI5JTIwJTdCJTBBJTIwJTIwJTIwJTIwJTIwJTIwJTIwJTIwbW9kYWwuc3R5bGUuZGlzcGxheSUyMCUzRCUyMCUyMm5vbmUlMjIlM0IlMEElMjAlMjAlMjAlMjAlN0QlMEElN0QlMEElM0MlMkZzY3JpcHQlM0U=[\/vc_raw_js][\/vc_column][\/vc_row]<\/p>\n","protected":false},"excerpt":{"rendered":"<p>[vc_section][vc_row][vc_column css=&#8221;.vc_custom_1563867509514{margin-bottom: -20px !important;}&#8221;][rev_slider_vc alias=&#8221;data-acquisition-vi&#8221;][\/vc_column][\/vc_row][\/vc_section][vc_section css=&#8221;.vc_custom_1563556780579{padding-top: 0px !important;padding-bottom: 20px !important;}&#8221; el_id=&#8221;software&#8221;][vc_row css=&#8221;.vc_custom_1562919497768{padding-bottom: 30px !important;}&#8221;][vc_column width=&#8221;1\/4&#8243; css=&#8221;.vc_custom_1562918383860{padding-top: 13px !important;background-position: center !important;background-repeat: no-repeat !important;background-size: cover !important;}&#8221;][vc_custom_heading text=&#8221;SmartFR&#8221; font_container=&#8221;tag:h2|font_size:30px|text_align:right|color:%23005aaa|line_height:28px&#8221; use_theme_fonts=&#8221;yes&#8221; css=&#8221;.vc_custom_1563644294628{padding-right: 10px !important;padding-bottom: 30px !important;}&#8221;][\/vc_column][vc_column width=&#8221;3\/4&#8243; css=&#8221;.vc_custom_1564065492811{margin-left: 10px !important;padding-bottom: 30px !important;}&#8221;][vc_custom_heading text=&#8221;Ph\u1ea7n m\u1ec1m Thu th\u1eadp Th\u00f4ng tin, Ph\u00e2n t\u00edch v\u00e0 Hi\u1ec3n th\u1ecb S\u1ef1 c\u1ed1&#8221; font_container=&#8221;tag:h3|font_size:20px|text_align:left|color:%234a4a4a|line_height:28px&#8221; use_theme_fonts=&#8221;yes&#8221; css=&#8221;.vc_custom_1563556813285{margin-top: 0px [&hellip;]<\/p>\n","protected":false},"author":2,"featured_media":0,"parent":0,"menu_order":0,"comment_status":"closed","ping_status":"closed","template":"","meta":{"footnotes":"","_links_to":"","_links_to_target":""},"class_list":["post-4100","page","type-page","status-publish","hentry"],"yoast_head":"<!-- This site is optimized with the Yoast SEO plugin v27.1.1 - https:\/\/yoast.com\/product\/yoast-seo-wordpress\/ -->\n<title>Thu Thap Du Lieu - ATS JSC<\/title>\n<meta name=\"robots\" content=\"index, follow, max-snippet:-1, max-image-preview:large, max-video-preview:-1\" \/>\n<link rel=\"canonical\" href=\"https:\/\/ats.com.vn\/vi\/thu-thap-du-lieu\/\" \/>\n<meta property=\"og:locale\" content=\"vi_VN\" \/>\n<meta property=\"og:type\" content=\"article\" \/>\n<meta property=\"og:title\" content=\"Thu Thap Du Lieu - ATS JSC\" \/>\n<meta property=\"og:description\" content=\"[vc_section][vc_row][vc_column css=&#8221;.vc_custom_1563867509514{margin-bottom: -20px !important;}&#8221;][rev_slider_vc alias=&#8221;data-acquisition-vi&#8221;][\/vc_column][\/vc_row][\/vc_section][vc_section css=&#8221;.vc_custom_1563556780579{padding-top: 0px !important;padding-bottom: 20px !important;}&#8221; el_id=&#8221;software&#8221;][vc_row css=&#8221;.vc_custom_1562919497768{padding-bottom: 30px !important;}&#8221;][vc_column width=&#8221;1\/4&#8243; css=&#8221;.vc_custom_1562918383860{padding-top: 13px !important;background-position: center !important;background-repeat: no-repeat !important;background-size: cover !important;}&#8221;][vc_custom_heading text=&#8221;SmartFR&#8221; font_container=&#8221;tag:h2|font_size:30px|text_align:right|color:%23005aaa|line_height:28px&#8221; use_theme_fonts=&#8221;yes&#8221; css=&#8221;.vc_custom_1563644294628{padding-right: 10px !important;padding-bottom: 30px !important;}&#8221;][\/vc_column][vc_column width=&#8221;3\/4&#8243; css=&#8221;.vc_custom_1564065492811{margin-left: 10px !important;padding-bottom: 30px !important;}&#8221;][vc_custom_heading text=&#8221;Ph\u1ea7n m\u1ec1m Thu th\u1eadp Th\u00f4ng tin, Ph\u00e2n t\u00edch v\u00e0 Hi\u1ec3n th\u1ecb S\u1ef1 c\u1ed1&#8221; font_container=&#8221;tag:h3|font_size:20px|text_align:left|color:%234a4a4a|line_height:28px&#8221; use_theme_fonts=&#8221;yes&#8221; css=&#8221;.vc_custom_1563556813285{margin-top: 0px [&hellip;]\" \/>\n<meta property=\"og:url\" content=\"https:\/\/ats.com.vn\/vi\/thu-thap-du-lieu\/\" \/>\n<meta property=\"og:site_name\" content=\"ATS JSC\" \/>\n<meta property=\"article:modified_time\" content=\"2021-03-05T04:05:26+00:00\" \/>\n<meta name=\"twitter:card\" content=\"summary_large_image\" \/>\n<meta name=\"twitter:label1\" content=\"Est. reading time\" \/>\n\t<meta name=\"twitter:data1\" content=\"8 minutes\" \/>\n<script type=\"application\/ld+json\" class=\"yoast-schema-graph\">{\"@context\":\"https:\/\/schema.org\",\"@graph\":[{\"@type\":\"WebPage\",\"@id\":\"https:\/\/ats.com.vn\/vi\/thu-thap-du-lieu\/\",\"url\":\"https:\/\/ats.com.vn\/vi\/thu-thap-du-lieu\/\",\"name\":\"Thu Thap Du Lieu - ATS JSC\",\"isPartOf\":{\"@id\":\"https:\/\/ats.com.vn\/#website\"},\"datePublished\":\"2019-06-07T08:28:55+00:00\",\"dateModified\":\"2021-03-05T04:05:26+00:00\",\"breadcrumb\":{\"@id\":\"https:\/\/ats.com.vn\/vi\/thu-thap-du-lieu\/#breadcrumb\"},\"inLanguage\":\"vi\",\"potentialAction\":[{\"@type\":\"ReadAction\",\"target\":[\"https:\/\/ats.com.vn\/vi\/thu-thap-du-lieu\/\"]}]},{\"@type\":\"BreadcrumbList\",\"@id\":\"https:\/\/ats.com.vn\/vi\/thu-thap-du-lieu\/#breadcrumb\",\"itemListElement\":[{\"@type\":\"ListItem\",\"position\":1,\"name\":\"Home\",\"item\":\"https:\/\/ats.com.vn\/vi\/\"},{\"@type\":\"ListItem\",\"position\":2,\"name\":\"Thu Thap Du Lieu\"}]},{\"@type\":\"WebSite\",\"@id\":\"https:\/\/ats.com.vn\/#website\",\"url\":\"https:\/\/ats.com.vn\/\",\"name\":\"ATS\",\"description\":\"Applied Technical Systems Joint Stock Company\",\"publisher\":{\"@id\":\"https:\/\/ats.com.vn\/#organization\"},\"potentialAction\":[{\"@type\":\"SearchAction\",\"target\":{\"@type\":\"EntryPoint\",\"urlTemplate\":\"https:\/\/ats.com.vn\/?s={search_term_string}\"},\"query-input\":{\"@type\":\"PropertyValueSpecification\",\"valueRequired\":true,\"valueName\":\"search_term_string\"}}],\"inLanguage\":\"vi\"},{\"@type\":\"Organization\",\"@id\":\"https:\/\/ats.com.vn\/#organization\",\"name\":\"Applied Technical Systems Join Stock Company\",\"url\":\"https:\/\/ats.com.vn\/\",\"logo\":{\"@type\":\"ImageObject\",\"inLanguage\":\"vi\",\"@id\":\"https:\/\/ats.com.vn\/#\/schema\/logo\/image\/\",\"url\":\"https:\/\/ats.com.vn\/medias\/2018\/06\/lgo1.jpg\",\"contentUrl\":\"https:\/\/ats.com.vn\/medias\/2018\/06\/lgo1.jpg\",\"width\":981,\"height\":488,\"caption\":\"Applied Technical Systems Join Stock Company\"},\"image\":{\"@id\":\"https:\/\/ats.com.vn\/#\/schema\/logo\/image\/\"},\"sameAs\":[\"https:\/\/www.linkedin.com\/company\/ats-jsc\",\"https:\/\/www.youtube.com\/user\/ATSMedia\"]}]}<\/script>\n<!-- \/ Yoast SEO plugin. -->","yoast_head_json":{"title":"Thu Thap Du Lieu - ATS JSC","robots":{"index":"index","follow":"follow","max-snippet":"max-snippet:-1","max-image-preview":"max-image-preview:large","max-video-preview":"max-video-preview:-1"},"canonical":"https:\/\/ats.com.vn\/vi\/thu-thap-du-lieu\/","og_locale":"vi_VN","og_type":"article","og_title":"Thu Thap Du Lieu - ATS JSC","og_description":"[vc_section][vc_row][vc_column css=&#8221;.vc_custom_1563867509514{margin-bottom: -20px !important;}&#8221;][rev_slider_vc alias=&#8221;data-acquisition-vi&#8221;][\/vc_column][\/vc_row][\/vc_section][vc_section css=&#8221;.vc_custom_1563556780579{padding-top: 0px !important;padding-bottom: 20px !important;}&#8221; el_id=&#8221;software&#8221;][vc_row css=&#8221;.vc_custom_1562919497768{padding-bottom: 30px !important;}&#8221;][vc_column width=&#8221;1\/4&#8243; css=&#8221;.vc_custom_1562918383860{padding-top: 13px !important;background-position: center !important;background-repeat: no-repeat !important;background-size: cover !important;}&#8221;][vc_custom_heading text=&#8221;SmartFR&#8221; font_container=&#8221;tag:h2|font_size:30px|text_align:right|color:%23005aaa|line_height:28px&#8221; use_theme_fonts=&#8221;yes&#8221; css=&#8221;.vc_custom_1563644294628{padding-right: 10px !important;padding-bottom: 30px !important;}&#8221;][\/vc_column][vc_column width=&#8221;3\/4&#8243; css=&#8221;.vc_custom_1564065492811{margin-left: 10px !important;padding-bottom: 30px !important;}&#8221;][vc_custom_heading text=&#8221;Ph\u1ea7n m\u1ec1m Thu th\u1eadp Th\u00f4ng tin, Ph\u00e2n t\u00edch v\u00e0 Hi\u1ec3n th\u1ecb S\u1ef1 c\u1ed1&#8221; font_container=&#8221;tag:h3|font_size:20px|text_align:left|color:%234a4a4a|line_height:28px&#8221; use_theme_fonts=&#8221;yes&#8221; css=&#8221;.vc_custom_1563556813285{margin-top: 0px [&hellip;]","og_url":"https:\/\/ats.com.vn\/vi\/thu-thap-du-lieu\/","og_site_name":"ATS JSC","article_modified_time":"2021-03-05T04:05:26+00:00","twitter_card":"summary_large_image","twitter_misc":{"Est. reading time":"8 minutes"},"schema":{"@context":"https:\/\/schema.org","@graph":[{"@type":"WebPage","@id":"https:\/\/ats.com.vn\/vi\/thu-thap-du-lieu\/","url":"https:\/\/ats.com.vn\/vi\/thu-thap-du-lieu\/","name":"Thu Thap Du Lieu - ATS JSC","isPartOf":{"@id":"https:\/\/ats.com.vn\/#website"},"datePublished":"2019-06-07T08:28:55+00:00","dateModified":"2021-03-05T04:05:26+00:00","breadcrumb":{"@id":"https:\/\/ats.com.vn\/vi\/thu-thap-du-lieu\/#breadcrumb"},"inLanguage":"vi","potentialAction":[{"@type":"ReadAction","target":["https:\/\/ats.com.vn\/vi\/thu-thap-du-lieu\/"]}]},{"@type":"BreadcrumbList","@id":"https:\/\/ats.com.vn\/vi\/thu-thap-du-lieu\/#breadcrumb","itemListElement":[{"@type":"ListItem","position":1,"name":"Home","item":"https:\/\/ats.com.vn\/vi\/"},{"@type":"ListItem","position":2,"name":"Thu Thap Du Lieu"}]},{"@type":"WebSite","@id":"https:\/\/ats.com.vn\/#website","url":"https:\/\/ats.com.vn\/","name":"ATS","description":"Applied Technical Systems Joint Stock Company","publisher":{"@id":"https:\/\/ats.com.vn\/#organization"},"potentialAction":[{"@type":"SearchAction","target":{"@type":"EntryPoint","urlTemplate":"https:\/\/ats.com.vn\/?s={search_term_string}"},"query-input":{"@type":"PropertyValueSpecification","valueRequired":true,"valueName":"search_term_string"}}],"inLanguage":"vi"},{"@type":"Organization","@id":"https:\/\/ats.com.vn\/#organization","name":"Applied Technical Systems Join Stock Company","url":"https:\/\/ats.com.vn\/","logo":{"@type":"ImageObject","inLanguage":"vi","@id":"https:\/\/ats.com.vn\/#\/schema\/logo\/image\/","url":"https:\/\/ats.com.vn\/medias\/2018\/06\/lgo1.jpg","contentUrl":"https:\/\/ats.com.vn\/medias\/2018\/06\/lgo1.jpg","width":981,"height":488,"caption":"Applied Technical Systems Join Stock Company"},"image":{"@id":"https:\/\/ats.com.vn\/#\/schema\/logo\/image\/"},"sameAs":["https:\/\/www.linkedin.com\/company\/ats-jsc","https:\/\/www.youtube.com\/user\/ATSMedia"]}]}},"_links":{"self":[{"href":"https:\/\/ats.com.vn\/vi\/wp-json\/wp\/v2\/pages\/4100","targetHints":{"allow":["GET"]}}],"collection":[{"href":"https:\/\/ats.com.vn\/vi\/wp-json\/wp\/v2\/pages"}],"about":[{"href":"https:\/\/ats.com.vn\/vi\/wp-json\/wp\/v2\/types\/page"}],"author":[{"embeddable":true,"href":"https:\/\/ats.com.vn\/vi\/wp-json\/wp\/v2\/users\/2"}],"replies":[{"embeddable":true,"href":"https:\/\/ats.com.vn\/vi\/wp-json\/wp\/v2\/comments?post=4100"}],"version-history":[{"count":22,"href":"https:\/\/ats.com.vn\/vi\/wp-json\/wp\/v2\/pages\/4100\/revisions"}],"predecessor-version":[{"id":7535,"href":"https:\/\/ats.com.vn\/vi\/wp-json\/wp\/v2\/pages\/4100\/revisions\/7535"}],"wp:attachment":[{"href":"https:\/\/ats.com.vn\/vi\/wp-json\/wp\/v2\/media?parent=4100"}],"curies":[{"name":"wp","href":"https:\/\/api.w.org\/{rel}","templated":true}]}}