{"id":4099,"date":"2018-03-15T08:29:50","date_gmt":"2018-03-15T08:29:50","guid":{"rendered":"https:\/\/ats.com.vn\/contact\/?lang=vi"},"modified":"2025-07-19T19:23:44","modified_gmt":"2025-07-19T12:23:44","slug":"lien-he","status":"publish","type":"page","link":"https:\/\/ats.com.vn\/vi\/lien-he\/","title":{"rendered":"Lien He"},"content":{"rendered":"<p>[vc_section][vc_row][vc_column css=&#8221;.vc_custom_1563639677467{margin-bottom: -50px !important;}&#8221;][rev_slider_vc alias=&#8221;contact&#8221;][\/vc_column][\/vc_row][\/vc_section][vc_row full_width=&#8221;stretch_row&#8221; equal_height=&#8221;yes&#8221; css_animation=&#8221;none&#8221; css=&#8221;.vc_custom_1561370420055{margin-top: 0px !important;margin-bottom: 0px !important;padding-top: 50px !important;padding-bottom: 100px !important;background-color: #ffffff !important;}&#8221; el_class=&#8221;sidebar&#8221;][vc_column width=&#8221;2\/3&#8243; css=&#8221;.vc_custom_1563639808802{margin-top: 0px !important;margin-bottom: 0px !important;padding-top: 60px !important;padding-right: 46px !important;padding-bottom: 70px !important;padding-left: 46px !important;background-color: #ffffff !important;}&#8221; el_class=&#8221;contact-one-box&#8221;][vc_custom_heading text=&#8221;Form Th\u00f4ng Tin&#8221; font_container=&#8221;tag:h3|font_size:35px|text_align:center|color:%23005aaa|line_height:40px&#8221; use_theme_fonts=&#8221;yes&#8221; css_animation=&#8221;none&#8221; css=&#8221;.vc_custom_1563545256700{margin-top: 0px !important;margin-bottom: 15px !important;}&#8221; el_class=&#8221;font-weight-bold&#8221;][vc_column_text css_animation=&#8221;none&#8221; css=&#8221;.vc_custom_1563593905568{margin-top: 0px !important;margin-bottom: 30px !important;}&#8221;]<\/p>\n<p style=\"text-align: center; color: #4a4a4a;\">Vui l\u00f2ng g\u1eedi c\u00e2u h\u1ecfi c\u1ee7a b\u1ea1n theo m\u1eabu d\u01b0\u1edbi \u0111\u00e2y<\/p>\n<p style=\"text-align: center; color: #4a4a4a;\">ho\u1eb7c g\u1eedi th\u01b0 \u0111i\u1ec7n t\u1eed \u0111\u1ebfn \u0111\u1ecba ch\u1ec9 <a href=\"mailto:contact@ats.com.vn\">contact@ats.com.vn<\/a><\/p>\n<p>[\/vc_column_text]\r<!-- rt-cf7 -->\r<div class=\"radiant-contact-form rt5dbe4db1b857b52 element-one  vc_custom_1522390559900\"  >\n<div class=\"wpcf7 no-js\" id=\"wpcf7-f5267-o1\" lang=\"en-US\" dir=\"ltr\" data-wpcf7-id=\"5267\">\n<div class=\"screen-reader-response\"><p role=\"status\" aria-live=\"polite\" aria-atomic=\"true\"><\/p> <ul><\/ul><\/div>\n<form action=\"\/vi\/wp-json\/wp\/v2\/pages\/4099#wpcf7-f5267-o1\" method=\"post\" class=\"wpcf7-form init\" aria-label=\"Contact form\" novalidate=\"novalidate\" data-status=\"init\">\n<fieldset class=\"hidden-fields-container\"><input type=\"hidden\" name=\"_wpcf7\" value=\"5267\" \/><input type=\"hidden\" name=\"_wpcf7_version\" value=\"6.1.5\" \/><input type=\"hidden\" name=\"_wpcf7_locale\" value=\"en_US\" \/><input type=\"hidden\" name=\"_wpcf7_unit_tag\" value=\"wpcf7-f5267-o1\" \/><input type=\"hidden\" name=\"_wpcf7_container_post\" value=\"0\" \/><input type=\"hidden\" name=\"_wpcf7_posted_data_hash\" value=\"\" \/><input type=\"hidden\" name=\"_wpcf7_recaptcha_response\" value=\"\" \/>\n<\/fieldset>\n<div class=\"contact\">\n\t<div class=\"col-lg-6 col-md-6 col-sm-12 col-xs-12 contact-box\">\n\t\t<p><label><br \/>\n<span class=\"wpcf7-form-control-wrap\" data-name=\"first-name\"><input size=\"40\" maxlength=\"400\" class=\"wpcf7-form-control wpcf7-text wpcf7-validates-as-required\" aria-required=\"true\" aria-invalid=\"false\" placeholder=\"T\u00ean:\" value=\"\" type=\"text\" name=\"first-name\" \/><\/span> <\/label>\n\t\t<\/p>\n\t<\/div>\n\t<div class=\"col-lg-6 col-md-6 col-sm-12 col-xs-12 contact-box\">\n\t\t<p><label><br \/>\n<span class=\"wpcf7-form-control-wrap\" data-name=\"last-name\"><input size=\"40\" maxlength=\"400\" class=\"wpcf7-form-control wpcf7-text wpcf7-validates-as-required\" aria-required=\"true\" aria-invalid=\"false\" placeholder=\"H\u1ecd:\" value=\"\" type=\"text\" name=\"last-name\" \/><\/span> <\/label>\n\t\t<\/p>\n\t<\/div>\n\t<div class=\"col-lg-6 col-md-6 col-sm-12 col-xs-12 contact-box\">\n\t\t<p><label><br \/>\n<span class=\"wpcf7-form-control-wrap\" data-name=\"your-email\"><input size=\"40\" maxlength=\"400\" class=\"wpcf7-form-control wpcf7-email wpcf7-validates-as-required wpcf7-text wpcf7-validates-as-email\" aria-required=\"true\" aria-invalid=\"false\" placeholder=\"Email :\" value=\"\" type=\"email\" name=\"your-email\" \/><\/span> <\/label>\n\t\t<\/p>\n\t<\/div>\n\t<div class=\"col-lg-6 col-md-6 col-sm-12 col-xs-12 contact-box\">\n\t\t<p><label><br \/>\n<span class=\"wpcf7-form-control-wrap\" data-name=\"your-phone\"><input size=\"40\" maxlength=\"400\" class=\"wpcf7-form-control wpcf7-text wpcf7-validates-as-required\" aria-required=\"true\" aria-invalid=\"false\" placeholder=\"S\u1ed1 \u0111i\u1ec7n tho\u1ea1i:\" value=\"\" type=\"text\" name=\"your-phone\" \/><\/span> <\/label>\n\t\t<\/p>\n\t<\/div>\n\t<div class=\"col-lg-6 col-md-6 col-sm-12 col-xs-12 contact-box\">\n\t\t<p><label><br \/>\n<span class=\"wpcf7-form-control-wrap\" data-name=\"your-company\"><input size=\"40\" maxlength=\"400\" class=\"wpcf7-form-control wpcf7-text wpcf7-validates-as-required\" aria-required=\"true\" aria-invalid=\"false\" placeholder=\"C\u00f4ng ty:\" value=\"\" type=\"text\" name=\"your-company\" \/><\/span> <\/label>\n\t\t<\/p>\n\t<\/div>\n\t<div class=\"col-lg-6 col-md-6 col-sm-12 col-xs-12 contact-box\">\n\t\t<p><label><br \/>\n<span class=\"wpcf7-form-control-wrap\" data-name=\"your-subject\"><input size=\"40\" maxlength=\"400\" class=\"wpcf7-form-control wpcf7-text wpcf7-validates-as-required\" aria-required=\"true\" aria-invalid=\"false\" placeholder=\"Ch\u1ee7 \u0111\u1ec1:\" value=\"\" type=\"text\" name=\"your-subject\" \/><\/span> <\/label>\n\t\t<\/p>\n\t<\/div>\n\t<div style=\" padding-bottom: 20px;\" class=\"col-lg-12 col-md-12 col-sm-12 col-xs-12 \">\n\t\t<p><label><br \/>\n<span class=\"wpcf7-form-control-wrap\" data-name=\"your-message\"><textarea cols=\"40\" rows=\"10\" maxlength=\"2000\" class=\"wpcf7-form-control wpcf7-textarea\" aria-invalid=\"false\" placeholder=\"N\u1ed9i dung tin nh\u1eafn:\" name=\"your-message\"><\/textarea><\/span> <\/label>\n\t\t<\/p>\n\t<\/div>\n\t<div style=\"padding-top: 20px; padding-bottom: 20px;\" class=\"col-lg-12 col-md-12 col-sm-12 col-xs-12 \">\n\t\t<p><label> <div id=\"cf7sr-69dde8c15e8c8\" class=\"cf7sr-g-recaptcha\" data-theme=\"light\" data-type=\"image\" data-size=\"normal\" data-sitekey=\"6LfaWLEUAAAAAP0cKq2oALEy0wpoNtgu-tfCVGsX\"><\/div><span class=\"wpcf7-form-control-wrap cf7sr-recaptcha\" data-name=\"cf7sr-recaptcha\"><input type=\"hidden\" name=\"cf7sr-recaptcha\" value=\"\" class=\"wpcf7-form-control\"><\/span> <\/label>\n\t\t<\/p>\n\t<\/div>\n\t<p><input class=\"wpcf7-form-control wpcf7-submit has-spinner\" type=\"submit\" value=\"G\u1eedi\" \/>\n\t<\/p>\n<\/div><div class=\"wpcf7-response-output\" aria-hidden=\"true\"><\/div>\n<\/form>\n<\/div>\n<\/div>\r<!-- rt-cf7 -->\r[\/vc_column][vc_column width=&#8221;1\/3&#8243; css=&#8221;.vc_custom_1563639888685{padding-top: 40px !important;padding-right: 30px !important;padding-bottom: 40px !important;padding-left: 60px !important;background-color: #f4f4f4 !important;}&#8221;][vc_custom_heading text=&#8221;\u0110\u1ecba ch\u1ec9 V\u0103n ph\u00f2ng&#8221; font_container=&#8221;tag:h3|font_size:20px|text_align:left|color:%234a4a4a|line_height:26px&#8221; use_theme_fonts=&#8221;yes&#8221;][vc_row_inner css=&#8221;.vc_custom_1519730303419{margin-top: 0px !important;margin-bottom: 0px !important;padding-top: 25px !important;padding-bottom: 25px !important;}&#8221; el_class=&#8221;under-line&#8221;][vc_column_inner][vc_custom_heading text=&#8221;Tr\u1ee5 s\u1edf ch\u00ednh&#8221; font_container=&#8221;tag:h2|font_size:15px|text_align:left|color:%234a4a4a|line_height:24px&#8221; use_theme_fonts=&#8221;yes&#8221;][vc_custom_heading text=&#8221;T\u00f2a nh\u00e0 ATS<br \/>\n74 B\u00e0 Tri\u1ec7u, P. C\u1eeda Nam<br \/>\nH\u00e0 N\u1ed9i, Vi\u1ec7t Nam<br \/>\nT. +84-24-3825 1072<br \/>\nF. +84-24-3825 8037&#8243; font_container=&#8221;tag:p|font_size:15px|text_align:left|line_height:24px&#8221; use_theme_fonts=&#8221;yes&#8221; css=&#8221;.vc_custom_1751616405820{margin-top: 15px !important;margin-bottom: 0px !important;padding-top: 0px !important;padding-bottom: 0px !important;}&#8221;][\/vc_column_inner][\/vc_row_inner][vc_row_inner css=&#8221;.vc_custom_1519730747658{margin-top: 0px !important;margin-bottom: 0px !important;padding-top: 25px !important;padding-bottom: 25px !important;}&#8221; el_class=&#8221;under-line&#8221;][vc_column_inner][vc_custom_heading text=&#8221;Nh\u00e0 m\u00e1y C\u00f4ng ngh\u1ec7 cao&#8221; font_container=&#8221;tag:h2|font_size:15px|text_align:left|color:%234a4a4a|line_height:24px&#8221; use_theme_fonts=&#8221;yes&#8221;][vc_custom_heading text=&#8221;L\u00f4 A2CN6<br \/>\nKhu C\u00f4ng Ngh\u1ec7 Cao T\u1eeb Li\u00eam<br \/>\nH\u00e0 N\u1ed9i, Vi\u1ec7t Nam<br \/>\nT. +84-24-3780 5053<br \/>\nF. +84-24-3780 5060&#8243; font_container=&#8221;tag:p|font_size:15px|text_align:left|line_height:24px&#8221; use_theme_fonts=&#8221;yes&#8221; css=&#8221;.vc_custom_1563545114539{margin-top: 15px !important;margin-bottom: 0px !important;padding-top: 0px !important;padding-bottom: 0px !important;}&#8221;][\/vc_column_inner][\/vc_row_inner][vc_row_inner css=&#8221;.vc_custom_1519730867714{margin-top: 0px !important;margin-bottom: 0px !important;padding-top: 25px !important;padding-bottom: 25px !important;}&#8221;][vc_column_inner][vc_custom_heading text=&#8221;V\u0103n ph\u00f2ng \u0110\u1ea1i di\u1ec7n TP. HCM&#8221; font_container=&#8221;tag:h2|font_size:15px|text_align:left|color:%234a4a4a|line_height:24px&#8221; use_theme_fonts=&#8221;yes&#8221;][vc_custom_heading text=&#8221;13-15 Nguy\u1ec5n Th\u1ebf L\u1ed9c<br \/>\nTP. H\u1ed3 Ch\u00ed Minh, Vi\u1ec7t Nam<br \/>\nT. +84-28-3948 3548<br \/>\nF. +84-28-3948 3549&#8243; font_container=&#8221;tag:p|font_size:15px|text_align:left|line_height:24px&#8221; use_theme_fonts=&#8221;yes&#8221; css=&#8221;.vc_custom_1563545178365{margin-top: 15px !important;margin-bottom: 0px !important;padding-top: 0px !important;padding-bottom: 0px !important;}&#8221;][\/vc_column_inner][\/vc_row_inner][\/vc_column][\/vc_row][vc_row full_width=&#8221;stretch_row_content_no_spaces&#8221; equal_height=&#8221;yes&#8221; content_placement=&#8221;middle&#8221; css_animation=&#8221;none&#8221; css=&#8221;.vc_custom_1521608020979{margin-top: 0px !important;margin-bottom: 0px !important;padding-top: 0px !important;padding-bottom: 0px !important;background-color: #ffffff !important;}&#8221;][vc_column css=&#8221;.vc_custom_1521608013146{padding-top: 0px !important;padding-bottom: 0px !important;}&#8221;][vc_gmaps link=&#8221;#E-8_JTNDaWZyYW1lJTIwc3JjJTNEJTIyaHR0cHMlM0ElMkYlMkZ3d3cuZ29vZ2xlLmNvbSUyRm1hcHMlMkZlbWJlZCUzRnBiJTNEJTIxMW0xOCUyMTFtMTIlMjExbTMlMjExZDIwODAuNTYyMTg1NDA0NzM3NiUyMTJkMTA1Ljg0NzkyMzA0OTAzODU3JTIxM2QyMS4wMjAyNjgyNDMwNjY2ODUlMjEybTMlMjExZjAlMjEyZjAlMjEzZjAlMjEzbTIlMjExaTEwMjQlMjEyaTc2OCUyMTRmMTMuMSUyMTNtMyUyMTFtMiUyMTFzMHgzMTM1YWIwMDUzYTAyYjIzJTI1M0EweDFkYzJmMjM5Nzk5MDgxYjAlMjEyc0FUUyUyNTIwQnVpbGRpbmclMjE1ZTAlMjEzbTIlMjExc2VuJTIxMnMlMjE0djE3NTE3MDgyMjUzMjAlMjE1bTIlMjExc2VuJTIxMnMlMjIlMjB3aWR0aCUzRCUyMjYwMCUyMiUyMGhlaWdodCUzRCUyMjQ1MCUyMiUyMHN0eWxlJTNEJTIyYm9yZGVyJTNBMCUzQiUyMiUyMGFsbG93ZnVsbHNjcmVlbiUzRSUzQyUyRmlmcmFtZSUzRQ==&#8221; css=&#8221;.vc_custom_1752902621347{margin-top: 0px !important;margin-bottom: 0px !important;}&#8221;][\/vc_column][\/vc_row]<\/p>\n","protected":false},"excerpt":{"rendered":"<p>[vc_section][vc_row][vc_column css=&#8221;.vc_custom_1563639677467{margin-bottom: -50px !important;}&#8221;][rev_slider_vc alias=&#8221;contact&#8221;][\/vc_column][\/vc_row][\/vc_section][vc_row full_width=&#8221;stretch_row&#8221; equal_height=&#8221;yes&#8221; css_animation=&#8221;none&#8221; css=&#8221;.vc_custom_1561370420055{margin-top: 0px !important;margin-bottom: 0px !important;padding-top: 50px !important;padding-bottom: 100px !important;background-color: #ffffff !important;}&#8221; el_class=&#8221;sidebar&#8221;][vc_column width=&#8221;2\/3&#8243; css=&#8221;.vc_custom_1563639808802{margin-top: 0px !important;margin-bottom: 0px !important;padding-top: 60px !important;padding-right: 46px !important;padding-bottom: 70px !important;padding-left: 46px !important;background-color: #ffffff !important;}&#8221; el_class=&#8221;contact-one-box&#8221;][vc_custom_heading text=&#8221;Form Th\u00f4ng Tin&#8221; font_container=&#8221;tag:h3|font_size:35px|text_align:center|color:%23005aaa|line_height:40px&#8221; use_theme_fonts=&#8221;yes&#8221; css_animation=&#8221;none&#8221; css=&#8221;.vc_custom_1563545256700{margin-top: 0px !important;margin-bottom: 15px !important;}&#8221; el_class=&#8221;font-weight-bold&#8221;][vc_column_text css_animation=&#8221;none&#8221; css=&#8221;.vc_custom_1563593905568{margin-top: 0px !important;margin-bottom: 30px !important;}&#8221;] [&hellip;]<\/p>\n","protected":false},"author":2,"featured_media":0,"parent":0,"menu_order":0,"comment_status":"closed","ping_status":"closed","template":"","meta":{"footnotes":"","_links_to":"","_links_to_target":""},"class_list":["post-4099","page","type-page","status-publish","hentry"],"yoast_head":"<!-- This site is optimized with the Yoast SEO plugin v27.1.1 - https:\/\/yoast.com\/product\/yoast-seo-wordpress\/ -->\n<title>Lien He - ATS JSC<\/title>\n<meta name=\"robots\" content=\"index, follow, max-snippet:-1, max-image-preview:large, max-video-preview:-1\" \/>\n<link rel=\"canonical\" href=\"https:\/\/ats.com.vn\/vi\/lien-he\/\" \/>\n<meta property=\"og:locale\" content=\"vi_VN\" \/>\n<meta property=\"og:type\" content=\"article\" \/>\n<meta property=\"og:title\" content=\"Lien He - ATS JSC\" \/>\n<meta property=\"og:description\" content=\"[vc_section][vc_row][vc_column css=&#8221;.vc_custom_1563639677467{margin-bottom: -50px !important;}&#8221;][rev_slider_vc alias=&#8221;contact&#8221;][\/vc_column][\/vc_row][\/vc_section][vc_row full_width=&#8221;stretch_row&#8221; equal_height=&#8221;yes&#8221; css_animation=&#8221;none&#8221; css=&#8221;.vc_custom_1561370420055{margin-top: 0px !important;margin-bottom: 0px !important;padding-top: 50px !important;padding-bottom: 100px !important;background-color: #ffffff !important;}&#8221; el_class=&#8221;sidebar&#8221;][vc_column width=&#8221;2\/3&#8243; css=&#8221;.vc_custom_1563639808802{margin-top: 0px !important;margin-bottom: 0px !important;padding-top: 60px !important;padding-right: 46px !important;padding-bottom: 70px !important;padding-left: 46px !important;background-color: #ffffff !important;}&#8221; el_class=&#8221;contact-one-box&#8221;][vc_custom_heading text=&#8221;Form Th\u00f4ng Tin&#8221; font_container=&#8221;tag:h3|font_size:35px|text_align:center|color:%23005aaa|line_height:40px&#8221; use_theme_fonts=&#8221;yes&#8221; css_animation=&#8221;none&#8221; css=&#8221;.vc_custom_1563545256700{margin-top: 0px !important;margin-bottom: 15px !important;}&#8221; el_class=&#8221;font-weight-bold&#8221;][vc_column_text css_animation=&#8221;none&#8221; css=&#8221;.vc_custom_1563593905568{margin-top: 0px !important;margin-bottom: 30px !important;}&#8221;] [&hellip;]\" \/>\n<meta property=\"og:url\" content=\"https:\/\/ats.com.vn\/vi\/lien-he\/\" \/>\n<meta property=\"og:site_name\" content=\"ATS JSC\" \/>\n<meta property=\"article:modified_time\" content=\"2025-07-19T12:23:44+00:00\" \/>\n<meta name=\"twitter:card\" content=\"summary_large_image\" \/>\n<meta name=\"twitter:label1\" content=\"Est. reading time\" \/>\n\t<meta name=\"twitter:data1\" content=\"2 minutes\" \/>\n<script type=\"application\/ld+json\" class=\"yoast-schema-graph\">{\"@context\":\"https:\/\/schema.org\",\"@graph\":[{\"@type\":\"WebPage\",\"@id\":\"https:\/\/ats.com.vn\/vi\/lien-he\/\",\"url\":\"https:\/\/ats.com.vn\/vi\/lien-he\/\",\"name\":\"Lien He - ATS JSC\",\"isPartOf\":{\"@id\":\"https:\/\/ats.com.vn\/#website\"},\"datePublished\":\"2018-03-15T08:29:50+00:00\",\"dateModified\":\"2025-07-19T12:23:44+00:00\",\"breadcrumb\":{\"@id\":\"https:\/\/ats.com.vn\/vi\/lien-he\/#breadcrumb\"},\"inLanguage\":\"vi\",\"potentialAction\":[{\"@type\":\"ReadAction\",\"target\":[\"https:\/\/ats.com.vn\/vi\/lien-he\/\"]}]},{\"@type\":\"BreadcrumbList\",\"@id\":\"https:\/\/ats.com.vn\/vi\/lien-he\/#breadcrumb\",\"itemListElement\":[{\"@type\":\"ListItem\",\"position\":1,\"name\":\"Home\",\"item\":\"https:\/\/ats.com.vn\/vi\/\"},{\"@type\":\"ListItem\",\"position\":2,\"name\":\"Lien He\"}]},{\"@type\":\"WebSite\",\"@id\":\"https:\/\/ats.com.vn\/#website\",\"url\":\"https:\/\/ats.com.vn\/\",\"name\":\"ATS\",\"description\":\"Applied Technical Systems Joint Stock Company\",\"publisher\":{\"@id\":\"https:\/\/ats.com.vn\/#organization\"},\"potentialAction\":[{\"@type\":\"SearchAction\",\"target\":{\"@type\":\"EntryPoint\",\"urlTemplate\":\"https:\/\/ats.com.vn\/?s={search_term_string}\"},\"query-input\":{\"@type\":\"PropertyValueSpecification\",\"valueRequired\":true,\"valueName\":\"search_term_string\"}}],\"inLanguage\":\"vi\"},{\"@type\":\"Organization\",\"@id\":\"https:\/\/ats.com.vn\/#organization\",\"name\":\"Applied Technical Systems Join Stock Company\",\"url\":\"https:\/\/ats.com.vn\/\",\"logo\":{\"@type\":\"ImageObject\",\"inLanguage\":\"vi\",\"@id\":\"https:\/\/ats.com.vn\/#\/schema\/logo\/image\/\",\"url\":\"https:\/\/ats.com.vn\/medias\/2018\/06\/lgo1.jpg\",\"contentUrl\":\"https:\/\/ats.com.vn\/medias\/2018\/06\/lgo1.jpg\",\"width\":981,\"height\":488,\"caption\":\"Applied Technical Systems Join Stock Company\"},\"image\":{\"@id\":\"https:\/\/ats.com.vn\/#\/schema\/logo\/image\/\"},\"sameAs\":[\"https:\/\/www.linkedin.com\/company\/ats-jsc\",\"https:\/\/www.youtube.com\/user\/ATSMedia\"]}]}<\/script>\n<!-- \/ Yoast SEO plugin. -->","yoast_head_json":{"title":"Lien He - ATS JSC","robots":{"index":"index","follow":"follow","max-snippet":"max-snippet:-1","max-image-preview":"max-image-preview:large","max-video-preview":"max-video-preview:-1"},"canonical":"https:\/\/ats.com.vn\/vi\/lien-he\/","og_locale":"vi_VN","og_type":"article","og_title":"Lien He - ATS JSC","og_description":"[vc_section][vc_row][vc_column css=&#8221;.vc_custom_1563639677467{margin-bottom: -50px !important;}&#8221;][rev_slider_vc alias=&#8221;contact&#8221;][\/vc_column][\/vc_row][\/vc_section][vc_row full_width=&#8221;stretch_row&#8221; equal_height=&#8221;yes&#8221; css_animation=&#8221;none&#8221; css=&#8221;.vc_custom_1561370420055{margin-top: 0px !important;margin-bottom: 0px !important;padding-top: 50px !important;padding-bottom: 100px !important;background-color: #ffffff !important;}&#8221; el_class=&#8221;sidebar&#8221;][vc_column width=&#8221;2\/3&#8243; css=&#8221;.vc_custom_1563639808802{margin-top: 0px !important;margin-bottom: 0px !important;padding-top: 60px !important;padding-right: 46px !important;padding-bottom: 70px !important;padding-left: 46px !important;background-color: #ffffff !important;}&#8221; el_class=&#8221;contact-one-box&#8221;][vc_custom_heading text=&#8221;Form Th\u00f4ng Tin&#8221; font_container=&#8221;tag:h3|font_size:35px|text_align:center|color:%23005aaa|line_height:40px&#8221; use_theme_fonts=&#8221;yes&#8221; css_animation=&#8221;none&#8221; css=&#8221;.vc_custom_1563545256700{margin-top: 0px !important;margin-bottom: 15px !important;}&#8221; el_class=&#8221;font-weight-bold&#8221;][vc_column_text css_animation=&#8221;none&#8221; css=&#8221;.vc_custom_1563593905568{margin-top: 0px !important;margin-bottom: 30px !important;}&#8221;] [&hellip;]","og_url":"https:\/\/ats.com.vn\/vi\/lien-he\/","og_site_name":"ATS JSC","article_modified_time":"2025-07-19T12:23:44+00:00","twitter_card":"summary_large_image","twitter_misc":{"Est. reading time":"2 minutes"},"schema":{"@context":"https:\/\/schema.org","@graph":[{"@type":"WebPage","@id":"https:\/\/ats.com.vn\/vi\/lien-he\/","url":"https:\/\/ats.com.vn\/vi\/lien-he\/","name":"Lien He - ATS JSC","isPartOf":{"@id":"https:\/\/ats.com.vn\/#website"},"datePublished":"2018-03-15T08:29:50+00:00","dateModified":"2025-07-19T12:23:44+00:00","breadcrumb":{"@id":"https:\/\/ats.com.vn\/vi\/lien-he\/#breadcrumb"},"inLanguage":"vi","potentialAction":[{"@type":"ReadAction","target":["https:\/\/ats.com.vn\/vi\/lien-he\/"]}]},{"@type":"BreadcrumbList","@id":"https:\/\/ats.com.vn\/vi\/lien-he\/#breadcrumb","itemListElement":[{"@type":"ListItem","position":1,"name":"Home","item":"https:\/\/ats.com.vn\/vi\/"},{"@type":"ListItem","position":2,"name":"Lien He"}]},{"@type":"WebSite","@id":"https:\/\/ats.com.vn\/#website","url":"https:\/\/ats.com.vn\/","name":"ATS","description":"Applied Technical Systems Joint Stock Company","publisher":{"@id":"https:\/\/ats.com.vn\/#organization"},"potentialAction":[{"@type":"SearchAction","target":{"@type":"EntryPoint","urlTemplate":"https:\/\/ats.com.vn\/?s={search_term_string}"},"query-input":{"@type":"PropertyValueSpecification","valueRequired":true,"valueName":"search_term_string"}}],"inLanguage":"vi"},{"@type":"Organization","@id":"https:\/\/ats.com.vn\/#organization","name":"Applied Technical Systems Join Stock Company","url":"https:\/\/ats.com.vn\/","logo":{"@type":"ImageObject","inLanguage":"vi","@id":"https:\/\/ats.com.vn\/#\/schema\/logo\/image\/","url":"https:\/\/ats.com.vn\/medias\/2018\/06\/lgo1.jpg","contentUrl":"https:\/\/ats.com.vn\/medias\/2018\/06\/lgo1.jpg","width":981,"height":488,"caption":"Applied Technical Systems Join Stock Company"},"image":{"@id":"https:\/\/ats.com.vn\/#\/schema\/logo\/image\/"},"sameAs":["https:\/\/www.linkedin.com\/company\/ats-jsc","https:\/\/www.youtube.com\/user\/ATSMedia"]}]}},"_links":{"self":[{"href":"https:\/\/ats.com.vn\/vi\/wp-json\/wp\/v2\/pages\/4099","targetHints":{"allow":["GET"]}}],"collection":[{"href":"https:\/\/ats.com.vn\/vi\/wp-json\/wp\/v2\/pages"}],"about":[{"href":"https:\/\/ats.com.vn\/vi\/wp-json\/wp\/v2\/types\/page"}],"author":[{"embeddable":true,"href":"https:\/\/ats.com.vn\/vi\/wp-json\/wp\/v2\/users\/2"}],"replies":[{"embeddable":true,"href":"https:\/\/ats.com.vn\/vi\/wp-json\/wp\/v2\/comments?post=4099"}],"version-history":[{"count":29,"href":"https:\/\/ats.com.vn\/vi\/wp-json\/wp\/v2\/pages\/4099\/revisions"}],"predecessor-version":[{"id":10428,"href":"https:\/\/ats.com.vn\/vi\/wp-json\/wp\/v2\/pages\/4099\/revisions\/10428"}],"wp:attachment":[{"href":"https:\/\/ats.com.vn\/vi\/wp-json\/wp\/v2\/media?parent=4099"}],"curies":[{"name":"wp","href":"https:\/\/api.w.org\/{rel}","templated":true}]}}