{"id":4098,"date":"2019-06-12T02:37:23","date_gmt":"2019-06-12T02:37:23","guid":{"rendered":"https:\/\/ats.com.vn\/career\/?lang=vi"},"modified":"2021-11-30T09:33:07","modified_gmt":"2021-11-30T02:33:07","slug":"tuyen-dung","status":"publish","type":"page","link":"https:\/\/ats.com.vn\/vi\/tuyen-dung\/","title":{"rendered":"Tuyen Dung"},"content":{"rendered":"<p>[vc_section css=&#8221;.vc_custom_1563271577144{margin-bottom: -50px !important;}&#8221;][vc_row css=&#8221;.vc_custom_1562917251228{margin-bottom: 0px !important;padding-bottom: 0px !important;}&#8221;][vc_column css=&#8221;.vc_custom_1563870960449{margin-bottom: 0px !important;}&#8221;][rev_slider_vc alias=&#8221;careerx-vi&#8221;][\/vc_column][\/vc_row][\/vc_section][vc_section full_width=&#8221;stretch_row&#8221; css=&#8221;.vc_custom_1574416156034{margin-top: -50px !important;padding-top: 0px !important;}&#8221;][vc_row full_width=&#8221;stretch_row&#8221; css=&#8221;.vc_custom_1574416187378{padding-top: 10px !important;padding-bottom: 50px !important;}&#8221;][vc_column width=&#8221;1\/4&#8243;][vc_custom_heading text=&#8221;M\u1ee5c ti\u00eau c\u1ee7a ch\u00fang t\u00f4i&#8221; font_container=&#8221;tag:h2|font_size:32px|text_align:right|color:%23005aaa|line_height:35px&#8221; use_theme_fonts=&#8221;yes&#8221; css=&#8221;.vc_custom_1563642844715{padding-top: 5px !important;padding-right: 10px !important;padding-bottom: 10px !important;}&#8221; el_class=&#8221;career-line&#8221;][\/vc_column][vc_column width=&#8221;3\/4&#8243;][vc_custom_heading text=&#8221;ATS \u0111\u01b0\u1ee3c th\u00e0nh l\u1eadp v\u1edbi m\u1ee5c ti\u00eau t\u1ea1o ra m\u1ed9t s\u00e2n ch\u01a1i th\u1ec3 hi\u1ec7n cho nh\u1eefng k\u1ef9 s\u01b0 Vi\u1ec7t Nam t\u00e0i n\u0103ng. T\u1eeb ni\u1ec1m \u0111am m\u00ea v\u00e0 ni\u1ec1m tin c\u01a1 b\u1ea3n c\u1ee7a nh\u00f3m l\u00e3nh \u0111\u1ea1o, \u0111\u1ed9i ng\u0169 nh\u00e2n s\u1ef1 c\u1ee7a c\u00f4ng ty \u0111\u00e3 \u0111\u01b0\u1ee3c h\u00ecnh th\u00e0nh, th\u00fac \u0111\u1ea9y b\u1edfi kh\u1ea3 n\u0103ng s\u00e1ng t\u1ea1o, mong mu\u1ed1n t\u00ecm ra \u0111\u00e1p \u00e1n cho c\u00e1c th\u1eed th\u00e1ch k\u1ef9 thu\u1eadt c\u0169ng nh\u01b0 m\u1ee5c ti\u00eau \u0111\u00f3ng g\u00f3p v\u00e0o vi\u1ec7c n\u00e2ng cao ch\u1ea5t l\u01b0\u1ee3ng ho\u1ea1t \u0111\u1ed9ng c\u1ee7a h\u1ec7 th\u1ed1ng \u0111i\u1ec7n.&#8221; font_container=&#8221;tag:p|font_size:15px|text_align:left|color:%234a4a4a|line_height:28px&#8221; use_theme_fonts=&#8221;yes&#8221; css=&#8221;.vc_custom_1563789645496{margin-top: 0px !important;margin-bottom: 0px !important;padding-top: 0px !important;padding-left: 10px !important;}&#8221;][\/vc_column][\/vc_row][\/vc_section][vc_section full_width=&#8221;stretch_row&#8221; css=&#8221;.vc_custom_1563544590351{padding-top: 30px !important;padding-bottom: 30px !important;}&#8221;][vc_row][vc_column][vc_custom_heading text=&#8221;V\u00cc SAO ATS?&#8221; font_container=&#8221;tag:h2|font_size:30px|text_align:center|color:%23005aaa|line_height:35px&#8221; use_theme_fonts=&#8221;yes&#8221; css=&#8221;.vc_custom_1563544573899{padding-top: 10px !important;padding-bottom: 20px !important;}&#8221;][vc_single_image image=&#8221;4600&#8243; img_size=&#8221;200&#215;100&#8243; alignment=&#8221;center&#8221; css=&#8221;.vc_custom_1563349107528{margin-bottom: -20px !important;}&#8221;][\/vc_column][\/vc_row][vc_row css=&#8221;.vc_custom_1563349050054{margin-top: -30px !important;}&#8221;][vc_column width=&#8221;1\/4&#8243;]\r<!-- fancy-text-box -->\r<div class=\"rt-fancy-text-box element-three  \" ><div class=\"holder matchHeight \"><div class=\"icon\"><img loading=\"lazy\" decoding=\"async\" width=\"60\" height=\"62\" src=\"https:\/\/ats.com.vn\/medias\/2019\/06\/settings-gear.png\" class=\"attachment-full size-full\" alt=\"\" \/><\/div><div class=\"heading\"><p class=\"title\">PH\u00c1T TRI\u1ec2N<\/p><\/div><div class=\"content\"><p>ATS lu\u00f4n t\u1eadp trung th\u00fac \u0111\u1ea9y s\u1ef1 ph\u00e1t tri\u1ec3n kh\u00f4ng ng\u1eebng c\u1ee7a \u0111\u1ed9i ng\u0169 nh\u00e2n vi\u00ean. M\u1ed7i th\u00e0nh vi\u00ean \u0111\u01b0\u1ee3c nh\u1eadn s\u1ef1 h\u1ed7 tr\u1ee3 t\u1eeb c\u00e1c k\u1ef9 s\u01b0 d\u00e0y d\u1eb7n kinh nghi\u1ec7m lu\u00f4n s\u1eb5n s\u00e0ng chia s\u1ebb v\u00e0 ph\u1ed1i h\u1ee3p ch\u1eb7t ch\u1ebd c\u00f9ng \u0111\u1ed3ng nghi\u1ec7p trong c\u00e1c ho\u1ea1t \u0111\u1ed9ng th\u1ef1c hi\u1ec7n d\u1ef1 \u00e1n v\u00e0 nghi\u00ean c\u1ee9u ph\u00e1t tri\u1ec3n.<\/p><\/div><\/div><\/div>\r<!-- fancy-text-box -->\r[\/vc_column][vc_column width=&#8221;1\/4&#8243; el_id=&#8221;border&#8221;]\r<!-- fancy-text-box -->\r<div class=\"rt-fancy-text-box element-three  \" ><div class=\"holder matchHeight \"><div class=\"icon\"><img loading=\"lazy\" decoding=\"async\" width=\"43\" height=\"63\" src=\"https:\/\/ats.com.vn\/medias\/2019\/06\/double-tap.png\" class=\"attachment-full size-full\" alt=\"\" \/><\/div><div class=\"heading\"><p class=\"title\">C\u01a0 H\u1ed8I<\/p><\/div><div class=\"content\"><p>T\u1ea1i ATS, b\u1ea1n s\u1ebd \u0111\u01b0\u1ee3c ti\u1ebfp c\u1eadn c\u00e1c c\u00f4ng ngh\u1ec7 m\u1edbi nh\u1ea5t v\u00e0 c\u00e1c c\u01a1 h\u1ed9i s\u00e1ng t\u1ea1o ph\u00e1t tri\u1ec3n, \u0111\u01b0\u1ee3c l\u00e0m vi\u1ec7c v\u1edbi c\u00e1c chuy\u00ean gia k\u1ef3 c\u1ef1u \u0111\u1ea7u ng\u00e0nh, v\u00e0 \u0111\u01b0\u1ee3c ph\u00e1t huy m\u1ecdi kh\u1ea3 n\u0103ng c\u1ee7a b\u1ea3n th\u00e2n trong c\u00e1c d\u1ef1 \u00e1n qu\u1ed1c t\u1ebf. V\u1edbi ch\u00fang t\u00f4i kh\u00f4ng c\u00f3 s\u1ef1 gi\u1edbi h\u1ea1n.<\/p><\/div><\/div><\/div>\r<!-- fancy-text-box -->\r[\/vc_column][vc_column width=&#8221;1\/4&#8243;]\r<!-- fancy-text-box -->\r<div class=\"rt-fancy-text-box element-three  \" ><div class=\"holder matchHeight \"><div class=\"icon\"><img loading=\"lazy\" decoding=\"async\" width=\"52\" height=\"62\" src=\"https:\/\/ats.com.vn\/medias\/2019\/06\/privacy.png\" class=\"attachment-full size-full\" alt=\"\" \/><\/div><div class=\"heading\"><p class=\"title\">\u1ea2NH H\u01af\u1edeNG<\/p><\/div><div class=\"content\"><p>S\u1ea3n ph\u1ea9m c\u1ee7a ch\u00fang t\u00f4i g\u00f3p ph\u1ea7n t\u1ea1o ra h\u1ec7 th\u1ed1ng c\u01a1 s\u1edf h\u1ea1 t\u1ea7ng an to\u00e0n cho s\u1ef1 ph\u00e1t tri\u1ec3n c\u1ee7a x\u00e3 h\u1ed9i. L\u00e0m vi\u1ec7c c\u00f9ng ch\u00fang t\u00f4i, c\u00f4ng vi\u1ec7c c\u1ee7a b\u1ea1n s\u1ebd mang l\u1ea1i gi\u00e1 tr\u1ecb x\u00e3 h\u1ed9i, gi\u00fap n\u00e2ng cao ch\u1ea5t l\u01b0\u1ee3ng cu\u1ed9c s\u1ed1ng c\u1ee7a nh\u1eefng ng\u01b0\u1eddi xung quanh b\u1ea1n.<\/p><\/div><\/div><\/div>\r<!-- fancy-text-box -->\r[\/vc_column][vc_column width=&#8221;1\/4&#8243;]\r<!-- fancy-text-box -->\r<div class=\"rt-fancy-text-box element-three  vc_col-has-fill\" ><div class=\"holder matchHeight \"><div class=\"icon\"><img loading=\"lazy\" decoding=\"async\" width=\"59\" height=\"62\" src=\"https:\/\/ats.com.vn\/medias\/2019\/06\/artificial-brain.png\" class=\"attachment-full size-full\" alt=\"\" \/><\/div><div class=\"heading\"><p class=\"title\">L\u1ee2I \u00cdCH<\/p><\/div><div class=\"content\"><p>Ch\u00fang t\u00f4i cung c\u1ea5p m\u1ed9t h\u1ec7 th\u1ed1ng quy\u1ec1n l\u1ee3i h\u1ea5p d\u1eabn, bao g\u1ed3m \u0111\u00e3i ng\u1ed9 x\u1ee9ng \u0111\u00e1ng v\u00e0 b\u1ea3o hi\u1ec3m y t\u1ebf. L\u00e0 m\u1ed9t th\u00e0nh vi\u00ean, b\u1ea1n s\u1ebd tr\u1edf th\u00e0nh m\u1ed9t nh\u00e2n t\u1ed1 trong c\u1ed9ng \u0111\u1ed3ng t\u00e0i n\u0103ng t\u1ef1 h\u00e0o \u0111\u01b0\u1ee3c d\u00f9ng b\u00e0n tay v\u00e0 kh\u1ed1i \u00f3c c\u1ee7a m\u00ecnh \u0111\u1ec3 t\u1ea1o ra nh\u1eefng s\u1ea3n ph\u1ea9m c\u00f4ng ngh\u1ec7 cao, kh\u1eb3ng \u0111\u1ecbnh \u0111\u01b0\u1ee3c s\u1ee9c m\u1ea1nh tr\u00ed tu\u1ec7 c\u1ee7a ng\u01b0\u1eddi Vi\u1ec7t Nam.<\/p><\/div><\/div><\/div>\r<!-- fancy-text-box -->\r[\/vc_column][\/vc_row][\/vc_section][vc_section full_width=&#8221;stretch_row&#8221; css=&#8221;.vc_custom_1563642270152{padding-top: 30px !important;padding-bottom: 30px !important;background-color: #f5f5f5 !important;}&#8221;][vc_row full_width=&#8221;stretch_row&#8221;][vc_column css=&#8221;.vc_custom_1560312751585{padding-bottom: 20px !important;}&#8221;][vc_custom_heading text=&#8221;V\u1eca TR\u00cd TUY\u1ec2N D\u1ee4NG&#8221; font_container=&#8221;tag:h2|font_size:30px|text_align:center|color:%23005aaa|line_height:35px&#8221; use_theme_fonts=&#8221;yes&#8221; css=&#8221;.vc_custom_1563642336332{padding-top: 0px !important;padding-bottom: 20px !important;}&#8221;][vc_single_image image=&#8221;4600&#8243; img_size=&#8221;200&#215;100&#8243; alignment=&#8221;center&#8221; css=&#8221;.vc_custom_1563422620694{margin-bottom: -20px !important;}&#8221;][\/vc_column][\/vc_row][vc_row css=&#8221;.vc_custom_1563422754286{border-bottom-width: 1px !important;padding-bottom: 5px !important;border-bottom-color: #d2d2d2 !important;border-bottom-style: solid !important;}&#8221;][vc_column]<!-- blog -->\r<div class=\"blog element-three \"  data-row-items=\"2\"><article class=\"blog-item \" ><div class=\"holder matchHeight\"><div class=\"row\"><div class=\"col-lg-6 col-md-6 col-sm-12 col-xs-12\"><div class=\"pic\" style=\"background-image:url(https:\/\/ats.com.vn\/medias\/medias\/2023\/08\/B1_rev.jpg);\"><img loading=\"lazy\" decoding=\"async\" width=\"640\" height=\"427\" src=\"https:\/\/ats.com.vn\/medias\/medias\/2023\/08\/B1_rev.jpg\" class=\"hidden-lg hidden-md hidden-sm visible-xs wp-post-image\" alt=\"\" \/><\/div><\/div><div class=\"col-lg-6 col-md-6 col-sm-12 col-xs-12\"><div class=\"data\"><div class=\"date\"><\/div><h3><a href=\"https:\/\/ats.com.vn\/vi\/tuyen-dung-ky-su-phat-trien-phan-mem-3\/\">[Tuy\u1ec3n d\u1ee5ng] K\u1ef9 s\u01b0 ph\u00e1t tri\u1ec3n ph\u1ea7n m\u1ec1m<\/a><\/h3><p>[vc_section css=&#8221;.vc_custom_1563683474394{margin-top: -20px !important;}&#8221;][vc_row css=&#8221;.vc_custom_1563683417497{background-color: #f5f5f5 !important;}&#8221;][vc_column css=&#8221;.vc_custom_1563683048950{padding-top: 20px !important;padding-bottom: 0px !important;}&#8221;][vc_column_text...<\/p><div class=\"date\"><div class=\"date2\"><p><a href=\"https:\/\/ats.com.vn\/vi\/author\/anhdtl\/\"><strong>AnhDTL<\/strong><\/a> <\/p><\/div><div class=\"date1\"><p>13 March, 2026<\/p><\/div><\/div><\/div><\/div><\/div><\/div><\/article><\/div>\r<!-- blog -->\r[\/vc_column][\/vc_row][\/vc_section][vc_section full_width=&#8221;stretch_row&#8221; css=&#8221;.vc_custom_1563642802960{padding-top: 20px !important;padding-bottom: 0px !important;background-image: url(https:\/\/ats.com.vn\/wp-content\/uploads\/2019\/06\/pg-09@2x-1-2.png?id=3597) !important;}&#8221;][vc_row full_width=&#8221;stretch_row&#8221;][vc_column width=&#8221;1\/2&#8243; css=&#8221;.vc_custom_1563642537659{padding-top: 10px !important;}&#8221;][vc_custom_heading text=&#8221;H\u00c3Y B\u1eaeT \u0110\u1ea6U NGAY H\u00d4M NAY!&#8221; font_container=&#8221;tag:h3|font_size:30px|text_align:left|color:%23ffffff|line_height:28px&#8221; use_theme_fonts=&#8221;yes&#8221; css=&#8221;.vc_custom_1563642576518{padding-top: 10px !important;padding-bottom: 20px !important;}&#8221;][vc_column_text]<\/p>\n<p style=\"color: #fff !important;\">N\u1ebfu b\u1ea1n c\u0169ng \u0111am m\u00ea th\u1eed th\u00e1ch c\u00f4ng ngh\u1ec7 v\u00e0 mong mu\u1ed1n \u0111\u01b0\u1ee3c t\u1ea1o ra gi\u00e1 tr\u1ecb x\u00e3 h\u1ed9i nh\u01b0 ch\u00fang t\u00f4i, b\u1ea1n \u0111\u00e3 ho\u00e0n th\u00e0nh b\u01b0\u1edbc \u0111\u1ea7u ti\u00ean trong vi\u1ec7c tham gia \u0110\u1ed9i ng\u0169 ATS.<\/p>\n<p>&nbsp;<\/p>\n<p style=\"color: #fff !important;\">N\u1ebfu kh\u00f4ng c\u00f3 v\u1ecb tr\u00ed n\u00e0o ph\u00f9 h\u1ee3p v\u1edbi b\u1ea1n trong danh s\u00e1ch tuy\u1ec3n d\u1ee5ng d\u01b0\u1edbi \u0111\u00e2y,\u00a0nh\u01b0ng n\u1ebfu b\u1ea1n t\u1ef1 th\u1ea5y b\u1ea3n th\u00e2n th\u00edch h\u1ee3p v\u1edbi vai tr\u00f2 th\u00e0nh vi\u00ean trong nh\u00f3m k\u1ef9 s\u01b0 t\u00e0i n\u0103ng v\u00e0 s\u00e1ng t\u1ea1o c\u1ee7a ATS, h\u00e3y li\u00ean h\u1ec7 v\u1edbi ch\u00fang t\u00f4i.<\/p>\n<p>[\/vc_column_text][\/vc_column][vc_column width=&#8221;1\/3&#8243; css=&#8221;.vc_custom_1563642607715{padding-bottom: 30px !important;}&#8221;]\r<!-- radiantthemes-button -->\r<div class=\"radiantthemes-button hover-style-one  \"  data-button-direction=\"left\" data-button-fullwidth=\"false\" ><a style=\"\" class=\"radiantthemes-button-main\" href=\"\/vi\/lien-he\/\"  title=\"\" target=\"_self\"><div class=\"placeholder\">Li\u00ean H\u1ec7 v\u1edbi Ch\u00fang t\u00f4i<\/div><\/a><\/div>\r<!-- radiantthemes-button -->\r[\/vc_column][\/vc_row][\/vc_section]<\/p>\n","protected":false},"excerpt":{"rendered":"<p>[vc_section css=&#8221;.vc_custom_1563271577144{margin-bottom: -50px !important;}&#8221;][vc_row css=&#8221;.vc_custom_1562917251228{margin-bottom: 0px !important;padding-bottom: 0px !important;}&#8221;][vc_column css=&#8221;.vc_custom_1563870960449{margin-bottom: 0px !important;}&#8221;][rev_slider_vc alias=&#8221;careerx-vi&#8221;][\/vc_column][\/vc_row][\/vc_section][vc_section full_width=&#8221;stretch_row&#8221; css=&#8221;.vc_custom_1574416156034{margin-top: -50px !important;padding-top: 0px !important;}&#8221;][vc_row full_width=&#8221;stretch_row&#8221; css=&#8221;.vc_custom_1574416187378{padding-top: 10px !important;padding-bottom: 50px !important;}&#8221;][vc_column width=&#8221;1\/4&#8243;][vc_custom_heading text=&#8221;M\u1ee5c ti\u00eau c\u1ee7a ch\u00fang t\u00f4i&#8221; font_container=&#8221;tag:h2|font_size:32px|text_align:right|color:%23005aaa|line_height:35px&#8221; use_theme_fonts=&#8221;yes&#8221; css=&#8221;.vc_custom_1563642844715{padding-top: 5px !important;padding-right: 10px !important;padding-bottom: 10px !important;}&#8221; el_class=&#8221;career-line&#8221;][\/vc_column][vc_column width=&#8221;3\/4&#8243;][vc_custom_heading text=&#8221;ATS \u0111\u01b0\u1ee3c th\u00e0nh l\u1eadp v\u1edbi m\u1ee5c ti\u00eau t\u1ea1o ra m\u1ed9t s\u00e2n ch\u01a1i th\u1ec3 [&hellip;]<\/p>\n","protected":false},"author":2,"featured_media":0,"parent":0,"menu_order":0,"comment_status":"closed","ping_status":"closed","template":"","meta":{"footnotes":"","_links_to":"","_links_to_target":""},"class_list":["post-4098","page","type-page","status-publish","hentry"],"yoast_head":"<!-- This site is optimized with the Yoast SEO plugin v27.4 - https:\/\/yoast.com\/product\/yoast-seo-wordpress\/ -->\n<title>Tuyen Dung - ATS JSC<\/title>\n<meta name=\"robots\" content=\"index, follow, max-snippet:-1, max-image-preview:large, max-video-preview:-1\" \/>\n<link rel=\"canonical\" href=\"https:\/\/ats.com.vn\/vi\/tuyen-dung\/\" \/>\n<meta property=\"og:locale\" content=\"vi_VN\" \/>\n<meta property=\"og:type\" content=\"article\" \/>\n<meta property=\"og:title\" content=\"Tuyen Dung - ATS JSC\" \/>\n<meta property=\"og:description\" content=\"[vc_section css=&#8221;.vc_custom_1563271577144{margin-bottom: -50px !important;}&#8221;][vc_row css=&#8221;.vc_custom_1562917251228{margin-bottom: 0px !important;padding-bottom: 0px !important;}&#8221;][vc_column css=&#8221;.vc_custom_1563870960449{margin-bottom: 0px !important;}&#8221;][rev_slider_vc alias=&#8221;careerx-vi&#8221;][\/vc_column][\/vc_row][\/vc_section][vc_section full_width=&#8221;stretch_row&#8221; css=&#8221;.vc_custom_1574416156034{margin-top: -50px !important;padding-top: 0px !important;}&#8221;][vc_row full_width=&#8221;stretch_row&#8221; css=&#8221;.vc_custom_1574416187378{padding-top: 10px !important;padding-bottom: 50px !important;}&#8221;][vc_column width=&#8221;1\/4&#8243;][vc_custom_heading text=&#8221;M\u1ee5c ti\u00eau c\u1ee7a ch\u00fang t\u00f4i&#8221; font_container=&#8221;tag:h2|font_size:32px|text_align:right|color:%23005aaa|line_height:35px&#8221; use_theme_fonts=&#8221;yes&#8221; css=&#8221;.vc_custom_1563642844715{padding-top: 5px !important;padding-right: 10px !important;padding-bottom: 10px !important;}&#8221; el_class=&#8221;career-line&#8221;][\/vc_column][vc_column width=&#8221;3\/4&#8243;][vc_custom_heading text=&#8221;ATS \u0111\u01b0\u1ee3c th\u00e0nh l\u1eadp v\u1edbi m\u1ee5c ti\u00eau t\u1ea1o ra m\u1ed9t s\u00e2n ch\u01a1i th\u1ec3 [&hellip;]\" \/>\n<meta property=\"og:url\" content=\"https:\/\/ats.com.vn\/vi\/tuyen-dung\/\" \/>\n<meta property=\"og:site_name\" content=\"ATS JSC\" \/>\n<meta property=\"article:modified_time\" content=\"2021-11-30T02:33:07+00:00\" \/>\n<meta name=\"twitter:card\" content=\"summary_large_image\" \/>\n<meta name=\"twitter:label1\" content=\"Est. reading time\" \/>\n\t<meta name=\"twitter:data1\" content=\"3 minutes\" \/>\n<script type=\"application\/ld+json\" class=\"yoast-schema-graph\">{\"@context\":\"https:\\\/\\\/schema.org\",\"@graph\":[{\"@type\":\"WebPage\",\"@id\":\"https:\\\/\\\/ats.com.vn\\\/vi\\\/tuyen-dung\\\/\",\"url\":\"https:\\\/\\\/ats.com.vn\\\/vi\\\/tuyen-dung\\\/\",\"name\":\"Tuyen Dung - ATS JSC\",\"isPartOf\":{\"@id\":\"https:\\\/\\\/ats.com.vn\\\/#website\"},\"datePublished\":\"2019-06-12T02:37:23+00:00\",\"dateModified\":\"2021-11-30T02:33:07+00:00\",\"breadcrumb\":{\"@id\":\"https:\\\/\\\/ats.com.vn\\\/vi\\\/tuyen-dung\\\/#breadcrumb\"},\"inLanguage\":\"vi\",\"potentialAction\":[{\"@type\":\"ReadAction\",\"target\":[\"https:\\\/\\\/ats.com.vn\\\/vi\\\/tuyen-dung\\\/\"]}]},{\"@type\":\"BreadcrumbList\",\"@id\":\"https:\\\/\\\/ats.com.vn\\\/vi\\\/tuyen-dung\\\/#breadcrumb\",\"itemListElement\":[{\"@type\":\"ListItem\",\"position\":1,\"name\":\"Home\",\"item\":\"https:\\\/\\\/ats.com.vn\\\/vi\\\/\"},{\"@type\":\"ListItem\",\"position\":2,\"name\":\"Tuyen Dung\"}]},{\"@type\":\"WebSite\",\"@id\":\"https:\\\/\\\/ats.com.vn\\\/#website\",\"url\":\"https:\\\/\\\/ats.com.vn\\\/\",\"name\":\"ATS\",\"description\":\"Applied Technical Systems Joint Stock Company\",\"publisher\":{\"@id\":\"https:\\\/\\\/ats.com.vn\\\/#organization\"},\"potentialAction\":[{\"@type\":\"SearchAction\",\"target\":{\"@type\":\"EntryPoint\",\"urlTemplate\":\"https:\\\/\\\/ats.com.vn\\\/?s={search_term_string}\"},\"query-input\":{\"@type\":\"PropertyValueSpecification\",\"valueRequired\":true,\"valueName\":\"search_term_string\"}}],\"inLanguage\":\"vi\"},{\"@type\":\"Organization\",\"@id\":\"https:\\\/\\\/ats.com.vn\\\/#organization\",\"name\":\"Applied Technical Systems Join Stock Company\",\"url\":\"https:\\\/\\\/ats.com.vn\\\/\",\"logo\":{\"@type\":\"ImageObject\",\"inLanguage\":\"vi\",\"@id\":\"https:\\\/\\\/ats.com.vn\\\/#\\\/schema\\\/logo\\\/image\\\/\",\"url\":\"https:\\\/\\\/ats.com.vn\\\/medias\\\/2018\\\/06\\\/lgo1.jpg\",\"contentUrl\":\"https:\\\/\\\/ats.com.vn\\\/medias\\\/2018\\\/06\\\/lgo1.jpg\",\"width\":981,\"height\":488,\"caption\":\"Applied Technical Systems Join Stock Company\"},\"image\":{\"@id\":\"https:\\\/\\\/ats.com.vn\\\/#\\\/schema\\\/logo\\\/image\\\/\"},\"sameAs\":[\"https:\\\/\\\/www.linkedin.com\\\/company\\\/ats-jsc\",\"https:\\\/\\\/www.youtube.com\\\/user\\\/ATSMedia\"]}]}<\/script>\n<!-- \/ Yoast SEO plugin. -->","yoast_head_json":{"title":"Tuyen Dung - ATS JSC","robots":{"index":"index","follow":"follow","max-snippet":"max-snippet:-1","max-image-preview":"max-image-preview:large","max-video-preview":"max-video-preview:-1"},"canonical":"https:\/\/ats.com.vn\/vi\/tuyen-dung\/","og_locale":"vi_VN","og_type":"article","og_title":"Tuyen Dung - ATS JSC","og_description":"[vc_section css=&#8221;.vc_custom_1563271577144{margin-bottom: -50px !important;}&#8221;][vc_row css=&#8221;.vc_custom_1562917251228{margin-bottom: 0px !important;padding-bottom: 0px !important;}&#8221;][vc_column css=&#8221;.vc_custom_1563870960449{margin-bottom: 0px !important;}&#8221;][rev_slider_vc alias=&#8221;careerx-vi&#8221;][\/vc_column][\/vc_row][\/vc_section][vc_section full_width=&#8221;stretch_row&#8221; css=&#8221;.vc_custom_1574416156034{margin-top: -50px !important;padding-top: 0px !important;}&#8221;][vc_row full_width=&#8221;stretch_row&#8221; css=&#8221;.vc_custom_1574416187378{padding-top: 10px !important;padding-bottom: 50px !important;}&#8221;][vc_column width=&#8221;1\/4&#8243;][vc_custom_heading text=&#8221;M\u1ee5c ti\u00eau c\u1ee7a ch\u00fang t\u00f4i&#8221; font_container=&#8221;tag:h2|font_size:32px|text_align:right|color:%23005aaa|line_height:35px&#8221; use_theme_fonts=&#8221;yes&#8221; css=&#8221;.vc_custom_1563642844715{padding-top: 5px !important;padding-right: 10px !important;padding-bottom: 10px !important;}&#8221; el_class=&#8221;career-line&#8221;][\/vc_column][vc_column width=&#8221;3\/4&#8243;][vc_custom_heading text=&#8221;ATS \u0111\u01b0\u1ee3c th\u00e0nh l\u1eadp v\u1edbi m\u1ee5c ti\u00eau t\u1ea1o ra m\u1ed9t s\u00e2n ch\u01a1i th\u1ec3 [&hellip;]","og_url":"https:\/\/ats.com.vn\/vi\/tuyen-dung\/","og_site_name":"ATS JSC","article_modified_time":"2021-11-30T02:33:07+00:00","twitter_card":"summary_large_image","twitter_misc":{"Est. reading time":"3 minutes"},"schema":{"@context":"https:\/\/schema.org","@graph":[{"@type":"WebPage","@id":"https:\/\/ats.com.vn\/vi\/tuyen-dung\/","url":"https:\/\/ats.com.vn\/vi\/tuyen-dung\/","name":"Tuyen Dung - ATS JSC","isPartOf":{"@id":"https:\/\/ats.com.vn\/#website"},"datePublished":"2019-06-12T02:37:23+00:00","dateModified":"2021-11-30T02:33:07+00:00","breadcrumb":{"@id":"https:\/\/ats.com.vn\/vi\/tuyen-dung\/#breadcrumb"},"inLanguage":"vi","potentialAction":[{"@type":"ReadAction","target":["https:\/\/ats.com.vn\/vi\/tuyen-dung\/"]}]},{"@type":"BreadcrumbList","@id":"https:\/\/ats.com.vn\/vi\/tuyen-dung\/#breadcrumb","itemListElement":[{"@type":"ListItem","position":1,"name":"Home","item":"https:\/\/ats.com.vn\/vi\/"},{"@type":"ListItem","position":2,"name":"Tuyen Dung"}]},{"@type":"WebSite","@id":"https:\/\/ats.com.vn\/#website","url":"https:\/\/ats.com.vn\/","name":"ATS","description":"Applied Technical Systems Joint Stock Company","publisher":{"@id":"https:\/\/ats.com.vn\/#organization"},"potentialAction":[{"@type":"SearchAction","target":{"@type":"EntryPoint","urlTemplate":"https:\/\/ats.com.vn\/?s={search_term_string}"},"query-input":{"@type":"PropertyValueSpecification","valueRequired":true,"valueName":"search_term_string"}}],"inLanguage":"vi"},{"@type":"Organization","@id":"https:\/\/ats.com.vn\/#organization","name":"Applied Technical Systems Join Stock Company","url":"https:\/\/ats.com.vn\/","logo":{"@type":"ImageObject","inLanguage":"vi","@id":"https:\/\/ats.com.vn\/#\/schema\/logo\/image\/","url":"https:\/\/ats.com.vn\/medias\/2018\/06\/lgo1.jpg","contentUrl":"https:\/\/ats.com.vn\/medias\/2018\/06\/lgo1.jpg","width":981,"height":488,"caption":"Applied Technical Systems Join Stock Company"},"image":{"@id":"https:\/\/ats.com.vn\/#\/schema\/logo\/image\/"},"sameAs":["https:\/\/www.linkedin.com\/company\/ats-jsc","https:\/\/www.youtube.com\/user\/ATSMedia"]}]}},"_links":{"self":[{"href":"https:\/\/ats.com.vn\/vi\/wp-json\/wp\/v2\/pages\/4098","targetHints":{"allow":["GET"]}}],"collection":[{"href":"https:\/\/ats.com.vn\/vi\/wp-json\/wp\/v2\/pages"}],"about":[{"href":"https:\/\/ats.com.vn\/vi\/wp-json\/wp\/v2\/types\/page"}],"author":[{"embeddable":true,"href":"https:\/\/ats.com.vn\/vi\/wp-json\/wp\/v2\/users\/2"}],"replies":[{"embeddable":true,"href":"https:\/\/ats.com.vn\/vi\/wp-json\/wp\/v2\/comments?post=4098"}],"version-history":[{"count":48,"href":"https:\/\/ats.com.vn\/vi\/wp-json\/wp\/v2\/pages\/4098\/revisions"}],"predecessor-version":[{"id":9206,"href":"https:\/\/ats.com.vn\/vi\/wp-json\/wp\/v2\/pages\/4098\/revisions\/9206"}],"wp:attachment":[{"href":"https:\/\/ats.com.vn\/vi\/wp-json\/wp\/v2\/media?parent=4098"}],"curies":[{"name":"wp","href":"https:\/\/api.w.org\/{rel}","templated":true}]}}