{"id":4094,"date":"2019-06-07T03:52:03","date_gmt":"2019-06-07T03:52:03","guid":{"rendered":"https:\/\/ats.com.vn\/3g-modem\/?lang=vi"},"modified":"2021-07-02T15:59:19","modified_gmt":"2021-07-02T08:59:19","slug":"smartder","status":"publish","type":"page","link":"https:\/\/ats.com.vn\/vi\/smartder\/","title":{"rendered":"Thi\u1ebft b\u1ecb \u0110i\u1ec1u khi\u1ec3n DER"},"content":{"rendered":"<p>[vc_section][vc_row][vc_column css=&#8221;.vc_custom_1563867282587{margin-bottom: -20px !important;}&#8221;][rev_slider_vc alias=&#8221;smartder-vi&#8221;][\/vc_column][\/vc_row][\/vc_section][vc_section css=&#8221;.vc_custom_1625216340956{padding-top: 20px !important;padding-bottom: 0px !important;}&#8221; el_id=&#8221;hardware&#8221;][vc_row][vc_column width=&#8221;1\/2&#8243; css=&#8221;.vc_custom_1564046730451{margin-left: 10px !important;padding-bottom: 20px !important;}&#8221;][vc_custom_heading text=&#8221;Thi\u1ebft b\u1ecb Gi\u00e1m s\u00e1t \u0110i\u1ec1u khi\u1ec3n<br \/>\nSmartDER&#8221; font_container=&#8221;tag:h2|font_size:30px|text_align:left|color:%23005aaa&#8221; use_theme_fonts=&#8221;yes&#8221; css=&#8221;.vc_custom_1625210396044{margin-top: 0px !important;margin-bottom: 0px !important;padding-top: 0px !important;padding-bottom: 10px !important;}&#8221;][vc_custom_heading text=&#8221;Thi\u1ebft b\u1ecb Gi\u00e1m s\u00e1t &amp; \u0110i\u1ec1u khi\u1ec3n H\u1ec7 th\u1ed1ng N\u0103ng l\u01b0\u1ee3ng Ph\u00e2n t\u00e1n ph\u1ee5c v\u1ee5 y\u00eau c\u1ea7u k\u1ebft n\u1ed1i d\u1eef li\u1ec7u, gi\u00e1m s\u00e1t v\u00e0 \u0111i\u1ec1u khi\u1ec3n h\u1ee3p chu\u1ea9n l\u01b0\u1edbi cho c\u00e1c ngu\u1ed3n n\u0103ng l\u01b0\u1ee3ng ph\u00e2n t\u00e1n, bao g\u1ed3m c\u00e1c nh\u00e0 m\u00e1y \u0111i\u1ec7n M\u1eb7t tr\u1eddi \u00c1p m\u00e1i&#8221; font_container=&#8221;tag:h3|font_size:20px|text_align:left|color:%234a4a4a|line_height:28px&#8221; use_theme_fonts=&#8221;yes&#8221; css=&#8221;.vc_custom_1625212260060{margin-top: 0px !important;margin-bottom: 0px !important;padding-top: 0px !important;padding-bottom: 10px !important;}&#8221;][vc_custom_heading text=&#8221;SmartDER kh\u00f4ng ch\u1ec9 cung c\u1ea5p kh\u1ea3 n\u0103ng k\u1ebft n\u1ed1i c\u00e1c thi\u1ebft b\u1ecb kh\u00e1c nhau t\u1ea1i \u0111i\u1ec3m ph\u00e1t \u0111i\u1ec7n b\u1eb1ng c\u00e1c giao th\u1ee9c ti\u00eau chu\u1ea9n m\u00e0 c\u00f2n ho\u1ea1t \u0111\u1ed9ng nh\u01b0 m\u1ed9t giao di\u1ec7n trao \u0111\u1ed5i d\u1eef li\u1ec7u gi\u1eefa nh\u00e0 m\u00e1y v\u00e0 Trung t\u00e2m \u0111i\u1ec1u \u0111\u1ed9, h\u1ed7 tr\u1ee3 k\u1ebft n\u1ed1i v\u00e0 chia s\u1ebb d\u1eef li\u1ec7u v\u1edbi c\u00e1c trung t\u00e2m \u0111i\u1ec1u \u0111\u1ed9 v\u00e0 v\u0103n ph\u00f2ng qu\u1ea3n l\u00fd c\u1ee7a kh\u00e1ch h\u00e0ng th\u00f4ng qua k\u00eanh k\u1ebft n\u1ed1i an to\u00e0n (Internet\/ 3G\/ 4G VPN). Ch\u1ee9c n\u0103ng \u0110i\u1ec1u khi\u1ec3n Nh\u00e0 m\u00e1y (PPC) \u0111\u01b0\u1ee3c t\u00edch h\u1ee3p c\u00f3 th\u1ec3 th\u1ef1c hi\u1ec7n \u0111i\u1ec1u khi\u1ec3n nh\u00e0 m\u00e1y \u0111i\u1ec7n t\u1ea1i ch\u1ed7 \u0111\u1ed1i v\u1edbi \u0111i\u1ec3m \u0111i\u1ec7n m\u1eb7t tr\u1eddi \u00e1p m\u00e1i n\u00f3i ri\u00eang c\u0169ng nh\u01b0 c\u00e1c ngu\u1ed3n n\u0103ng l\u01b0\u1ee3ng ph\u00e2n t\u00e1n n\u00f3i chung, \u0111\u1ea3m b\u1ea3o hi\u1ec7u qu\u1ea3 v\u1eadn h\u00e0nh cho nh\u00e0 m\u00e1y \u0111i\u1ec7n v\u00e0 t\u00ednh \u1ed5n \u0111\u1ecbnh c\u1ee7a l\u01b0\u1edbi \u0111i\u1ec7n.&#8221; font_container=&#8221;tag:p|font_size:15px|text_align:left|color:%234a4a4a&#8221; use_theme_fonts=&#8221;yes&#8221; css=&#8221;.vc_custom_1625212219036{margin-top: 0px !important;margin-bottom: 0px !important;padding-top: 0px !important;padding-bottom: 10px !important;}&#8221;][vc_custom_heading text=&#8221;SmartDER c\u00f3 th\u1ec3 \u0111\u01b0\u1ee3c tri\u1ec3n khai t\u1ea1i b\u1ea5t k\u1ef3 \u0111i\u1ec3m ph\u00e1t \u0111i\u1ec7n v\u1edbi b\u1ea5t k\u1ef3 quy m\u00f4 c\u00f4ng su\u1ea5t n\u00e0o c\u1ea7n \u0111\u01b0\u1ee3c qu\u1ea3n l\u00fd v\u00e0 \u0111i\u1ec1u khi\u1ec3n t\u1eeb xa t\u1eeb c\u00e1c Trung t\u00e2m \u0111i\u1ec1u \u0111\u1ed9.&#8221; font_container=&#8221;tag:p|font_size:15px|text_align:left|color:%234a4a4a&#8221; use_theme_fonts=&#8221;yes&#8221; css=&#8221;.vc_custom_1625212302712{margin-top: 0px !important;margin-bottom: 0px !important;padding-top: 0px !important;padding-bottom: 10px !important;}&#8221;][\/vc_column][vc_column width=&#8221;1\/2&#8243; css=&#8221;.vc_custom_1625212387670{margin-left: 30px !important;border-left-width: 0px !important;padding-top: 400px !important;padding-bottom: 100px !important;padding-left: 0px !important;background-image: url(https:\/\/ats.com.vn\/medias\/medias\/2021\/07\/SmartDER.png?id=7810) !important;background-position: center !important;background-repeat: no-repeat !important;background-size: contain !important;}&#8221;][\/vc_column][\/vc_row][\/vc_section][vc_section css=&#8221;.vc_custom_1625211405198{padding-top: 30px !important;padding-right: 50px !important;padding-bottom: 10px !important;padding-left: 20px !important;background-color: #f5f5f5 !important;}&#8221;][vc_row][vc_column][vc_custom_heading text=&#8221;Ch\u1ee9c N\u0103ng v\u00e0 \u0110\u1eb7c T\u00ednh Ti\u00eau Bi\u1ec3u&#8221; font_container=&#8221;tag:h3|font_size:20px|text_align:left|color:%234a4a4a&#8221; use_theme_fonts=&#8221;yes&#8221; css=&#8221;.vc_custom_1562151028016{margin-top: 0px !important;margin-bottom: 0px !important;padding-top: 0px !important;padding-bottom: 10px !important;}&#8221;][\/vc_column][\/vc_row][vc_row][vc_column width=&#8221;1\/2&#8243; css=&#8221;.vc_custom_1625211625317{margin-left: 10px !important;padding-bottom: px !important;}&#8221;][vc_column_text css=&#8221;.vc_custom_1625212001166{margin-bottom: -1px !important;padding-left: 30px !important;}&#8221;]<\/p>\n<ul>\n<li>&#8211; T\u01b0\u01a1ng th\u00edch v\u1edbi nhi\u1ec1u ti\u00eau chu\u1ea9n k\u1ebft n\u1ed1i v\u00e0 c\u00e1c lo\u1ea1i thi\u1ebft b\u1ecb \u0111\u1ea7u cu\u1ed1i kh\u00e1c nhau nh\u01b0: c\u00f4ng t\u01a1 \u0111o \u0111\u1ebfm, m\u00e1y c\u1eaft, thi\u1ebft b\u1ecb gi\u00e1m s\u00e1t, thi\u1ebft b\u1ecb \u0111\u1ecbnh v\u1ecb s\u1ef1 c\u1ed1, vv<\/li>\n<li>&#8211; Ph\u1ea7n c\u1ee9ng v\u00e0 ph\u1ea7n m\u1ec1m t\u1ed1i \u01b0u trong thi\u1ebft k\u1ebf v\u00e0 s\u1ea3n xu\u1ea5t<\/li>\n<li>&#8211; Th\u00e2n thi\u1ec7n v\u1edbi ng\u01b0\u1eddi d\u00f9ng: h\u1ed7 tr\u1ee3 t\u00edch h\u1ee3p, m\u1edf r\u1ed9ng ho\u1eb7c \u0111i\u1ec1u ch\u1ec9nh h\u1ec7 th\u1ed1ng \u0111\u1ec3 \u0111\u00e1p \u1ee9ng nhu c\u1ea7u s\u1eed d\u1ee5ng c\u1ee7a kh\u00e1ch h\u00e0ng<\/li>\n<li>&#8211; H\u1ed7 tr\u1ee3 nhi\u1ec1u ph\u01b0\u01a1ng \u00e1n k\u1ebft n\u1ed1i: 01 c\u1ed5ng Ethernet, 02 c\u1ed5ng Serial (RS232\/RS485), 02 c\u1ed5ng USB (cho thi\u1ebft b\u1ecb ngo\u00e0i) v\u00e0 th\u1ebb MicroSD (t\u1ed1i \u0111a 32GB) cho l\u01b0u tr\u1eef d\u1eef li\u1ec7u<\/li>\n<\/ul>\n<p>[\/vc_column_text][\/vc_column][vc_column width=&#8221;1\/2&#8243; css=&#8221;.vc_custom_1625212149935{padding-left: 55px !important;}&#8221;][vc_column_text css=&#8221;.vc_custom_1625212091896{margin-left: 0px !important;border-left-width: 0px !important;padding-left: px !important;}&#8221;]<\/p>\n<ul>\n<li>&#8211; H\u1ed7 tr\u1ee3 nhi\u1ec1u giao th\u1ee9c ti\u00eau chu\u1ea9n: S\u1eed d\u1ee5ng ph\u1ea7n m\u1ec1m ATS SmartIO\u2122 v\u1edbi t\u00ednh \u1ed5n \u0111\u1ecbnh cao, h\u1ed7 tr\u1ee3 nhi\u1ec1u k\u00eanh th\u00f4ng tin (Modbus, IEC101, IEC104, DNP, etc.) v\u00e0 \u0111\u01b0\u1ee3c ch\u1ee9ng nh\u1eadn b\u1edfi DNV-GL<\/li>\n<li>&#8211; H\u1ed7 tr\u1ee3 c\u00e1c ch\u1ee9c n\u0103ng qu\u1ea3n l\u00fd modem: ki\u1ec3m tra s\u1eed d\u1ee5ng d\u1eef li\u1ec7u, tr\u1ea1ng th\u00e1i thi\u1ebft b\u1ecb, c\u01b0\u1eddng \u0111\u1ed9 t\u00edn hi\u1ec7u, vv.<\/li>\n<li>&#8211; \u0110\u00e1p \u1ee9ng ti\u00eau chu\u1ea9n c\u00f4ng nghi\u1ec7p v\u1ec1 m\u00f4i tr\u01b0\u1eddng \u0111i\u1ec7n t\u1eeb, nhi\u1ec7t \u0111\u1ed9, \u0111\u1ed9 \u1ea9m, kh\u00f3i, b\u1ee5i, vv.<\/li>\n<\/ul>\n<p>[\/vc_column_text]\r<!-- radiantthemes-button -->\r<div class=\"radiantthemes-button hover-style-one  \"  data-button-direction=\"right\" data-button-fullwidth=\"false\" ><a style=\"\" class=\"radiantthemes-button-main\" href=\"http:\/\/ats.com.vn\/medias\/medias\/2021\/07\/ATS-Flyer_Hardware-SmartDERM_210701.pdf\"  title=\"\" target=\"_self\"><div class=\"placeholder\">T\u00e0i li\u1ec7u S\u1ea3n ph\u1ea9m<\/div><\/a><\/div>\r<!-- radiantthemes-button -->\r[\/vc_column][\/vc_row][\/vc_section][vc_section full_width=&#8221;stretch_row_content&#8221;][vc_row][vc_column width=&#8221;1\/2&#8243; css=&#8221;.vc_custom_1563644146141{padding-top: 80px !important;padding-bottom: 130px !important;padding-left: 0px !important;background-image: url(https:\/\/ats.com.vn\/wp-content\/uploads\/2019\/06\/link-our-history@2x.png?id=3492) !important;background-position: center !important;background-repeat: no-repeat !important;background-size: cover !important;}&#8221; el_id=&#8221;btn-left&#8221;][vc_custom_heading text=&#8221;Xem D\u1ef1 \u00e1n c\u1ee7a Ch\u00fang t\u00f4i&#8221; font_container=&#8221;tag:h2|font_size:25px|text_align:center|color:%23ffffff&#8221; use_theme_fonts=&#8221;yes&#8221; css=&#8221;.vc_custom_1613985293797{padding-bottom: 20px !important;}&#8221;]\r<!-- radiantthemes-button -->\r<div class=\"radiantthemes-button hover-style-one  \" id=\"button\" data-button-direction=\"center\" data-button-fullwidth=\"false\" ><a style=\"\" class=\"radiantthemes-button-main\" href=\"\/vi\/du-an\/\"  title=\"\" target=\"_self\"><div class=\"placeholder\">D\u1ef1 \u00c1n<\/div><\/a><\/div>\r<!-- radiantthemes-button -->\r[\/vc_column][vc_column width=&#8221;1\/2&#8243; css=&#8221;.vc_custom_1563644156974{padding-top: 80px !important;padding-bottom: 130px !important;padding-left: 0px !important;background-image: url(https:\/\/ats.com.vn\/wp-content\/uploads\/2019\/06\/pg-09@2x-1-2.png?id=3597) !important;background-position: center !important;background-repeat: no-repeat !important;background-size: cover !important;}&#8221; el_id=&#8221;client-btn&#8221;][vc_custom_heading text=&#8221;Li\u00ean H\u1ec7 Ch\u00fang T\u00f4i&#8221; font_container=&#8221;tag:h2|font_size:25px|text_align:center|color:%23ffffff&#8221; use_theme_fonts=&#8221;yes&#8221; css=&#8221;.vc_custom_1563644172427{padding-bottom: 20px !important;}&#8221;]\r<!-- radiantthemes-button -->\r<div class=\"radiantthemes-button hover-style-one  \" id=\"button-vi\" data-button-direction=\"center\" data-button-fullwidth=\"false\" ><a style=\"\" class=\"radiantthemes-button-main\" href=\"\/vi\/contact\"  title=\"\" target=\"_self\"><div class=\"placeholder\">Li\u00ean H\u1ec7<\/div><\/a><\/div>\r<!-- radiantthemes-button -->\r[\/vc_column][\/vc_row][\/vc_section]<\/p>\n","protected":false},"excerpt":{"rendered":"<p>[vc_section][vc_row][vc_column css=&#8221;.vc_custom_1563867282587{margin-bottom: -20px !important;}&#8221;][rev_slider_vc alias=&#8221;smartder-vi&#8221;][\/vc_column][\/vc_row][\/vc_section][vc_section css=&#8221;.vc_custom_1625216340956{padding-top: 20px !important;padding-bottom: 0px !important;}&#8221; el_id=&#8221;hardware&#8221;][vc_row][vc_column width=&#8221;1\/2&#8243; css=&#8221;.vc_custom_1564046730451{margin-left: 10px !important;padding-bottom: 20px !important;}&#8221;][vc_custom_heading text=&#8221;Thi\u1ebft b\u1ecb Gi\u00e1m s\u00e1t \u0110i\u1ec1u khi\u1ec3n SmartDER&#8221; font_container=&#8221;tag:h2|font_size:30px|text_align:left|color:%23005aaa&#8221; use_theme_fonts=&#8221;yes&#8221; css=&#8221;.vc_custom_1625210396044{margin-top: 0px !important;margin-bottom: 0px !important;padding-top: 0px !important;padding-bottom: 10px !important;}&#8221;][vc_custom_heading text=&#8221;Thi\u1ebft b\u1ecb Gi\u00e1m s\u00e1t &amp; \u0110i\u1ec1u khi\u1ec3n H\u1ec7 th\u1ed1ng N\u0103ng l\u01b0\u1ee3ng Ph\u00e2n t\u00e1n ph\u1ee5c v\u1ee5 y\u00eau c\u1ea7u k\u1ebft n\u1ed1i d\u1eef [&hellip;]<\/p>\n","protected":false},"author":2,"featured_media":0,"parent":0,"menu_order":0,"comment_status":"closed","ping_status":"closed","template":"","meta":{"footnotes":"","_links_to":"","_links_to_target":""},"class_list":["post-4094","page","type-page","status-publish","hentry"],"yoast_head":"<!-- This site is optimized with the Yoast SEO plugin v27.1.1 - https:\/\/yoast.com\/product\/yoast-seo-wordpress\/ -->\n<title>Thi\u1ebft b\u1ecb \u0110i\u1ec1u khi\u1ec3n DER - ATS JSC<\/title>\n<meta name=\"robots\" content=\"index, follow, max-snippet:-1, max-image-preview:large, max-video-preview:-1\" \/>\n<link rel=\"canonical\" href=\"https:\/\/ats.com.vn\/vi\/smartder\/\" \/>\n<meta property=\"og:locale\" content=\"vi_VN\" \/>\n<meta property=\"og:type\" content=\"article\" \/>\n<meta property=\"og:title\" content=\"Thi\u1ebft b\u1ecb \u0110i\u1ec1u khi\u1ec3n DER - ATS JSC\" \/>\n<meta property=\"og:description\" content=\"[vc_section][vc_row][vc_column css=&#8221;.vc_custom_1563867282587{margin-bottom: -20px !important;}&#8221;][rev_slider_vc alias=&#8221;smartder-vi&#8221;][\/vc_column][\/vc_row][\/vc_section][vc_section css=&#8221;.vc_custom_1625216340956{padding-top: 20px !important;padding-bottom: 0px !important;}&#8221; el_id=&#8221;hardware&#8221;][vc_row][vc_column width=&#8221;1\/2&#8243; css=&#8221;.vc_custom_1564046730451{margin-left: 10px !important;padding-bottom: 20px !important;}&#8221;][vc_custom_heading text=&#8221;Thi\u1ebft b\u1ecb Gi\u00e1m s\u00e1t \u0110i\u1ec1u khi\u1ec3n SmartDER&#8221; font_container=&#8221;tag:h2|font_size:30px|text_align:left|color:%23005aaa&#8221; use_theme_fonts=&#8221;yes&#8221; css=&#8221;.vc_custom_1625210396044{margin-top: 0px !important;margin-bottom: 0px !important;padding-top: 0px !important;padding-bottom: 10px !important;}&#8221;][vc_custom_heading text=&#8221;Thi\u1ebft b\u1ecb Gi\u00e1m s\u00e1t &amp; \u0110i\u1ec1u khi\u1ec3n H\u1ec7 th\u1ed1ng N\u0103ng l\u01b0\u1ee3ng Ph\u00e2n t\u00e1n ph\u1ee5c v\u1ee5 y\u00eau c\u1ea7u k\u1ebft n\u1ed1i d\u1eef [&hellip;]\" \/>\n<meta property=\"og:url\" content=\"https:\/\/ats.com.vn\/vi\/smartder\/\" \/>\n<meta property=\"og:site_name\" content=\"ATS JSC\" \/>\n<meta property=\"article:modified_time\" content=\"2021-07-02T08:59:19+00:00\" \/>\n<meta name=\"twitter:card\" content=\"summary_large_image\" \/>\n<meta name=\"twitter:label1\" content=\"Est. reading time\" \/>\n\t<meta name=\"twitter:data1\" content=\"6 minutes\" \/>\n<script type=\"application\/ld+json\" class=\"yoast-schema-graph\">{\"@context\":\"https:\/\/schema.org\",\"@graph\":[{\"@type\":\"WebPage\",\"@id\":\"https:\/\/ats.com.vn\/vi\/smartder\/\",\"url\":\"https:\/\/ats.com.vn\/vi\/smartder\/\",\"name\":\"Thi\u1ebft b\u1ecb \u0110i\u1ec1u khi\u1ec3n DER - ATS JSC\",\"isPartOf\":{\"@id\":\"https:\/\/ats.com.vn\/#website\"},\"datePublished\":\"2019-06-07T03:52:03+00:00\",\"dateModified\":\"2021-07-02T08:59:19+00:00\",\"breadcrumb\":{\"@id\":\"https:\/\/ats.com.vn\/vi\/smartder\/#breadcrumb\"},\"inLanguage\":\"vi\",\"potentialAction\":[{\"@type\":\"ReadAction\",\"target\":[\"https:\/\/ats.com.vn\/vi\/smartder\/\"]}]},{\"@type\":\"BreadcrumbList\",\"@id\":\"https:\/\/ats.com.vn\/vi\/smartder\/#breadcrumb\",\"itemListElement\":[{\"@type\":\"ListItem\",\"position\":1,\"name\":\"Home\",\"item\":\"https:\/\/ats.com.vn\/vi\/\"},{\"@type\":\"ListItem\",\"position\":2,\"name\":\"Thi\u1ebft b\u1ecb \u0110i\u1ec1u khi\u1ec3n DER\"}]},{\"@type\":\"WebSite\",\"@id\":\"https:\/\/ats.com.vn\/#website\",\"url\":\"https:\/\/ats.com.vn\/\",\"name\":\"ATS\",\"description\":\"Applied Technical Systems Joint Stock Company\",\"publisher\":{\"@id\":\"https:\/\/ats.com.vn\/#organization\"},\"potentialAction\":[{\"@type\":\"SearchAction\",\"target\":{\"@type\":\"EntryPoint\",\"urlTemplate\":\"https:\/\/ats.com.vn\/?s={search_term_string}\"},\"query-input\":{\"@type\":\"PropertyValueSpecification\",\"valueRequired\":true,\"valueName\":\"search_term_string\"}}],\"inLanguage\":\"vi\"},{\"@type\":\"Organization\",\"@id\":\"https:\/\/ats.com.vn\/#organization\",\"name\":\"Applied Technical Systems Join Stock Company\",\"url\":\"https:\/\/ats.com.vn\/\",\"logo\":{\"@type\":\"ImageObject\",\"inLanguage\":\"vi\",\"@id\":\"https:\/\/ats.com.vn\/#\/schema\/logo\/image\/\",\"url\":\"https:\/\/ats.com.vn\/medias\/2018\/06\/lgo1.jpg\",\"contentUrl\":\"https:\/\/ats.com.vn\/medias\/2018\/06\/lgo1.jpg\",\"width\":981,\"height\":488,\"caption\":\"Applied Technical Systems Join Stock Company\"},\"image\":{\"@id\":\"https:\/\/ats.com.vn\/#\/schema\/logo\/image\/\"},\"sameAs\":[\"https:\/\/www.linkedin.com\/company\/ats-jsc\",\"https:\/\/www.youtube.com\/user\/ATSMedia\"]}]}<\/script>\n<!-- \/ Yoast SEO plugin. -->","yoast_head_json":{"title":"Thi\u1ebft b\u1ecb \u0110i\u1ec1u khi\u1ec3n DER - ATS JSC","robots":{"index":"index","follow":"follow","max-snippet":"max-snippet:-1","max-image-preview":"max-image-preview:large","max-video-preview":"max-video-preview:-1"},"canonical":"https:\/\/ats.com.vn\/vi\/smartder\/","og_locale":"vi_VN","og_type":"article","og_title":"Thi\u1ebft b\u1ecb \u0110i\u1ec1u khi\u1ec3n DER - ATS JSC","og_description":"[vc_section][vc_row][vc_column css=&#8221;.vc_custom_1563867282587{margin-bottom: -20px !important;}&#8221;][rev_slider_vc alias=&#8221;smartder-vi&#8221;][\/vc_column][\/vc_row][\/vc_section][vc_section css=&#8221;.vc_custom_1625216340956{padding-top: 20px !important;padding-bottom: 0px !important;}&#8221; el_id=&#8221;hardware&#8221;][vc_row][vc_column width=&#8221;1\/2&#8243; css=&#8221;.vc_custom_1564046730451{margin-left: 10px !important;padding-bottom: 20px !important;}&#8221;][vc_custom_heading text=&#8221;Thi\u1ebft b\u1ecb Gi\u00e1m s\u00e1t \u0110i\u1ec1u khi\u1ec3n SmartDER&#8221; font_container=&#8221;tag:h2|font_size:30px|text_align:left|color:%23005aaa&#8221; use_theme_fonts=&#8221;yes&#8221; css=&#8221;.vc_custom_1625210396044{margin-top: 0px !important;margin-bottom: 0px !important;padding-top: 0px !important;padding-bottom: 10px !important;}&#8221;][vc_custom_heading text=&#8221;Thi\u1ebft b\u1ecb Gi\u00e1m s\u00e1t &amp; \u0110i\u1ec1u khi\u1ec3n H\u1ec7 th\u1ed1ng N\u0103ng l\u01b0\u1ee3ng Ph\u00e2n t\u00e1n ph\u1ee5c v\u1ee5 y\u00eau c\u1ea7u k\u1ebft n\u1ed1i d\u1eef [&hellip;]","og_url":"https:\/\/ats.com.vn\/vi\/smartder\/","og_site_name":"ATS JSC","article_modified_time":"2021-07-02T08:59:19+00:00","twitter_card":"summary_large_image","twitter_misc":{"Est. reading time":"6 minutes"},"schema":{"@context":"https:\/\/schema.org","@graph":[{"@type":"WebPage","@id":"https:\/\/ats.com.vn\/vi\/smartder\/","url":"https:\/\/ats.com.vn\/vi\/smartder\/","name":"Thi\u1ebft b\u1ecb \u0110i\u1ec1u khi\u1ec3n DER - ATS JSC","isPartOf":{"@id":"https:\/\/ats.com.vn\/#website"},"datePublished":"2019-06-07T03:52:03+00:00","dateModified":"2021-07-02T08:59:19+00:00","breadcrumb":{"@id":"https:\/\/ats.com.vn\/vi\/smartder\/#breadcrumb"},"inLanguage":"vi","potentialAction":[{"@type":"ReadAction","target":["https:\/\/ats.com.vn\/vi\/smartder\/"]}]},{"@type":"BreadcrumbList","@id":"https:\/\/ats.com.vn\/vi\/smartder\/#breadcrumb","itemListElement":[{"@type":"ListItem","position":1,"name":"Home","item":"https:\/\/ats.com.vn\/vi\/"},{"@type":"ListItem","position":2,"name":"Thi\u1ebft b\u1ecb \u0110i\u1ec1u khi\u1ec3n DER"}]},{"@type":"WebSite","@id":"https:\/\/ats.com.vn\/#website","url":"https:\/\/ats.com.vn\/","name":"ATS","description":"Applied Technical Systems Joint Stock Company","publisher":{"@id":"https:\/\/ats.com.vn\/#organization"},"potentialAction":[{"@type":"SearchAction","target":{"@type":"EntryPoint","urlTemplate":"https:\/\/ats.com.vn\/?s={search_term_string}"},"query-input":{"@type":"PropertyValueSpecification","valueRequired":true,"valueName":"search_term_string"}}],"inLanguage":"vi"},{"@type":"Organization","@id":"https:\/\/ats.com.vn\/#organization","name":"Applied Technical Systems Join Stock Company","url":"https:\/\/ats.com.vn\/","logo":{"@type":"ImageObject","inLanguage":"vi","@id":"https:\/\/ats.com.vn\/#\/schema\/logo\/image\/","url":"https:\/\/ats.com.vn\/medias\/2018\/06\/lgo1.jpg","contentUrl":"https:\/\/ats.com.vn\/medias\/2018\/06\/lgo1.jpg","width":981,"height":488,"caption":"Applied Technical Systems Join Stock Company"},"image":{"@id":"https:\/\/ats.com.vn\/#\/schema\/logo\/image\/"},"sameAs":["https:\/\/www.linkedin.com\/company\/ats-jsc","https:\/\/www.youtube.com\/user\/ATSMedia"]}]}},"_links":{"self":[{"href":"https:\/\/ats.com.vn\/vi\/wp-json\/wp\/v2\/pages\/4094","targetHints":{"allow":["GET"]}}],"collection":[{"href":"https:\/\/ats.com.vn\/vi\/wp-json\/wp\/v2\/pages"}],"about":[{"href":"https:\/\/ats.com.vn\/vi\/wp-json\/wp\/v2\/types\/page"}],"author":[{"embeddable":true,"href":"https:\/\/ats.com.vn\/vi\/wp-json\/wp\/v2\/users\/2"}],"replies":[{"embeddable":true,"href":"https:\/\/ats.com.vn\/vi\/wp-json\/wp\/v2\/comments?post=4094"}],"version-history":[{"count":26,"href":"https:\/\/ats.com.vn\/vi\/wp-json\/wp\/v2\/pages\/4094\/revisions"}],"predecessor-version":[{"id":7856,"href":"https:\/\/ats.com.vn\/vi\/wp-json\/wp\/v2\/pages\/4094\/revisions\/7856"}],"wp:attachment":[{"href":"https:\/\/ats.com.vn\/vi\/wp-json\/wp\/v2\/media?parent=4094"}],"curies":[{"name":"wp","href":"https:\/\/api.w.org\/{rel}","templated":true}]}}